{"id":2421,"date":"2025-12-02T02:14:48","date_gmt":"2025-12-02T02:14:48","guid":{"rendered":"https:\/\/www.lianyuanceramic.com\/?post_type=product&#038;p=2421"},"modified":"2025-12-02T02:14:48","modified_gmt":"2025-12-02T02:14:48","slug":"custom-ceramic-plates","status":"publish","type":"product","link":"https:\/\/www.lianyuanceramic.com\/de\/produkt\/custom-ceramic-plates\/","title":{"rendered":"Benutzerdefinierte Keramik-Platten gepr\u00e4gte Teller, Abziehbild Kuchen Salatteller Set in Bulk"},"content":{"rendered":"<div class=\"wp-block-columns is-layout-flex wp-container-core-columns-is-layout-9d6595d7 wp-block-columns-is-layout-flex\">\n<div class=\"wp-block-column is-layout-flow wp-block-column-is-layout-flow\">\n<h2 class=\"wp-block-heading\">Keramische Platten Merkmale:<\/h2>\n\n\n\n<p><strong>Einzigartige florale Muster<\/strong>: Nimmt frisches Blumen- und Pflanzenmuster Design, vor allem in weichen Farben wie gr\u00fcn und gelb, voll von nat\u00fcrlichen pastoralen Charme. Es hat starke dekorative und kann Vitalit\u00e4t und Sch\u00f6nheit auf den Esstisch hinzuf\u00fcgen...<\/p>\n\n\n\n<p><strong>Hochwertige Keramik<\/strong>: Der aus hochwertiger Keramik gefertigte Teller ist sowohl langlebig als auch elegant und bietet eine lange Lebensdauer und einfache Pflege.<\/p>\n\n\n\n<p><strong>Vielf\u00e4ltige Formen:<\/strong> Enth\u00e4lt verschiedene Typen wie ovale tiefe Teller, gro\u00dfe Schalen und hohe kleine Schalen. Erf\u00fcllt die Anforderungen f\u00fcr die Aufbewahrung verschiedener Lebensmittel wie Salate, Grundnahrungsmittel und Suppen und passt sich an verschiedene Essensszenarien an.<\/p>\n\n\n\n<p><strong>Praktikabilit\u00e4t<\/strong>: Das Design ist ein Gleichgewicht zwischen Sch\u00f6nheit und Zweckm\u00e4\u00dfigkeit. Das Geschirr hat ein moderates Fassungsverm\u00f6gen und eine regelm\u00e4\u00dfige Form, die das Stapeln und Aufbewahren erleichtert. Es l\u00e4sst sich gut in die t\u00e4glichen Mahlzeiten der Familie, in Zusammenk\u00fcnfte mit Verwandten und Freunden und andere Szenarien integrieren.<\/p>\n<\/div>\n\n\n\n<div class=\"wp-block-column is-layout-flow wp-block-column-is-layout-flow\">\n<h2 class=\"wp-block-heading\">Kundenspezifische Keramik-Platten:<\/h2>\n\n\n\n<p>Lianyuan, der Hersteller von keramischem Geschirr, kann Ihnen einen kompletten Anpassungsservice anbieten, um Ihre Ideen zu verwirklichen.<\/p>\n\n\n\n<p><strong>Gr\u00f6\u00dfe und Form<\/strong>: Umfasst runde, ovale, rechteckige und kundenspezifische Gr\u00f6\u00dfen.<\/p>\n\n\n\n<p><strong>Material und Dicke<\/strong>: Dauerhafte Keramik, hitzebest\u00e4ndiger Ton, Porzellan, Steingut, nach Ma\u00df in verschiedenen St\u00e4rken und Hitzebest\u00e4ndigkeiten.<\/p>\n\n\n\n<p><strong>Beendet<\/strong>: Zu den Optionen geh\u00f6ren matte, gl\u00e4nzende oder strukturierte Oberfl\u00e4chen.<\/p>\n\n\n\n<p><strong>Dekoration\/Muster<\/strong>: Individuelle Grafiken, Designs oder Logos, einschlie\u00dflich Abziehbilder, handbemalt und gepr\u00e4gt.<\/p>\n\n\n\n<p><strong>Paket<\/strong>: Ma\u00dfgeschneiderte Verpackungen f\u00fcr Gro\u00dfbestellungen, Geschenksets oder den Vertrieb im Einzelhandel mit personalisierter Beschriftung oder Branding.<\/p>\n<\/div>\n<\/div>\n\n\n\n<div class=\"wp-block-columns is-layout-flex wp-container-core-columns-is-layout-9d6595d7 wp-block-columns-is-layout-flex\">\n<div class=\"wp-block-column is-layout-flow wp-block-column-is-layout-flow\">\n<figure class=\"wp-block-image size-full\"><img decoding=\"async\" width=\"800\" height=\"800\" src=\"https:\/\/www.lianyuanceramic.com\/wp-content\/uploads\/2025\/11\/custom-hand-painted-ceramic-dinneware.jpg\" alt=\"handbemaltes Keramikgeschirr\" class=\"wp-image-2430\" srcset=\"https:\/\/www.lianyuanceramic.com\/wp-content\/uploads\/2025\/11\/custom-hand-painted-ceramic-dinneware.jpg 800w, https:\/\/www.lianyuanceramic.com\/wp-content\/uploads\/2025\/11\/custom-hand-painted-ceramic-dinneware-300x300.jpg 300w, https:\/\/www.lianyuanceramic.com\/wp-content\/uploads\/2025\/11\/custom-hand-painted-ceramic-dinneware-150x150.jpg 150w, https:\/\/www.lianyuanceramic.com\/wp-content\/uploads\/2025\/11\/custom-hand-painted-ceramic-dinneware-768x768.jpg 768w, https:\/\/www.lianyuanceramic.com\/wp-content\/uploads\/2025\/11\/custom-hand-painted-ceramic-dinneware-12x12.jpg 12w, https:\/\/www.lianyuanceramic.com\/wp-content\/uploads\/2025\/11\/custom-hand-painted-ceramic-dinneware-600x600.jpg 600w, https:\/\/www.lianyuanceramic.com\/wp-content\/uploads\/2025\/11\/custom-hand-painted-ceramic-dinneware-100x100.jpg 100w\" sizes=\"(max-width: 800px) 100vw, 800px\" \/><\/figure>\n<\/div>\n\n\n\n<div class=\"wp-block-column is-layout-flow wp-block-column-is-layout-flow\">\n<figure class=\"wp-block-image size-full\"><img decoding=\"async\" width=\"800\" height=\"800\" src=\"https:\/\/www.lianyuanceramic.com\/wp-content\/uploads\/2025\/11\/wholesale-handmade-ceramic-fruit-plate.jpg\" alt=\"Gro\u00dfhandel handgemachte Keramik Obst Teller\" class=\"wp-image-2426\" srcset=\"https:\/\/www.lianyuanceramic.com\/wp-content\/uploads\/2025\/11\/wholesale-handmade-ceramic-fruit-plate.jpg 800w, https:\/\/www.lianyuanceramic.com\/wp-content\/uploads\/2025\/11\/wholesale-handmade-ceramic-fruit-plate-300x300.jpg 300w, https:\/\/www.lianyuanceramic.com\/wp-content\/uploads\/2025\/11\/wholesale-handmade-ceramic-fruit-plate-150x150.jpg 150w, https:\/\/www.lianyuanceramic.com\/wp-content\/uploads\/2025\/11\/wholesale-handmade-ceramic-fruit-plate-768x768.jpg 768w, https:\/\/www.lianyuanceramic.com\/wp-content\/uploads\/2025\/11\/wholesale-handmade-ceramic-fruit-plate-12x12.jpg 12w, https:\/\/www.lianyuanceramic.com\/wp-content\/uploads\/2025\/11\/wholesale-handmade-ceramic-fruit-plate-600x600.jpg 600w, https:\/\/www.lianyuanceramic.com\/wp-content\/uploads\/2025\/11\/wholesale-handmade-ceramic-fruit-plate-100x100.jpg 100w\" sizes=\"(max-width: 800px) 100vw, 800px\" \/><\/figure>\n<\/div>\n<\/div>","protected":false},"excerpt":{"rendered":"<p><span class=\"a-list-item\">Individuell gestaltete Keramikteller, handbemaltes Abziehbild, hochwertiges Material. Erh\u00e4ltlich in verschiedenen Formen, darunter tiefe Teller und gro\u00dfe Schalen, mit moderatem Fassungsverm\u00f6gen, perfekt f\u00fcr Salate, Hauptgerichte und Suppen. Wir bieten auch die Anpassung von Gro\u00dfmengen an; kontaktieren Sie uns f\u00fcr L\u00f6sungen!<\/span><\/p>\n<h2>Keramikplatten Parameter<\/h2>\n<table style=\"border-collapse: collapse; width: 370.82pt;\" border=\"0\" width=\"618\" cellspacing=\"0\" cellpadding=\"0\">\n<tbody>\n<tr style=\"height: 15.60pt;\">\n<td class=\"et3\" style=\"height: 15.60pt; width: 108.00pt;\" width=\"180\" height=\"26\">Hersteller<\/td>\n<td class=\"et3\" style=\"width: 263.25pt;\" width=\"438\">Lianyuan<\/td>\n<\/tr>\n<tr style=\"height: 15.60pt;\">\n<td class=\"et3\" style=\"height: 15.60pt;\" height=\"26\">Produkttyp<\/td>\n<td class=\"et3\">Serviergeschirr, Backformen<\/td>\n<\/tr>\n<tr style=\"height: 15.60pt;\">\n<td class=\"et3\" style=\"height: 15.60pt;\" height=\"26\">Muster<\/td>\n<td class=\"et3\">Blumen<\/td>\n<\/tr>\n<tr style=\"height: 15.60pt;\">\n<td class=\"et3\" style=\"height: 15.60pt;\" height=\"26\">Farbe<\/td>\n<td class=\"et3\">Rot,Gr\u00fcn<\/td>\n<\/tr>\n<tr style=\"height: 15.60pt;\">\n<td class=\"et3\" style=\"height: 15.60pt;\" height=\"26\">Material<\/td>\n<td class=\"et3\">Dauerhaftes Porzellan<\/td>\n<\/tr>\n<tr style=\"height: 15.60pt;\">\n<td class=\"et3\" style=\"height: 15.60pt;\" height=\"26\">Handwerkliches K\u00f6nnen<\/td>\n<td class=\"et3\">Einglasiertes Abziehbild und Handbemalung<\/td>\n<\/tr>\n<tr style=\"height: 15.60pt;\">\n<td class=\"et3\" style=\"height: 15.60pt;\" height=\"26\">Anmeldung<\/td>\n<td class=\"et3\">Mikrowellen- und sp\u00fclmaschinenfest, ofenfest<\/td>\n<\/tr>\n<tr style=\"height: 15.60pt;\">\n<td class=\"et3\" style=\"height: 15.60pt;\" height=\"26\">Benutzerdefiniert<\/td>\n<td class=\"et3\">Farbe\/Gr\u00f6\u00dfe\/Logo\/Verpackung<\/td>\n<\/tr>\n<\/tbody>\n<\/table>","protected":false},"featured_media":2422,"comment_status":"open","ping_status":"closed","template":"","meta":{"_acf_changed":true},"product_brand":[],"product_cat":[34],"product_tag":[30,29,27],"class_list":{"0":"post-2421","1":"product","2":"type-product","3":"status-publish","4":"has-post-thumbnail","6":"product_cat-bulk-ceramic-tableware-in-stock","7":"product_tag-custom-porcelain-dinnerware","8":"product_tag-hand-painted-embossed-dinnerware-wholesale","9":"product_tag-wholesale-decal-ceramics","11":"first","12":"instock","13":"shipping-taxable","14":"product-type-simple"},"acf":[],"_links":{"self":[{"href":"https:\/\/www.lianyuanceramic.com\/de\/wp-json\/wp\/v2\/product\/2421","targetHints":{"allow":["GET"]}}],"collection":[{"href":"https:\/\/www.lianyuanceramic.com\/de\/wp-json\/wp\/v2\/product"}],"about":[{"href":"https:\/\/www.lianyuanceramic.com\/de\/wp-json\/wp\/v2\/types\/product"}],"replies":[{"embeddable":true,"href":"https:\/\/www.lianyuanceramic.com\/de\/wp-json\/wp\/v2\/comments?post=2421"}],"wp:featuredmedia":[{"embeddable":true,"href":"https:\/\/www.lianyuanceramic.com\/de\/wp-json\/wp\/v2\/media\/2422"}],"wp:attachment":[{"href":"https:\/\/www.lianyuanceramic.com\/de\/wp-json\/wp\/v2\/media?parent=2421"}],"wp:term":[{"taxonomy":"product_brand","embeddable":true,"href":"https:\/\/www.lianyuanceramic.com\/de\/wp-json\/wp\/v2\/product_brand?post=2421"},{"taxonomy":"product_cat","embeddable":true,"href":"https:\/\/www.lianyuanceramic.com\/de\/wp-json\/wp\/v2\/product_cat?post=2421"},{"taxonomy":"product_tag","embeddable":true,"href":"https:\/\/www.lianyuanceramic.com\/de\/wp-json\/wp\/v2\/product_tag?post=2421"}],"curies":[{"name":"wp","href":"https:\/\/api.w.org\/{rel}","templated":true}]}}