{"id":2409,"date":"2025-11-25T02:24:49","date_gmt":"2025-11-25T02:24:49","guid":{"rendered":"https:\/\/www.lianyuanceramic.com\/?post_type=product&#038;p=2409"},"modified":"2025-11-25T02:28:36","modified_gmt":"2025-11-25T02:28:36","slug":"custom-ceramic-bakeware","status":"publish","type":"product","link":"https:\/\/www.lianyuanceramic.com\/de\/produkt\/custom-ceramic-bakeware\/","title":{"rendered":"Individuelles keramisches Backgeschirr, handbemalte Backform mit doppeltem Griff in gro\u00dfen Mengen"},"content":{"rendered":"<div class=\"wp-block-columns is-layout-flex wp-container-core-columns-is-layout-9d6595d7 wp-block-columns-is-layout-flex\">\n<div class=\"wp-block-column is-layout-flow wp-block-column-is-layout-flow\">\n<h2 class=\"wp-block-heading\">Keramik-Backformen Merkmale:<\/h2>\n\n\n\n<p><strong>Handgemaltes florales Muster<\/strong>: Mit exquisiten floralen Mustern, reichen und koordinierten Farben. Erh\u00e4ltlich in zwei Bord\u00fcrenstilen, gr\u00fcn und rot, ist es dekorativ und schm\u00fcckend und verleiht dem Esstisch eine k\u00fcnstlerische Atmosph\u00e4re.<\/p>\n\n\n\n<p><strong>Leichte S\u00e4uberung<\/strong>: Es kann sowohl mit der Hand als auch in der Sp\u00fclmaschine gereinigt werden; das macht nichts, denn die glatte Porzellanstruktur macht die Reinigung unglaublich einfach.<\/p>\n\n\n\n<p><strong>Detailbearbeitung<\/strong>: Die R\u00e4nder und Griffe sind fein ausgearbeitet. Die Glasur ist glatt und leicht zu reinigen. Die floralen Muster verblassen nicht so leicht; daher sind sie haltbar und k\u00f6nnen ihre Sch\u00f6nheit f\u00fcr eine lange Zeit beibehalten.<\/p>\n\n\n\n<p><strong>Sicherheit bei hohen Temperaturen:<\/strong> Das Backformenset ist aus einem haltbaren Material gefertigt, das hohen Temperaturen standh\u00e4lt.<\/p>\n\n\n\n<p><strong>Mehrere Verwendungen:<\/strong> Die Auflaufform ist ideal f\u00fcr Gratins, gebratenes Fleisch, Lasagne, Aufl\u00e4ufe, Brownies, Desserts, zum Backen, Servieren, Aufbewahren und Wiederaufw\u00e4rmen in einem Arbeitsgang.<\/p>\n\n\n\n<p><strong>Multifunktionale Zweckm\u00e4\u00dfigkeit:<\/strong> Es kann nicht nur als Geschirr zum Servieren von Speisen, sondern auch als Backbeh\u00e4lter verwendet werden, so dass man es vom Kochen bis zum Servieren auf dem Tisch in einem Arbeitsgang verwenden kann, was das Esserlebnis verbessert.<\/p>\n<\/div>\n\n\n\n<div class=\"wp-block-column is-layout-flow wp-block-column-is-layout-flow\">\n<figure class=\"wp-block-image size-full\"><img decoding=\"async\" width=\"800\" height=\"800\" src=\"https:\/\/www.lianyuanceramic.com\/wp-content\/uploads\/2025\/11\/wholesale-hand-painted-ceramic-baking-dish-1.webp\" alt=\"Gro\u00dfhandel handbemalte Keramik Backform\" class=\"wp-image-2411\" srcset=\"https:\/\/www.lianyuanceramic.com\/wp-content\/uploads\/2025\/11\/wholesale-hand-painted-ceramic-baking-dish-1.webp 800w, https:\/\/www.lianyuanceramic.com\/wp-content\/uploads\/2025\/11\/wholesale-hand-painted-ceramic-baking-dish-1-300x300.webp 300w, https:\/\/www.lianyuanceramic.com\/wp-content\/uploads\/2025\/11\/wholesale-hand-painted-ceramic-baking-dish-1-150x150.webp 150w, https:\/\/www.lianyuanceramic.com\/wp-content\/uploads\/2025\/11\/wholesale-hand-painted-ceramic-baking-dish-1-768x768.webp 768w, https:\/\/www.lianyuanceramic.com\/wp-content\/uploads\/2025\/11\/wholesale-hand-painted-ceramic-baking-dish-1-12x12.webp 12w, https:\/\/www.lianyuanceramic.com\/wp-content\/uploads\/2025\/11\/wholesale-hand-painted-ceramic-baking-dish-1-600x600.webp 600w, https:\/\/www.lianyuanceramic.com\/wp-content\/uploads\/2025\/11\/wholesale-hand-painted-ceramic-baking-dish-1-100x100.webp 100w\" sizes=\"(max-width: 800px) 100vw, 800px\" \/><\/figure>\n<\/div>\n<\/div>\n\n\n\n<div class=\"wp-block-columns is-layout-flex wp-container-core-columns-is-layout-9d6595d7 wp-block-columns-is-layout-flex\">\n<div class=\"wp-block-column is-layout-flow wp-block-column-is-layout-flow\">\n<figure class=\"wp-block-image size-full\"><img decoding=\"async\" width=\"800\" height=\"800\" src=\"https:\/\/www.lianyuanceramic.com\/wp-content\/uploads\/2025\/11\/customized-ceramic-baking-pan.webp\" alt=\"individuelle Keramik-Backform\" class=\"wp-image-2415\" srcset=\"https:\/\/www.lianyuanceramic.com\/wp-content\/uploads\/2025\/11\/customized-ceramic-baking-pan.webp 800w, https:\/\/www.lianyuanceramic.com\/wp-content\/uploads\/2025\/11\/customized-ceramic-baking-pan-300x300.webp 300w, https:\/\/www.lianyuanceramic.com\/wp-content\/uploads\/2025\/11\/customized-ceramic-baking-pan-150x150.webp 150w, https:\/\/www.lianyuanceramic.com\/wp-content\/uploads\/2025\/11\/customized-ceramic-baking-pan-768x768.webp 768w, https:\/\/www.lianyuanceramic.com\/wp-content\/uploads\/2025\/11\/customized-ceramic-baking-pan-12x12.webp 12w, https:\/\/www.lianyuanceramic.com\/wp-content\/uploads\/2025\/11\/customized-ceramic-baking-pan-600x600.webp 600w, https:\/\/www.lianyuanceramic.com\/wp-content\/uploads\/2025\/11\/customized-ceramic-baking-pan-100x100.webp 100w\" sizes=\"(max-width: 800px) 100vw, 800px\" \/><\/figure>\n<\/div>\n\n\n\n<div class=\"wp-block-column is-layout-flow wp-block-column-is-layout-flow\">\n<h2 class=\"wp-block-heading\">Individuelles Keramik-Backgeschirr<\/h2>\n\n\n\n<p>Lianyuan, der Hersteller von keramischem Geschirr, kann Ihnen einen kompletten Anpassungsservice anbieten, um Ihre Ideen zu verwirklichen.<\/p>\n\n\n\n<p><strong>Gr\u00f6\u00dfe und Form<\/strong>: Umfasst runde, ovale, rechteckige und kundenspezifische Gr\u00f6\u00dfen.<\/p>\n\n\n\n<p><strong>Material und Dicke<\/strong>: Dauerhafte Keramik, hitzebest\u00e4ndiger Ton, Porzellan, Steingut, nach Ma\u00df in verschiedenen St\u00e4rken und Hitzebest\u00e4ndigkeiten.<\/p>\n\n\n\n<p><strong>Beendet<\/strong>: Zu den Optionen geh\u00f6ren matte, gl\u00e4nzende oder strukturierte Oberfl\u00e4chen.<\/p>\n\n\n\n<p><strong>Dekoration\/Muster<\/strong>: Individuelle Grafiken, Designs oder Logos, einschlie\u00dflich Abziehbilder, handbemalt und gepr\u00e4gt.<\/p>\n\n\n\n<p><strong>Paket<\/strong>: Ma\u00dfgeschneiderte Verpackungen f\u00fcr Gro\u00dfbestellungen, Geschenksets oder den Vertrieb im Einzelhandel mit personalisierter Beschriftung oder Branding.<\/p>\n<\/div>\n<\/div>","protected":false},"excerpt":{"rendered":"<p>Individuelle Keramik-Backformen von Lianyuan mit zarten Blumendekoren und einem quadratischen Design mit zwei Griffen. Hergestellt aus hochwertiger Keramik, backofen- und mikrowellengeeignet. Ideal f\u00fcr die Zubereitung von Speisen, zum Backen und Servieren; ein unentbehrliches K\u00fcchenutensil. Bitte kontaktieren Sie uns f\u00fcr individuelle Bestellungen und Gro\u00dfhandelspreise!<\/p>\n<h2>Keramik-Backformen Parameter<\/h2>\n<table style=\"border-collapse: collapse; width: 370.82pt;\" border=\"0\" width=\"618\" cellspacing=\"0\" cellpadding=\"0\">\n<tbody>\n<tr style=\"height: 15.60pt;\">\n<td class=\"et3\" style=\"height: 15.60pt; width: 108.00pt;\" width=\"180\" height=\"26\">Hersteller<\/td>\n<td class=\"et3\" style=\"width: 263.25pt;\" width=\"438\">Lianyuan<\/td>\n<\/tr>\n<tr style=\"height: 15.60pt;\">\n<td class=\"et3\" style=\"height: 15.60pt;\" height=\"26\">Produkttyp<\/td>\n<td class=\"et3\">Serviergeschirr, Backformen<\/td>\n<\/tr>\n<tr style=\"height: 15.60pt;\">\n<td class=\"et3\" style=\"height: 15.60pt;\" height=\"26\">Muster<\/td>\n<td class=\"et3\">Blumen<\/td>\n<\/tr>\n<tr style=\"height: 15.60pt;\">\n<td class=\"et3\" style=\"height: 15.60pt;\" height=\"26\">Farbe<\/td>\n<td class=\"et3\">Rot,Gr\u00fcn<\/td>\n<\/tr>\n<tr style=\"height: 15.60pt;\">\n<td class=\"et3\" style=\"height: 15.60pt;\" height=\"26\">Material<\/td>\n<td class=\"et3\">Dauerhaftes Porzellan<\/td>\n<\/tr>\n<tr style=\"height: 15.60pt;\">\n<td class=\"et3\" style=\"height: 15.60pt;\" height=\"26\">Handwerkliches K\u00f6nnen<\/td>\n<td class=\"et3\">Einglasiertes Abziehbild und Handbemalung<\/td>\n<\/tr>\n<tr style=\"height: 15.60pt;\">\n<td class=\"et3\" style=\"height: 15.60pt;\" height=\"26\">Anmeldung<\/td>\n<td class=\"et3\">Mikrowellen- und sp\u00fclmaschinenfest, ofenfest<\/td>\n<\/tr>\n<tr style=\"height: 15.60pt;\">\n<td class=\"et3\" style=\"height: 15.60pt;\" height=\"26\">Benutzerdefiniert<\/td>\n<td class=\"et3\">Farbe\/Gr\u00f6\u00dfe\/Logo\/Verpackung<\/td>\n<\/tr>\n<\/tbody>\n<\/table>","protected":false},"featured_media":2410,"comment_status":"open","ping_status":"closed","template":"","meta":{"_acf_changed":false},"product_brand":[],"product_cat":[20],"product_tag":[30,29,27],"class_list":{"0":"post-2409","1":"product","2":"type-product","3":"status-publish","4":"has-post-thumbnail","6":"product_cat-custom-bakeware-casserole-dish","7":"product_tag-custom-porcelain-dinnerware","8":"product_tag-hand-painted-embossed-dinnerware-wholesale","9":"product_tag-wholesale-decal-ceramics","11":"first","12":"instock","13":"shipping-taxable","14":"product-type-simple"},"acf":[],"_links":{"self":[{"href":"https:\/\/www.lianyuanceramic.com\/de\/wp-json\/wp\/v2\/product\/2409","targetHints":{"allow":["GET"]}}],"collection":[{"href":"https:\/\/www.lianyuanceramic.com\/de\/wp-json\/wp\/v2\/product"}],"about":[{"href":"https:\/\/www.lianyuanceramic.com\/de\/wp-json\/wp\/v2\/types\/product"}],"replies":[{"embeddable":true,"href":"https:\/\/www.lianyuanceramic.com\/de\/wp-json\/wp\/v2\/comments?post=2409"}],"wp:featuredmedia":[{"embeddable":true,"href":"https:\/\/www.lianyuanceramic.com\/de\/wp-json\/wp\/v2\/media\/2410"}],"wp:attachment":[{"href":"https:\/\/www.lianyuanceramic.com\/de\/wp-json\/wp\/v2\/media?parent=2409"}],"wp:term":[{"taxonomy":"product_brand","embeddable":true,"href":"https:\/\/www.lianyuanceramic.com\/de\/wp-json\/wp\/v2\/product_brand?post=2409"},{"taxonomy":"product_cat","embeddable":true,"href":"https:\/\/www.lianyuanceramic.com\/de\/wp-json\/wp\/v2\/product_cat?post=2409"},{"taxonomy":"product_tag","embeddable":true,"href":"https:\/\/www.lianyuanceramic.com\/de\/wp-json\/wp\/v2\/product_tag?post=2409"}],"curies":[{"name":"wp","href":"https:\/\/api.w.org\/{rel}","templated":true}]}}