{"id":2349,"date":"2025-11-15T01:10:53","date_gmt":"2025-11-15T01:10:53","guid":{"rendered":"https:\/\/www.lianyuanceramic.com\/?post_type=product&#038;p=2349"},"modified":"2025-11-15T01:10:53","modified_gmt":"2025-11-15T01:10:53","slug":"custom-conical-bowls","status":"publish","type":"product","link":"https:\/\/www.lianyuanceramic.com\/de\/produkt\/custom-conical-bowls\/","title":{"rendered":"Benutzerdefinierte konische Schalen, rote Aufkleber gro\u00dfe Nudelsuppe Sch\u00fcssel in Bulk"},"content":{"rendered":"<div class=\"wp-block-columns is-layout-flex wp-container-core-columns-is-layout-9d6595d7 wp-block-columns-is-layout-flex\">\n<div class=\"wp-block-column is-layout-flow wp-block-column-is-layout-flow\">\n<h2 class=\"wp-block-heading\">Konische Schalen Merkmale:<\/h2>\n\n\n\n<p><strong>Hochwertiges keramisches Material:<\/strong> Besteht aus hochwertiger Keramik und wird bei hoher Temperatur gebrannt, um die Haltbarkeit zu erh\u00f6hen. Die Oberfl\u00e4che ist glatt und gl\u00e4nzend, was sowohl sch\u00f6n als auch leicht zu reinigen ist und sich f\u00fcr die t\u00e4glichen Mahlzeiten eignet.<\/p>\n\n\n\n<p><strong>Exquisites Abziehbild-Design<\/strong>: Der K\u00f6rper der Schale ist mit bunten Blumenmustern bedeckt, die von rosa Rosen dominiert werden, die mit verschiedenen kleinen Blumen in Lila, Rot und anderen Farben sowie gr\u00fcnen Zweigen und Bl\u00e4ttern kombiniert sind und einen starken pastoralen k\u00fcnstlerischen Stil darstellen. Sie hat einen seriellen Design-Sinn, da sie den gleichen Stil wie die vorherige Tasse hat.<\/p>\n\n\n\n<p><strong>Farbanpassung<\/strong>: Der Rand der Schale und der Boden sind rot, die Innenseite der Schale ist wei\u00df, und der Hauptmusterbereich ist reich und vielf\u00e4ltig in den Farben. Farben wie Rot, Rosa, Violett und Gr\u00fcn heben sich voneinander ab und machen es hell und vielschichtig.<\/p>\n\n\n\n<p><strong>Sicherheit und Gesundheit<\/strong>: Diese lebensmittelechten Sch\u00fcsseln f\u00fcr die K\u00fcche enthalten keine sch\u00e4dlichen Kunststoffe, kein Cadmium und kein Blei. 100% Ungiftige Sch\u00fcsseln sind perfekt zum Servieren von Suppen. Der f\u00fcr die Herstellung dieser Keramiksch\u00fcsseln verwendete Ton stammt aus nicht-industrialisiertem Land. <\/p>\n<\/div>\n\n\n\n<div class=\"wp-block-column is-layout-flow wp-block-column-is-layout-flow\">\n<h2 class=\"wp-block-heading\">Kundenspezifische konische Schalen L\u00f6sung:<\/h2>\n\n\n\n<p>Lianyuan bietet verschiedene individuelle Geschirroptionen an, die auf die Bed\u00fcrfnisse der Marke oder Modetrends abgestimmt sind und sich ideal f\u00fcr den privaten und gewerblichen Gebrauch eignen.<\/p>\n\n\n\n<p><strong>Entwurf:&nbsp;<\/strong>Verschiedene Formen und Muster.<\/p>\n\n\n\n<p><strong>Zusammensetzung des Sets:<\/strong>&nbsp;Individuelle Keramik-Tassensets mit Kombinationen aus Tassen, Schalen und L\u00f6ffeln.<\/p>\n\n\n\n<p><strong>Gr\u00f6\u00dfe:&nbsp;<\/strong>W\u00e4hlen Sie aus verschiedenen Gr\u00f6\u00dfen f\u00fcr unterschiedliche Mahlzeitenportionen.<\/p>\n\n\n\n<p><strong>Material:<\/strong>&nbsp;Keramik, Porzellan, Knochenporzellan oder erkundigen Sie sich nach Alternativen.<\/p>\n\n\n\n<p><strong>Handwerkliches K\u00f6nnen:&nbsp;<\/strong>Glasurabziehbilder, Ofenwechsel, handbemalt, Reliefmuster oder andere.<\/p>\n\n\n\n<p><strong>Verpackung:&nbsp;<\/strong>Bulk Pack, Farbkarton, Geschenkkarton, Pr\u00e4sentationskarton, Versandkarton, etc.<\/p>\n<\/div>\n<\/div>\n\n\n\n<div class=\"wp-block-columns is-layout-flex wp-container-core-columns-is-layout-9d6595d7 wp-block-columns-is-layout-flex\">\n<div class=\"wp-block-column is-layout-flow wp-block-column-is-layout-flow\">\n<figure class=\"wp-block-image size-full\"><img decoding=\"async\" width=\"800\" height=\"800\" src=\"https:\/\/www.lianyuanceramic.com\/wp-content\/uploads\/2025\/11\/customized-vintage-ceramic-decal-big-soup-noodle-bowls.webp\" alt=\"Individuelles Vintage-Keramik-Abziehbild gro\u00dfe Suppennudelschalen\" class=\"wp-image-2358\" srcset=\"https:\/\/www.lianyuanceramic.com\/wp-content\/uploads\/2025\/11\/customized-vintage-ceramic-decal-big-soup-noodle-bowls.webp 800w, https:\/\/www.lianyuanceramic.com\/wp-content\/uploads\/2025\/11\/customized-vintage-ceramic-decal-big-soup-noodle-bowls-300x300.webp 300w, https:\/\/www.lianyuanceramic.com\/wp-content\/uploads\/2025\/11\/customized-vintage-ceramic-decal-big-soup-noodle-bowls-150x150.webp 150w, https:\/\/www.lianyuanceramic.com\/wp-content\/uploads\/2025\/11\/customized-vintage-ceramic-decal-big-soup-noodle-bowls-768x768.webp 768w, https:\/\/www.lianyuanceramic.com\/wp-content\/uploads\/2025\/11\/customized-vintage-ceramic-decal-big-soup-noodle-bowls-12x12.webp 12w, https:\/\/www.lianyuanceramic.com\/wp-content\/uploads\/2025\/11\/customized-vintage-ceramic-decal-big-soup-noodle-bowls-600x600.webp 600w, https:\/\/www.lianyuanceramic.com\/wp-content\/uploads\/2025\/11\/customized-vintage-ceramic-decal-big-soup-noodle-bowls-100x100.webp 100w\" sizes=\"(max-width: 800px) 100vw, 800px\" \/><\/figure>\n<\/div>\n\n\n\n<div class=\"wp-block-column is-layout-flow wp-block-column-is-layout-flow\">\n<figure class=\"wp-block-image size-full\"><img decoding=\"async\" width=\"800\" height=\"800\" src=\"https:\/\/www.lianyuanceramic.com\/wp-content\/uploads\/2025\/11\/wholesale-hand-paint-ceramic-large-noodle-bowl.png\" alt=\"Gro\u00dfhandel Hand malen Keramik gro\u00dfe Nudelschale\" class=\"wp-image-2361\" srcset=\"https:\/\/www.lianyuanceramic.com\/wp-content\/uploads\/2025\/11\/wholesale-hand-paint-ceramic-large-noodle-bowl.png 800w, https:\/\/www.lianyuanceramic.com\/wp-content\/uploads\/2025\/11\/wholesale-hand-paint-ceramic-large-noodle-bowl-300x300.png 300w, https:\/\/www.lianyuanceramic.com\/wp-content\/uploads\/2025\/11\/wholesale-hand-paint-ceramic-large-noodle-bowl-150x150.png 150w, https:\/\/www.lianyuanceramic.com\/wp-content\/uploads\/2025\/11\/wholesale-hand-paint-ceramic-large-noodle-bowl-768x768.png 768w, https:\/\/www.lianyuanceramic.com\/wp-content\/uploads\/2025\/11\/wholesale-hand-paint-ceramic-large-noodle-bowl-12x12.png 12w, https:\/\/www.lianyuanceramic.com\/wp-content\/uploads\/2025\/11\/wholesale-hand-paint-ceramic-large-noodle-bowl-600x600.png 600w, https:\/\/www.lianyuanceramic.com\/wp-content\/uploads\/2025\/11\/wholesale-hand-paint-ceramic-large-noodle-bowl-100x100.png 100w\" sizes=\"(max-width: 800px) 100vw, 800px\" \/><\/figure>\n<\/div>\n<\/div>\n\n\n\n<div class=\"wp-block-columns is-layout-flex wp-container-core-columns-is-layout-9d6595d7 wp-block-columns-is-layout-flex\">\n<div class=\"wp-block-column is-layout-flow wp-block-column-is-layout-flow\"><\/div>\n\n\n\n<div class=\"wp-block-column is-layout-flow wp-block-column-is-layout-flow\"><\/div>\n<\/div>","protected":false},"excerpt":{"rendered":"<div class=\"D5aOJc vJwDU\">\n<div data-zone-id=\"0\" data-line-index=\"0\" data-line=\"true\">\n<p>Individuelle konische Schalen mit handgemalten Blumenmustern im Vintage-Stil, bei hoher Temperatur gebrannt, mit In-Glasur-Technik, geeignet f\u00fcr verschiedene Anl\u00e4sse. Gro\u00dfauftr\u00e4ge sind f\u00fcr den Gro\u00dfhandel erh\u00e4ltlich. Kontaktieren Sie uns f\u00fcr ein Angebot!<\/p>\n<\/div>\n<\/div>\n<h2>Keramische konische Schalen Parameter:<\/h2>\n<table style=\"border-collapse: collapse; width: 370.82pt;\" border=\"0\" width=\"618\" cellspacing=\"0\" cellpadding=\"0\">\n<tbody>\n<tr style=\"height: 15.60pt;\">\n<td class=\"et3\" style=\"height: 15.60pt; width: 108.00pt;\" width=\"180\" height=\"26\">Hersteller<\/td>\n<td class=\"et3\" style=\"width: 263.25pt;\" width=\"438\">Lianyuan<\/td>\n<\/tr>\n<tr style=\"height: 15.60pt;\">\n<td class=\"et3\" style=\"height: 15.60pt;\" height=\"26\">Produkttyp<\/td>\n<td class=\"et3\">Schalen<\/td>\n<\/tr>\n<tr style=\"height: 15.60pt;\">\n<td class=\"et3\" style=\"height: 15.60pt;\" height=\"26\">Muster<\/td>\n<td class=\"et3\">\u00a0Verschiedene Blumenmuster<\/td>\n<\/tr>\n<tr style=\"height: 15.60pt;\">\n<td class=\"et3\" style=\"height: 15.60pt;\" height=\"26\">Farbe<\/td>\n<td class=\"et3\">Rosa, Gelb, Gr\u00fcn, Blau<\/td>\n<\/tr>\n<tr style=\"height: 15.60pt;\">\n<td class=\"et3\" style=\"height: 15.60pt;\" height=\"26\">Material<\/td>\n<td class=\"et3\">Dauerhaftes Porzellan<\/td>\n<\/tr>\n<tr style=\"height: 15.60pt;\">\n<td class=\"et3\" style=\"height: 15.60pt;\" height=\"26\">Handwerkliches K\u00f6nnen<\/td>\n<td class=\"et3\">Gepr\u00e4gtes, glasiertes Abziehbild<\/td>\n<\/tr>\n<tr style=\"height: 15.60pt;\">\n<td class=\"et3\" style=\"height: 15.60pt;\" height=\"26\">Anmeldung<\/td>\n<td class=\"et3\">Mikrowellen- und sp\u00fclmaschinenfest, ofenfest<\/td>\n<\/tr>\n<tr style=\"height: 15.60pt;\">\n<td class=\"et3\" style=\"height: 15.60pt;\" height=\"26\">Benutzerdefiniert<\/td>\n<td class=\"et3\">Farbe\/Gr\u00f6\u00dfe\/Logo\/Verpackung<\/td>\n<\/tr>\n<\/tbody>\n<\/table>","protected":false},"featured_media":2350,"comment_status":"open","ping_status":"closed","template":"","meta":{"_acf_changed":false},"product_brand":[],"product_cat":[34],"product_tag":[31,30,29,27],"class_list":{"0":"post-2349","1":"product","2":"type-product","3":"status-publish","4":"has-post-thumbnail","6":"product_cat-bulk-ceramic-tableware-in-stock","7":"product_tag-bone-china-dinnerware-wholesale","8":"product_tag-custom-porcelain-dinnerware","9":"product_tag-hand-painted-embossed-dinnerware-wholesale","10":"product_tag-wholesale-decal-ceramics","12":"first","13":"instock","14":"shipping-taxable","15":"product-type-simple"},"acf":[],"_links":{"self":[{"href":"https:\/\/www.lianyuanceramic.com\/de\/wp-json\/wp\/v2\/product\/2349","targetHints":{"allow":["GET"]}}],"collection":[{"href":"https:\/\/www.lianyuanceramic.com\/de\/wp-json\/wp\/v2\/product"}],"about":[{"href":"https:\/\/www.lianyuanceramic.com\/de\/wp-json\/wp\/v2\/types\/product"}],"replies":[{"embeddable":true,"href":"https:\/\/www.lianyuanceramic.com\/de\/wp-json\/wp\/v2\/comments?post=2349"}],"wp:featuredmedia":[{"embeddable":true,"href":"https:\/\/www.lianyuanceramic.com\/de\/wp-json\/wp\/v2\/media\/2350"}],"wp:attachment":[{"href":"https:\/\/www.lianyuanceramic.com\/de\/wp-json\/wp\/v2\/media?parent=2349"}],"wp:term":[{"taxonomy":"product_brand","embeddable":true,"href":"https:\/\/www.lianyuanceramic.com\/de\/wp-json\/wp\/v2\/product_brand?post=2349"},{"taxonomy":"product_cat","embeddable":true,"href":"https:\/\/www.lianyuanceramic.com\/de\/wp-json\/wp\/v2\/product_cat?post=2349"},{"taxonomy":"product_tag","embeddable":true,"href":"https:\/\/www.lianyuanceramic.com\/de\/wp-json\/wp\/v2\/product_tag?post=2349"}],"curies":[{"name":"wp","href":"https:\/\/api.w.org\/{rel}","templated":true}]}}