{"id":2334,"date":"2025-11-05T08:57:24","date_gmt":"2025-11-05T08:57:24","guid":{"rendered":"https:\/\/www.lianyuanceramic.com\/?post_type=product&#038;p=2334"},"modified":"2025-11-05T09:51:59","modified_gmt":"2025-11-05T09:51:59","slug":"wholesale-hand-painted-ceramic-coffee-mugs","status":"publish","type":"product","link":"https:\/\/www.lianyuanceramic.com\/de\/produkt\/wholesale-hand-painted-ceramic-coffee-mugs\/","title":{"rendered":"Gro\u00dfhandel Hand gemalt keramische Kaffeetassen, rote Abziehbild Vintage Kaffeetasse Becher f\u00fcr Geschenk Custom"},"content":{"rendered":"<div class=\"wp-block-columns is-layout-flex wp-container-core-columns-is-layout-9d6595d7 wp-block-columns-is-layout-flex\">\n<div class=\"wp-block-column is-layout-flow wp-block-column-is-layout-flow\">\n<h2 class=\"wp-block-heading\">Handbemalte Keramik-Kaffeebecher Merkmale:<\/h2>\n\n\n\n<p><strong><strong>Elegant<\/strong> Bl\u00fcmchenmuster<\/strong>:<strong> <\/strong>Der Becherk\u00f6rper ist mit lebhaften Blumenmustern verziert, mit rosa Rosen, kleinen lila Blumen und gr\u00fcnen Zweigen und Bl\u00e4ttern, die zusammen einen starken pastoralen Stil und k\u00fcnstlerischen Sinn darstellen.<\/p>\n\n\n\n<p><strong>In-Glaze-Technologie: <\/strong>Die Glasur ist nicht nur glatt, sondern hat auch einen subtilen Glanz. Sie reflektiert bei Beleuchtung ein sanftes Licht, das die handwerkliche Qualit\u00e4t des Brennens unterstreicht und den Sinn f\u00fcr die Qualit\u00e4t des Produkts verk\u00f6rpert.<\/p>\n\n\n\n<p><strong>M\u00e4\u00dfiges Kapazit\u00e4tsdesign:<\/strong> Er deckt nicht nur den t\u00e4glichen Trinkbedarf, sondern ist aufgrund seiner moderaten Gr\u00f6\u00dfe auch nicht sperrig, so dass er sich als t\u00e4glicher Wasserbeh\u00e4lter f\u00fcr unterwegs oder f\u00fcr den Hausgebrauch eignet.<\/p>\n\n\n\n<p><strong>Visuellen Fokus bilden: <\/strong>Der rote Henkel und der Boden des Bechers greifen einander optisch auf und bilden einen starken Kontrast zu den bunten Blumen auf dem Becherk\u00f6rper. Dadurch werden die roten Teile zum visuellen Mittelpunkt des Gesamtdesigns und erh\u00f6hen den Wiedererkennungswert des Bechers.<\/p>\n\n\n\n<p><strong>Multifunktionale Verwendung: <\/strong>Diese Vintage und elegante Keramikbecher kann f\u00fcr Kaffee, Tee, hei\u00dfe Schokolade, Milch, Saft oder einige andere t\u00e4gliche Verwendung verwendet werden. Perfekt f\u00fcr Hotel, Caf\u00e9, Zuhause, Restaurant oder B\u00fcro. Es ist auch eine gro\u00dfe Tischdekoration f\u00fcr Parteien, Versammlungen, etc.<\/p>\n<\/div>\n\n\n\n<div class=\"wp-block-column is-layout-flow wp-block-column-is-layout-flow\">\n<h2 class=\"wp-block-heading\">Individuell handbemalte Keramik-Kaffeebecher:<\/h2>\n\n\n\n<p>Lianyuan bietet verschiedene individuelle Geschirroptionen an, die auf die Bed\u00fcrfnisse der Marke oder Modetrends abgestimmt sind und sich ideal f\u00fcr den privaten und gewerblichen Gebrauch eignen.<\/p>\n\n\n\n<p><strong>Entwurf:&nbsp;<\/strong>Verschiedene Formen und Muster.<\/p>\n\n\n\n<p><strong>Zusammensetzung des Sets:<\/strong>&nbsp;Individuelle Keramik-Tassensets mit Kombinationen aus Tassen, Schalen und L\u00f6ffeln.<\/p>\n\n\n\n<p><strong>Gr\u00f6\u00dfe:&nbsp;<\/strong>W\u00e4hlen Sie aus verschiedenen Gr\u00f6\u00dfen f\u00fcr unterschiedliche Mahlzeitenportionen.<\/p>\n\n\n\n<p><strong>Material:<\/strong>&nbsp;Keramik, Porzellan, Knochenporzellan oder erkundigen Sie sich nach Alternativen.<\/p>\n\n\n\n<p><strong>Handwerkliches K\u00f6nnen:&nbsp;<\/strong>Glasurabziehbilder, Ofenwechsel, handbemalt, Reliefmuster oder andere.<\/p>\n\n\n\n<p><strong>Verpackung:&nbsp;<\/strong>Bulk Pack, Farbkarton, Geschenkkarton, Pr\u00e4sentationskarton, Versandkarton, etc.<\/p>\n<\/div>\n<\/div>\n\n\n\n<div class=\"wp-block-columns is-layout-flex wp-container-core-columns-is-layout-9d6595d7 wp-block-columns-is-layout-flex\">\n<div class=\"wp-block-column is-layout-flow wp-block-column-is-layout-flow\">\n<figure class=\"wp-block-image size-full\"><img decoding=\"async\" width=\"800\" height=\"800\" src=\"https:\/\/www.lianyuanceramic.com\/wp-content\/uploads\/2025\/11\/custom-decal-ceamic-coffee-cup-mug.png\" alt=\"kundenspezifischer Aufkleber Keramik Kaffeetasse Becher\" class=\"wp-image-2341\" srcset=\"https:\/\/www.lianyuanceramic.com\/wp-content\/uploads\/2025\/11\/custom-decal-ceamic-coffee-cup-mug.png 800w, https:\/\/www.lianyuanceramic.com\/wp-content\/uploads\/2025\/11\/custom-decal-ceamic-coffee-cup-mug-300x300.png 300w, https:\/\/www.lianyuanceramic.com\/wp-content\/uploads\/2025\/11\/custom-decal-ceamic-coffee-cup-mug-150x150.png 150w, https:\/\/www.lianyuanceramic.com\/wp-content\/uploads\/2025\/11\/custom-decal-ceamic-coffee-cup-mug-768x768.png 768w, https:\/\/www.lianyuanceramic.com\/wp-content\/uploads\/2025\/11\/custom-decal-ceamic-coffee-cup-mug-12x12.png 12w, https:\/\/www.lianyuanceramic.com\/wp-content\/uploads\/2025\/11\/custom-decal-ceamic-coffee-cup-mug-600x600.png 600w, https:\/\/www.lianyuanceramic.com\/wp-content\/uploads\/2025\/11\/custom-decal-ceamic-coffee-cup-mug-100x100.png 100w\" sizes=\"(max-width: 800px) 100vw, 800px\" \/><\/figure>\n<\/div>\n\n\n\n<div class=\"wp-block-column is-layout-flow wp-block-column-is-layout-flow\">\n<figure class=\"wp-block-image size-full\"><img decoding=\"async\" width=\"800\" height=\"800\" src=\"https:\/\/www.lianyuanceramic.com\/wp-content\/uploads\/2025\/11\/wholesale-restaurant-ceramic-hand-paint-mug.webp\" alt=\"Gro\u00dfhandel Restaurant Keramik Hand malen Becher\" class=\"wp-image-2342\" srcset=\"https:\/\/www.lianyuanceramic.com\/wp-content\/uploads\/2025\/11\/wholesale-restaurant-ceramic-hand-paint-mug.webp 800w, https:\/\/www.lianyuanceramic.com\/wp-content\/uploads\/2025\/11\/wholesale-restaurant-ceramic-hand-paint-mug-300x300.webp 300w, https:\/\/www.lianyuanceramic.com\/wp-content\/uploads\/2025\/11\/wholesale-restaurant-ceramic-hand-paint-mug-150x150.webp 150w, https:\/\/www.lianyuanceramic.com\/wp-content\/uploads\/2025\/11\/wholesale-restaurant-ceramic-hand-paint-mug-768x768.webp 768w, https:\/\/www.lianyuanceramic.com\/wp-content\/uploads\/2025\/11\/wholesale-restaurant-ceramic-hand-paint-mug-12x12.webp 12w, https:\/\/www.lianyuanceramic.com\/wp-content\/uploads\/2025\/11\/wholesale-restaurant-ceramic-hand-paint-mug-600x600.webp 600w, https:\/\/www.lianyuanceramic.com\/wp-content\/uploads\/2025\/11\/wholesale-restaurant-ceramic-hand-paint-mug-100x100.webp 100w\" sizes=\"(max-width: 800px) 100vw, 800px\" \/><\/figure>\n<\/div>\n<\/div>","protected":false},"excerpt":{"rendered":"<div class=\"D5aOJc vJwDU\">\n<div data-zone-id=\"0\" data-line-index=\"0\" data-line=\"true\">\n<p>Gro\u00dfhandel handbemalte Keramik Kaffeebecher mit elegantem Design und praktischen Funktionen, so dass es ein durchdachtes Geschenk f\u00fcr Geburtstage, Urlaub, Weihnachten. Gro\u00dfauftr\u00e4ge sind mit ready-to-ship zur Verf\u00fcgung!  Kontaktieren Sie uns heute!<\/p>\n<\/div>\n<\/div>\n<h2>Handbemalte Kaffeebecher aus Keramik Parameter:<\/h2>\n<table style=\"border-collapse: collapse; width: 370.82pt;\" border=\"0\" width=\"618\" cellspacing=\"0\" cellpadding=\"0\">\n<tbody>\n<tr style=\"height: 15.60pt;\">\n<td class=\"et3\" style=\"height: 15.60pt; width: 108.00pt;\" width=\"180\" height=\"26\">Hersteller<\/td>\n<td class=\"et3\" style=\"width: 263.25pt;\" width=\"438\">Lianyuan<\/td>\n<\/tr>\n<tr style=\"height: 15.60pt;\">\n<td class=\"et3\" style=\"height: 15.60pt;\" height=\"26\">Produkttyp<\/td>\n<td class=\"et3\">Teebecher, Kaffeebecher, Fr\u00fchst\u00fccksbecher<\/td>\n<\/tr>\n<tr style=\"height: 15.60pt;\">\n<td class=\"et3\" style=\"height: 15.60pt;\" height=\"26\">Muster<\/td>\n<td class=\"et3\">Bl\u00fcmchenmuster<\/td>\n<\/tr>\n<tr style=\"height: 15.60pt;\">\n<td class=\"et3\" style=\"height: 15.60pt;\" height=\"26\">Farbe<\/td>\n<td class=\"et3\">Rosa, Gelb, Gr\u00fcn, Blau<\/td>\n<\/tr>\n<tr style=\"height: 15.60pt;\">\n<td class=\"et3\" style=\"height: 15.60pt;\" height=\"26\">Material<\/td>\n<td class=\"et3\">Dauerhaftes Porzellan<\/td>\n<\/tr>\n<tr style=\"height: 15.60pt;\">\n<td class=\"et3\" style=\"height: 15.60pt;\" height=\"26\">Handwerkliches K\u00f6nnen<\/td>\n<td class=\"et3\">Einglasiertes Abziehbild<\/td>\n<\/tr>\n<tr style=\"height: 15.60pt;\">\n<td class=\"et3\" style=\"height: 15.60pt;\" height=\"26\">Anmeldung<\/td>\n<td class=\"et3\">Mikrowellen- und sp\u00fclmaschinenfest, ofenfest<\/td>\n<\/tr>\n<tr style=\"height: 15.60pt;\">\n<td class=\"et3\" style=\"height: 15.60pt;\" height=\"26\">Benutzerdefiniert<\/td>\n<td class=\"et3\">Farbe\/Gr\u00f6\u00dfe\/Logo\/Verpackung<\/td>\n<\/tr>\n<\/tbody>\n<\/table>","protected":false},"featured_media":2335,"comment_status":"open","ping_status":"closed","template":"","meta":{"_acf_changed":false},"product_brand":[],"product_cat":[34],"product_tag":[31,30,29,27],"class_list":{"0":"post-2334","1":"product","2":"type-product","3":"status-publish","4":"has-post-thumbnail","6":"product_cat-bulk-ceramic-tableware-in-stock","7":"product_tag-bone-china-dinnerware-wholesale","8":"product_tag-custom-porcelain-dinnerware","9":"product_tag-hand-painted-embossed-dinnerware-wholesale","10":"product_tag-wholesale-decal-ceramics","12":"first","13":"instock","14":"shipping-taxable","15":"product-type-simple"},"acf":[],"_links":{"self":[{"href":"https:\/\/www.lianyuanceramic.com\/de\/wp-json\/wp\/v2\/product\/2334","targetHints":{"allow":["GET"]}}],"collection":[{"href":"https:\/\/www.lianyuanceramic.com\/de\/wp-json\/wp\/v2\/product"}],"about":[{"href":"https:\/\/www.lianyuanceramic.com\/de\/wp-json\/wp\/v2\/types\/product"}],"replies":[{"embeddable":true,"href":"https:\/\/www.lianyuanceramic.com\/de\/wp-json\/wp\/v2\/comments?post=2334"}],"wp:featuredmedia":[{"embeddable":true,"href":"https:\/\/www.lianyuanceramic.com\/de\/wp-json\/wp\/v2\/media\/2335"}],"wp:attachment":[{"href":"https:\/\/www.lianyuanceramic.com\/de\/wp-json\/wp\/v2\/media?parent=2334"}],"wp:term":[{"taxonomy":"product_brand","embeddable":true,"href":"https:\/\/www.lianyuanceramic.com\/de\/wp-json\/wp\/v2\/product_brand?post=2334"},{"taxonomy":"product_cat","embeddable":true,"href":"https:\/\/www.lianyuanceramic.com\/de\/wp-json\/wp\/v2\/product_cat?post=2334"},{"taxonomy":"product_tag","embeddable":true,"href":"https:\/\/www.lianyuanceramic.com\/de\/wp-json\/wp\/v2\/product_tag?post=2334"}],"curies":[{"name":"wp","href":"https:\/\/api.w.org\/{rel}","templated":true}]}}