{"id":2309,"date":"2025-11-05T07:47:53","date_gmt":"2025-11-05T07:47:53","guid":{"rendered":"https:\/\/www.lianyuanceramic.com\/?post_type=product&#038;p=2309"},"modified":"2025-11-08T01:17:58","modified_gmt":"2025-11-08T01:17:58","slug":"wholesale-teapots","status":"publish","type":"product","link":"https:\/\/www.lianyuanceramic.com\/de\/produkt\/wholesale-teapots\/","title":{"rendered":"Gro\u00dfhandel Teekannen Blumenmuster, keramische Vintage Tee Kaffeekanne mit Deckel Lieferant"},"content":{"rendered":"<div class=\"wp-block-columns is-layout-flex wp-container-core-columns-is-layout-9d6595d7 wp-block-columns-is-layout-flex\">\n<div class=\"wp-block-column is-layout-flow wp-block-column-is-layout-flow\">\n<h2 class=\"wp-block-heading\">Blumenmuster Teekannen Merkmale:<\/h2>\n\n\n\n<p><strong>Kunstvoll handgemalte Blumen:<\/strong> Der Hauptteil ist mit einem bunten Blumenmuster versehen, das eine nat\u00fcrliche und warme Atmosph\u00e4re schafft. Die Farben sind leuchtend und k\u00fcnstlerisch. Der Deckel, der Ausguss und der Griff sind rot und bilden einen scharfen Kontrast zu dem Blumenmuster, das eine starke visuelle Wirkung hat.<\/p>\n\n\n\n<p><strong><strong>Handwerkliche Qualit\u00e4t<\/strong><\/strong>: Die floralen Muster in Glasur Farbe Technologie angenommen, mit festen Farben, die nicht leicht zu verblassen sind. Der keramische K\u00f6rper ist gleichm\u00e4\u00dfig gebrannt, und die Oberfl\u00e4chenglasur ist glatt und zart, mit ausgezeichneten Touch und Textur.<\/p>\n\n\n\n<p><strong>Multi-Use-Anwendbarkeit:<\/strong> Er eignet sich f\u00fcr Caf\u00e9s, B\u00fcros und Wohnr\u00e4ume gleicherma\u00dfen und besticht durch sein elegantes Design, das ein Gef\u00fchl von W\u00e4rme und Stil vermittelt. Er eignet sich f\u00fcr Caf\u00e9s, B\u00fcros und zu Hause. Sein elegantes Design sorgt f\u00fcr W\u00e4rme und Stil.<\/p>\n\n\n\n<p><strong><strong>Funktionelle Zweckm\u00e4\u00dfigkeit<\/strong>:<\/strong> Es handelt sich um eine Teekannenstruktur mit einem Deckel. Der Ausgie\u00dfer ist lang und schlank, was dem reibungslosen Ausgie\u00dfen von Tee f\u00f6rderlich ist. Der Griff ist bogenf\u00f6rmig, was der Ergonomie entspricht und bequem zu halten ist. Das Fassungsverm\u00f6gen scheint betr\u00e4chtlich zu sein.<\/p>\n\n\n\n<p><strong>Stabile Versorgung und schnelle Reaktion<\/strong>: Wir verf\u00fcgen \u00fcber einen gro\u00dfen Lagerbestand, um auch gro\u00dfe Mengen und mehrere Chargen kaufen zu k\u00f6nnen. Unabh\u00e4ngig von der Gr\u00f6\u00dfe Ihrer Bestellung garantieren wir eine schnelle Lieferung, damit Ihr Gesch\u00e4ft (z. B. Hoteler\u00f6ffnungen oder Werbeveranstaltungen) nicht durch das Warten auf die Ware verz\u00f6gert wird.<\/p>\n<\/div>\n\n\n\n<div class=\"wp-block-column is-layout-flow wp-block-column-is-layout-flow\">\n<h2 class=\"wp-block-heading\">Individuelle Teekannen mit Blumenmuster:<\/h2>\n\n\n\n<p>Lianyuan bietet verschiedene individuelle Geschirroptionen an, die auf die Bed\u00fcrfnisse der Marke oder Modetrends abgestimmt sind und sich ideal f\u00fcr den privaten und gewerblichen Gebrauch eignen.<\/p>\n\n\n\n<p><strong>Entwurf:&nbsp;<\/strong>Verschiedene Formen und Muster.<\/p>\n\n\n\n<p><strong>Zusammensetzung des Sets:<\/strong>&nbsp;Individuelle Keramik-Tassensets mit Kombinationen aus Tassen, Schalen und L\u00f6ffeln.<\/p>\n\n\n\n<p><strong>Gr\u00f6\u00dfe:&nbsp;<\/strong>W\u00e4hlen Sie aus verschiedenen Gr\u00f6\u00dfen f\u00fcr unterschiedliche Mahlzeitenportionen.<\/p>\n\n\n\n<p><strong>Material:<\/strong>&nbsp;Keramik, Porzellan, Knochenporzellan oder erkundigen Sie sich nach Alternativen.<\/p>\n\n\n\n<p><strong>Handwerkliches K\u00f6nnen:&nbsp;<\/strong>Glasurabziehbilder, Ofenwechsel, handbemalt, Reliefmuster oder andere.<\/p>\n\n\n\n<p><strong>Verpackung:&nbsp;<\/strong>Bulk Pack, Farbkarton, Geschenkkarton, Pr\u00e4sentationskarton, Versandkarton, etc.<\/p>\n<\/div>\n<\/div>\n\n\n\n<div class=\"wp-block-columns is-layout-flex wp-container-core-columns-is-layout-9d6595d7 wp-block-columns-is-layout-flex\">\n<div class=\"wp-block-column is-layout-flow wp-block-column-is-layout-flow\">\n<figure class=\"wp-block-image size-full\"><img decoding=\"async\" width=\"800\" height=\"800\" src=\"https:\/\/www.lianyuanceramic.com\/wp-content\/uploads\/2025\/11\/wholesale-flower-pattern-ceramic-tea-pot.webp\" alt=\"Gro\u00dfhandel Blume Muster Keramik Teekanne\" class=\"wp-image-2317\" srcset=\"https:\/\/www.lianyuanceramic.com\/wp-content\/uploads\/2025\/11\/wholesale-flower-pattern-ceramic-tea-pot.webp 800w, https:\/\/www.lianyuanceramic.com\/wp-content\/uploads\/2025\/11\/wholesale-flower-pattern-ceramic-tea-pot-300x300.webp 300w, https:\/\/www.lianyuanceramic.com\/wp-content\/uploads\/2025\/11\/wholesale-flower-pattern-ceramic-tea-pot-150x150.webp 150w, https:\/\/www.lianyuanceramic.com\/wp-content\/uploads\/2025\/11\/wholesale-flower-pattern-ceramic-tea-pot-768x768.webp 768w, https:\/\/www.lianyuanceramic.com\/wp-content\/uploads\/2025\/11\/wholesale-flower-pattern-ceramic-tea-pot-12x12.webp 12w, https:\/\/www.lianyuanceramic.com\/wp-content\/uploads\/2025\/11\/wholesale-flower-pattern-ceramic-tea-pot-600x600.webp 600w, https:\/\/www.lianyuanceramic.com\/wp-content\/uploads\/2025\/11\/wholesale-flower-pattern-ceramic-tea-pot-100x100.webp 100w\" sizes=\"(max-width: 800px) 100vw, 800px\" \/><\/figure>\n<\/div>\n\n\n\n<div class=\"wp-block-column is-layout-flow wp-block-column-is-layout-flow\">\n<figure class=\"wp-block-image size-full\"><img decoding=\"async\" width=\"800\" height=\"800\" src=\"https:\/\/www.lianyuanceramic.com\/wp-content\/uploads\/2025\/11\/custom-flower-pattern-ceramic-tea-pot-set-1.webp\" alt=\"benutzerdefinierte Blume Muster Keramik Teekanne Set\" class=\"wp-image-2325\" srcset=\"https:\/\/www.lianyuanceramic.com\/wp-content\/uploads\/2025\/11\/custom-flower-pattern-ceramic-tea-pot-set-1.webp 800w, https:\/\/www.lianyuanceramic.com\/wp-content\/uploads\/2025\/11\/custom-flower-pattern-ceramic-tea-pot-set-1-300x300.webp 300w, https:\/\/www.lianyuanceramic.com\/wp-content\/uploads\/2025\/11\/custom-flower-pattern-ceramic-tea-pot-set-1-150x150.webp 150w, https:\/\/www.lianyuanceramic.com\/wp-content\/uploads\/2025\/11\/custom-flower-pattern-ceramic-tea-pot-set-1-768x768.webp 768w, https:\/\/www.lianyuanceramic.com\/wp-content\/uploads\/2025\/11\/custom-flower-pattern-ceramic-tea-pot-set-1-12x12.webp 12w, https:\/\/www.lianyuanceramic.com\/wp-content\/uploads\/2025\/11\/custom-flower-pattern-ceramic-tea-pot-set-1-600x600.webp 600w, https:\/\/www.lianyuanceramic.com\/wp-content\/uploads\/2025\/11\/custom-flower-pattern-ceramic-tea-pot-set-1-100x100.webp 100w\" sizes=\"(max-width: 800px) 100vw, 800px\" \/><\/figure>\n<\/div>\n<\/div>","protected":false},"excerpt":{"rendered":"<div class=\"D5aOJc vJwDU\">\n<div data-zone-id=\"0\" data-line-index=\"0\" data-line=\"true\">\n<p>Gro\u00dfhandels-Teekannen mit floralem Vintage-Muster, elegant und langlebig.  Die Verf\u00fcgbarkeit in gro\u00dfen Mengen ist die beste Wahl f\u00fcr kommerzielle Catering-Einrichtungen wie Caf\u00e9s, Hotels und Restaurants, um ihren r\u00e4umlichen Stil und ihre Servicequalit\u00e4t zu verbessern. Kontaktieren Sie uns jetzt!<\/p>\n<\/div>\n<\/div>\n<h2>Teekannen Parameter einstellen:<\/h2>\n<table style=\"border-collapse: collapse; width: 370.82pt;\" border=\"0\" width=\"618\" cellspacing=\"0\" cellpadding=\"0\">\n<tbody>\n<tr style=\"height: 15.60pt;\">\n<td class=\"et3\" style=\"height: 15.60pt; width: 108.00pt;\" width=\"180\" height=\"26\">Hersteller<\/td>\n<td class=\"et3\" style=\"width: 263.25pt;\" width=\"438\">Lianyuan<\/td>\n<\/tr>\n<tr style=\"height: 15.60pt;\">\n<td class=\"et3\" style=\"height: 15.60pt;\" height=\"26\">Produkttyp<\/td>\n<td class=\"et3\">Teekanne<\/td>\n<\/tr>\n<tr style=\"height: 15.60pt;\">\n<td class=\"et3\" style=\"height: 15.60pt;\" height=\"26\">Muster<\/td>\n<td class=\"et3\">Bl\u00fcmchenmuster<\/td>\n<\/tr>\n<tr style=\"height: 15.60pt;\">\n<td class=\"et3\" style=\"height: 15.60pt;\" height=\"26\">Farbe<\/td>\n<td class=\"et3\">Rot, Gelb, Gr\u00fcn<\/td>\n<\/tr>\n<tr style=\"height: 15.60pt;\">\n<td class=\"et3\" style=\"height: 15.60pt;\" height=\"26\">Material<\/td>\n<td class=\"et3\">Dauerhaftes Porzellan<\/td>\n<\/tr>\n<tr style=\"height: 15.60pt;\">\n<td class=\"et3\" style=\"height: 15.60pt;\" height=\"26\">Handwerkliches K\u00f6nnen<\/td>\n<td class=\"et3\">Einglasiertes Abziehbild<\/td>\n<\/tr>\n<tr style=\"height: 15.60pt;\">\n<td class=\"et3\" style=\"height: 15.60pt;\" height=\"26\">Anmeldung<\/td>\n<td class=\"et3\">Mikrowellen- und sp\u00fclmaschinenfest, ofenfest<\/td>\n<\/tr>\n<tr style=\"height: 15.60pt;\">\n<td class=\"et3\" style=\"height: 15.60pt;\" height=\"26\">Benutzerdefiniert<\/td>\n<td class=\"et3\">Farbe\/Gr\u00f6\u00dfe\/Logo\/Verpackung<\/td>\n<\/tr>\n<\/tbody>\n<\/table>","protected":false},"featured_media":2310,"comment_status":"open","ping_status":"closed","template":"","meta":{"_acf_changed":false},"product_brand":[],"product_cat":[34],"product_tag":[31,30,29,27],"class_list":{"0":"post-2309","1":"product","2":"type-product","3":"status-publish","4":"has-post-thumbnail","6":"product_cat-bulk-ceramic-tableware-in-stock","7":"product_tag-bone-china-dinnerware-wholesale","8":"product_tag-custom-porcelain-dinnerware","9":"product_tag-hand-painted-embossed-dinnerware-wholesale","10":"product_tag-wholesale-decal-ceramics","12":"first","13":"instock","14":"shipping-taxable","15":"product-type-simple"},"acf":[],"_links":{"self":[{"href":"https:\/\/www.lianyuanceramic.com\/de\/wp-json\/wp\/v2\/product\/2309","targetHints":{"allow":["GET"]}}],"collection":[{"href":"https:\/\/www.lianyuanceramic.com\/de\/wp-json\/wp\/v2\/product"}],"about":[{"href":"https:\/\/www.lianyuanceramic.com\/de\/wp-json\/wp\/v2\/types\/product"}],"replies":[{"embeddable":true,"href":"https:\/\/www.lianyuanceramic.com\/de\/wp-json\/wp\/v2\/comments?post=2309"}],"wp:featuredmedia":[{"embeddable":true,"href":"https:\/\/www.lianyuanceramic.com\/de\/wp-json\/wp\/v2\/media\/2310"}],"wp:attachment":[{"href":"https:\/\/www.lianyuanceramic.com\/de\/wp-json\/wp\/v2\/media?parent=2309"}],"wp:term":[{"taxonomy":"product_brand","embeddable":true,"href":"https:\/\/www.lianyuanceramic.com\/de\/wp-json\/wp\/v2\/product_brand?post=2309"},{"taxonomy":"product_cat","embeddable":true,"href":"https:\/\/www.lianyuanceramic.com\/de\/wp-json\/wp\/v2\/product_cat?post=2309"},{"taxonomy":"product_tag","embeddable":true,"href":"https:\/\/www.lianyuanceramic.com\/de\/wp-json\/wp\/v2\/product_tag?post=2309"}],"curies":[{"name":"wp","href":"https:\/\/api.w.org\/{rel}","templated":true}]}}