{"id":2253,"date":"2025-11-05T03:57:13","date_gmt":"2025-11-05T03:57:13","guid":{"rendered":"https:\/\/www.lianyuanceramic.com\/?post_type=product&#038;p=2253"},"modified":"2026-05-07T08:45:39","modified_gmt":"2026-05-07T08:45:39","slug":"wholesale-hand-painted-ceramic-mugs","status":"publish","type":"product","link":"https:\/\/www.lianyuanceramic.com\/de\/produkt\/wholesale-hand-painted-ceramic-mugs\/","title":{"rendered":"Gro\u00dfhandel Hand gemalt keramische Becher, In-Glaze Decal Kaffeetasse Set Cappuccino Becher Bulk"},"content":{"rendered":"<div class=\"wp-block-columns is-layout-flex wp-container-core-columns-is-layout-9d6595d7 wp-block-columns-is-layout-flex\">\n<div class=\"wp-block-column is-layout-flow wp-block-column-is-layout-flow\">\n<h2 class=\"wp-block-heading\">Handbemalte Keramikbecher Merkmale:<\/h2>\n\n\n\n<p><strong>Handgemalte Technik<\/strong>: Jede Tasse schafft eine einzigartige, dynamische Atmosph\u00e4re, die den Stil Ihrer Marke hervorhebt.<\/p>\n\n\n\n<p><strong>Farbschema mit hoher S\u00e4ttigung<\/strong>: Leuchtend rote und blaue Blumen auf einfarbigen Tassen sorgen f\u00fcr einen auff\u00e4lligen visuellen Effekt, der die Pr\u00e4sentation von Getr\u00e4nken wirkungsvoll unterstreicht und Ihren Tisch versch\u00f6nert.<\/p>\n\n\n\n<p><strong>Multi-Muster-Sets<\/strong>: In jedem Set sind mehrere verschiedene Muster enthalten, so dass die Kunden sie mischen und kombinieren oder thematische Auslagen gestalten k\u00f6nnen, um eine abwechslungsreiche Ladenatmosph\u00e4re zu schaffen.<\/p>\n\n\n\n<p><strong>\u00dcberlegene Textur<\/strong>: Die Glasur erscheint glatt und gleichm\u00e4\u00dfig, feine Pinselstriche sind deutlich sichtbar. Dieses hochwertige Keramikmaterial ist robust, leicht zu reinigen und pflegeleicht und erf\u00fcllt die Anforderungen von gewerblichen Anwendungen.<\/p>\n<\/div>\n\n\n\n<div class=\"wp-block-column is-layout-flow wp-block-column-is-layout-flow\">\n<h2 class=\"wp-block-heading\">Individuell handbemalte Keramikbecher:<\/h2>\n\n\n\n<p>Lianyuan bietet verschiedene individuelle Geschirroptionen an, die auf die Bed\u00fcrfnisse der Marke oder Modetrends abgestimmt sind und sich ideal f\u00fcr den privaten und gewerblichen Gebrauch eignen.<\/p>\n\n\n\n<p><strong>Entwurf:&nbsp;<\/strong>Verschiedene Formen und Muster.<\/p>\n\n\n\n<p><strong>Zusammensetzung des Sets:<\/strong>&nbsp;Individuelle Keramik-Tassensets mit Kombinationen aus Tassen, Schalen und L\u00f6ffeln.<\/p>\n\n\n\n<p><strong>Gr\u00f6\u00dfe:&nbsp;<\/strong>W\u00e4hlen Sie aus verschiedenen Gr\u00f6\u00dfen f\u00fcr unterschiedliche Mahlzeitenportionen.<\/p>\n\n\n\n<p><strong>Material:<\/strong>&nbsp;Keramik, Porzellan, Knochenporzellan oder erkundigen Sie sich nach Alternativen.<\/p>\n\n\n\n<p><strong>Handwerkliches K\u00f6nnen:&nbsp;<\/strong>Glasurabziehbilder, Ofenwechsel, handbemalt, Reliefmuster oder andere.<\/p>\n\n\n\n<p><strong>Verpackung:&nbsp;<\/strong>Bulk Pack, Farbkarton, Geschenkkarton, Pr\u00e4sentationskarton, Versandkarton, etc.<\/p>\n<\/div>\n<\/div>\n\n\n\n<div class=\"wp-block-columns is-layout-flex wp-container-core-columns-is-layout-9d6595d7 wp-block-columns-is-layout-flex\">\n<div class=\"wp-block-column is-layout-flow wp-block-column-is-layout-flow\">\n<figure class=\"wp-block-image size-full\"><img decoding=\"async\" width=\"800\" height=\"800\" src=\"https:\/\/www.lianyuanceramic.com\/wp-content\/uploads\/2025\/11\/OEM-ODM-SERVICR-ceramic-coffee-mugs.webp\" alt=\"OEM &amp; ODM SERVICR Keramik-Kaffeebecher\" class=\"wp-image-2303\" srcset=\"https:\/\/www.lianyuanceramic.com\/wp-content\/uploads\/2025\/11\/OEM-ODM-SERVICR-ceramic-coffee-mugs.webp 800w, https:\/\/www.lianyuanceramic.com\/wp-content\/uploads\/2025\/11\/OEM-ODM-SERVICR-ceramic-coffee-mugs-300x300.webp 300w, https:\/\/www.lianyuanceramic.com\/wp-content\/uploads\/2025\/11\/OEM-ODM-SERVICR-ceramic-coffee-mugs-150x150.webp 150w, https:\/\/www.lianyuanceramic.com\/wp-content\/uploads\/2025\/11\/OEM-ODM-SERVICR-ceramic-coffee-mugs-768x768.webp 768w, https:\/\/www.lianyuanceramic.com\/wp-content\/uploads\/2025\/11\/OEM-ODM-SERVICR-ceramic-coffee-mugs-12x12.webp 12w, https:\/\/www.lianyuanceramic.com\/wp-content\/uploads\/2025\/11\/OEM-ODM-SERVICR-ceramic-coffee-mugs-600x600.webp 600w, https:\/\/www.lianyuanceramic.com\/wp-content\/uploads\/2025\/11\/OEM-ODM-SERVICR-ceramic-coffee-mugs-100x100.webp 100w\" sizes=\"(max-width: 800px) 100vw, 800px\" \/><\/figure>\n<\/div>\n\n\n\n<div class=\"wp-block-column is-layout-flow wp-block-column-is-layout-flow\">\n<figure class=\"wp-block-image size-full\"><img decoding=\"async\" width=\"800\" height=\"800\" src=\"https:\/\/www.lianyuanceramic.com\/wp-content\/uploads\/2025\/11\/wholesale-modern-coffee-mugs.webp\" alt=\"Gro\u00dfhandel moderne Kaffeebecher\" class=\"wp-image-2304\" srcset=\"https:\/\/www.lianyuanceramic.com\/wp-content\/uploads\/2025\/11\/wholesale-modern-coffee-mugs.webp 800w, https:\/\/www.lianyuanceramic.com\/wp-content\/uploads\/2025\/11\/wholesale-modern-coffee-mugs-300x300.webp 300w, https:\/\/www.lianyuanceramic.com\/wp-content\/uploads\/2025\/11\/wholesale-modern-coffee-mugs-150x150.webp 150w, https:\/\/www.lianyuanceramic.com\/wp-content\/uploads\/2025\/11\/wholesale-modern-coffee-mugs-768x768.webp 768w, https:\/\/www.lianyuanceramic.com\/wp-content\/uploads\/2025\/11\/wholesale-modern-coffee-mugs-12x12.webp 12w, https:\/\/www.lianyuanceramic.com\/wp-content\/uploads\/2025\/11\/wholesale-modern-coffee-mugs-600x600.webp 600w, https:\/\/www.lianyuanceramic.com\/wp-content\/uploads\/2025\/11\/wholesale-modern-coffee-mugs-100x100.webp 100w\" sizes=\"(max-width: 800px) 100vw, 800px\" \/><\/figure>\n<\/div>\n<\/div>","protected":false},"excerpt":{"rendered":"<div class=\"D5aOJc vJwDU\">\n<div data-zone-id=\"0\" data-line-index=\"0\" data-line=\"true\">\n<p>Gro\u00dfhandel handbemalte Keramikbecher, mit einem einzigartigen handgemalten floralen Design, satten Farben und einer glatten, leicht zu reinigenden Glasur. Viele Lagerbest\u00e4nde f\u00fcr eine schnelle Lieferung, die Erh\u00f6hung der Stil Ihres Restaurants Marke mit Lianyuan versandfertig Keramik Kaffeebecher!<\/p>\n<\/div>\n<\/div>\n<h2>Handbemalte Keramikbecher Parameter:<\/h2>\n<table style=\"border-collapse: collapse;width: 370.82pt\" border=\"0\" width=\"618\" cellspacing=\"0\" cellpadding=\"0\">\n<tbody>\n<tr style=\"height: 15.60pt\">\n<td class=\"et3\" style=\"height: 15.60pt;width: 108.00pt\" width=\"180\" height=\"26\">Hersteller<\/td>\n<td class=\"et3\" style=\"width: 263.25pt\" width=\"438\">Lianyuan<\/td>\n<\/tr>\n<tr style=\"height: 15.60pt\">\n<td class=\"et3\" style=\"height: 15.60pt\" height=\"26\">Produkttyp<\/td>\n<td class=\"et3\">Teebecher, Kaffeebecher, Fr\u00fchst\u00fccksbecher<\/td>\n<\/tr>\n<tr style=\"height: 15.60pt\">\n<td class=\"et3\" style=\"height: 15.60pt\" height=\"26\">Muster<\/td>\n<td class=\"et3\">Bl\u00fcmchenmuster<\/td>\n<\/tr>\n<tr style=\"height: 15.60pt\">\n<td class=\"et3\" style=\"height: 15.60pt\" height=\"26\">Farbe<\/td>\n<td class=\"et3\">Rosa, Gelb, Gr\u00fcn, Blau<\/td>\n<\/tr>\n<tr style=\"height: 15.60pt\">\n<td class=\"et3\" style=\"height: 15.60pt\" height=\"26\">Material<\/td>\n<td class=\"et3\">Dauerhaftes Porzellan<\/td>\n<\/tr>\n<tr style=\"height: 15.60pt\">\n<td class=\"et3\" style=\"height: 15.60pt\" height=\"26\">Handwerkliches K\u00f6nnen<\/td>\n<td class=\"et3\">Einglasiertes Abziehbild<\/td>\n<\/tr>\n<tr style=\"height: 15.60pt\">\n<td class=\"et3\" style=\"height: 15.60pt\" height=\"26\">Anmeldung<\/td>\n<td class=\"et3\">Mikrowellen- und sp\u00fclmaschinenfest, ofenfest<\/td>\n<\/tr>\n<tr style=\"height: 15.60pt\">\n<td class=\"et3\" style=\"height: 15.60pt\" height=\"26\">Benutzerdefiniert<\/td>\n<td class=\"et3\">Farbe\/Gr\u00f6\u00dfe\/Logo\/Verpackung<\/td>\n<\/tr>\n<\/tbody>\n<\/table>","protected":false},"featured_media":2296,"comment_status":"open","ping_status":"closed","template":"","meta":{"_acf_changed":false},"product_brand":[],"product_cat":[34],"product_tag":[30,29,27],"class_list":{"0":"post-2253","1":"product","2":"type-product","3":"status-publish","4":"has-post-thumbnail","6":"product_cat-bulk-ceramic-tableware-in-stock","7":"product_tag-custom-porcelain-dinnerware","8":"product_tag-hand-painted-embossed-dinnerware-wholesale","9":"product_tag-wholesale-decal-ceramics","11":"first","12":"instock","13":"shipping-taxable","14":"product-type-simple"},"acf":[],"_links":{"self":[{"href":"https:\/\/www.lianyuanceramic.com\/de\/wp-json\/wp\/v2\/product\/2253","targetHints":{"allow":["GET"]}}],"collection":[{"href":"https:\/\/www.lianyuanceramic.com\/de\/wp-json\/wp\/v2\/product"}],"about":[{"href":"https:\/\/www.lianyuanceramic.com\/de\/wp-json\/wp\/v2\/types\/product"}],"replies":[{"embeddable":true,"href":"https:\/\/www.lianyuanceramic.com\/de\/wp-json\/wp\/v2\/comments?post=2253"}],"wp:featuredmedia":[{"embeddable":true,"href":"https:\/\/www.lianyuanceramic.com\/de\/wp-json\/wp\/v2\/media\/2296"}],"wp:attachment":[{"href":"https:\/\/www.lianyuanceramic.com\/de\/wp-json\/wp\/v2\/media?parent=2253"}],"wp:term":[{"taxonomy":"product_brand","embeddable":true,"href":"https:\/\/www.lianyuanceramic.com\/de\/wp-json\/wp\/v2\/product_brand?post=2253"},{"taxonomy":"product_cat","embeddable":true,"href":"https:\/\/www.lianyuanceramic.com\/de\/wp-json\/wp\/v2\/product_cat?post=2253"},{"taxonomy":"product_tag","embeddable":true,"href":"https:\/\/www.lianyuanceramic.com\/de\/wp-json\/wp\/v2\/product_tag?post=2253"}],"curies":[{"name":"wp","href":"https:\/\/api.w.org\/{rel}","templated":true}]}}