{"id":2205,"date":"2025-11-05T03:31:43","date_gmt":"2025-11-05T03:31:43","guid":{"rendered":"https:\/\/www.lianyuanceramic.com\/?post_type=product&#038;p=2205"},"modified":"2025-11-08T01:19:56","modified_gmt":"2025-11-08T01:19:56","slug":"custom-tea-cups-set","status":"publish","type":"product","link":"https:\/\/www.lianyuanceramic.com\/de\/produkt\/custom-tea-cups-set\/","title":{"rendered":"Benutzerdefinierte Tee-Tassen-Set, Keramik-Kaffeebecher Floral Decal gr\u00fcn Milch Tassen in Bulk bereit zu versenden"},"content":{"rendered":"<div class=\"wp-block-columns is-layout-flex wp-container-core-columns-is-layout-9d6595d7 wp-block-columns-is-layout-flex\">\n<div class=\"wp-block-column is-layout-flow wp-block-column-is-layout-flow\">\n<h2 class=\"wp-block-heading\">Teetassen-Set Merkmale:<\/h2>\n\n\n\n<p><strong>Einzigartige gr\u00fcne Akzente<\/strong>: Die erfrischend gr\u00fcne Farbe des Griffs und des Sockels sorgt f\u00fcr ein optisch ansprechendes Design mit hohem Wiedererkennungswert, das jeden Tisch aufwertet.<\/p>\n\n\n\n<p><strong>Verschiedene k\u00fcnstlerische Muster<\/strong>: Jede Tasse hat ein einzigartiges Design, das sich frei kombinieren oder individuell f\u00fcr die verschiedensten Themen und Anl\u00e4sse einsetzen l\u00e4sst.<\/p>\n\n\n\n<p><strong>Hochwertiges keramisches Material<\/strong>: Aus hochtemperaturgebrannter Keramik hergestellt, ist es hitzebest\u00e4ndig, langlebig, sicher und umweltfreundlich; es ist sowohl f\u00fcr den t\u00e4glichen als auch f\u00fcr den gewerblichen Gebrauch geeignet.<\/p>\n\n\n\n<p><strong>Ergonomisches Design:<\/strong> Die abgerundete Form und der glatte Rand sorgen f\u00fcr einen bequemen Griff und ein besseres Benutzererlebnis.<\/p>\n\n\n\n<p><strong>Vorr\u00e4tige Sets verf\u00fcgbar<\/strong>: Die meisten Musterkombinationen sind auf Lager, um einen schnellen Versand f\u00fcr Caf\u00e9s, Hotels und individuelle Geschenke zu gew\u00e4hrleisten.<\/p>\n\n\n\n<p><strong>Anpassbare Dienstleistungen<\/strong>: Wir bieten Keramik-Teebecher-Set Anpassung an verschiedene Anforderungen, wie Corporate oder Marke Geschenke und Werbeartikel zu erf\u00fcllen.<\/p>\n<\/div>\n\n\n\n<div class=\"wp-block-column is-layout-flow wp-block-column-is-layout-flow\">\n<h2 class=\"wp-block-heading\">Individuelles Teebecher-Set:<\/h2>\n\n\n\n<p>Lianyuan bietet verschiedene individuelle Geschirroptionen an, die auf die Bed\u00fcrfnisse der Marke oder Modetrends abgestimmt sind und sich ideal f\u00fcr den privaten und gewerblichen Gebrauch eignen.<\/p>\n\n\n\n<p><strong>Entwurf:&nbsp;<\/strong>Verschiedene Formen und Muster.<\/p>\n\n\n\n<p><strong>Zusammensetzung des Sets:<\/strong>&nbsp;Individuelle Keramik-Tassensets mit Kombinationen aus Tassen, Schalen und L\u00f6ffeln.<\/p>\n\n\n\n<p><strong>Gr\u00f6\u00dfe:&nbsp;<\/strong>W\u00e4hlen Sie aus verschiedenen Gr\u00f6\u00dfen f\u00fcr unterschiedliche Mahlzeitenportionen.<\/p>\n\n\n\n<p><strong>Material:<\/strong>&nbsp;Keramik, Porzellan, Knochenporzellan oder erkundigen Sie sich nach Alternativen.<\/p>\n\n\n\n<p><strong>Handwerkliches K\u00f6nnen:&nbsp;<\/strong>Glasurabziehbilder, Ofenwechsel, handbemalt, Reliefmuster oder andere.<\/p>\n\n\n\n<p><strong>Verpackung:&nbsp;<\/strong>Bulk Pack, Farbkarton, Geschenkkarton, Pr\u00e4sentationskarton, Versandkarton, etc.<\/p>\n<\/div>\n<\/div>\n\n\n\n<div class=\"wp-block-columns is-layout-flex wp-container-core-columns-is-layout-9d6595d7 wp-block-columns-is-layout-flex\">\n<div class=\"wp-block-column is-layout-flow wp-block-column-is-layout-flow\">\n<figure class=\"wp-block-image size-full\"><img decoding=\"async\" width=\"700\" height=\"700\" src=\"https:\/\/www.lianyuanceramic.com\/wp-content\/uploads\/2025\/08\/Custom-breakfast-cups-7.webp\" alt=\"Individuelle Fr\u00fchst\u00fcckstassen\" class=\"wp-image-1940\" srcset=\"https:\/\/www.lianyuanceramic.com\/wp-content\/uploads\/2025\/08\/Custom-breakfast-cups-7.webp 700w, https:\/\/www.lianyuanceramic.com\/wp-content\/uploads\/2025\/08\/Custom-breakfast-cups-7-300x300.webp 300w, https:\/\/www.lianyuanceramic.com\/wp-content\/uploads\/2025\/08\/Custom-breakfast-cups-7-150x150.webp 150w, https:\/\/www.lianyuanceramic.com\/wp-content\/uploads\/2025\/08\/Custom-breakfast-cups-7-12x12.webp 12w, https:\/\/www.lianyuanceramic.com\/wp-content\/uploads\/2025\/08\/Custom-breakfast-cups-7-600x600.webp 600w, https:\/\/www.lianyuanceramic.com\/wp-content\/uploads\/2025\/08\/Custom-breakfast-cups-7-100x100.webp 100w\" sizes=\"(max-width: 700px) 100vw, 700px\" \/><\/figure>\n<\/div>\n\n\n\n<div class=\"wp-block-column is-layout-flow wp-block-column-is-layout-flow\"><div class=\"wp-block-image\">\n<figure class=\"aligncenter size-full\"><img decoding=\"async\" width=\"800\" height=\"800\" src=\"https:\/\/www.lianyuanceramic.com\/wp-content\/uploads\/2025\/10\/custom-logo-porcelain-milk-mug.webp\" alt=\"Porzellan-Milchbecher mit eigenem Logo\" class=\"wp-image-2234\" style=\"object-fit:cover\" srcset=\"https:\/\/www.lianyuanceramic.com\/wp-content\/uploads\/2025\/10\/custom-logo-porcelain-milk-mug.webp 800w, https:\/\/www.lianyuanceramic.com\/wp-content\/uploads\/2025\/10\/custom-logo-porcelain-milk-mug-300x300.webp 300w, https:\/\/www.lianyuanceramic.com\/wp-content\/uploads\/2025\/10\/custom-logo-porcelain-milk-mug-150x150.webp 150w, https:\/\/www.lianyuanceramic.com\/wp-content\/uploads\/2025\/10\/custom-logo-porcelain-milk-mug-768x768.webp 768w, https:\/\/www.lianyuanceramic.com\/wp-content\/uploads\/2025\/10\/custom-logo-porcelain-milk-mug-12x12.webp 12w, https:\/\/www.lianyuanceramic.com\/wp-content\/uploads\/2025\/10\/custom-logo-porcelain-milk-mug-600x600.webp 600w, https:\/\/www.lianyuanceramic.com\/wp-content\/uploads\/2025\/10\/custom-logo-porcelain-milk-mug-100x100.webp 100w\" sizes=\"(max-width: 800px) 100vw, 800px\" \/><\/figure>\n<\/div><\/div>\n<\/div>","protected":false},"excerpt":{"rendered":"<div class=\"D5aOJc vJwDU\">\n<div data-zone-id=\"0\" data-line-index=\"0\" data-line=\"true\">\n<p>Lianyuan benutzerdefinierte Tee-Tassen-Set verf\u00fcgt \u00fcber Vintage-gr\u00fcnen Farben, florale Kunstfertigkeit mit moderner \u00c4sthetik; diese Tassen zu erh\u00f6hen Ess-Rituale. Willkommen bei uns f\u00fcr den Gro\u00dfhandel Anfragen zu exklusiven Branding-L\u00f6sungen erhalten zu kontaktieren!\u00a0\u00a0<\/p>\n<\/div>\n<\/div>\n<h2>Teetassen-Set Parameter:<\/h2>\n<table style=\"border-collapse: collapse; width: 370.82pt;\" border=\"0\" width=\"618\" cellspacing=\"0\" cellpadding=\"0\">\n<tbody>\n<tr style=\"height: 15.60pt;\">\n<td class=\"et3\" style=\"height: 15.60pt; width: 108.00pt;\" width=\"180\" height=\"26\">Hersteller<\/td>\n<td class=\"et3\" style=\"width: 263.25pt;\" width=\"438\">Lianyuan<\/td>\n<\/tr>\n<tr style=\"height: 15.60pt;\">\n<td class=\"et3\" style=\"height: 15.60pt;\" height=\"26\">Produkttyp<\/td>\n<td class=\"et3\">Teebecher, Kaffeebecher, Fr\u00fchst\u00fccksbecher<\/td>\n<\/tr>\n<tr style=\"height: 15.60pt;\">\n<td class=\"et3\" style=\"height: 15.60pt;\" height=\"26\">Muster<\/td>\n<td class=\"et3\">Bl\u00fcmchenmuster<\/td>\n<\/tr>\n<tr style=\"height: 15.60pt;\">\n<td class=\"et3\" style=\"height: 15.60pt;\" height=\"26\">Farbe<\/td>\n<td class=\"et3\">Rosa, Gelb, Gr\u00fcn, Blau<\/td>\n<\/tr>\n<tr style=\"height: 15.60pt;\">\n<td class=\"et3\" style=\"height: 15.60pt;\" height=\"26\">Material<\/td>\n<td class=\"et3\">Dauerhaftes Porzellan<\/td>\n<\/tr>\n<tr style=\"height: 15.60pt;\">\n<td class=\"et3\" style=\"height: 15.60pt;\" height=\"26\">Handwerkliches K\u00f6nnen<\/td>\n<td class=\"et3\">Einglasiertes Abziehbild<\/td>\n<\/tr>\n<tr style=\"height: 15.60pt;\">\n<td class=\"et3\" style=\"height: 15.60pt;\" height=\"26\">Anmeldung<\/td>\n<td class=\"et3\">Mikrowellen- und sp\u00fclmaschinenfest, ofenfest<\/td>\n<\/tr>\n<tr style=\"height: 15.60pt;\">\n<td class=\"et3\" style=\"height: 15.60pt;\" height=\"26\">Benutzerdefiniert<\/td>\n<td class=\"et3\">Farbe\/Gr\u00f6\u00dfe\/Logo\/Verpackung<\/td>\n<\/tr>\n<\/tbody>\n<\/table>","protected":false},"featured_media":2207,"comment_status":"open","ping_status":"closed","template":"","meta":{"_acf_changed":false},"product_brand":[],"product_cat":[34],"product_tag":[31,30,29,27],"class_list":{"0":"post-2205","1":"product","2":"type-product","3":"status-publish","4":"has-post-thumbnail","6":"product_cat-bulk-ceramic-tableware-in-stock","7":"product_tag-bone-china-dinnerware-wholesale","8":"product_tag-custom-porcelain-dinnerware","9":"product_tag-hand-painted-embossed-dinnerware-wholesale","10":"product_tag-wholesale-decal-ceramics","12":"first","13":"instock","14":"shipping-taxable","15":"product-type-simple"},"acf":[],"_links":{"self":[{"href":"https:\/\/www.lianyuanceramic.com\/de\/wp-json\/wp\/v2\/product\/2205","targetHints":{"allow":["GET"]}}],"collection":[{"href":"https:\/\/www.lianyuanceramic.com\/de\/wp-json\/wp\/v2\/product"}],"about":[{"href":"https:\/\/www.lianyuanceramic.com\/de\/wp-json\/wp\/v2\/types\/product"}],"replies":[{"embeddable":true,"href":"https:\/\/www.lianyuanceramic.com\/de\/wp-json\/wp\/v2\/comments?post=2205"}],"wp:featuredmedia":[{"embeddable":true,"href":"https:\/\/www.lianyuanceramic.com\/de\/wp-json\/wp\/v2\/media\/2207"}],"wp:attachment":[{"href":"https:\/\/www.lianyuanceramic.com\/de\/wp-json\/wp\/v2\/media?parent=2205"}],"wp:term":[{"taxonomy":"product_brand","embeddable":true,"href":"https:\/\/www.lianyuanceramic.com\/de\/wp-json\/wp\/v2\/product_brand?post=2205"},{"taxonomy":"product_cat","embeddable":true,"href":"https:\/\/www.lianyuanceramic.com\/de\/wp-json\/wp\/v2\/product_cat?post=2205"},{"taxonomy":"product_tag","embeddable":true,"href":"https:\/\/www.lianyuanceramic.com\/de\/wp-json\/wp\/v2\/product_tag?post=2205"}],"curies":[{"name":"wp","href":"https:\/\/api.w.org\/{rel}","templated":true}]}}