{"id":2185,"date":"2025-11-05T03:43:31","date_gmt":"2025-11-05T03:43:31","guid":{"rendered":"https:\/\/www.lianyuanceramic.com\/?post_type=product&#038;p=2185"},"modified":"2025-11-08T01:20:33","modified_gmt":"2025-11-08T01:20:33","slug":"custom-cappuccino-cups","status":"publish","type":"product","link":"https:\/\/www.lianyuanceramic.com\/de\/produkt\/custom-cappuccino-cups\/","title":{"rendered":"Benutzerdefinierte Cappuccino-Tassen mit Untertasse, einzigartige Kaffeetasse Set Multi-Color f\u00fcr Hostess &amp; Housewarming Geschenk\u00a0"},"content":{"rendered":"<div class=\"wp-block-image\">\n<figure class=\"aligncenter size-full\"><img decoding=\"async\" width=\"750\" height=\"731\" src=\"https:\/\/www.lianyuanceramic.com\/wp-content\/uploads\/2025\/10\/manufacturer-cup-and-saucer.webp\" alt=\"Hersteller Tasse und Untertasse\" class=\"wp-image-2221\" srcset=\"https:\/\/www.lianyuanceramic.com\/wp-content\/uploads\/2025\/10\/manufacturer-cup-and-saucer.webp 750w, https:\/\/www.lianyuanceramic.com\/wp-content\/uploads\/2025\/10\/manufacturer-cup-and-saucer-300x292.webp 300w, https:\/\/www.lianyuanceramic.com\/wp-content\/uploads\/2025\/10\/manufacturer-cup-and-saucer-12x12.webp 12w, https:\/\/www.lianyuanceramic.com\/wp-content\/uploads\/2025\/10\/manufacturer-cup-and-saucer-600x585.webp 600w\" sizes=\"(max-width: 750px) 100vw, 750px\" \/><\/figure>\n<\/div>\n\n\n<div class=\"wp-block-columns is-layout-flex wp-container-core-columns-is-layout-9d6595d7 wp-block-columns-is-layout-flex\">\n<div class=\"wp-block-column is-layout-flow wp-block-column-is-layout-flow\">\n<h2 class=\"wp-block-heading\">Cappuccino-Tassen Merkmale:<\/h2>\n\n\n\n<p><strong>Hochwertiges Porzellan<\/strong>: aus hochwertigem Porzellan, hitzebest\u00e4ndig, verschlei\u00dffest, FDA, LFGB zertifiziert, weltweit einsetzbar.<\/p>\n\n\n\n<p><strong>Rustikales amerikanisches Modell: <\/strong>Rustikales amerikanisches Design Keramikbecher mit gr\u00fcnem Blumenmuster, am besten f\u00fcr Kaffee, Milch oder M\u00fcsli. Lebensmittelsicherheit, wiederverwendbar, und gro\u00dfe Kapazit\u00e4t, am besten f\u00fcr zu Hause, B\u00fcro, Party oder Geschenk.<\/p>\n\n\n\n<p><strong>Gesund und sicher:<\/strong> Sp\u00fclmaschinen- und mikrowellengeeignet, aus strapazierf\u00e4higem Porzellan und in einer sicheren Kartonbox verpackt.<\/p>\n\n\n\n<p><strong>In-Glaze-Abziehbild-Technologie:<\/strong> Dank der In-Glaze-Decal-Technologie ist die Oberfl\u00e4che gl\u00e4nzend und glatt, die Farbe ist hell und dauerhaft.<\/p>\n\n\n\n<p><strong>Funktionelle und angemessene Kapazit\u00e4t:<\/strong> Der Becher hat ein gro\u00dfes Fassungsverm\u00f6gen und kann f\u00fcr verschiedene Arten von Getr\u00e4nken wie Kaffee, Milch und duftenden Tee verwendet werden, was den t\u00e4glichen und kommerziellen Anforderungen in der Gastronomie gerecht wird.<\/p>\n\n\n\n<p><strong>Unterst\u00fctzung der Anpassung<\/strong>: Lianyuan bietet ma\u00dfgeschneiderte L\u00f6sungen wie Muster, Farben und Verpackungen entsprechend den Anforderungen der Kunden, um die Markendifferenzierung zu unterst\u00fctzen.<\/p>\n<\/div>\n\n\n\n<div class=\"wp-block-column is-layout-flow wp-block-column-is-layout-flow\">\n<h2 class=\"wp-block-heading\">Individuelle Cappuccinotassen L\u00f6sung :<\/h2>\n\n\n\n<p>Lianyuan bietet verschiedene individuelle Geschirroptionen an, die auf die Bed\u00fcrfnisse der Marke oder Modetrends abgestimmt sind und sich ideal f\u00fcr den privaten und gewerblichen Gebrauch eignen.<\/p>\n\n\n\n<p><strong>Entwurf:&nbsp;<\/strong>Verschiedene Formen und Muster.<\/p>\n\n\n\n<p><strong>Zusammensetzung des Sets:<\/strong>&nbsp;Individuelle Keramik-Tassensets mit Kombinationen aus Tassen, Schalen und L\u00f6ffeln.<\/p>\n\n\n\n<p><strong>Gr\u00f6\u00dfe:&nbsp;<\/strong>W\u00e4hlen Sie aus verschiedenen Gr\u00f6\u00dfen f\u00fcr unterschiedliche Mahlzeitenportionen.<\/p>\n\n\n\n<p><strong>Material:<\/strong>&nbsp;Keramik, Porzellan, Knochenporzellan oder erkundigen Sie sich nach Alternativen.<\/p>\n\n\n\n<p><strong>Handwerkliches K\u00f6nnen:&nbsp;<\/strong>Glasurabziehbilder, Ofenwechsel, handbemalt, Reliefmuster oder andere.<\/p>\n\n\n\n<p><strong>Verpackung:&nbsp;<\/strong>Bulk Pack, Farbkarton, Geschenkkarton, Pr\u00e4sentationskarton, Versandkarton, etc.<\/p>\n<\/div>\n<\/div>","protected":false},"excerpt":{"rendered":"<div class=\"D5aOJc vJwDU\">\n<div data-zone-id=\"0\" data-line-index=\"0\" data-line=\"true\">\n<p>Individuelle Cappuccinotassen im amerikanischen Landhausstil mit Unterglasuraufdruck und lebensmittelechtem Porzellan. Perfekt f\u00fcr Caf\u00e9s, Hotels und Gro\u00dfhandelsgeschenke, wir bieten auch OEM-Optionen. Kontaktieren Sie uns f\u00fcr MOQs und Anpassungsm\u00f6glichkeiten!<\/p>\n<\/div>\n<\/div>\n<h2>Cappuccino-Tassen Parameter:<\/h2>\n<table style=\"border-collapse: collapse; width: 370.82pt;\" border=\"0\" width=\"618\" cellspacing=\"0\" cellpadding=\"0\">\n<tbody>\n<tr style=\"height: 15.60pt;\">\n<td class=\"et3\" style=\"height: 15.60pt; width: 108.00pt;\" width=\"180\" height=\"26\">Hersteller<\/td>\n<td class=\"et3\" style=\"width: 263.25pt;\" width=\"438\">Lianyuan<\/td>\n<\/tr>\n<tr style=\"height: 15.60pt;\">\n<td class=\"et3\" style=\"height: 15.60pt;\" height=\"26\">Produkttyp<\/td>\n<td class=\"et3\">Teeservice<\/td>\n<\/tr>\n<tr style=\"height: 15.60pt;\">\n<td class=\"et3\" style=\"height: 15.60pt;\" height=\"26\">Muster<\/td>\n<td class=\"et3\">Exquisites Blatt-Muster<\/td>\n<\/tr>\n<tr style=\"height: 15.60pt;\">\n<td class=\"et3\" style=\"height: 15.60pt;\" height=\"26\">Farbe<\/td>\n<td class=\"et3\">Buntes<\/td>\n<\/tr>\n<tr style=\"height: 15.60pt;\">\n<td class=\"et3\" style=\"height: 15.60pt;\" height=\"26\">Material<\/td>\n<td class=\"et3\">Dauerhaftes Porzellan<\/td>\n<\/tr>\n<tr style=\"height: 15.60pt;\">\n<td class=\"et3\" style=\"height: 15.60pt;\" height=\"26\">Handwerkliches K\u00f6nnen<\/td>\n<td class=\"et3\">In-Glasur-Abziehbild<\/td>\n<\/tr>\n<tr style=\"height: 15.60pt;\">\n<td class=\"et3\" style=\"height: 15.60pt;\" height=\"26\">Anmeldung<\/td>\n<td class=\"et3\">Mikrowellen- und sp\u00fclmaschinenfest, ofenfest<\/td>\n<\/tr>\n<tr style=\"height: 15.60pt;\">\n<td class=\"et3\" style=\"height: 15.60pt;\" height=\"26\">Benutzerdefiniert<\/td>\n<td class=\"et3\">Farbe\/Gr\u00f6\u00dfe\/Logo\/Verpackung<\/td>\n<\/tr>\n<\/tbody>\n<\/table>","protected":false},"featured_media":2217,"comment_status":"open","ping_status":"closed","template":"","meta":{"_acf_changed":false},"product_brand":[],"product_cat":[34],"product_tag":[31,30,27],"class_list":{"0":"post-2185","1":"product","2":"type-product","3":"status-publish","4":"has-post-thumbnail","6":"product_cat-bulk-ceramic-tableware-in-stock","7":"product_tag-bone-china-dinnerware-wholesale","8":"product_tag-custom-porcelain-dinnerware","9":"product_tag-wholesale-decal-ceramics","11":"first","12":"instock","13":"shipping-taxable","14":"product-type-simple"},"acf":[],"_links":{"self":[{"href":"https:\/\/www.lianyuanceramic.com\/de\/wp-json\/wp\/v2\/product\/2185","targetHints":{"allow":["GET"]}}],"collection":[{"href":"https:\/\/www.lianyuanceramic.com\/de\/wp-json\/wp\/v2\/product"}],"about":[{"href":"https:\/\/www.lianyuanceramic.com\/de\/wp-json\/wp\/v2\/types\/product"}],"replies":[{"embeddable":true,"href":"https:\/\/www.lianyuanceramic.com\/de\/wp-json\/wp\/v2\/comments?post=2185"}],"wp:featuredmedia":[{"embeddable":true,"href":"https:\/\/www.lianyuanceramic.com\/de\/wp-json\/wp\/v2\/media\/2217"}],"wp:attachment":[{"href":"https:\/\/www.lianyuanceramic.com\/de\/wp-json\/wp\/v2\/media?parent=2185"}],"wp:term":[{"taxonomy":"product_brand","embeddable":true,"href":"https:\/\/www.lianyuanceramic.com\/de\/wp-json\/wp\/v2\/product_brand?post=2185"},{"taxonomy":"product_cat","embeddable":true,"href":"https:\/\/www.lianyuanceramic.com\/de\/wp-json\/wp\/v2\/product_cat?post=2185"},{"taxonomy":"product_tag","embeddable":true,"href":"https:\/\/www.lianyuanceramic.com\/de\/wp-json\/wp\/v2\/product_tag?post=2185"}],"curies":[{"name":"wp","href":"https:\/\/api.w.org\/{rel}","templated":true}]}}