{"id":2070,"date":"2025-09-23T07:20:22","date_gmt":"2025-09-23T07:20:22","guid":{"rendered":"https:\/\/www.lianyuanceramic.com\/?post_type=product&#038;p=2070"},"modified":"2025-09-23T07:36:56","modified_gmt":"2025-09-23T07:36:56","slug":"wholesale-ceramic-cups","status":"publish","type":"product","link":"https:\/\/www.lianyuanceramic.com\/de\/produkt\/wholesale-ceramic-cups\/","title":{"rendered":"Gro\u00dfhandel Keramik Tassen, gepr\u00e4gte Kaffeetassen, Tee-Sets in Bulk"},"content":{"rendered":"<div class=\"wp-block-columns is-layout-flex wp-container-core-columns-is-layout-9d6595d7 wp-block-columns-is-layout-flex\">\n<div class=\"wp-block-column is-layout-flow wp-block-column-is-layout-flow\">\n<h2 class=\"wp-block-heading\">Keramische Tassen Merkmale:<\/h2>\n\n\n\n<p><strong>Hochwertige Keramik: <\/strong>Das Brennen bei hohen Temperaturen gew\u00e4hrleistet Haltbarkeit, Sicherheit und Umweltfreundlichkeit.<\/p>\n\n\n\n<p><strong>Elegante gepr\u00e4gte Textur: <\/strong>Auf der Au\u00dfenseite sind Diamanten und geometrische Muster eingepr\u00e4gt, die f\u00fcr eine auff\u00e4llige Haptik sorgen.<\/p>\n\n\n\n<p><strong>Lebendige florale Innenausstattung: <\/strong>Die florale Unterglasurdekoration sorgt f\u00fcr leuchtende, lang anhaltende Farben.<\/p>\n\n\n\n<p><strong>Erh\u00e4ltlich in einer Vielzahl von leuchtenden Farben: <\/strong>Erh\u00e4ltlich in leuchtendem Orange, Pink, Gr\u00fcn und Blau, wird diese Keramiktasse Ihr Ess- und Kaffeeerlebnis bereichern.<\/p>\n\n\n\n<p><strong>Bequemer Handgriff: <\/strong>Ergonomisches Design f\u00fcr einfachen Griff, perfekt f\u00fcr den t\u00e4glichen Gebrauch.<\/p>\n\n\n\n<p><strong>Vielseitig:<\/strong> Geeignet f\u00fcr den privaten und gewerblichen Bereich zum Servieren von Kaffee, Tee, Milch oder Hei\u00dfgetr\u00e4nken.<\/p>\n\n\n\n<p><strong>Direkt ab Werk: <\/strong>Wettbewerbsf\u00e4hige Gro\u00dfhandelspreise, mit Rabatten f\u00fcr Gro\u00dfbestellungen.<\/p>\n<\/div>\n\n\n\n<div class=\"wp-block-column is-layout-flow wp-block-column-is-layout-flow\">\n<h2 class=\"wp-block-heading\">Kundenspezifische Keramikbecher:<\/h2>\n\n\n\n<p>Lianyuan bietet verschiedene individuelle Geschirroptionen an, die auf die Bed\u00fcrfnisse der Marke oder Modetrends abgestimmt sind und sich ideal f\u00fcr den privaten und gewerblichen Gebrauch eignen.<\/p>\n\n\n\n<p><strong>Entwurf:&nbsp;<\/strong>Verschiedene Formen und Muster.<\/p>\n\n\n\n<p><strong>Zusammensetzung des Sets:<\/strong>&nbsp;Individuelle Keramik-Tassensets mit Kombinationen aus Tassen, Schalen und L\u00f6ffeln.<\/p>\n\n\n\n<p><strong>Gr\u00f6\u00dfe:&nbsp;<\/strong>W\u00e4hlen Sie aus verschiedenen Gr\u00f6\u00dfen f\u00fcr unterschiedliche Mahlzeitenportionen.<\/p>\n\n\n\n<p><strong>Material:<\/strong>&nbsp;Keramik, Porzellan, Knochenporzellan oder erkundigen Sie sich nach Alternativen.<\/p>\n\n\n\n<p><strong>Handwerkliches K\u00f6nnen:&nbsp;<\/strong>Glasurabziehbilder, Ofenwechsel, handbemalt, Reliefmuster oder andere.<\/p>\n\n\n\n<p><strong>Verpackung:&nbsp;<\/strong>Bulk Pack, Farbkarton, Geschenkkarton, Pr\u00e4sentationskarton, Versandkarton, etc.<\/p>\n<\/div>\n<\/div>\n\n\n\n<div class=\"wp-block-columns is-layout-flex wp-container-core-columns-is-layout-9d6595d7 wp-block-columns-is-layout-flex\">\n<div class=\"wp-block-column is-layout-flow wp-block-column-is-layout-flow\">\n<figure class=\"wp-block-image size-full\"><img decoding=\"async\" width=\"700\" height=\"700\" src=\"https:\/\/www.lianyuanceramic.com\/wp-content\/uploads\/2025\/08\/Wholesale-relief-cups4-1.webp\" alt=\"Gro\u00dfhandel Keramik Relief Tassen\" class=\"wp-image-1961\" srcset=\"https:\/\/www.lianyuanceramic.com\/wp-content\/uploads\/2025\/08\/Wholesale-relief-cups4-1.webp 700w, https:\/\/www.lianyuanceramic.com\/wp-content\/uploads\/2025\/08\/Wholesale-relief-cups4-1-300x300.webp 300w, https:\/\/www.lianyuanceramic.com\/wp-content\/uploads\/2025\/08\/Wholesale-relief-cups4-1-150x150.webp 150w, https:\/\/www.lianyuanceramic.com\/wp-content\/uploads\/2025\/08\/Wholesale-relief-cups4-1-12x12.webp 12w, https:\/\/www.lianyuanceramic.com\/wp-content\/uploads\/2025\/08\/Wholesale-relief-cups4-1-600x600.webp 600w, https:\/\/www.lianyuanceramic.com\/wp-content\/uploads\/2025\/08\/Wholesale-relief-cups4-1-100x100.webp 100w\" sizes=\"(max-width: 700px) 100vw, 700px\" \/><\/figure>\n<\/div>\n\n\n\n<div class=\"wp-block-column is-layout-flow wp-block-column-is-layout-flow\">\n<figure class=\"wp-block-image size-full\"><img decoding=\"async\" width=\"700\" height=\"700\" src=\"https:\/\/www.lianyuanceramic.com\/wp-content\/uploads\/2025\/08\/Wholesale-relief-cups3-1.webp\" alt=\"Gro\u00dfhandel Keramik Relief Tassen\" class=\"wp-image-1962\" srcset=\"https:\/\/www.lianyuanceramic.com\/wp-content\/uploads\/2025\/08\/Wholesale-relief-cups3-1.webp 700w, https:\/\/www.lianyuanceramic.com\/wp-content\/uploads\/2025\/08\/Wholesale-relief-cups3-1-300x300.webp 300w, https:\/\/www.lianyuanceramic.com\/wp-content\/uploads\/2025\/08\/Wholesale-relief-cups3-1-150x150.webp 150w, https:\/\/www.lianyuanceramic.com\/wp-content\/uploads\/2025\/08\/Wholesale-relief-cups3-1-12x12.webp 12w, https:\/\/www.lianyuanceramic.com\/wp-content\/uploads\/2025\/08\/Wholesale-relief-cups3-1-600x600.webp 600w, https:\/\/www.lianyuanceramic.com\/wp-content\/uploads\/2025\/08\/Wholesale-relief-cups3-1-100x100.webp 100w\" sizes=\"(max-width: 700px) 100vw, 700px\" \/><\/figure>\n<\/div>\n<\/div>","protected":false},"excerpt":{"rendered":"<div class=\"D5aOJc vJwDU\">\n<div data-zone-id=\"0\" data-line-index=\"0\" data-line=\"true\">\n<p>Gro\u00dfhandel Keramik Tassen mit einem einzigartigen Diamant-Relief und floralen Muster. Das lebendige Design verleiht jedem gedeckten Tisch Charme und W\u00e4rme. Wir bieten OEM\/ODM-Dienstleistungen f\u00fcr Gro\u00dfauftr\u00e4ge. Kontaktieren Sie uns noch heute!<\/p>\n<\/div>\n<\/div>\n<h2>Keramische Tassen Parameter:<\/h2>\n<table style=\"border-collapse: collapse; width: 370.82pt;\" border=\"0\" width=\"618\" cellspacing=\"0\" cellpadding=\"0\">\n<tbody>\n<tr style=\"height: 15.60pt;\">\n<td class=\"et3\" style=\"height: 15.60pt; width: 108.00pt;\" width=\"180\" height=\"26\">Hersteller<\/td>\n<td class=\"et3\" style=\"width: 263.25pt;\" width=\"438\">Lianyuan<\/td>\n<\/tr>\n<tr style=\"height: 15.60pt;\">\n<td class=\"et3\" style=\"height: 15.60pt;\" height=\"26\">Produkttyp<\/td>\n<td class=\"et3\">Teetassen, Kaffeetassen, Fr\u00fchst\u00fcckstassen<\/td>\n<\/tr>\n<tr style=\"height: 15.60pt;\">\n<td class=\"et3\" style=\"height: 15.60pt;\" height=\"26\">Muster<\/td>\n<td class=\"et3\">\u00a0Diamant-Relief-Struktur &amp; Blumenmuster<\/td>\n<\/tr>\n<tr style=\"height: 15.60pt;\">\n<td class=\"et3\" style=\"height: 15.60pt;\" height=\"26\">Farbe<\/td>\n<td class=\"et3\">Rosa, Gelb, Gr\u00fcn, Blau<\/td>\n<\/tr>\n<tr style=\"height: 15.60pt;\">\n<td class=\"et3\" style=\"height: 15.60pt;\" height=\"26\">Material<\/td>\n<td class=\"et3\">Dauerhaftes Porzellan<\/td>\n<\/tr>\n<tr style=\"height: 15.60pt;\">\n<td class=\"et3\" style=\"height: 15.60pt;\" height=\"26\">Handwerkliches K\u00f6nnen<\/td>\n<td class=\"et3\">Gepr\u00e4gtes, glasiertes Abziehbild<\/td>\n<\/tr>\n<tr style=\"height: 15.60pt;\">\n<td class=\"et3\" style=\"height: 15.60pt;\" height=\"26\">Anmeldung<\/td>\n<td class=\"et3\">Mikrowellen- und sp\u00fclmaschinenfest, ofenfest<\/td>\n<\/tr>\n<tr style=\"height: 15.60pt;\">\n<td class=\"et3\" style=\"height: 15.60pt;\" height=\"26\">Benutzerdefiniert<\/td>\n<td class=\"et3\">Farbe\/Gr\u00f6\u00dfe\/Logo\/Verpackung<\/td>\n<\/tr>\n<\/tbody>\n<\/table>","protected":false},"featured_media":1957,"comment_status":"open","ping_status":"closed","template":"","meta":{"_acf_changed":false},"product_brand":[],"product_cat":[18],"product_tag":[30,29,27],"class_list":{"0":"post-2070","1":"product","2":"type-product","3":"status-publish","4":"has-post-thumbnail","6":"product_cat-wholesale-custom-tea-set","7":"product_tag-custom-porcelain-dinnerware","8":"product_tag-hand-painted-embossed-dinnerware-wholesale","9":"product_tag-wholesale-decal-ceramics","11":"first","12":"instock","13":"shipping-taxable","14":"product-type-simple"},"acf":[],"_links":{"self":[{"href":"https:\/\/www.lianyuanceramic.com\/de\/wp-json\/wp\/v2\/product\/2070","targetHints":{"allow":["GET"]}}],"collection":[{"href":"https:\/\/www.lianyuanceramic.com\/de\/wp-json\/wp\/v2\/product"}],"about":[{"href":"https:\/\/www.lianyuanceramic.com\/de\/wp-json\/wp\/v2\/types\/product"}],"replies":[{"embeddable":true,"href":"https:\/\/www.lianyuanceramic.com\/de\/wp-json\/wp\/v2\/comments?post=2070"}],"wp:featuredmedia":[{"embeddable":true,"href":"https:\/\/www.lianyuanceramic.com\/de\/wp-json\/wp\/v2\/media\/1957"}],"wp:attachment":[{"href":"https:\/\/www.lianyuanceramic.com\/de\/wp-json\/wp\/v2\/media?parent=2070"}],"wp:term":[{"taxonomy":"product_brand","embeddable":true,"href":"https:\/\/www.lianyuanceramic.com\/de\/wp-json\/wp\/v2\/product_brand?post=2070"},{"taxonomy":"product_cat","embeddable":true,"href":"https:\/\/www.lianyuanceramic.com\/de\/wp-json\/wp\/v2\/product_cat?post=2070"},{"taxonomy":"product_tag","embeddable":true,"href":"https:\/\/www.lianyuanceramic.com\/de\/wp-json\/wp\/v2\/product_tag?post=2070"}],"curies":[{"name":"wp","href":"https:\/\/api.w.org\/{rel}","templated":true}]}}