{"id":1956,"date":"2025-09-10T16:41:13","date_gmt":"2025-09-10T16:41:13","guid":{"rendered":"https:\/\/www.lianyuanceramic.com\/?post_type=product&#038;p=1956"},"modified":"2025-09-23T07:20:07","modified_gmt":"2025-09-23T07:20:07","slug":"wholesale-embossed-porcelain-dinnerware","status":"publish","type":"product","link":"https:\/\/www.lianyuanceramic.com\/de\/produkt\/wholesale-embossed-porcelain-dinnerware\/","title":{"rendered":"Gro\u00dfhandel gepr\u00e4gte Porzellan Geschirr, bunte Relief Geschirr-Set f\u00fcr Hotel in Bulk"},"content":{"rendered":"<figure class=\"wp-block-image size-full\"><img decoding=\"async\" width=\"1092\" height=\"727\" src=\"https:\/\/www.lianyuanceramic.com\/wp-content\/uploads\/2025\/09\/Wholesale-ceramic-relief-bowls-colorful-dinnerware-sets-in-bulk.webp\" alt=\"Gro\u00dfhandel Gepr\u00e4gtes Porzellangeschirr\" class=\"wp-image-2068\" srcset=\"https:\/\/www.lianyuanceramic.com\/wp-content\/uploads\/2025\/09\/Wholesale-ceramic-relief-bowls-colorful-dinnerware-sets-in-bulk.webp 1092w, https:\/\/www.lianyuanceramic.com\/wp-content\/uploads\/2025\/09\/Wholesale-ceramic-relief-bowls-colorful-dinnerware-sets-in-bulk-300x200.webp 300w, https:\/\/www.lianyuanceramic.com\/wp-content\/uploads\/2025\/09\/Wholesale-ceramic-relief-bowls-colorful-dinnerware-sets-in-bulk-768x511.webp 768w, https:\/\/www.lianyuanceramic.com\/wp-content\/uploads\/2025\/09\/Wholesale-ceramic-relief-bowls-colorful-dinnerware-sets-in-bulk-18x12.webp 18w, https:\/\/www.lianyuanceramic.com\/wp-content\/uploads\/2025\/09\/Wholesale-ceramic-relief-bowls-colorful-dinnerware-sets-in-bulk-600x399.webp 600w\" sizes=\"(max-width: 1092px) 100vw, 1092px\" \/><\/figure>\n\n\n\n<div class=\"wp-block-columns is-layout-flex wp-container-core-columns-is-layout-9d6595d7 wp-block-columns-is-layout-flex\">\n<div class=\"wp-block-column is-layout-flow wp-block-column-is-layout-flow\">\n<h2 class=\"wp-block-heading\">Gepr\u00e4gtes Porzellangeschirr Merkmale:<\/h2>\n\n\n\n<p><strong>Exquisites Muster<\/strong>: Das florale und geometrische Design auf der Innenseite kombiniert \u00c4sthetik mit einem Markentisch-Effekt und verbessert den Stil des Restaurants.<\/p>\n\n\n\n<p><strong>Starke visuelle Anziehungskraft<\/strong>: Das farbenfrohe Geschirrset zieht in Restaurants, Caf\u00e9s oder an Familientischen leicht die Blicke auf sich und unterstreicht die allgemeine Sch\u00f6nheit.<\/p>\n\n\n\n<p><strong>Hochwertiges Porzellan:<\/strong> Sie ist aus hochwertigem Porzellan gefertigt, umweltfreundlich, ungiftig und langlebig.<\/p>\n\n\n\n<p><strong>In-Glaze-Technologie:<\/strong> Dank der In-Glaze-Technologie ist die Oberfl\u00e4che gl\u00e4nzend, f\u00fchlt sich glatt an und die Farbe ist weich und lang anhaltend.<\/p>\n\n\n\n<p><strong>Sch\u00f6nes Aussehen:<\/strong> Das gepr\u00e4gte Design verleiht dem Geschirr eine dreidimensionale und k\u00fcnstlerische Ausstrahlung und macht es hochwertiger und designorientierter.<\/p>\n\n\n\n<p><strong>Komplettes Geschirrset: <\/strong>Einschlie\u00dflich Essgeschirr, Teeservice, Kaffeeservice, Dessertteller, Obstteller, Suppenschalen, Tabletts usw. Eine Vielzahl von Spezifikationen, geeignet f\u00fcr verschiedene Essensszenen.<\/p>\n<\/div>\n\n\n\n<div class=\"wp-block-column is-layout-flow wp-block-column-is-layout-flow\">\n<h2 class=\"wp-block-heading\">Individuell gepr\u00e4gtes Porzellangeschirr:<\/h2>\n\n\n\n<p>Lianyuan bietet verschiedene individuelle Geschirroptionen an, die auf die Bed\u00fcrfnisse der Marke oder Modetrends abgestimmt sind und sich ideal f\u00fcr den privaten und gewerblichen Gebrauch eignen.<\/p>\n\n\n\n<p><strong>Entwurf:&nbsp;<\/strong>Verschiedene Formen und Muster.<\/p>\n\n\n\n<p><strong>Zusammensetzung des Sets:<\/strong>&nbsp;Individuelle Keramik-Tassensets mit Kombinationen aus Tassen, Schalen und L\u00f6ffeln.<\/p>\n\n\n\n<p><strong>Gr\u00f6\u00dfe:&nbsp;<\/strong>W\u00e4hlen Sie aus verschiedenen Gr\u00f6\u00dfen f\u00fcr unterschiedliche Mahlzeitenportionen.<\/p>\n\n\n\n<p><strong>Material:<\/strong>&nbsp;Keramik, Porzellan, Knochenporzellan oder erkundigen Sie sich nach Alternativen.<\/p>\n\n\n\n<p><strong>Handwerkliches K\u00f6nnen:&nbsp;<\/strong>Glasurabziehbilder, Ofenwechsel, handbemalt, Reliefmuster oder andere.<\/p>\n\n\n\n<p><strong>Verpackung:&nbsp;<\/strong>Bulk Pack, Farbkarton, Geschenkkarton, Pr\u00e4sentationskarton, Versandkarton, etc.<\/p>\n<\/div>\n<\/div>","protected":false},"excerpt":{"rendered":"<div class=\"D5aOJc vJwDU\">\n<div data-zone-id=\"0\" data-line-index=\"0\" data-line=\"true\">\n<p>Gepr\u00e4gtes Porzellangeschirr aus hochwertigem Porzellan im Gro\u00dfhandel bietet ein<span class=\"index_module_AiSummary__content__p__bold__497e669f\">\u00a0elegantes Design<\/span>mit bunten Mustern und vielseitigen Gr\u00f6\u00dfen. Langlebig, leicht zu reinigen und perfekt f\u00fcr Haus, Hotel, Restaurant, Hochzeiten und Partys. Willkommen bei uns f\u00fcr individuelle Vorschl\u00e4ge und Produktkataloge zu kontaktieren!<\/p>\n<\/div>\n<\/div>\n<h2>Gepr\u00e4gtes Porzellangeschirr Parameter:<\/h2>\n<table style=\"border-collapse: collapse; width: 370.82pt;\" border=\"0\" width=\"618\" cellspacing=\"0\" cellpadding=\"0\">\n<tbody>\n<tr style=\"height: 15.60pt;\">\n<td class=\"et3\" style=\"height: 15.60pt; width: 108.00pt;\" width=\"180\" height=\"26\">Hersteller<\/td>\n<td class=\"et3\" style=\"width: 263.25pt;\" width=\"438\">Lianyuan<\/td>\n<\/tr>\n<tr style=\"height: 15.60pt;\">\n<td class=\"et3\" style=\"height: 15.60pt;\" height=\"26\">Produkttyp<\/td>\n<td class=\"et3\">Teeservice, Serviergeschirr, Schalen, Teller<\/td>\n<\/tr>\n<tr style=\"height: 15.60pt;\">\n<td class=\"et3\" style=\"height: 15.60pt;\" height=\"26\">Muster<\/td>\n<td class=\"et3\">Exquisites gestreiftes Rautenmuster, internes florales Muster<\/td>\n<\/tr>\n<tr style=\"height: 15.60pt;\">\n<td class=\"et3\" style=\"height: 15.60pt;\" height=\"26\">Farbe<\/td>\n<td class=\"et3\">Rosa, Gr\u00fcn, Orange, Gelb<\/td>\n<\/tr>\n<tr style=\"height: 15.60pt;\">\n<td class=\"et3\" style=\"height: 15.60pt;\" height=\"26\">Material<\/td>\n<td class=\"et3\">Dauerhaftes Porzellan<\/td>\n<\/tr>\n<tr style=\"height: 15.60pt;\">\n<td class=\"et3\" style=\"height: 15.60pt;\" height=\"26\">Handwerkliches K\u00f6nnen<\/td>\n<td class=\"et3\">In-Glasur-Abziehbild, Gepr\u00e4gt<\/td>\n<\/tr>\n<tr style=\"height: 15.60pt;\">\n<td class=\"et3\" style=\"height: 15.60pt;\" height=\"26\">Anmeldung<\/td>\n<td class=\"et3\">Mikrowellen- und sp\u00fclmaschinenfest, ofenfest<\/td>\n<\/tr>\n<tr style=\"height: 15.60pt;\">\n<td class=\"et3\" style=\"height: 15.60pt;\" height=\"26\">Benutzerdefiniert<\/td>\n<td class=\"et3\">Farbe\/Gr\u00f6\u00dfe\/Logo\/Verpackung<\/td>\n<\/tr>\n<\/tbody>\n<\/table>","protected":false},"featured_media":1954,"comment_status":"open","ping_status":"closed","template":"","meta":{"_acf_changed":false},"product_brand":[],"product_cat":[17,18,19],"product_tag":[30,29,27],"class_list":{"0":"post-1956","1":"product","2":"type-product","3":"status-publish","4":"has-post-thumbnail","6":"product_cat-dinnerware-wholesale","7":"product_cat-wholesale-custom-tea-set","8":"product_cat-serveware-wholesale","9":"product_tag-custom-porcelain-dinnerware","10":"product_tag-hand-painted-embossed-dinnerware-wholesale","11":"product_tag-wholesale-decal-ceramics","13":"first","14":"instock","15":"shipping-taxable","16":"product-type-simple"},"acf":[],"_links":{"self":[{"href":"https:\/\/www.lianyuanceramic.com\/de\/wp-json\/wp\/v2\/product\/1956","targetHints":{"allow":["GET"]}}],"collection":[{"href":"https:\/\/www.lianyuanceramic.com\/de\/wp-json\/wp\/v2\/product"}],"about":[{"href":"https:\/\/www.lianyuanceramic.com\/de\/wp-json\/wp\/v2\/types\/product"}],"replies":[{"embeddable":true,"href":"https:\/\/www.lianyuanceramic.com\/de\/wp-json\/wp\/v2\/comments?post=1956"}],"wp:featuredmedia":[{"embeddable":true,"href":"https:\/\/www.lianyuanceramic.com\/de\/wp-json\/wp\/v2\/media\/1954"}],"wp:attachment":[{"href":"https:\/\/www.lianyuanceramic.com\/de\/wp-json\/wp\/v2\/media?parent=1956"}],"wp:term":[{"taxonomy":"product_brand","embeddable":true,"href":"https:\/\/www.lianyuanceramic.com\/de\/wp-json\/wp\/v2\/product_brand?post=1956"},{"taxonomy":"product_cat","embeddable":true,"href":"https:\/\/www.lianyuanceramic.com\/de\/wp-json\/wp\/v2\/product_cat?post=1956"},{"taxonomy":"product_tag","embeddable":true,"href":"https:\/\/www.lianyuanceramic.com\/de\/wp-json\/wp\/v2\/product_tag?post=1956"}],"curies":[{"name":"wp","href":"https:\/\/api.w.org\/{rel}","templated":true}]}}