{"id":1886,"date":"2025-08-15T03:30:04","date_gmt":"2025-08-15T03:30:04","guid":{"rendered":"https:\/\/www.lianyuanceramic.com\/?post_type=product&#038;p=1886"},"modified":"2025-08-15T03:34:14","modified_gmt":"2025-08-15T03:34:14","slug":"wholesale-western-dinnerware","status":"publish","type":"product","link":"https:\/\/www.lianyuanceramic.com\/de\/produkt\/wholesale-western-dinnerware\/","title":{"rendered":"Gro\u00dfhandel Western Geschirr, British Style Cup Sets l\u00e4ndlichen architektonischen Mustern Custom"},"content":{"rendered":"<div class=\"wp-block-columns is-layout-flex wp-container-core-columns-is-layout-9d6595d7 wp-block-columns-is-layout-flex\">\n<div class=\"wp-block-column is-layout-flow wp-block-column-is-layout-flow\">\n<h2 class=\"wp-block-heading\">Gro\u00dfhandel Western Dinnerware Eigenschaften:<\/h2>\n\n\n\n<p><strong>Architektonische Gestaltung des l\u00e4ndlichen Raums: <\/strong>Westliche klassische Architektur, pastoraler Stil, nat\u00fcrliche Zuneigung.<\/p>\n\n\n\n<p><strong>Vielf\u00e4ltige Farboptionen<\/strong>: Die Farben Blau, Gr\u00fcn, Rot und Schwarz lassen sich flexibel kombinieren und sorgen f\u00fcr eine einzigartige Essatmosph\u00e4re.<\/p>\n\n\n\n<p><strong>Hochtemperatur-Porzellanhandwerk: <\/strong>Durch das Brennen bei hohen Temperaturen entsteht ein haltbarer, feink\u00f6rniger Porzellank\u00f6rper, der der t\u00e4glichen Beanspruchung standh\u00e4lt und eine lang anhaltende, lebendige Farbe beh\u00e4lt.<\/p>\n\n\n\n<p><strong>Bequeme Kapazit\u00e4t:<\/strong> Die Tasse fasst genau die richtige Menge an Speisen und Getr\u00e4nken, die perfekt auf die Servierplatte abgestimmt sind, und eignet sich daher perfekt f\u00fcr den Genuss von Tee, Kaffee oder Desserts.<\/p>\n\n\n\n<p><strong>Vielseitig<\/strong>: Er eignet sich sowohl f\u00fcr Restaurants als auch f\u00fcr Privathaushalte und ist auch ein tolles Weihnachtsgeschenk, Souvenir oder Ausstellungsst\u00fcck.<\/p>\n\n\n\n<p><strong>Flexible Anpassung:<\/strong> Individuelle Grafiken, Logos und Verpackungen k\u00f6nnen gedruckt werden, um die Einzigartigkeit Ihrer Marke zu unterstreichen.<\/p>\n\n\n\n<h2 class=\"wp-block-heading\">Individuelles Western-Geschirr:<\/h2>\n\n\n\n<p>Lianyuan bietet eine Vielzahl individueller, auf Markenbed\u00fcrfnisse oder Modetrends zugeschnittener Geschirroptionen, die sich sowohl f\u00fcr den privaten als auch f\u00fcr den gewerblichen Gebrauch eignen.<\/p>\n\n\n\n<ul class=\"wp-block-list\">\n<li><strong>Entwurf:&nbsp;<\/strong>Einfarbiges Design<\/li>\n\n\n\n<li><strong>Zusammensetzung des Sets:<\/strong>&nbsp;Individuelle Keramik-Tassensets mit Kombinationen aus Tassen, Schalen und L\u00f6ffeln.<\/li>\n\n\n\n<li><strong>Gr\u00f6\u00dfe:&nbsp;<\/strong>W\u00e4hlen Sie aus verschiedenen Gr\u00f6\u00dfen f\u00fcr unterschiedliche Mahlzeitenportionen.<\/li>\n\n\n\n<li><strong>Material:<\/strong>&nbsp;Keramik, Porzellan, Knochenporzellan oder erkundigen Sie sich nach Alternativen.<\/li>\n\n\n\n<li><strong>Handwerkliches K\u00f6nnen:&nbsp;<\/strong>Glasurabziehbilder, Ofenwechsel, handbemalt, Reliefmuster oder andere.<\/li>\n\n\n\n<li><strong>Verpackung:&nbsp;<\/strong>Bulk Pack, Farbkarton, Geschenkkarton, Pr\u00e4sentationskarton, Versandkarton, etc.<\/li>\n<\/ul>\n<\/div>\n\n\n\n<div class=\"wp-block-column is-layout-flow wp-block-column-is-layout-flow\"><div class=\"wp-block-image\">\n<figure class=\"aligncenter size-full\"><img decoding=\"async\" width=\"733\" height=\"823\" src=\"https:\/\/www.lianyuanceramic.com\/wp-content\/uploads\/2025\/08\/Wholesale-Western-Dinnerware-1.webp\" alt=\"Gro\u00dfhandel Western Dinnerware\" class=\"wp-image-1916\" style=\"object-fit:cover\" srcset=\"https:\/\/www.lianyuanceramic.com\/wp-content\/uploads\/2025\/08\/Wholesale-Western-Dinnerware-1.webp 733w, https:\/\/www.lianyuanceramic.com\/wp-content\/uploads\/2025\/08\/Wholesale-Western-Dinnerware-1-267x300.webp 267w, https:\/\/www.lianyuanceramic.com\/wp-content\/uploads\/2025\/08\/Wholesale-Western-Dinnerware-1-11x12.webp 11w, https:\/\/www.lianyuanceramic.com\/wp-content\/uploads\/2025\/08\/Wholesale-Western-Dinnerware-1-600x674.webp 600w\" sizes=\"(max-width: 733px) 100vw, 733px\" \/><\/figure>\n<\/div><\/div>\n<\/div>\n\n\n\n<div class=\"wp-block-columns is-layout-flex wp-container-core-columns-is-layout-9d6595d7 wp-block-columns-is-layout-flex\">\n<div class=\"wp-block-column is-layout-flow wp-block-column-is-layout-flow\">\n<figure class=\"wp-block-image size-full\"><img decoding=\"async\" width=\"700\" height=\"700\" src=\"https:\/\/www.lianyuanceramic.com\/wp-content\/uploads\/2025\/08\/Western-dinnerware-wholesale-3.webp\" alt=\"Western-Geschirr-Gro\u00dfhandel.\" class=\"wp-image-1890\" srcset=\"https:\/\/www.lianyuanceramic.com\/wp-content\/uploads\/2025\/08\/Western-dinnerware-wholesale-3.webp 700w, https:\/\/www.lianyuanceramic.com\/wp-content\/uploads\/2025\/08\/Western-dinnerware-wholesale-3-300x300.webp 300w, https:\/\/www.lianyuanceramic.com\/wp-content\/uploads\/2025\/08\/Western-dinnerware-wholesale-3-150x150.webp 150w, https:\/\/www.lianyuanceramic.com\/wp-content\/uploads\/2025\/08\/Western-dinnerware-wholesale-3-12x12.webp 12w, https:\/\/www.lianyuanceramic.com\/wp-content\/uploads\/2025\/08\/Western-dinnerware-wholesale-3-600x600.webp 600w, https:\/\/www.lianyuanceramic.com\/wp-content\/uploads\/2025\/08\/Western-dinnerware-wholesale-3-100x100.webp 100w\" sizes=\"(max-width: 700px) 100vw, 700px\" \/><\/figure>\n<\/div>\n\n\n\n<div class=\"wp-block-column is-layout-flow wp-block-column-is-layout-flow\">\n<figure class=\"wp-block-image size-full\"><img decoding=\"async\" width=\"840\" height=\"825\" src=\"https:\/\/www.lianyuanceramic.com\/wp-content\/uploads\/2025\/08\/Wholesale-Western-Dinnerware-3.webp\" alt=\"Gro\u00dfhandel Western Dinnerware\" class=\"wp-image-1918\" srcset=\"https:\/\/www.lianyuanceramic.com\/wp-content\/uploads\/2025\/08\/Wholesale-Western-Dinnerware-3.webp 840w, https:\/\/www.lianyuanceramic.com\/wp-content\/uploads\/2025\/08\/Wholesale-Western-Dinnerware-3-300x295.webp 300w, https:\/\/www.lianyuanceramic.com\/wp-content\/uploads\/2025\/08\/Wholesale-Western-Dinnerware-3-768x754.webp 768w, https:\/\/www.lianyuanceramic.com\/wp-content\/uploads\/2025\/08\/Wholesale-Western-Dinnerware-3-12x12.webp 12w, https:\/\/www.lianyuanceramic.com\/wp-content\/uploads\/2025\/08\/Wholesale-Western-Dinnerware-3-600x589.webp 600w\" sizes=\"(max-width: 840px) 100vw, 840px\" \/><\/figure>\n<\/div>\n<\/div>","protected":false},"excerpt":{"rendered":"<div class=\"D5aOJc vJwDU\">\n<div data-zone-id=\"0\" data-line-index=\"0\" data-line=\"true\">\n<p>Gro\u00dfhandel westlichen Geschirr, Anwendung europ\u00e4ischer \u00c4sthetik und westlichen architektonischen Stile, Hochtemperatur-Brennen, vier Farben zur Verf\u00fcgung, und exquisite Handwerkskunst. Fabrik direkte Lieferungen, Massenanpassung Rabatte, willkommen, jetzt zu konsultieren!<\/p>\n<\/div>\n<\/div>\n<h2>Gro\u00dfhandel Western Dinnerware Parameter:<\/h2>\n<table style=\"border-collapse: collapse; width: 370.82pt;\" border=\"0\" width=\"618\" cellspacing=\"0\" cellpadding=\"0\">\n<tbody>\n<tr style=\"height: 15.60pt;\">\n<td class=\"et3\" style=\"height: 15.60pt; width: 108.00pt;\" width=\"180\" height=\"26\">Hersteller<\/td>\n<td class=\"et3\" style=\"width: 263.25pt;\" width=\"438\">Lianyuan<\/td>\n<\/tr>\n<tr style=\"height: 15.60pt;\">\n<td class=\"et3\" style=\"height: 15.60pt;\" height=\"26\">Produkttyp<\/td>\n<td class=\"et3\">Teetassen und Untertassen-Sets, Kaffeetassen, Dessert- und Cupcake-St\u00e4nder, Servierplatten, Milchkannen, Tabletts, Vasen<\/td>\n<\/tr>\n<tr style=\"height: 15.60pt;\">\n<td class=\"et3\" style=\"height: 15.60pt;\" height=\"26\">Muster<\/td>\n<td class=\"et3\">Britischer Stil<\/td>\n<\/tr>\n<tr style=\"height: 15.60pt;\">\n<td class=\"et3\" style=\"height: 15.60pt;\" height=\"26\">Farbe<\/td>\n<td class=\"et3\">Multi<\/td>\n<\/tr>\n<tr style=\"height: 15.60pt;\">\n<td class=\"et3\" style=\"height: 15.60pt;\" height=\"26\">Material<\/td>\n<td class=\"et3\">Dauerhaftes Porzellan<\/td>\n<\/tr>\n<tr style=\"height: 15.60pt;\">\n<td class=\"et3\" style=\"height: 15.60pt;\" height=\"26\">Handwerkliches K\u00f6nnen<\/td>\n<td class=\"et3\">In-Glasur-Abziehbild<\/td>\n<\/tr>\n<tr style=\"height: 15.60pt;\">\n<td class=\"et3\" style=\"height: 15.60pt;\" height=\"26\">Anmeldung<\/td>\n<td class=\"et3\">Mikrowellen- und sp\u00fclmaschinenfest, ofenfest<\/td>\n<\/tr>\n<tr style=\"height: 15.60pt;\">\n<td class=\"et3\" style=\"height: 15.60pt;\" height=\"26\">Benutzerdefiniert<\/td>\n<td class=\"et3\">Farbe\/Gr\u00f6\u00dfe\/Logo\/Verpackung<\/td>\n<\/tr>\n<\/tbody>\n<\/table>","protected":false},"featured_media":1888,"comment_status":"open","ping_status":"closed","template":"","meta":{"_acf_changed":false},"product_brand":[],"product_cat":[17,18,19],"product_tag":[30,27],"class_list":{"0":"post-1886","1":"product","2":"type-product","3":"status-publish","4":"has-post-thumbnail","6":"product_cat-dinnerware-wholesale","7":"product_cat-wholesale-custom-tea-set","8":"product_cat-serveware-wholesale","9":"product_tag-custom-porcelain-dinnerware","10":"product_tag-wholesale-decal-ceramics","12":"first","13":"instock","14":"shipping-taxable","15":"product-type-simple"},"acf":[],"_links":{"self":[{"href":"https:\/\/www.lianyuanceramic.com\/de\/wp-json\/wp\/v2\/product\/1886","targetHints":{"allow":["GET"]}}],"collection":[{"href":"https:\/\/www.lianyuanceramic.com\/de\/wp-json\/wp\/v2\/product"}],"about":[{"href":"https:\/\/www.lianyuanceramic.com\/de\/wp-json\/wp\/v2\/types\/product"}],"replies":[{"embeddable":true,"href":"https:\/\/www.lianyuanceramic.com\/de\/wp-json\/wp\/v2\/comments?post=1886"}],"wp:featuredmedia":[{"embeddable":true,"href":"https:\/\/www.lianyuanceramic.com\/de\/wp-json\/wp\/v2\/media\/1888"}],"wp:attachment":[{"href":"https:\/\/www.lianyuanceramic.com\/de\/wp-json\/wp\/v2\/media?parent=1886"}],"wp:term":[{"taxonomy":"product_brand","embeddable":true,"href":"https:\/\/www.lianyuanceramic.com\/de\/wp-json\/wp\/v2\/product_brand?post=1886"},{"taxonomy":"product_cat","embeddable":true,"href":"https:\/\/www.lianyuanceramic.com\/de\/wp-json\/wp\/v2\/product_cat?post=1886"},{"taxonomy":"product_tag","embeddable":true,"href":"https:\/\/www.lianyuanceramic.com\/de\/wp-json\/wp\/v2\/product_tag?post=1886"}],"curies":[{"name":"wp","href":"https:\/\/api.w.org\/{rel}","templated":true}]}}