{"id":1862,"date":"2025-08-15T02:47:33","date_gmt":"2025-08-15T02:47:33","guid":{"rendered":"https:\/\/www.lianyuanceramic.com\/?post_type=product&#038;p=1862"},"modified":"2025-08-15T02:51:08","modified_gmt":"2025-08-15T02:51:08","slug":"wholesale-everyday-tableware","status":"publish","type":"product","link":"https:\/\/www.lianyuanceramic.com\/de\/produkt\/wholesale-everyday-tableware\/","title":{"rendered":"Gro\u00dfhandel jeden Tag Geschirr, Cartoon niedlich Geschirr nicht toxisch in Bulk"},"content":{"rendered":"<div class=\"wp-block-image\">\n<figure class=\"aligncenter size-full is-resized\"><img decoding=\"async\" width=\"4096\" height=\"2868\" src=\"https:\/\/www.lianyuanceramic.com\/wp-content\/uploads\/2025\/07\/Custom-logo-dinnerware.jpg\" alt=\"Individuelles Logo-Geschirr\" class=\"wp-image-1865\" style=\"width:703px;height:auto\" srcset=\"https:\/\/www.lianyuanceramic.com\/wp-content\/uploads\/2025\/07\/Custom-logo-dinnerware.jpg 4096w, https:\/\/www.lianyuanceramic.com\/wp-content\/uploads\/2025\/07\/Custom-logo-dinnerware-300x210.jpg 300w, https:\/\/www.lianyuanceramic.com\/wp-content\/uploads\/2025\/07\/Custom-logo-dinnerware-768x538.jpg 768w, https:\/\/www.lianyuanceramic.com\/wp-content\/uploads\/2025\/07\/Custom-logo-dinnerware-18x12.jpg 18w, https:\/\/www.lianyuanceramic.com\/wp-content\/uploads\/2025\/07\/Custom-logo-dinnerware-1200x840.jpg 1200w, https:\/\/www.lianyuanceramic.com\/wp-content\/uploads\/2025\/07\/Custom-logo-dinnerware-600x420.jpg 600w\" sizes=\"(max-width: 4096px) 100vw, 4096px\" \/><\/figure>\n<\/div>\n\n\n<div class=\"wp-block-columns is-layout-flex wp-container-core-columns-is-layout-9d6595d7 wp-block-columns-is-layout-flex\">\n<div class=\"wp-block-column is-layout-flow wp-block-column-is-layout-flow\">\n<h2 class=\"wp-block-heading\">Merkmale von Alltagsgeschirr:<\/h2>\n\n\n\n<p><strong>Exquisite Cartoon-Illustration Design:<\/strong> mit handgezeichneten Charakter-Illustrationen - weicher und romantischer Stil, kombiniert mit einem niedlichen Farbfleck-Hintergrund, kann die Atmosph\u00e4re beim Essen verbessern<\/p>\n\n\n\n<p><strong>Bunte Kombinationen:<\/strong> Das Geschirrset kann in verschiedenen Farben wie Rosa, Lila, Gr\u00fcn und Beige frei kombiniert werden und passt so zu jedem Esstisch.<\/p>\n\n\n\n<p><strong>Hochwertige Keramik<\/strong>: Das bei hohen Temperaturen gebrannte Porzellan ist zart, glatt, haltbar und lichtbest\u00e4ndig.<\/p>\n\n\n\n<p><strong>Komplettes Geschirrset:<\/strong> Enth\u00e4lt Teller, Teekanne, Kaffeetassen, Milchk\u00e4nnchen, Zuckerdose und vieles mehr - perfekt f\u00fcr das Fr\u00fchst\u00fcck, den Nachmittagstee und das t\u00e4gliche Essen.<\/p>\n\n\n\n<p><strong>Vielseitig einsetzbar:<\/strong> Geeignet f\u00fcr den Hausgebrauch, Caf\u00e9s, Dessertshops und als Geschenk, das Sch\u00f6nheit und Zweckm\u00e4\u00dfigkeit verbindet.<\/p>\n\n\n\n<p><strong>OEM\/ODM-Dienstleistung<\/strong>: Wir k\u00f6nnen je nach Kundenwunsch Markenlogos, exklusive Muster oder weihnachtliche Illustrationen entwerfen, um den Wiedererkennungswert des Geschirrs zu erh\u00f6hen.<\/p>\n<\/div>\n\n\n\n<div class=\"wp-block-column is-layout-flow wp-block-column-is-layout-flow\">\n<h2 class=\"wp-block-heading\">Individuelles Alltagsgeschirr:<\/h2>\n\n\n\n<p>Lianyuan bietet eine Vielzahl individueller, auf Markenbed\u00fcrfnisse oder Modetrends zugeschnittener Geschirroptionen, die sich sowohl f\u00fcr den privaten als auch f\u00fcr den gewerblichen Gebrauch eignen.<\/p>\n\n\n\n<p><strong>Entwurf:&nbsp;<\/strong>Einfarbiges Design<\/p>\n\n\n\n<p><strong>Zusammensetzung des Sets:<\/strong>&nbsp;Individuelle Keramik-Tassensets mit Kombinationen aus Tassen, Schalen und L\u00f6ffeln.<\/p>\n\n\n\n<p><strong>Gr\u00f6\u00dfe:&nbsp;<\/strong>W\u00e4hlen Sie aus verschiedenen Gr\u00f6\u00dfen f\u00fcr unterschiedliche Mahlzeitenportionen.<\/p>\n\n\n\n<p><strong>Material:<\/strong>&nbsp;Keramik, Porzellan, Knochenporzellan oder erkundigen Sie sich nach Alternativen.<\/p>\n\n\n\n<p><strong>Handwerkliches K\u00f6nnen:&nbsp;<\/strong>Glasurabziehbilder, Ofenwechsel, handbemalt, Reliefmuster oder andere.<\/p>\n\n\n\n<p><strong>Verpackung:&nbsp;<\/strong>Bulk Pack, Farbkarton, Geschenkkarton, Pr\u00e4sentationskarton, Versandkarton, etc.<\/p>\n<\/div>\n<\/div>","protected":false},"excerpt":{"rendered":"<div class=\"D5aOJc vJwDU\">\n<div data-zone-id=\"0\" data-line-index=\"0\" data-line=\"true\">\n<p>Willkommen zu anpassen und Gro\u00dfhandel unser t\u00e4gliches Geschirr, \u00e4sthetische Cartoon-Charakter Illustrationen Stil, mehrere Farben und Kombinationen, hohe Qualit\u00e4t und langlebig, perfekt f\u00fcr zu Hause, Caf\u00e9 und Geschenk verwenden. Lianyuan bietet eine Vielzahl von Gr\u00f6\u00dfen und ein komplettes Geschirrset an und unterst\u00fctzt OEM &amp; ODM. Kontaktieren Sie uns jetzt f\u00fcr ein Angebot!<\/p>\n<\/div>\n<\/div>\n<h2>Gro\u00dfhandel Allt\u00e4gliches Tafelgeschirr Parameter:<\/h2>\n<table style=\"border-collapse: collapse; width: 370.82pt;\" border=\"0\" width=\"618\" cellspacing=\"0\" cellpadding=\"0\">\n<tbody>\n<tr style=\"height: 15.60pt;\">\n<td class=\"et3\" style=\"height: 15.60pt; width: 108.00pt;\" width=\"180\" height=\"26\">Hersteller<\/td>\n<td class=\"et3\" style=\"width: 263.25pt;\" width=\"438\">Lianyuan<\/td>\n<\/tr>\n<tr style=\"height: 15.60pt;\">\n<td class=\"et3\" style=\"height: 15.60pt;\" height=\"26\">Produkttyp<\/td>\n<td class=\"et3\">Speiseteller und -schalen, Teeservice, Kuchenst\u00e4nder, Dessertteller, Zuckerdosen, Tabletts,<\/td>\n<\/tr>\n<tr style=\"height: 15.60pt;\">\n<td class=\"et3\" style=\"height: 15.60pt;\" height=\"26\">Muster<\/td>\n<td class=\"et3\">Modischer Stil<\/td>\n<\/tr>\n<tr style=\"height: 15.60pt;\">\n<td class=\"et3\" style=\"height: 15.60pt;\" height=\"26\">Farbe<\/td>\n<td class=\"et3\">Multi<\/td>\n<\/tr>\n<tr style=\"height: 15.60pt;\">\n<td class=\"et3\" style=\"height: 15.60pt;\" height=\"26\">Material<\/td>\n<td class=\"et3\">Dauerhaftes Porzellan<\/td>\n<\/tr>\n<tr style=\"height: 15.60pt;\">\n<td class=\"et3\" style=\"height: 15.60pt;\" height=\"26\">Handwerkliches K\u00f6nnen<\/td>\n<td class=\"et3\">In-Glasur-Abziehbild<\/td>\n<\/tr>\n<tr style=\"height: 15.60pt;\">\n<td class=\"et3\" style=\"height: 15.60pt;\" height=\"26\">Anmeldung<\/td>\n<td class=\"et3\">Mikrowellen- und sp\u00fclmaschinenfest, ofenfest<\/td>\n<\/tr>\n<tr style=\"height: 15.60pt;\">\n<td class=\"et3\" style=\"height: 15.60pt;\" height=\"26\">Benutzerdefiniert<\/td>\n<td class=\"et3\">Farbe\/Gr\u00f6\u00dfe\/Logo\/Verpackung<\/td>\n<\/tr>\n<\/tbody>\n<\/table>","protected":false},"featured_media":1863,"comment_status":"open","ping_status":"closed","template":"","meta":{"_acf_changed":false},"product_brand":[],"product_cat":[17,18],"product_tag":[30,27],"class_list":{"0":"post-1862","1":"product","2":"type-product","3":"status-publish","4":"has-post-thumbnail","6":"product_cat-dinnerware-wholesale","7":"product_cat-wholesale-custom-tea-set","8":"product_tag-custom-porcelain-dinnerware","9":"product_tag-wholesale-decal-ceramics","11":"first","12":"instock","13":"shipping-taxable","14":"product-type-simple"},"acf":[],"_links":{"self":[{"href":"https:\/\/www.lianyuanceramic.com\/de\/wp-json\/wp\/v2\/product\/1862","targetHints":{"allow":["GET"]}}],"collection":[{"href":"https:\/\/www.lianyuanceramic.com\/de\/wp-json\/wp\/v2\/product"}],"about":[{"href":"https:\/\/www.lianyuanceramic.com\/de\/wp-json\/wp\/v2\/types\/product"}],"replies":[{"embeddable":true,"href":"https:\/\/www.lianyuanceramic.com\/de\/wp-json\/wp\/v2\/comments?post=1862"}],"wp:featuredmedia":[{"embeddable":true,"href":"https:\/\/www.lianyuanceramic.com\/de\/wp-json\/wp\/v2\/media\/1863"}],"wp:attachment":[{"href":"https:\/\/www.lianyuanceramic.com\/de\/wp-json\/wp\/v2\/media?parent=1862"}],"wp:term":[{"taxonomy":"product_brand","embeddable":true,"href":"https:\/\/www.lianyuanceramic.com\/de\/wp-json\/wp\/v2\/product_brand?post=1862"},{"taxonomy":"product_cat","embeddable":true,"href":"https:\/\/www.lianyuanceramic.com\/de\/wp-json\/wp\/v2\/product_cat?post=1862"},{"taxonomy":"product_tag","embeddable":true,"href":"https:\/\/www.lianyuanceramic.com\/de\/wp-json\/wp\/v2\/product_tag?post=1862"}],"curies":[{"name":"wp","href":"https:\/\/api.w.org\/{rel}","templated":true}]}}