{"id":1773,"date":"2025-08-15T03:57:32","date_gmt":"2025-08-15T03:57:32","guid":{"rendered":"https:\/\/www.lianyuanceramic.com\/?post_type=product&#038;p=1773"},"modified":"2025-08-15T03:57:58","modified_gmt":"2025-08-15T03:57:58","slug":"wholesale-porcelain-dinnerware-sets","status":"publish","type":"product","link":"https:\/\/www.lianyuanceramic.com\/de\/produkt\/wholesale-porcelain-dinnerware-sets\/","title":{"rendered":"Gro\u00dfhandel Porzellan Geschirr Sets f\u00fcr Hochzeit, Herbst Floral Cup Kit benutzerdefinierte"},"content":{"rendered":"<figure class=\"wp-block-image size-full\"><img decoding=\"async\" width=\"4096\" height=\"2437\" src=\"https:\/\/www.lianyuanceramic.com\/wp-content\/uploads\/2025\/07\/wholesale-dinnerware-for-weddings.jpg\" alt=\"Gro\u00dfhandelsgeschirr f\u00fcr Hochzeiten\" class=\"wp-image-1859\" srcset=\"https:\/\/www.lianyuanceramic.com\/wp-content\/uploads\/2025\/07\/wholesale-dinnerware-for-weddings.jpg 4096w, https:\/\/www.lianyuanceramic.com\/wp-content\/uploads\/2025\/07\/wholesale-dinnerware-for-weddings-300x178.jpg 300w, https:\/\/www.lianyuanceramic.com\/wp-content\/uploads\/2025\/07\/wholesale-dinnerware-for-weddings-768x457.jpg 768w, https:\/\/www.lianyuanceramic.com\/wp-content\/uploads\/2025\/07\/wholesale-dinnerware-for-weddings-18x12.jpg 18w, https:\/\/www.lianyuanceramic.com\/wp-content\/uploads\/2025\/07\/wholesale-dinnerware-for-weddings-1200x714.jpg 1200w, https:\/\/www.lianyuanceramic.com\/wp-content\/uploads\/2025\/07\/wholesale-dinnerware-for-weddings-600x357.jpg 600w\" sizes=\"(max-width: 4096px) 100vw, 4096px\" \/><\/figure>\n\n\n\n<div class=\"wp-block-columns is-layout-flex wp-container-core-columns-is-layout-9d6595d7 wp-block-columns-is-layout-flex\">\n<div class=\"wp-block-column is-layout-flow wp-block-column-is-layout-flow\">\n<h2 class=\"wp-block-heading\">Gro\u00dfhandel Porzellangeschirr Sets Eigenschaften:<\/h2>\n\n\n\n<p><strong>Luxuri\u00f6ses Blumendesign: <\/strong>Das elegante rot-goldene Blumendesign, kombiniert mit feiner Kantenverarbeitung, verleiht dem Tisch eine k\u00fcnstlerische Note.<\/p>\n\n\n\n<p><strong>Vielf\u00e4ltige Formen:<\/strong> Unterschiedliche Formgebungen k\u00f6nnen spezifische Nutzungsanforderungen erf\u00fcllen. <br>Runde Formen (wie Schalen und Tassen) haben eine gute Stabilit\u00e4t, sind leicht zu reinigen und k\u00f6nnen den Platz optimal ausnutzen.<br>Quadratische Formen (z. B. Teller und Schneidebretter) sind leicht zu stapeln und zu lagern und eignen sich f\u00fcr die Produktion in gro\u00dfen Mengen.<\/p>\n\n\n\n<p><strong>Gesund und sicher<\/strong>: blei- und cadmiumfreie Glasur, sicher f\u00fcr den Kontakt mit Lebensmitteln, geeignet f\u00fcr den t\u00e4glichen Gebrauch und f\u00fcr Bankette.<\/p>\n\n\n\n<p><strong>Hochwertiges Porzellan:<\/strong> aus langlebigem Porzellan, hitzebest\u00e4ndig und verschlei\u00dffest, FDA- und LFGB-zertifiziert, geeignet f\u00fcr den globalen Markt.<\/p>\n\n\n\n<p><strong>In-Glaze-Abziehbild-Technologie:<\/strong> Durch die Verwendung der In-Glaze-Decal-Technologie ist die Oberfl\u00e4che hell, f\u00fchlt sich glatt an und die Farbe ist weich und langlebig.<\/p>\n\n\n\n<p><strong>Komplettes Geschirrset: <\/strong>Geschirr f\u00fcr die Heimdekoration, einschlie\u00dflich Essgeschirr, Teeservice, Kaffeeservice, Dessertteller, Zuckerdose, Milchk\u00e4nnchen, Obstteller, Suppenschalen, Tabletts, Vasen usw. Eine Vielzahl von Spezifikationen, geeignet f\u00fcr verschiedene Essensszenen.<\/p>\n<\/div>\n\n\n\n<div class=\"wp-block-column is-layout-flow wp-block-column-is-layout-flow\">\n<h2 class=\"wp-block-heading\">Individuelle Porzellan-Geschirrsets:<\/h2>\n\n\n\n<p>Lianyuan bietet verschiedene individuelle Geschirroptionen an, die auf die Bed\u00fcrfnisse der Marke oder Modetrends abgestimmt sind und sich ideal f\u00fcr den privaten und gewerblichen Gebrauch eignen.<\/p>\n\n\n\n<p><strong>Entwurf:&nbsp;<\/strong>Einfarbiges Design<\/p>\n\n\n\n<p><strong>Zusammensetzung des Sets:<\/strong>&nbsp;Individuelle Keramik-Tassensets mit Kombinationen aus Tassen, Schalen und L\u00f6ffeln.<\/p>\n\n\n\n<p><strong>Gr\u00f6\u00dfe:&nbsp;<\/strong>W\u00e4hlen Sie aus verschiedenen Gr\u00f6\u00dfen f\u00fcr unterschiedliche Mahlzeitenportionen.<\/p>\n\n\n\n<p><strong>Material:<\/strong>&nbsp;Keramik, Porzellan, Knochenporzellan oder erkundigen Sie sich nach Alternativen.<\/p>\n\n\n\n<p><strong>Handwerkliches K\u00f6nnen:&nbsp;<\/strong>Glasurabziehbilder, Ofenwechsel, handbemalt, Reliefmuster oder andere.<\/p>\n\n\n\n<p><strong>Verpackung:&nbsp;<\/strong>Bulk Pack, Farbkarton, Geschenkkarton, Pr\u00e4sentationskarton, Versandkarton, etc.<\/p>\n<\/div>\n<\/div>","protected":false},"excerpt":{"rendered":"<div class=\"D5aOJc vJwDU\">\n<div data-zone-id=\"0\" data-line-index=\"0\" data-line=\"true\">\n<p>Gro\u00dfhandel Porzellangeschirr Sets, Vintage-Blumen-Design, blei-und cadmiumfrei, so dass es eine hochwertige, langlebige Wahl f\u00fcr Hochzeitsbankette, Hotels und zu Hause Esstische. Fabrik-direkt von Lianyuan, bietet OEM-Dienstleistungen. Bitte fragen Sie uns an!<\/p>\n<\/div>\n<\/div>\n<h2>Porzellan-Geschirrsets Parameter:<\/h2>\n<table style=\"border-collapse: collapse; width: 370.82pt;\" border=\"0\" width=\"618\" cellspacing=\"0\" cellpadding=\"0\">\n<tbody>\n<tr style=\"height: 15.60pt;\">\n<td class=\"et3\" style=\"height: 15.60pt; width: 108.00pt;\" width=\"180\" height=\"26\">Hersteller<\/td>\n<td class=\"et3\" style=\"width: 263.25pt;\" width=\"438\">Lianyuan<\/td>\n<\/tr>\n<tr style=\"height: 15.60pt;\">\n<td class=\"et3\" style=\"height: 15.60pt;\" height=\"26\">Produkttyp<\/td>\n<td class=\"et3\">Teesets, Zuckerdosen, Milchk\u00e4nnchen, Servierplatten, Suppenschalen, Vasen, Serviettenhalter<\/td>\n<\/tr>\n<tr style=\"height: 15.60pt;\">\n<td class=\"et3\" style=\"height: 15.60pt;\" height=\"26\">Muster<\/td>\n<td class=\"et3\">Exquisites orangefarbenes Blumenmuster<\/td>\n<\/tr>\n<tr style=\"height: 15.60pt;\">\n<td class=\"et3\" style=\"height: 15.60pt;\" height=\"26\">Farbe<\/td>\n<td class=\"et3\">Orange<\/td>\n<\/tr>\n<tr style=\"height: 15.60pt;\">\n<td class=\"et3\" style=\"height: 15.60pt;\" height=\"26\">Material<\/td>\n<td class=\"et3\">Dauerhaftes Porzellan<\/td>\n<\/tr>\n<tr style=\"height: 15.60pt;\">\n<td class=\"et3\" style=\"height: 15.60pt;\" height=\"26\">Handwerkliches K\u00f6nnen<\/td>\n<td class=\"et3\">In-Glasur-Abziehbild<\/td>\n<\/tr>\n<tr style=\"height: 15.60pt;\">\n<td class=\"et3\" style=\"height: 15.60pt;\" height=\"26\">Anmeldung<\/td>\n<td class=\"et3\">Mikrowellen- und sp\u00fclmaschinenfest, ofenfest<\/td>\n<\/tr>\n<tr style=\"height: 15.60pt;\">\n<td class=\"et3\" style=\"height: 15.60pt;\" height=\"26\">Benutzerdefiniert<\/td>\n<td class=\"et3\">Farbe\/Gr\u00f6\u00dfe\/Logo\/Verpackung<\/td>\n<\/tr>\n<\/tbody>\n<\/table>","protected":false},"featured_media":1858,"comment_status":"open","ping_status":"closed","template":"","meta":{"_acf_changed":false},"product_brand":[],"product_cat":[17,18,19,21],"product_tag":[30,27],"class_list":{"0":"post-1773","1":"product","2":"type-product","3":"status-publish","4":"has-post-thumbnail","6":"product_cat-dinnerware-wholesale","7":"product_cat-wholesale-custom-tea-set","8":"product_cat-serveware-wholesale","9":"product_cat-ceramic-home-decor-manufacturer","10":"product_tag-custom-porcelain-dinnerware","11":"product_tag-wholesale-decal-ceramics","13":"first","14":"instock","15":"shipping-taxable","16":"product-type-simple"},"acf":[],"_links":{"self":[{"href":"https:\/\/www.lianyuanceramic.com\/de\/wp-json\/wp\/v2\/product\/1773","targetHints":{"allow":["GET"]}}],"collection":[{"href":"https:\/\/www.lianyuanceramic.com\/de\/wp-json\/wp\/v2\/product"}],"about":[{"href":"https:\/\/www.lianyuanceramic.com\/de\/wp-json\/wp\/v2\/types\/product"}],"replies":[{"embeddable":true,"href":"https:\/\/www.lianyuanceramic.com\/de\/wp-json\/wp\/v2\/comments?post=1773"}],"wp:featuredmedia":[{"embeddable":true,"href":"https:\/\/www.lianyuanceramic.com\/de\/wp-json\/wp\/v2\/media\/1858"}],"wp:attachment":[{"href":"https:\/\/www.lianyuanceramic.com\/de\/wp-json\/wp\/v2\/media?parent=1773"}],"wp:term":[{"taxonomy":"product_brand","embeddable":true,"href":"https:\/\/www.lianyuanceramic.com\/de\/wp-json\/wp\/v2\/product_brand?post=1773"},{"taxonomy":"product_cat","embeddable":true,"href":"https:\/\/www.lianyuanceramic.com\/de\/wp-json\/wp\/v2\/product_cat?post=1773"},{"taxonomy":"product_tag","embeddable":true,"href":"https:\/\/www.lianyuanceramic.com\/de\/wp-json\/wp\/v2\/product_tag?post=1773"}],"curies":[{"name":"wp","href":"https:\/\/api.w.org\/{rel}","templated":true}]}}