{"id":1743,"date":"2025-07-19T09:11:13","date_gmt":"2025-07-19T09:11:13","guid":{"rendered":"https:\/\/www.lianyuanceramic.com\/?post_type=product&#038;p=1743"},"modified":"2025-10-22T01:32:12","modified_gmt":"2025-10-22T01:32:12","slug":"custom-white-dinnerware-set","status":"publish","type":"product","link":"https:\/\/www.lianyuanceramic.com\/de\/produkt\/custom-white-dinnerware-set\/","title":{"rendered":"Individuelles wei\u00dfes Geschirrset f\u00fcr Hochzeiten, keramisches Vorratsgef\u00e4\u00df INS Style in Bulk"},"content":{"rendered":"<div class=\"wp-block-columns is-layout-flex wp-container-core-columns-is-layout-9d6595d7 wp-block-columns-is-layout-flex\">\n<div class=\"wp-block-column is-layout-flow wp-block-column-is-layout-flow\">\n<figure class=\"wp-block-image size-full\"><img decoding=\"async\" width=\"700\" height=\"700\" src=\"https:\/\/www.lianyuanceramic.com\/wp-content\/uploads\/2025\/07\/wholesale-best-white-tableware1.jpg\" alt=\"Gro\u00dfhandel best white tableware1\" class=\"wp-image-1785\" style=\"aspect-ratio:1;object-fit:cover\" srcset=\"https:\/\/www.lianyuanceramic.com\/wp-content\/uploads\/2025\/07\/wholesale-best-white-tableware1.jpg 700w, https:\/\/www.lianyuanceramic.com\/wp-content\/uploads\/2025\/07\/wholesale-best-white-tableware1-300x300.jpg 300w, https:\/\/www.lianyuanceramic.com\/wp-content\/uploads\/2025\/07\/wholesale-best-white-tableware1-150x150.jpg 150w, https:\/\/www.lianyuanceramic.com\/wp-content\/uploads\/2025\/07\/wholesale-best-white-tableware1-12x12.jpg 12w, https:\/\/www.lianyuanceramic.com\/wp-content\/uploads\/2025\/07\/wholesale-best-white-tableware1-600x600.jpg 600w, https:\/\/www.lianyuanceramic.com\/wp-content\/uploads\/2025\/07\/wholesale-best-white-tableware1-100x100.jpg 100w\" sizes=\"(max-width: 700px) 100vw, 700px\" \/><\/figure>\n<\/div>\n\n\n\n<div class=\"wp-block-column is-layout-flow wp-block-column-is-layout-flow\">\n<figure class=\"wp-block-image size-full\"><img decoding=\"async\" width=\"700\" height=\"700\" src=\"https:\/\/www.lianyuanceramic.com\/wp-content\/uploads\/2025\/07\/Wholesale-Best-White-Tableware.jpg\" alt=\"Gro\u00dfhandel Best White Tableware\" class=\"wp-image-1784\" srcset=\"https:\/\/www.lianyuanceramic.com\/wp-content\/uploads\/2025\/07\/Wholesale-Best-White-Tableware.jpg 700w, https:\/\/www.lianyuanceramic.com\/wp-content\/uploads\/2025\/07\/Wholesale-Best-White-Tableware-300x300.jpg 300w, https:\/\/www.lianyuanceramic.com\/wp-content\/uploads\/2025\/07\/Wholesale-Best-White-Tableware-150x150.jpg 150w, https:\/\/www.lianyuanceramic.com\/wp-content\/uploads\/2025\/07\/Wholesale-Best-White-Tableware-12x12.jpg 12w, https:\/\/www.lianyuanceramic.com\/wp-content\/uploads\/2025\/07\/Wholesale-Best-White-Tableware-600x600.jpg 600w, https:\/\/www.lianyuanceramic.com\/wp-content\/uploads\/2025\/07\/Wholesale-Best-White-Tableware-100x100.jpg 100w\" sizes=\"(max-width: 700px) 100vw, 700px\" \/><\/figure>\n<\/div>\n<\/div>\n\n\n\n<div class=\"wp-block-columns is-layout-flex wp-container-core-columns-is-layout-9d6595d7 wp-block-columns-is-layout-flex\">\n<div class=\"wp-block-column is-layout-flow wp-block-column-is-layout-flow\">\n<h2 class=\"wp-block-heading\">Wei\u00dfes Geschirrset Merkmale:<\/h2>\n\n\n\n<p><strong>Exquisites Aussehen<\/strong>Leichter als herk\u00f6mmliche Keramik, mit h\u00f6herem Wei\u00dfgrad und Helligkeit, transparentem Material, glatter Oberfl\u00e4che und hochwertiger Textur.<\/p>\n\n\n\n<p><strong>Leicht zu reinigen<\/strong>: Das Design mit geringer Wasseraufnahme verhindert effektiv das Zur\u00fcckbleiben von Flecken und erleichtert die Reinigung.<\/p>\n\n\n\n<p><strong>Breite Kompatibilit\u00e4t<\/strong>: es kann sicher in Mikrowellenherden, Geschirrsp\u00fclern, Back\u00f6fen und Gefrierschr\u00e4nken verwendet werden, um den vielf\u00e4ltigen Anforderungen moderner K\u00fcchen gerecht zu werden<\/p>\n\n\n\n<p><strong>Brennen bei hoher Temperatur<\/strong>: Die Form wird bei 1320\u00b0C gebrannt, dann bei 1150\u00b0C sekund\u00e4r glasiert und gebrannt und schlie\u00dflich mit einem Abziehbrand bei 700-900\u00b0C kombiniert, um hochwertiges Keramikgeschirr mit dichter Struktur und zarter Textur herzustellen.<\/p>\n\n\n\n<p><strong>Ungiftig und gesund:<\/strong> Es enth\u00e4lt keine sch\u00e4dlichen Schwermetalle wie Blei, Quecksilber und Kadmium, ist sicher in der Anwendung und entspricht den internationalen Normen f\u00fcr den Kontakt mit Lebensmitteln.<\/p>\n\n\n\n<p><strong>Stark und langlebig: <\/strong>Das Brennen bei hohen Temperaturen gew\u00e4hrleistet eine hohe H\u00e4rte, starke Schlagfestigkeit, geringe Bruchrate, geringe Wasseraufnahme und eine l\u00e4ngere Lebensdauer.<\/p>\n\n\n\n<p><strong>Anpassung an mehrere Szenarien<\/strong>: geeignet f\u00fcr eine Vielzahl von Anwendungsszenarien wie Hotels, Heime, Restaurants, Bankette und Einzelhandel, um die Bed\u00fcrfnisse verschiedener Kunden zu erf\u00fcllen.<\/p>\n<\/div>\n\n\n\n<div class=\"wp-block-column is-layout-flow wp-block-column-is-layout-flow\">\n<h2 class=\"wp-block-heading\">Individuelles wei\u00dfes Essgeschirr:<\/h2>\n\n\n\n<p>Lianyuan entwirft nach den Anforderungen des Kunden, wie neue Form, Material, Farbe, Gr\u00f6\u00dfe, Druck, Verpackung und so weiter; OEM &amp; ODM akzeptabel; Jede Kombination von Geschirr Sie m\u00f6gen.<\/p>\n\n\n\n<p><strong>Gr\u00f6\u00dfe:&nbsp;<\/strong>W\u00e4hlen Sie aus verschiedenen Gr\u00f6\u00dfen f\u00fcr unterschiedliche Mahlzeitenportionen.<\/p>\n\n\n\n<p><strong>Material:<\/strong>&nbsp;Keramik, Porzellan, Knochenporzellan oder erkundigen Sie sich nach Alternativen.<\/p>\n\n\n\n<p><strong>Handwerkliches K\u00f6nnen:&nbsp;<\/strong>Glasurabziehbilder, Ofenwechsel, handbemalt, Reliefmuster oder andere.<\/p>\n\n\n\n<p><strong>Verpackung:&nbsp;<\/strong>Bulk Pack, Farbkarton, Geschenkkarton, Pr\u00e4sentationskarton, Versandkarton, etc.<\/p>\n<\/div>\n<\/div>","protected":false},"excerpt":{"rendered":"<div class=\"D5aOJc vJwDU\">\n<div data-zone-id=\"0\" data-line-index=\"0\" data-line=\"true\">\n<p>Willkommen bei den ma\u00dfgeschneiderten wei\u00dfen Geschirrsets in gro\u00dfen Mengen, einschlie\u00dflich luxuri\u00f6ser Keramikteller, Suppensch\u00fcsseln und K\u00fcchenvorratsgl\u00e4ser usw., die f\u00fcr den Hausgebrauch geeignet sind. Wir bieten verschiedene Gr\u00f6\u00dfen und komplette Geschirrsets und unterst\u00fctzen OEM und ODM. Kontaktieren Sie uns jetzt, um ein Angebot zu erhalten!<\/p>\n<\/div>\n<\/div>\n<h2>Wei\u00dfes Essgeschirr Parameter:<\/h2>\n<table style=\"border-collapse: collapse; width: 370.82pt;\" border=\"0\" width=\"618\" cellspacing=\"0\" cellpadding=\"0\">\n<tbody>\n<tr style=\"height: 15.60pt;\">\n<td class=\"et3\" style=\"height: 15.60pt; width: 108.00pt;\" width=\"180\" height=\"26\">Hersteller<\/td>\n<td class=\"et3\" style=\"width: 263.25pt;\" width=\"438\">Lianyuan<\/td>\n<\/tr>\n<tr style=\"height: 15.60pt;\">\n<td class=\"et3\" style=\"height: 15.60pt;\" height=\"26\">Produkttyp<\/td>\n<td class=\"et3\">Speiseteller, Reisteller, Nudelsch\u00fcssel, Suppenschalen, Serviertabletts, Gew\u00fcrzdosen, Vorratsdosen<\/td>\n<\/tr>\n<tr style=\"height: 15.60pt;\">\n<td class=\"et3\" style=\"height: 15.60pt;\" height=\"26\">Muster<\/td>\n<td class=\"et3\">Unregelm\u00e4\u00dfige R\u00e4nder, gebl\u00fcmt<\/td>\n<\/tr>\n<tr style=\"height: 15.60pt;\">\n<td class=\"et3\" style=\"height: 15.60pt;\" height=\"26\">Farbe<\/td>\n<td class=\"et3\">Wei\u00df<\/td>\n<\/tr>\n<tr style=\"height: 15.60pt;\">\n<td class=\"et3\" style=\"height: 15.60pt;\" height=\"26\">Material<\/td>\n<td class=\"et3\">Harter Dolomit<\/td>\n<\/tr>\n<tr style=\"height: 15.60pt;\">\n<td class=\"et3\" style=\"height: 15.60pt;\" height=\"26\">Handwerkliches K\u00f6nnen<\/td>\n<td class=\"et3\">Wei\u00dfe Glasur, Embossing<\/td>\n<\/tr>\n<tr style=\"height: 15.60pt;\">\n<td class=\"et3\" style=\"height: 15.60pt;\" height=\"26\">Anmeldung<\/td>\n<td class=\"et3\">K\u00fcche, Lagerung<\/td>\n<\/tr>\n<tr style=\"height: 15.60pt;\">\n<td class=\"et3\" style=\"height: 15.60pt;\" height=\"26\">Benutzerdefiniert<\/td>\n<td class=\"et3\">Gr\u00f6\u00dfe\/Logo\/Verpackung<\/td>\n<\/tr>\n<\/tbody>\n<\/table>","protected":false},"featured_media":1778,"comment_status":"open","ping_status":"closed","template":"","meta":{"_acf_changed":false},"product_brand":[],"product_cat":[17,19,21],"product_tag":[30,29],"class_list":{"0":"post-1743","1":"product","2":"type-product","3":"status-publish","4":"has-post-thumbnail","6":"product_cat-dinnerware-wholesale","7":"product_cat-serveware-wholesale","8":"product_cat-ceramic-home-decor-manufacturer","9":"product_tag-custom-porcelain-dinnerware","10":"product_tag-hand-painted-embossed-dinnerware-wholesale","12":"first","13":"instock","14":"shipping-taxable","15":"product-type-simple"},"acf":[],"_links":{"self":[{"href":"https:\/\/www.lianyuanceramic.com\/de\/wp-json\/wp\/v2\/product\/1743","targetHints":{"allow":["GET"]}}],"collection":[{"href":"https:\/\/www.lianyuanceramic.com\/de\/wp-json\/wp\/v2\/product"}],"about":[{"href":"https:\/\/www.lianyuanceramic.com\/de\/wp-json\/wp\/v2\/types\/product"}],"replies":[{"embeddable":true,"href":"https:\/\/www.lianyuanceramic.com\/de\/wp-json\/wp\/v2\/comments?post=1743"}],"wp:featuredmedia":[{"embeddable":true,"href":"https:\/\/www.lianyuanceramic.com\/de\/wp-json\/wp\/v2\/media\/1778"}],"wp:attachment":[{"href":"https:\/\/www.lianyuanceramic.com\/de\/wp-json\/wp\/v2\/media?parent=1743"}],"wp:term":[{"taxonomy":"product_brand","embeddable":true,"href":"https:\/\/www.lianyuanceramic.com\/de\/wp-json\/wp\/v2\/product_brand?post=1743"},{"taxonomy":"product_cat","embeddable":true,"href":"https:\/\/www.lianyuanceramic.com\/de\/wp-json\/wp\/v2\/product_cat?post=1743"},{"taxonomy":"product_tag","embeddable":true,"href":"https:\/\/www.lianyuanceramic.com\/de\/wp-json\/wp\/v2\/product_tag?post=1743"}],"curies":[{"name":"wp","href":"https:\/\/api.w.org\/{rel}","templated":true}]}}