{"id":1741,"date":"2025-08-01T11:13:53","date_gmt":"2025-08-01T11:13:53","guid":{"rendered":"https:\/\/www.lianyuanceramic.com\/?post_type=product&#038;p=1741"},"modified":"2025-08-01T11:17:05","modified_gmt":"2025-08-01T11:17:05","slug":"wholesale-dinnerware-set-decals","status":"publish","type":"product","link":"https:\/\/www.lianyuanceramic.com\/de\/produkt\/wholesale-dinnerware-set-decals\/","title":{"rendered":"Gro\u00dfhandel Geschirr Set Abziehbilder, Vintage Floral Tea Set Custom"},"content":{"rendered":"<figure class=\"wp-block-image size-full\"><img decoding=\"async\" width=\"1082\" height=\"702\" src=\"https:\/\/www.lianyuanceramic.com\/wp-content\/uploads\/2025\/08\/Wholesale-Dinnerware-Set-Decals.png\" alt=\"Gro\u00dfhandel Geschirr Set Abziehbilder\" class=\"wp-image-1883\" srcset=\"https:\/\/www.lianyuanceramic.com\/wp-content\/uploads\/2025\/08\/Wholesale-Dinnerware-Set-Decals.png 1082w, https:\/\/www.lianyuanceramic.com\/wp-content\/uploads\/2025\/08\/Wholesale-Dinnerware-Set-Decals-300x195.png 300w, https:\/\/www.lianyuanceramic.com\/wp-content\/uploads\/2025\/08\/Wholesale-Dinnerware-Set-Decals-768x498.png 768w, https:\/\/www.lianyuanceramic.com\/wp-content\/uploads\/2025\/08\/Wholesale-Dinnerware-Set-Decals-18x12.png 18w, https:\/\/www.lianyuanceramic.com\/wp-content\/uploads\/2025\/08\/Wholesale-Dinnerware-Set-Decals-600x389.png 600w\" sizes=\"(max-width: 1082px) 100vw, 1082px\" \/><\/figure>\n\n\n\n<div class=\"wp-block-columns is-layout-flex wp-container-core-columns-is-layout-9d6595d7 wp-block-columns-is-layout-flex\">\n<div class=\"wp-block-column is-layout-flow wp-block-column-is-layout-flow\">\n<h2 class=\"wp-block-heading\">Essgeschirr-Set Abziehbilder Merkmale:<\/h2>\n\n\n\n<p><strong>Vintage-Blumenmuster:<\/strong> Das Set zeichnet sich durch exquisite florale Retro-Muster aus, das Design ist von der traditionellen europ\u00e4ischen und orientalischen Kultur inspiriert, voll von klassischem Geschmack und Eleganz, und jedes Geschirrteil ist eine Manifestation der Kunst.<\/p>\n\n\n\n<p><strong>Einzigartige Farbabstimmung: <\/strong>Eine harmonische Farbabstimmung kann den Menschen auf den ersten Blick ein angenehmes und geordnetes Gef\u00fchl im Raum vermitteln.<\/p>\n\n\n\n<p><strong>Hochwertiges Porzellan:<\/strong> aus langlebigem Porzellan, hitzebest\u00e4ndig und verschlei\u00dffest, FDA- und LFGB-zertifiziert, geeignet f\u00fcr den globalen Markt.<\/p>\n\n\n\n<p><strong>In-Glaze-Abziehbild-Technologie:<\/strong> Dank der In-Glaze-Abziehbildtechnologie ist die Oberfl\u00e4che hell, f\u00fchlt sich glatt an und die Farbe ist weich und langlebig.<\/p>\n\n\n\n<p><strong>Komplettes Geschirrset: <\/strong>Geschirr f\u00fcr die Heimdekoration, einschlie\u00dflich Essgeschirr, Teeservice, Kaffeeservice, Dessertteller, Zuckerdose, Milchk\u00e4nnchen, Obstteller, Suppenschalen, Tabletts, Vasen usw. Eine Vielzahl von Spezifikationen, geeignet f\u00fcr verschiedene Essensszenen.<\/p>\n<\/div>\n\n\n\n<div class=\"wp-block-column is-layout-flow wp-block-column-is-layout-flow\">\n<h2 class=\"wp-block-heading\">Individuelle Abziehbilder f\u00fcr Geschirr:<\/h2>\n\n\n\n<p>Lianyuan bietet verschiedene individuelle Geschirroptionen an, die auf die Bed\u00fcrfnisse der Marke oder Modetrends abgestimmt sind und sich ideal f\u00fcr den privaten und gewerblichen Gebrauch eignen.<\/p>\n\n\n\n<p><strong>Entwurf:&nbsp;<\/strong>Einfarbiges Design<\/p>\n\n\n\n<p><strong>Zusammensetzung des Sets:<\/strong>&nbsp;Individuelle Keramik-Tassensets mit Kombinationen aus Tassen, Schalen und L\u00f6ffeln.<\/p>\n\n\n\n<p><strong>Gr\u00f6\u00dfe:&nbsp;<\/strong>W\u00e4hlen Sie aus verschiedenen Gr\u00f6\u00dfen f\u00fcr unterschiedliche Mahlzeitenportionen.<\/p>\n\n\n\n<p><strong>Material:<\/strong>&nbsp;Keramik, Porzellan, Knochenporzellan oder erkundigen Sie sich nach Alternativen.<\/p>\n\n\n\n<p><strong>Handwerkliches K\u00f6nnen:&nbsp;<\/strong>Glasurabziehbilder, Ofenwechsel, handbemalt, Reliefmuster oder andere.<\/p>\n\n\n\n<p><strong>Verpackung:&nbsp;<\/strong>Bulk Pack, Farbkarton, Geschenkkarton, Pr\u00e4sentationskarton, Versandkarton, etc.<\/p>\n<\/div>\n<\/div>","protected":false},"excerpt":{"rendered":"<div class=\"D5aOJc vJwDU\">\n<div data-zone-id=\"0\" data-line-index=\"0\" data-line=\"true\">\n<p>Gro\u00dfhandel Geschirr Set Abziehbilder, mit einem Vintage rosa Abziehbild Design, sind elegant und einzigartig. High-Tech-Fertigung, glatte Oberfl\u00e4che, sicher und ungiftig. Wir bieten eine vollst\u00e4ndige Palette von Geschirr, Tee-Sets und Vasen, die Unterst\u00fctzung der Marke Anpassung. Kontaktieren Sie uns jetzt f\u00fcr ein Angebot!<\/p>\n<\/div>\n<\/div>\n<h2>Geschirr-Set Abziehbilder Parameter:<\/h2>\n<table style=\"border-collapse: collapse; width: 370.82pt;\" border=\"0\" width=\"618\" cellspacing=\"0\" cellpadding=\"0\">\n<tbody>\n<tr style=\"height: 15.60pt;\">\n<td class=\"et3\" style=\"height: 15.60pt; width: 108.00pt;\" width=\"180\" height=\"26\">Hersteller<\/td>\n<td class=\"et3\" style=\"width: 263.25pt;\" width=\"438\">Lianyuan<\/td>\n<\/tr>\n<tr style=\"height: 15.60pt;\">\n<td class=\"et3\" style=\"height: 15.60pt;\" height=\"26\">Produkttyp<\/td>\n<td class=\"et3\">\n<p>Teeservice, Kaffeeservice, Tassen, Teller, Sch\u00fcsseln, Milchkannen, Zuckerdose, Vasen<\/p>\n<\/td>\n<\/tr>\n<tr style=\"height: 15.60pt;\">\n<td class=\"et3\" style=\"height: 15.60pt;\" height=\"26\">Muster<\/td>\n<td class=\"et3\">Landhausstil<\/td>\n<\/tr>\n<tr style=\"height: 15.60pt;\">\n<td class=\"et3\" style=\"height: 15.60pt;\" height=\"26\">Farbe<\/td>\n<td class=\"et3\">Rosa<\/td>\n<\/tr>\n<tr style=\"height: 15.60pt;\">\n<td class=\"et3\" style=\"height: 15.60pt;\" height=\"26\">Material<\/td>\n<td class=\"et3\">Porzellan-Keramik<\/td>\n<\/tr>\n<tr style=\"height: 15.60pt;\">\n<td class=\"et3\" style=\"height: 15.60pt;\" height=\"26\">Handwerkliches K\u00f6nnen<\/td>\n<td class=\"et3\">In-Glasur-Abziehbild<\/td>\n<\/tr>\n<tr style=\"height: 15.60pt;\">\n<td class=\"et3\" style=\"height: 15.60pt;\" height=\"26\">Anmeldung<\/td>\n<td class=\"et3\">Mikrowellen- und sp\u00fclmaschinenfest, ofenfest<\/td>\n<\/tr>\n<tr style=\"height: 15.60pt;\">\n<td class=\"et3\" style=\"height: 15.60pt;\" height=\"26\">Benutzerdefiniert<\/td>\n<td class=\"et3\">Farbe\/Gr\u00f6\u00dfe\/Logo\/Verpackung<\/td>\n<\/tr>\n<\/tbody>\n<\/table>","protected":false},"featured_media":1861,"comment_status":"open","ping_status":"closed","template":"","meta":{"_acf_changed":false},"product_brand":[],"product_cat":[17,18,21],"product_tag":[30,27],"class_list":{"0":"post-1741","1":"product","2":"type-product","3":"status-publish","4":"has-post-thumbnail","6":"product_cat-dinnerware-wholesale","7":"product_cat-wholesale-custom-tea-set","8":"product_cat-ceramic-home-decor-manufacturer","9":"product_tag-custom-porcelain-dinnerware","10":"product_tag-wholesale-decal-ceramics","12":"first","13":"instock","14":"shipping-taxable","15":"product-type-simple"},"acf":[],"_links":{"self":[{"href":"https:\/\/www.lianyuanceramic.com\/de\/wp-json\/wp\/v2\/product\/1741","targetHints":{"allow":["GET"]}}],"collection":[{"href":"https:\/\/www.lianyuanceramic.com\/de\/wp-json\/wp\/v2\/product"}],"about":[{"href":"https:\/\/www.lianyuanceramic.com\/de\/wp-json\/wp\/v2\/types\/product"}],"replies":[{"embeddable":true,"href":"https:\/\/www.lianyuanceramic.com\/de\/wp-json\/wp\/v2\/comments?post=1741"}],"wp:featuredmedia":[{"embeddable":true,"href":"https:\/\/www.lianyuanceramic.com\/de\/wp-json\/wp\/v2\/media\/1861"}],"wp:attachment":[{"href":"https:\/\/www.lianyuanceramic.com\/de\/wp-json\/wp\/v2\/media?parent=1741"}],"wp:term":[{"taxonomy":"product_brand","embeddable":true,"href":"https:\/\/www.lianyuanceramic.com\/de\/wp-json\/wp\/v2\/product_brand?post=1741"},{"taxonomy":"product_cat","embeddable":true,"href":"https:\/\/www.lianyuanceramic.com\/de\/wp-json\/wp\/v2\/product_cat?post=1741"},{"taxonomy":"product_tag","embeddable":true,"href":"https:\/\/www.lianyuanceramic.com\/de\/wp-json\/wp\/v2\/product_tag?post=1741"}],"curies":[{"name":"wp","href":"https:\/\/api.w.org\/{rel}","templated":true}]}}