{"id":1473,"date":"2025-03-26T07:36:18","date_gmt":"2025-03-26T07:36:18","guid":{"rendered":"https:\/\/www.lianyuanceramic.com\/?post_type=product&#038;p=1473"},"modified":"2025-12-10T02:27:56","modified_gmt":"2025-12-10T02:27:56","slug":"wholesale-antique-dinnerware","status":"publish","type":"product","link":"https:\/\/www.lianyuanceramic.com\/de\/produkt\/wholesale-antique-dinnerware\/","title":{"rendered":"Gro\u00dfhandel antikes Geschirr, Vintage Geschirr Set Custom in Bulk"},"content":{"rendered":"<div class=\"wp-block-image\">\n<figure class=\"aligncenter size-full\"><img decoding=\"async\" width=\"4590\" height=\"2679\" src=\"https:\/\/www.lianyuanceramic.com\/wp-content\/uploads\/2025\/03\/Wholesale-Antique-Dinnerware-Vintage-Tea-Set-Vase-Custom-in-Bulk-3.webp\" alt=\"Gro\u00dfhandel antikes Geschirr, Vintage Tea Set Vase Custom in Bulk\" class=\"wp-image-1478\" style=\"aspect-ratio:1.7133569174873315;object-fit:cover\" srcset=\"https:\/\/www.lianyuanceramic.com\/wp-content\/uploads\/2025\/03\/Wholesale-Antique-Dinnerware-Vintage-Tea-Set-Vase-Custom-in-Bulk-3.webp 4590w, https:\/\/www.lianyuanceramic.com\/wp-content\/uploads\/2025\/03\/Wholesale-Antique-Dinnerware-Vintage-Tea-Set-Vase-Custom-in-Bulk-3-300x175.webp 300w, https:\/\/www.lianyuanceramic.com\/wp-content\/uploads\/2025\/03\/Wholesale-Antique-Dinnerware-Vintage-Tea-Set-Vase-Custom-in-Bulk-3-768x448.webp 768w, https:\/\/www.lianyuanceramic.com\/wp-content\/uploads\/2025\/03\/Wholesale-Antique-Dinnerware-Vintage-Tea-Set-Vase-Custom-in-Bulk-3-18x12.webp 18w, https:\/\/www.lianyuanceramic.com\/wp-content\/uploads\/2025\/03\/Wholesale-Antique-Dinnerware-Vintage-Tea-Set-Vase-Custom-in-Bulk-3-1200x700.webp 1200w, https:\/\/www.lianyuanceramic.com\/wp-content\/uploads\/2025\/03\/Wholesale-Antique-Dinnerware-Vintage-Tea-Set-Vase-Custom-in-Bulk-3-600x350.webp 600w\" sizes=\"(max-width: 4590px) 100vw, 4590px\" \/><\/figure>\n<\/div>\n\n\n<div class=\"wp-block-columns is-layout-flex wp-container-core-columns-is-layout-9d6595d7 wp-block-columns-is-layout-flex\">\n<div class=\"wp-block-column is-layout-flow wp-block-column-is-layout-flow\">\n<h2 class=\"wp-block-heading\">Antikes Essgeschirr Merkmale:<\/h2>\n\n\n\n<p><strong>Retro-Design im europ\u00e4ischen Stil: <\/strong>Franz\u00f6sisches Rokoko und viktorianischer Stil, Muster im Stil der \u00d6lmalerei, die aristokratische Figuren, pastorale Landschaften und barocke Hofszenen darstellen und die exquisite Retro-\u00c4sthetik betonen.<\/p>\n\n\n\n<p><strong>Retro-Gerichtsform:<\/strong> Spitze, gewellte, hohle Schnitzereien und andere Verzierungen machen die Gesamtform eleganter und edler.<\/p>\n\n\n\n<p><strong>Einzigartige Farbkombination aus Gr\u00fcn und Gold: <\/strong>gr\u00fcner Hintergrund mit Goldrelief, elegantes, k\u00f6nigliches und edles Essensritual.<\/p>\n\n\n\n<p><strong>Hochwertiges Porzellan:<\/strong> aus langlebigem Porzellan, hitzebest\u00e4ndig und verschlei\u00dffest, FDA- und LFGB-zertifiziert, geeignet f\u00fcr den globalen Markt.<\/p>\n\n\n\n<p><strong>In-Glaze-Abziehbild-Technologie:<\/strong> Durch die Verwendung der In-Glaze-Decal-Technologie ist die Oberfl\u00e4che hell, f\u00fchlt sich glatt an und die Farbe ist weich und langlebig.<\/p>\n\n\n\n<p><strong>Komplettes Geschirrset: <\/strong>Geschirr f\u00fcr die Heimdekoration, einschlie\u00dflich Essgeschirr, Teeservice, Kaffeeservice, Dessertteller, Zuckerdose, Milchk\u00e4nnchen, Obstteller, Suppenschalen, Tabletts, Vasen usw. Eine Vielzahl von Spezifikationen, geeignet f\u00fcr verschiedene Essensszenen.<\/p>\n<\/div>\n\n\n\n<div class=\"wp-block-column is-layout-flow wp-block-column-is-layout-flow\">\n<figure class=\"wp-block-image size-full\"><img decoding=\"async\" width=\"1160\" height=\"1080\" src=\"https:\/\/www.lianyuanceramic.com\/wp-content\/uploads\/2025\/03\/Wholesale-Antique-Dinnerware-Vintage-Tea-Set-Vase-Custom-in-Bulk-2.webp\" alt=\"Gro\u00dfhandel antikes Geschirr, Vintage Tea Set Vase Custom in Bulk\" class=\"wp-image-1477\" style=\"aspect-ratio:1;object-fit:cover\" srcset=\"https:\/\/www.lianyuanceramic.com\/wp-content\/uploads\/2025\/03\/Wholesale-Antique-Dinnerware-Vintage-Tea-Set-Vase-Custom-in-Bulk-2.webp 1160w, https:\/\/www.lianyuanceramic.com\/wp-content\/uploads\/2025\/03\/Wholesale-Antique-Dinnerware-Vintage-Tea-Set-Vase-Custom-in-Bulk-2-300x279.webp 300w, https:\/\/www.lianyuanceramic.com\/wp-content\/uploads\/2025\/03\/Wholesale-Antique-Dinnerware-Vintage-Tea-Set-Vase-Custom-in-Bulk-2-768x715.webp 768w, https:\/\/www.lianyuanceramic.com\/wp-content\/uploads\/2025\/03\/Wholesale-Antique-Dinnerware-Vintage-Tea-Set-Vase-Custom-in-Bulk-2-13x12.webp 13w, https:\/\/www.lianyuanceramic.com\/wp-content\/uploads\/2025\/03\/Wholesale-Antique-Dinnerware-Vintage-Tea-Set-Vase-Custom-in-Bulk-2-600x559.webp 600w\" sizes=\"(max-width: 1160px) 100vw, 1160px\" \/><\/figure>\n<\/div>\n<\/div>\n\n\n\n<div class=\"wp-block-columns is-layout-flex wp-container-core-columns-is-layout-9d6595d7 wp-block-columns-is-layout-flex\">\n<div class=\"wp-block-column is-layout-flow wp-block-column-is-layout-flow\">\n<figure class=\"wp-block-image size-full\"><img decoding=\"async\" width=\"658\" height=\"658\" src=\"https:\/\/www.lianyuanceramic.com\/wp-content\/uploads\/2025\/03\/Wholesale-Antique-Dinnerware-Vintage-Tea-Set-Vase-Custom-in-Bulk-5.webp\" alt=\"Gro\u00dfhandel antikes Geschirr, Vintage Tea Set Vase Custom in Bulk\" class=\"wp-image-1480\" srcset=\"https:\/\/www.lianyuanceramic.com\/wp-content\/uploads\/2025\/03\/Wholesale-Antique-Dinnerware-Vintage-Tea-Set-Vase-Custom-in-Bulk-5.webp 658w, https:\/\/www.lianyuanceramic.com\/wp-content\/uploads\/2025\/03\/Wholesale-Antique-Dinnerware-Vintage-Tea-Set-Vase-Custom-in-Bulk-5-300x300.webp 300w, https:\/\/www.lianyuanceramic.com\/wp-content\/uploads\/2025\/03\/Wholesale-Antique-Dinnerware-Vintage-Tea-Set-Vase-Custom-in-Bulk-5-150x150.webp 150w, https:\/\/www.lianyuanceramic.com\/wp-content\/uploads\/2025\/03\/Wholesale-Antique-Dinnerware-Vintage-Tea-Set-Vase-Custom-in-Bulk-5-12x12.webp 12w, https:\/\/www.lianyuanceramic.com\/wp-content\/uploads\/2025\/03\/Wholesale-Antique-Dinnerware-Vintage-Tea-Set-Vase-Custom-in-Bulk-5-600x600.webp 600w, https:\/\/www.lianyuanceramic.com\/wp-content\/uploads\/2025\/03\/Wholesale-Antique-Dinnerware-Vintage-Tea-Set-Vase-Custom-in-Bulk-5-100x100.webp 100w\" sizes=\"(max-width: 658px) 100vw, 658px\" \/><\/figure>\n<\/div>\n\n\n\n<div class=\"wp-block-column is-layout-flow wp-block-column-is-layout-flow\">\n<h2 class=\"wp-block-heading\">Individuelles antikes Essgeschirr:<\/h2>\n\n\n\n<p>Lianyuan bietet verschiedene individuelle Geschirroptionen an, die auf die Bed\u00fcrfnisse der Marke oder Modetrends abgestimmt sind und sich ideal f\u00fcr den privaten und gewerblichen Gebrauch eignen.<\/p>\n\n\n\n<p><strong>Entwurf:&nbsp;<\/strong>Einfarbiges Design<\/p>\n\n\n\n<p><strong>Zusammensetzung des Sets:<\/strong>&nbsp;Individuelle Keramik-Tassensets mit Kombinationen aus Tassen, Schalen und L\u00f6ffeln.<\/p>\n\n\n\n<p><strong>Gr\u00f6\u00dfe:&nbsp;<\/strong>W\u00e4hlen Sie aus verschiedenen Gr\u00f6\u00dfen f\u00fcr unterschiedliche Mahlzeitenportionen.<\/p>\n\n\n\n<p><strong>Material:<\/strong>&nbsp;Keramik, Porzellan, Knochenporzellan oder erkundigen Sie sich nach Alternativen.<\/p>\n\n\n\n<p><strong>Handwerkliches K\u00f6nnen:&nbsp;<\/strong>Glasurabziehbilder, Ofenwechsel, handbemalt, Reliefmuster oder andere.<\/p>\n\n\n\n<p><strong>Verpackung:&nbsp;<\/strong>Bulk Pack, Farbkarton, Geschenkkarton, Pr\u00e4sentationskarton, Versandkarton, etc.<\/p>\n<\/div>\n<\/div>","protected":false},"excerpt":{"rendered":"<div class=\"D5aOJc vJwDU\">\n<div data-zone-id=\"0\" data-line-index=\"0\" data-line=\"true\">\n<p>Gro\u00dfhandel antikes Geschirr, Serviergeschirr, und Tee-Sets, in Franz\u00f6sisch Rokoko &amp; viktorianischen Stil, mit gr\u00fcnen und goldenen Relief, elegant f\u00fcr High-End-Restaurants. Wir bieten eine Vielzahl von Gr\u00f6\u00dfen und vollst\u00e4ndige Geschirr-Set, Unterst\u00fctzung OEM &amp; ODM. Kontaktieren Sie uns jetzt f\u00fcr ein Angebot!<\/p>\n<\/div>\n<\/div>\n<h2>Antikes Essgeschirr Parameter:<\/h2>\n<table style=\"border-collapse: collapse; width: 370.82pt;\" border=\"0\" width=\"618\" cellspacing=\"0\" cellpadding=\"0\">\n<tbody>\n<tr style=\"height: 15.60pt;\">\n<td class=\"et3\" style=\"height: 15.60pt; width: 108.00pt;\" width=\"180\" height=\"26\">Hersteller<\/td>\n<td class=\"et3\" style=\"width: 263.25pt;\" width=\"438\">Lianyuan<\/td>\n<\/tr>\n<tr style=\"height: 15.60pt;\">\n<td class=\"et3\" style=\"height: 15.60pt;\" height=\"26\">Produkttyp<\/td>\n<td class=\"et3\">Teeservice, Kaffeeservice, Dessertteller, Zuckerdosen, Milchk\u00e4nnchen, Obstteller, Suppenschalen, Tabletts, Vasen<\/td>\n<\/tr>\n<tr style=\"height: 15.60pt;\">\n<td class=\"et3\" style=\"height: 15.60pt;\" height=\"26\">Muster<\/td>\n<td class=\"et3\">Franz\u00f6sisches Rokoko und viktorianischer Stil<\/td>\n<\/tr>\n<tr style=\"height: 15.60pt;\">\n<td class=\"et3\" style=\"height: 15.60pt;\" height=\"26\">Farbe<\/td>\n<td class=\"et3\">Gr\u00fcn, Multi<\/td>\n<\/tr>\n<tr style=\"height: 15.60pt;\">\n<td class=\"et3\" style=\"height: 15.60pt;\" height=\"26\">Material<\/td>\n<td class=\"et3\">Dauerhaftes Porzellan<\/td>\n<\/tr>\n<tr style=\"height: 15.60pt;\">\n<td class=\"et3\" style=\"height: 15.60pt;\" height=\"26\">Handwerkliches K\u00f6nnen<\/td>\n<td class=\"et3\">In-Glasur-Abziehbild<\/td>\n<\/tr>\n<tr style=\"height: 15.60pt;\">\n<td class=\"et3\" style=\"height: 15.60pt;\" height=\"26\">Anmeldung<\/td>\n<td class=\"et3\">Mikrowellen- und sp\u00fclmaschinenfest, ofenfest<\/td>\n<\/tr>\n<tr style=\"height: 15.60pt;\">\n<td class=\"et3\" style=\"height: 15.60pt;\" height=\"26\">Benutzerdefiniert<\/td>\n<td class=\"et3\">Farbe\/Gr\u00f6\u00dfe\/Logo\/Verpackung<\/td>\n<\/tr>\n<\/tbody>\n<\/table>","protected":false},"featured_media":1477,"comment_status":"open","ping_status":"closed","template":"","meta":{"_acf_changed":false},"product_brand":[],"product_cat":[17,18,19,21],"product_tag":[30,27],"class_list":{"0":"post-1473","1":"product","2":"type-product","3":"status-publish","4":"has-post-thumbnail","6":"product_cat-dinnerware-wholesale","7":"product_cat-wholesale-custom-tea-set","8":"product_cat-serveware-wholesale","9":"product_cat-ceramic-home-decor-manufacturer","10":"product_tag-custom-porcelain-dinnerware","11":"product_tag-wholesale-decal-ceramics","13":"first","14":"instock","15":"shipping-taxable","16":"product-type-simple"},"acf":[],"_links":{"self":[{"href":"https:\/\/www.lianyuanceramic.com\/de\/wp-json\/wp\/v2\/product\/1473","targetHints":{"allow":["GET"]}}],"collection":[{"href":"https:\/\/www.lianyuanceramic.com\/de\/wp-json\/wp\/v2\/product"}],"about":[{"href":"https:\/\/www.lianyuanceramic.com\/de\/wp-json\/wp\/v2\/types\/product"}],"replies":[{"embeddable":true,"href":"https:\/\/www.lianyuanceramic.com\/de\/wp-json\/wp\/v2\/comments?post=1473"}],"wp:featuredmedia":[{"embeddable":true,"href":"https:\/\/www.lianyuanceramic.com\/de\/wp-json\/wp\/v2\/media\/1477"}],"wp:attachment":[{"href":"https:\/\/www.lianyuanceramic.com\/de\/wp-json\/wp\/v2\/media?parent=1473"}],"wp:term":[{"taxonomy":"product_brand","embeddable":true,"href":"https:\/\/www.lianyuanceramic.com\/de\/wp-json\/wp\/v2\/product_brand?post=1473"},{"taxonomy":"product_cat","embeddable":true,"href":"https:\/\/www.lianyuanceramic.com\/de\/wp-json\/wp\/v2\/product_cat?post=1473"},{"taxonomy":"product_tag","embeddable":true,"href":"https:\/\/www.lianyuanceramic.com\/de\/wp-json\/wp\/v2\/product_tag?post=1473"}],"curies":[{"name":"wp","href":"https:\/\/api.w.org\/{rel}","templated":true}]}}