{"id":1470,"date":"2025-03-26T07:04:45","date_gmt":"2025-03-26T07:04:45","guid":{"rendered":"https:\/\/www.lianyuanceramic.com\/?post_type=product&#038;p=1470"},"modified":"2025-03-27T03:10:06","modified_gmt":"2025-03-27T03:10:06","slug":"wholesale-white-dinnerware","status":"publish","type":"product","link":"https:\/\/www.lianyuanceramic.com\/de\/produkt\/wholesale-white-dinnerware\/","title":{"rendered":"Gro\u00dfhandel wei\u00dfes Geschirr, gepr\u00e4gte keramische Teller f\u00fcr Restaurant Bulk"},"content":{"rendered":"<div class=\"wp-block-columns is-layout-flex wp-container-core-columns-is-layout-9d6595d7 wp-block-columns-is-layout-flex\">\n<div class=\"wp-block-column is-layout-flow wp-block-column-is-layout-flow\">\n<h2 class=\"wp-block-heading\">Wei\u00dfes Essgeschirr Merkmale:<\/h2>\n\n\n\n<p><strong>Hochwertiges Material: <\/strong>Hergestellt aus Dolomit, umweltfreundlich und unbedenklich, glatt und langlebig, bleibt er auch nach langem Gebrauch wie neu.<\/p>\n\n\n\n<p><strong>Florales Reliefmuster: <\/strong>Der Rand des Tellers hat ein Reliefmuster und eine einzigartige Note, die sich f\u00fcr elegante und gehobene Essanl\u00e4sse eignet und dem Esstisch einen k\u00fcnstlerischen Sinn verleiht.<\/p>\n\n\n\n<p><strong>Verschiedene Spezifikationen und Formen: <\/strong>Die gleichen Design-Teller in verschiedenen Gr\u00f6\u00dfen, quadratisch und rechteckig, k\u00f6nnen mit verschiedenen Gerichten kombiniert werden, oder halten Obst, etc. und sind sehr praktisch.<\/p>\n\n\n\n<p><strong>Batch-Anpassung:<\/strong> Wir bieten ma\u00dfgeschneiderte Dienstleistungen je nach Kundenbedarf. Das Reliefmuster, die Tellergr\u00f6\u00dfe usw. k\u00f6nnen entsprechend dem Markenstil und dem Restaurantthema des Kunden angepasst werden, um unterschiedliche Gesch\u00e4ftsanforderungen zu erf\u00fcllen.<\/p>\n<\/div>\n\n\n\n<div class=\"wp-block-column is-layout-flow wp-block-column-is-layout-flow\"><div class=\"wp-block-image\">\n<figure class=\"aligncenter size-full\"><img decoding=\"async\" width=\"2890\" height=\"1774\" src=\"https:\/\/www.lianyuanceramic.com\/wp-content\/uploads\/2025\/03\/wholesale-white-embossed-dinnerware-tableware-for-restaurant-bulk-2.webp\" alt=\"Gro\u00dfhandel wei\u00df gepr\u00e4gte Geschirr, Geschirr f\u00fcr Restaurant bulk (2)\" class=\"wp-image-1471\" style=\"object-fit:cover\" srcset=\"https:\/\/www.lianyuanceramic.com\/wp-content\/uploads\/2025\/03\/wholesale-white-embossed-dinnerware-tableware-for-restaurant-bulk-2.webp 2890w, https:\/\/www.lianyuanceramic.com\/wp-content\/uploads\/2025\/03\/wholesale-white-embossed-dinnerware-tableware-for-restaurant-bulk-2-300x184.webp 300w, https:\/\/www.lianyuanceramic.com\/wp-content\/uploads\/2025\/03\/wholesale-white-embossed-dinnerware-tableware-for-restaurant-bulk-2-768x471.webp 768w, https:\/\/www.lianyuanceramic.com\/wp-content\/uploads\/2025\/03\/wholesale-white-embossed-dinnerware-tableware-for-restaurant-bulk-2-18x12.webp 18w, https:\/\/www.lianyuanceramic.com\/wp-content\/uploads\/2025\/03\/wholesale-white-embossed-dinnerware-tableware-for-restaurant-bulk-2-1200x737.webp 1200w, https:\/\/www.lianyuanceramic.com\/wp-content\/uploads\/2025\/03\/wholesale-white-embossed-dinnerware-tableware-for-restaurant-bulk-2-600x368.webp 600w\" sizes=\"(max-width: 2890px) 100vw, 2890px\" \/><\/figure>\n<\/div><\/div>\n<\/div>\n\n\n\n<div class=\"wp-block-columns is-layout-flex wp-container-core-columns-is-layout-9d6595d7 wp-block-columns-is-layout-flex\">\n<div class=\"wp-block-column is-layout-flow wp-block-column-is-layout-flow\"><div class=\"wp-block-image\">\n<figure class=\"aligncenter size-full\"><img decoding=\"async\" width=\"2890\" height=\"1774\" src=\"https:\/\/www.lianyuanceramic.com\/wp-content\/uploads\/2025\/03\/wholesale-white-embossed-dinnerware-tableware-for-restaurant-bulk-2.webp\" alt=\"Gro\u00dfhandel wei\u00df gepr\u00e4gte Geschirr, Geschirr f\u00fcr Restaurant bulk (2)\" class=\"wp-image-1471\" style=\"object-fit:cover\" srcset=\"https:\/\/www.lianyuanceramic.com\/wp-content\/uploads\/2025\/03\/wholesale-white-embossed-dinnerware-tableware-for-restaurant-bulk-2.webp 2890w, https:\/\/www.lianyuanceramic.com\/wp-content\/uploads\/2025\/03\/wholesale-white-embossed-dinnerware-tableware-for-restaurant-bulk-2-300x184.webp 300w, https:\/\/www.lianyuanceramic.com\/wp-content\/uploads\/2025\/03\/wholesale-white-embossed-dinnerware-tableware-for-restaurant-bulk-2-768x471.webp 768w, https:\/\/www.lianyuanceramic.com\/wp-content\/uploads\/2025\/03\/wholesale-white-embossed-dinnerware-tableware-for-restaurant-bulk-2-18x12.webp 18w, https:\/\/www.lianyuanceramic.com\/wp-content\/uploads\/2025\/03\/wholesale-white-embossed-dinnerware-tableware-for-restaurant-bulk-2-1200x737.webp 1200w, https:\/\/www.lianyuanceramic.com\/wp-content\/uploads\/2025\/03\/wholesale-white-embossed-dinnerware-tableware-for-restaurant-bulk-2-600x368.webp 600w\" sizes=\"(max-width: 2890px) 100vw, 2890px\" \/><\/figure>\n<\/div><\/div>\n\n\n\n<div class=\"wp-block-column is-layout-flow wp-block-column-is-layout-flow\">\n<h2 class=\"wp-block-heading\">Individuelles wei\u00dfes Pr\u00e4gegeschirr<\/h2>\n\n\n\n<p>Lianyuan bietet verschiedene individuelle Geschirroptionen an, die auf die Bed\u00fcrfnisse der Marke oder Modetrends abgestimmt sind und sich ideal f\u00fcr den privaten und gewerblichen Gebrauch eignen.<\/p>\n\n\n\n<p><strong>Entwurf:&nbsp;<\/strong>W\u00e4hlen Sie florale Muster oder entwerfen Sie Ihr eigenes Design.<\/p>\n\n\n\n<p><strong>Zusammensetzung des Sets:<\/strong>&nbsp;Individuelle Keramik-Tassensets mit Kombinationen aus Tassen, Schalen und L\u00f6ffeln.<\/p>\n\n\n\n<p><strong>Gr\u00f6\u00dfe:&nbsp;<\/strong>W\u00e4hlen Sie aus verschiedenen Gr\u00f6\u00dfen f\u00fcr unterschiedliche Mahlzeitenportionen.<\/p>\n\n\n\n<p><strong>Material:<\/strong>&nbsp;Keramik, Porzellan, Knochenporzellan oder erkundigen Sie sich nach Alternativen.<\/p>\n\n\n\n<p><strong>Handwerkliches K\u00f6nnen:&nbsp;<\/strong>Glasurabziehbilder, Ofenwechsel, handbemalt, Reliefmuster oder andere.<\/p>\n\n\n\n<p><strong>Verpackung:&nbsp;<\/strong>Bulk Pack, Farbkarton, Geschenkkarton, Pr\u00e4sentationskarton, Versandkarton, etc.<\/p>\n<\/div>\n<\/div>","protected":false},"excerpt":{"rendered":"<div class=\"D5aOJc vJwDU\" style=\"text-align: left;\">\n<p>Gro\u00dfhandel wei\u00dfes Geschirr, quadratische Keramik Essteller mit Blume Relief-Design, aus Dolomit, perfekt f\u00fcr High-End-Restaurants und Caf\u00e9s, etc. Unterst\u00fctzung OEM\/ODM, schnelle Lieferung weltweit. Willkommen bei uns f\u00fcr ein Angebot jetzt zu kontaktieren!<\/p>\n<\/div>\n<h2 class=\"D5aOJc vJwDU\" style=\"text-align: left;\">\u00a0<\/h2>\n<h2 class=\"D5aOJc vJwDU\" style=\"text-align: left;\">Wei\u00dfes Essgeschirr Parameter:<\/h2>\n<table style=\"border-collapse: collapse; width: 370.82pt;\" border=\"0\" width=\"618\" cellspacing=\"0\" cellpadding=\"0\">\n<tbody>\n<tr style=\"height: 15.60pt;\">\n<td class=\"et3\" style=\"height: 15.60pt; width: 108.00pt;\" width=\"180\" height=\"26\">Hersteller<\/td>\n<td width=\"438\">Lianyuan<\/td>\n<\/tr>\n<tr>\n<td height=\"26\">Produkttyp<\/td>\n<td>Speiseteller, Servierplatten<\/td>\n<\/tr>\n<tr>\n<td height=\"26\">Muster<\/td>\n<td>Gepr\u00e4gtes Design<\/td>\n<\/tr>\n<tr>\n<td height=\"26\">Farbe<\/td>\n<td>Wei\u00df<\/td>\n<\/tr>\n<tr>\n<td height=\"26\">Material<\/td>\n<td>\n<p>Dolomit<\/p>\n<\/td>\n<\/tr>\n<tr>\n<td height=\"26\">Handwerkliches K\u00f6nnen<\/td>\n<td>Wei\u00dfe Glasur<\/td>\n<\/tr>\n<tr>\n<td height=\"26\">Anmeldung<\/td>\n<td>Mikrowellen- und sp\u00fclmaschinenfest, ofenfest<\/td>\n<\/tr>\n<tr>\n<td height=\"26\">Benutzerdefiniert<\/td>\n<td>Farbe\/Gr\u00f6\u00dfe\/Logo\/Verpackung<\/td>\n<\/tr>\n<\/tbody>\n<\/table>","protected":false},"featured_media":1472,"comment_status":"open","ping_status":"closed","template":"","meta":{"_acf_changed":false},"product_brand":[],"product_cat":[19],"product_tag":[32],"class_list":{"0":"post-1470","1":"product","2":"type-product","3":"status-publish","4":"has-post-thumbnail","6":"product_cat-serveware-wholesale","7":"product_tag-dolomite-dinnerware-wholesale","9":"first","10":"instock","11":"shipping-taxable","12":"product-type-simple"},"acf":[],"_links":{"self":[{"href":"https:\/\/www.lianyuanceramic.com\/de\/wp-json\/wp\/v2\/product\/1470","targetHints":{"allow":["GET"]}}],"collection":[{"href":"https:\/\/www.lianyuanceramic.com\/de\/wp-json\/wp\/v2\/product"}],"about":[{"href":"https:\/\/www.lianyuanceramic.com\/de\/wp-json\/wp\/v2\/types\/product"}],"replies":[{"embeddable":true,"href":"https:\/\/www.lianyuanceramic.com\/de\/wp-json\/wp\/v2\/comments?post=1470"}],"wp:featuredmedia":[{"embeddable":true,"href":"https:\/\/www.lianyuanceramic.com\/de\/wp-json\/wp\/v2\/media\/1472"}],"wp:attachment":[{"href":"https:\/\/www.lianyuanceramic.com\/de\/wp-json\/wp\/v2\/media?parent=1470"}],"wp:term":[{"taxonomy":"product_brand","embeddable":true,"href":"https:\/\/www.lianyuanceramic.com\/de\/wp-json\/wp\/v2\/product_brand?post=1470"},{"taxonomy":"product_cat","embeddable":true,"href":"https:\/\/www.lianyuanceramic.com\/de\/wp-json\/wp\/v2\/product_cat?post=1470"},{"taxonomy":"product_tag","embeddable":true,"href":"https:\/\/www.lianyuanceramic.com\/de\/wp-json\/wp\/v2\/product_tag?post=1470"}],"curies":[{"name":"wp","href":"https:\/\/api.w.org\/{rel}","templated":true}]}}