{"id":1462,"date":"2025-03-26T06:42:47","date_gmt":"2025-03-26T06:42:47","guid":{"rendered":"https:\/\/www.lianyuanceramic.com\/?post_type=product&#038;p=1462"},"modified":"2025-03-27T02:52:09","modified_gmt":"2025-03-27T02:52:09","slug":"wholesale-white-serveware","status":"publish","type":"product","link":"https:\/\/www.lianyuanceramic.com\/de\/produkt\/wholesale-white-serveware\/","title":{"rendered":"Gro\u00dfhandel wei\u00df servieren Geschirr, keramische Kuchen Stand benutzerdefinierte"},"content":{"rendered":"<div class=\"wp-block-columns is-layout-flex wp-container-core-columns-is-layout-9d6595d7 wp-block-columns-is-layout-flex\">\n<div class=\"wp-block-column is-layout-flow wp-block-column-is-layout-flow\">\n<h2 class=\"wp-block-heading\">Wei\u00dfer Serviergeschirr-Kuchenst\u00e4nder Eigenschaften:<\/h2>\n\n\n\n<p><strong>Hochwertiges Dolomitmaterial:<\/strong> Es besteht aus Dolomit, hat eine feine Struktur, eine gute Haltbarkeit und ist sicher und ungiftig.<\/p>\n\n\n\n<p><strong>Einzigartiges wellenf\u00f6rmiges Design: <\/strong>Die Wellenform \u00e4hnelt einem Rock und einer Knospe, wodurch das Geschirr k\u00fcnstlerischer und moderner wirkt und die Attraktivit\u00e4t des Produkts erh\u00f6ht wird.<\/p>\n\n\n\n<p><strong>Wei\u00dfe und glatte Oberfl\u00e4che:<\/strong> Die Oberfl\u00e4che ist glatt, wei\u00df und gleichm\u00e4\u00dfig, wodurch Farbe und Textur der Lebensmittel besser zur Geltung kommen.<\/p>\n\n\n\n<p><strong>Reichhaltige Kombination: <\/strong>Dazu geh\u00f6ren Servierplatten, Tortenst\u00e4nder, Dessertst\u00e4nder, Salatsch\u00fcsseln usw. mit demselben Design, die sich f\u00fcr kleine Portionen von Speisen wie Desserts, Meeresfr\u00fcchte und Salate eignen.<\/p>\n<\/div>\n\n\n\n<div class=\"wp-block-column is-layout-flow wp-block-column-is-layout-flow\"><div class=\"wp-block-image\">\n<figure class=\"aligncenter size-full\"><img decoding=\"async\" width=\"2944\" height=\"1965\" src=\"https:\/\/www.lianyuanceramic.com\/wp-content\/uploads\/2025\/03\/Wholesale-white-serveware-cake-stand-dolomite-tableware-custom-2.webp\" alt=\"Gro\u00dfhandel wei\u00df serveware Kuchen Stand, Dolomit Geschirr benutzerdefinierte (2)\" class=\"wp-image-1467\" style=\"object-fit:cover\" srcset=\"https:\/\/www.lianyuanceramic.com\/wp-content\/uploads\/2025\/03\/Wholesale-white-serveware-cake-stand-dolomite-tableware-custom-2.webp 2944w, https:\/\/www.lianyuanceramic.com\/wp-content\/uploads\/2025\/03\/Wholesale-white-serveware-cake-stand-dolomite-tableware-custom-2-300x200.webp 300w, https:\/\/www.lianyuanceramic.com\/wp-content\/uploads\/2025\/03\/Wholesale-white-serveware-cake-stand-dolomite-tableware-custom-2-768x513.webp 768w, https:\/\/www.lianyuanceramic.com\/wp-content\/uploads\/2025\/03\/Wholesale-white-serveware-cake-stand-dolomite-tableware-custom-2-18x12.webp 18w, https:\/\/www.lianyuanceramic.com\/wp-content\/uploads\/2025\/03\/Wholesale-white-serveware-cake-stand-dolomite-tableware-custom-2-1200x801.webp 1200w, https:\/\/www.lianyuanceramic.com\/wp-content\/uploads\/2025\/03\/Wholesale-white-serveware-cake-stand-dolomite-tableware-custom-2-600x400.webp 600w\" sizes=\"(max-width: 2944px) 100vw, 2944px\" \/><\/figure>\n<\/div><\/div>\n<\/div>\n\n\n\n<div class=\"wp-block-columns is-layout-flex wp-container-core-columns-is-layout-9d6595d7 wp-block-columns-is-layout-flex\">\n<div class=\"wp-block-column is-layout-flow wp-block-column-is-layout-flow\"><div class=\"wp-block-image\">\n<figure class=\"aligncenter size-full\"><img decoding=\"async\" width=\"2944\" height=\"1965\" src=\"https:\/\/www.lianyuanceramic.com\/wp-content\/uploads\/2025\/03\/Wholesale-white-serveware-cake-stand-dolomite-tableware-custom-2.webp\" alt=\"Gro\u00dfhandel wei\u00df serveware Kuchen Stand, Dolomit Geschirr benutzerdefinierte (2)\" class=\"wp-image-1467\" style=\"object-fit:cover\" srcset=\"https:\/\/www.lianyuanceramic.com\/wp-content\/uploads\/2025\/03\/Wholesale-white-serveware-cake-stand-dolomite-tableware-custom-2.webp 2944w, https:\/\/www.lianyuanceramic.com\/wp-content\/uploads\/2025\/03\/Wholesale-white-serveware-cake-stand-dolomite-tableware-custom-2-300x200.webp 300w, https:\/\/www.lianyuanceramic.com\/wp-content\/uploads\/2025\/03\/Wholesale-white-serveware-cake-stand-dolomite-tableware-custom-2-768x513.webp 768w, https:\/\/www.lianyuanceramic.com\/wp-content\/uploads\/2025\/03\/Wholesale-white-serveware-cake-stand-dolomite-tableware-custom-2-18x12.webp 18w, https:\/\/www.lianyuanceramic.com\/wp-content\/uploads\/2025\/03\/Wholesale-white-serveware-cake-stand-dolomite-tableware-custom-2-1200x801.webp 1200w, https:\/\/www.lianyuanceramic.com\/wp-content\/uploads\/2025\/03\/Wholesale-white-serveware-cake-stand-dolomite-tableware-custom-2-600x400.webp 600w\" sizes=\"(max-width: 2944px) 100vw, 2944px\" \/><\/figure>\n<\/div><\/div>\n\n\n\n<div class=\"wp-block-column is-layout-flow wp-block-column-is-layout-flow\">\n<h2 class=\"wp-block-heading\">Individuelles wei\u00dfes Serviergeschirr Tortenst\u00e4nder<\/h2>\n\n\n\n<p>Lianyuan bietet verschiedene individuelle Geschirroptionen an, die auf die Bed\u00fcrfnisse der Marke oder Modetrends abgestimmt sind und sich ideal f\u00fcr den privaten und gewerblichen Gebrauch eignen.<\/p>\n\n\n\n<p><strong>Entwurf:&nbsp;<\/strong>W\u00e4hlen Sie florale Muster oder entwerfen Sie Ihr eigenes Design.<\/p>\n\n\n\n<p><strong>Zusammensetzung des Sets:<\/strong>&nbsp;Individuelle Keramik-Tassensets mit Kombinationen aus Tassen, Schalen und L\u00f6ffeln.<\/p>\n\n\n\n<p><strong>Gr\u00f6\u00dfe:&nbsp;<\/strong>W\u00e4hlen Sie aus verschiedenen Gr\u00f6\u00dfen f\u00fcr unterschiedliche Mahlzeitenportionen.<\/p>\n\n\n\n<p><strong>Material:<\/strong>&nbsp;Keramik, Porzellan, Knochenporzellan oder erkundigen Sie sich nach Alternativen.<\/p>\n\n\n\n<p><strong>Handwerkliches K\u00f6nnen:&nbsp;<\/strong>Glasurabziehbilder, Ofenwechsel, handbemalt, Reliefmuster oder andere.<\/p>\n\n\n\n<p><strong>Verpackung:&nbsp;<\/strong>Bulk Pack, Farbkarton, Geschenkkarton, Pr\u00e4sentationskarton, Versandkarton, etc.<\/p>\n<\/div>\n<\/div>","protected":false},"excerpt":{"rendered":"<div class=\"D5aOJc vJwDU\" style=\"text-align: left;\">\n<p>Gro\u00dfhandel wei\u00df servieren Geschirr mit Wellenrand Design, einschlie\u00dflich quadratischen Kuchen steht, Cupcake steht, Dessert Schalen Salatsch\u00fcsseln, etc., ist elegant und einzigartig. Direkter Gro\u00dfhandel von Lianyuan Hersteller, kundenspezifischen Service zur Verf\u00fcgung, kontaktieren Sie uns jetzt f\u00fcr weitere Details!<\/p>\n<\/div>\n<h2 class=\"D5aOJc vJwDU\" style=\"text-align: left;\">\u00a0<\/h2>\n<h2 class=\"D5aOJc vJwDU\" style=\"text-align: left;\">Wei\u00dfes Serviergeschirr Parameter:<\/h2>\n<table style=\"border-collapse: collapse; width: 370.82pt;\" border=\"0\" width=\"618\" cellspacing=\"0\" cellpadding=\"0\">\n<tbody>\n<tr style=\"height: 15.60pt;\">\n<td class=\"et3\" style=\"height: 15.60pt; width: 108.00pt;\" width=\"180\" height=\"26\">Hersteller<\/td>\n<td width=\"438\">Lianyuan<\/td>\n<\/tr>\n<tr>\n<td height=\"26\">Produkttyp<\/td>\n<td>Servierplatten, Tortenst\u00e4nder, Cupcake-St\u00e4nder, Salatsch\u00fcssel<\/td>\n<\/tr>\n<tr>\n<td height=\"26\">Muster<\/td>\n<td>Wellenf\u00f6rmiges Design<\/td>\n<\/tr>\n<tr>\n<td height=\"26\">Farbe<\/td>\n<td>Wei\u00df<\/td>\n<\/tr>\n<tr>\n<td height=\"26\">Material<\/td>\n<td>\n<p>Dolomit<\/p>\n<\/td>\n<\/tr>\n<tr>\n<td height=\"26\">Handwerkliches K\u00f6nnen<\/td>\n<td>Wei\u00dfe Glasur<\/td>\n<\/tr>\n<tr>\n<td height=\"26\">Anmeldung<\/td>\n<td>Mikrowellen- und sp\u00fclmaschinenfest, ofenfest<\/td>\n<\/tr>\n<tr>\n<td height=\"26\">Benutzerdefiniert<\/td>\n<td>Farbe\/Gr\u00f6\u00dfe\/Logo\/Verpackung<\/td>\n<\/tr>\n<\/tbody>\n<\/table>","protected":false},"featured_media":1468,"comment_status":"open","ping_status":"closed","template":"","meta":{"_acf_changed":false},"product_brand":[],"product_cat":[19],"product_tag":[32],"class_list":{"0":"post-1462","1":"product","2":"type-product","3":"status-publish","4":"has-post-thumbnail","6":"product_cat-serveware-wholesale","7":"product_tag-dolomite-dinnerware-wholesale","9":"first","10":"instock","11":"shipping-taxable","12":"product-type-simple"},"acf":[],"_links":{"self":[{"href":"https:\/\/www.lianyuanceramic.com\/de\/wp-json\/wp\/v2\/product\/1462","targetHints":{"allow":["GET"]}}],"collection":[{"href":"https:\/\/www.lianyuanceramic.com\/de\/wp-json\/wp\/v2\/product"}],"about":[{"href":"https:\/\/www.lianyuanceramic.com\/de\/wp-json\/wp\/v2\/types\/product"}],"replies":[{"embeddable":true,"href":"https:\/\/www.lianyuanceramic.com\/de\/wp-json\/wp\/v2\/comments?post=1462"}],"wp:featuredmedia":[{"embeddable":true,"href":"https:\/\/www.lianyuanceramic.com\/de\/wp-json\/wp\/v2\/media\/1468"}],"wp:attachment":[{"href":"https:\/\/www.lianyuanceramic.com\/de\/wp-json\/wp\/v2\/media?parent=1462"}],"wp:term":[{"taxonomy":"product_brand","embeddable":true,"href":"https:\/\/www.lianyuanceramic.com\/de\/wp-json\/wp\/v2\/product_brand?post=1462"},{"taxonomy":"product_cat","embeddable":true,"href":"https:\/\/www.lianyuanceramic.com\/de\/wp-json\/wp\/v2\/product_cat?post=1462"},{"taxonomy":"product_tag","embeddable":true,"href":"https:\/\/www.lianyuanceramic.com\/de\/wp-json\/wp\/v2\/product_tag?post=1462"}],"curies":[{"name":"wp","href":"https:\/\/api.w.org\/{rel}","templated":true}]}}