{"id":1442,"date":"2025-03-22T09:43:23","date_gmt":"2025-03-22T09:43:23","guid":{"rendered":"https:\/\/www.lianyuanceramic.com\/?post_type=product&#038;p=1442"},"modified":"2025-03-26T02:51:46","modified_gmt":"2025-03-26T02:51:46","slug":"wedding-tableware-wholesale","status":"publish","type":"product","link":"https:\/\/www.lianyuanceramic.com\/de\/produkt\/wedding-tableware-wholesale\/","title":{"rendered":"Hochzeit Geschirr Gro\u00dfhandel, gewellt Dolomire Geschirr Bulk"},"content":{"rendered":"<div class=\"wp-block-columns is-layout-flex wp-container-core-columns-is-layout-9d6595d7 wp-block-columns-is-layout-flex\">\n<div class=\"wp-block-column is-layout-flow wp-block-column-is-layout-flow\">\n<h2 class=\"wp-block-heading\">Hochzeitsgeschirr Merkmale:<\/h2>\n\n\n\n<p><strong>Nat\u00fcrliches Dolomitmaterial: <\/strong>Hergestellt aus hochwertigem Dolomit, der bei hohen Temperaturen gebrannt wird, ist er hart und langlebig.<\/p>\n\n\n\n<p><strong>Wellenmuster-Design: <\/strong>Die sanfte Wellenkontur unterstreicht die Gesamtschichtung und verbindet moderne und klassische Sch\u00f6nheit.<\/p>\n\n\n\n<p><strong>Nat\u00fcrliche und sanfte Farben:<\/strong> Die einzigartige warme Farbe des Dolomits schafft eine edle Atmosph\u00e4re am Esstisch.<\/p>\n\n\n\n<p><strong>Geeignet f\u00fcr Hochzeiten und elegante Orte: <\/strong>Das einzigartige Tellerdesign umh\u00fcllt die Speisen wie eine Blumenknospe und hebt die k\u00f6stlichen Speisen hervor. Das wei\u00dfe und elegante Design eignet sich f\u00fcr Hochzeiten und andere Anl\u00e4sse.<\/p>\n\n\n\n<p><strong>Diverse Schimmelpilze:<\/strong> F\u00fcr Essteller, Sch\u00fcsseln, Suppenschalen, Servierplatten usw. gibt es mehrere Spezifikationen f\u00fcr das gleiche Design.<\/p>\n<\/div>\n\n\n\n<div class=\"wp-block-column is-layout-flow wp-block-column-is-layout-flow\"><div class=\"wp-block-image\">\n<figure class=\"aligncenter size-full\"><img decoding=\"async\" width=\"1000\" height=\"611\" src=\"https:\/\/www.lianyuanceramic.com\/wp-content\/uploads\/2025\/03\/wedding-tableware-wholesale-1.webp\" alt=\"Hochzeitsgeschirr Gro\u00dfhandel (1)\" class=\"wp-image-1443\" style=\"object-fit:cover\" srcset=\"https:\/\/www.lianyuanceramic.com\/wp-content\/uploads\/2025\/03\/wedding-tableware-wholesale-1.webp 1000w, https:\/\/www.lianyuanceramic.com\/wp-content\/uploads\/2025\/03\/wedding-tableware-wholesale-1-300x183.webp 300w, https:\/\/www.lianyuanceramic.com\/wp-content\/uploads\/2025\/03\/wedding-tableware-wholesale-1-768x469.webp 768w, https:\/\/www.lianyuanceramic.com\/wp-content\/uploads\/2025\/03\/wedding-tableware-wholesale-1-18x12.webp 18w, https:\/\/www.lianyuanceramic.com\/wp-content\/uploads\/2025\/03\/wedding-tableware-wholesale-1-600x367.webp 600w\" sizes=\"(max-width: 1000px) 100vw, 1000px\" \/><\/figure>\n<\/div><\/div>\n<\/div>\n\n\n\n<div class=\"wp-block-columns is-layout-flex wp-container-core-columns-is-layout-9d6595d7 wp-block-columns-is-layout-flex\">\n<div class=\"wp-block-column is-layout-flow wp-block-column-is-layout-flow\"><div class=\"wp-block-image\">\n<figure class=\"aligncenter size-full\"><img decoding=\"async\" width=\"1000\" height=\"611\" src=\"https:\/\/www.lianyuanceramic.com\/wp-content\/uploads\/2025\/03\/wedding-tableware-wholesale-1.webp\" alt=\"Hochzeitsgeschirr Gro\u00dfhandel (1)\" class=\"wp-image-1443\" style=\"object-fit:cover\" srcset=\"https:\/\/www.lianyuanceramic.com\/wp-content\/uploads\/2025\/03\/wedding-tableware-wholesale-1.webp 1000w, https:\/\/www.lianyuanceramic.com\/wp-content\/uploads\/2025\/03\/wedding-tableware-wholesale-1-300x183.webp 300w, https:\/\/www.lianyuanceramic.com\/wp-content\/uploads\/2025\/03\/wedding-tableware-wholesale-1-768x469.webp 768w, https:\/\/www.lianyuanceramic.com\/wp-content\/uploads\/2025\/03\/wedding-tableware-wholesale-1-18x12.webp 18w, https:\/\/www.lianyuanceramic.com\/wp-content\/uploads\/2025\/03\/wedding-tableware-wholesale-1-600x367.webp 600w\" sizes=\"(max-width: 1000px) 100vw, 1000px\" \/><\/figure>\n<\/div><\/div>\n\n\n\n<div class=\"wp-block-column is-layout-flow wp-block-column-is-layout-flow\">\n<h2 class=\"wp-block-heading\">Individuelles Hochzeitsgeschirr<\/h2>\n\n\n\n<p>Lianyuan bietet verschiedene individuelle Geschirroptionen an, die auf die Bed\u00fcrfnisse der Marke oder Modetrends abgestimmt sind und sich ideal f\u00fcr den privaten und gewerblichen Gebrauch eignen.<\/p>\n\n\n\n<p><strong>Entwurf:&nbsp;<\/strong>W\u00e4hlen Sie florale Muster oder entwerfen Sie Ihr eigenes Design.<\/p>\n\n\n\n<p><strong>Zusammensetzung des Sets:<\/strong>&nbsp;Individuelle Keramik-Tassensets mit Kombinationen aus Tassen, Schalen und L\u00f6ffeln.<\/p>\n\n\n\n<p><strong>Gr\u00f6\u00dfe:&nbsp;<\/strong>W\u00e4hlen Sie aus verschiedenen Gr\u00f6\u00dfen f\u00fcr unterschiedliche Mahlzeitenportionen.<\/p>\n\n\n\n<p><strong>Material:<\/strong>&nbsp;Keramik, Porzellan, Knochenporzellan oder erkundigen Sie sich nach Alternativen.<\/p>\n\n\n\n<p><strong>Handwerkliches K\u00f6nnen:&nbsp;<\/strong>Glasurabziehbilder, Ofenwechsel, handbemalt, Reliefmuster oder andere.<\/p>\n\n\n\n<p><strong>Verpackung:&nbsp;<\/strong>Bulk Pack, Farbkarton, Geschenkkarton, Pr\u00e4sentationskarton, Versandkarton, etc.<\/p>\n<\/div>\n<\/div>","protected":false},"excerpt":{"rendered":"<div class=\"D5aOJc vJwDU\" style=\"text-align: left;\">Hochzeitsgeschirr Gro\u00dfhandel, gewellten Rand Design, wei\u00df und elegant f\u00fcr Hochzeiten, Hotels und High-End-Venues. Geben Sie einen vollst\u00e4ndigen Satz von Geschirr in mehreren Spezifikationen, ist der beste Rabatt f\u00fcr Bulk-Anpassung, willkommen zu erkundigen!<\/div>\n<h2 class=\"D5aOJc vJwDU\" style=\"text-align: left;\">Hochzeitsgeschirr Parameter:<\/h2>\n<table style=\"border-collapse: collapse; width: 370.82pt;\" border=\"0\" width=\"618\" cellspacing=\"0\" cellpadding=\"0\">\n<tbody>\n<tr style=\"height: 15.60pt;\">\n<td class=\"et3\" style=\"height: 15.60pt; width: 108.00pt;\" width=\"180\" height=\"26\">Hersteller<\/td>\n<td width=\"438\">Lianyuan<\/td>\n<\/tr>\n<tr>\n<td height=\"26\">Produkttyp<\/td>\n<td>Speiseteller, Schalen, Suppenschalen, Servierplatten<\/td>\n<\/tr>\n<tr>\n<td height=\"26\">Muster<\/td>\n<td>Gewellter Rand, Rund, Rechteckig, Quadratisch<\/td>\n<\/tr>\n<tr>\n<td height=\"26\">Farbe<\/td>\n<td>Wei\u00df<\/td>\n<\/tr>\n<tr>\n<td height=\"26\">Material<\/td>\n<td>\n<p>Dolomit<\/p>\n<\/td>\n<\/tr>\n<tr>\n<td height=\"26\">Handwerkliches K\u00f6nnen<\/td>\n<td>Wei\u00dfe Glasur<\/td>\n<\/tr>\n<tr>\n<td height=\"26\">Anmeldung<\/td>\n<td>Mikrowellen- und sp\u00fclmaschinenfest, ofenfest<\/td>\n<\/tr>\n<tr>\n<td height=\"26\">Benutzerdefiniert<\/td>\n<td>Farbe\/Gr\u00f6\u00dfe\/Logo\/Verpackung<\/td>\n<\/tr>\n<\/tbody>\n<\/table>","protected":false},"featured_media":1444,"comment_status":"open","ping_status":"closed","template":"","meta":{"_acf_changed":false},"product_brand":[],"product_cat":[19],"product_tag":[32],"class_list":{"0":"post-1442","1":"product","2":"type-product","3":"status-publish","4":"has-post-thumbnail","6":"product_cat-serveware-wholesale","7":"product_tag-dolomite-dinnerware-wholesale","9":"first","10":"instock","11":"shipping-taxable","12":"product-type-simple"},"acf":[],"_links":{"self":[{"href":"https:\/\/www.lianyuanceramic.com\/de\/wp-json\/wp\/v2\/product\/1442","targetHints":{"allow":["GET"]}}],"collection":[{"href":"https:\/\/www.lianyuanceramic.com\/de\/wp-json\/wp\/v2\/product"}],"about":[{"href":"https:\/\/www.lianyuanceramic.com\/de\/wp-json\/wp\/v2\/types\/product"}],"replies":[{"embeddable":true,"href":"https:\/\/www.lianyuanceramic.com\/de\/wp-json\/wp\/v2\/comments?post=1442"}],"wp:featuredmedia":[{"embeddable":true,"href":"https:\/\/www.lianyuanceramic.com\/de\/wp-json\/wp\/v2\/media\/1444"}],"wp:attachment":[{"href":"https:\/\/www.lianyuanceramic.com\/de\/wp-json\/wp\/v2\/media?parent=1442"}],"wp:term":[{"taxonomy":"product_brand","embeddable":true,"href":"https:\/\/www.lianyuanceramic.com\/de\/wp-json\/wp\/v2\/product_brand?post=1442"},{"taxonomy":"product_cat","embeddable":true,"href":"https:\/\/www.lianyuanceramic.com\/de\/wp-json\/wp\/v2\/product_cat?post=1442"},{"taxonomy":"product_tag","embeddable":true,"href":"https:\/\/www.lianyuanceramic.com\/de\/wp-json\/wp\/v2\/product_tag?post=1442"}],"curies":[{"name":"wp","href":"https:\/\/api.w.org\/{rel}","templated":true}]}}