{"id":1413,"date":"2025-03-21T03:10:09","date_gmt":"2025-03-21T03:10:09","guid":{"rendered":"https:\/\/www.lianyuanceramic.com\/?post_type=product&#038;p=1413"},"modified":"2025-03-22T09:16:59","modified_gmt":"2025-03-22T09:16:59","slug":"restaurant-dinnerware-wholesale","status":"publish","type":"product","link":"https:\/\/www.lianyuanceramic.com\/de\/produkt\/restaurant-dinnerware-wholesale\/","title":{"rendered":"Restaurant Essgeschirr Gro\u00dfhandel, wei\u00df Dolomire Serviergeschirr Bulk"},"content":{"rendered":"<div class=\"wp-block-columns is-layout-flex wp-container-core-columns-is-layout-9d6595d7 wp-block-columns-is-layout-flex\">\n<div class=\"wp-block-column is-layout-flow wp-block-column-is-layout-flow\">\n<h2 class=\"wp-block-heading\">Restaurant-Geschirr Merkmale:<\/h2>\n\n\n\n<p><strong>Umweltfreundliches Dolomitmaterial:<\/strong> Er besteht aus recyceltem Dolomit, ist leicht, langlebig und wei\u00df.<\/p>\n\n\n\n<p><strong>Wei\u00dfe und glatte Glasur: <\/strong>Durch die Verwendung der Wei\u00dfglasurtechnik ist die Oberfl\u00e4che glatt und gl\u00e4nzend und weist eine hohe Qualit\u00e4t auf.<\/p>\n\n\n\n<p><strong>Geh\u00e4mmertes Design:<\/strong> Das h\u00e4mmernde Design sorgt f\u00fcr ein reiches Gef\u00fchl, minimalistisch und einzigartig.<\/p>\n\n\n\n<p><strong>Mehrere Farboptionen:<\/strong> Neben dem klassischen Wei\u00df gibt es auch aktive rote, blaue und gr\u00fcne, helle Farbkollisionen, geeignet f\u00fcr verschiedene Essensanl\u00e4sse<\/p>\n\n\n\n<p><strong>Mehrere Spezifikationen von Geschirrsets f\u00fcr Restaurants<\/strong>Die Produktpalette umfasst Essteller, Suppensch\u00fcsseln, Tassen, Kaffeetassen, Teekannen usw., die den unterschiedlichen Anforderungen verschiedener Restaurants und Hotels gerecht werden k\u00f6nnen.<\/p>\n<\/div>\n\n\n\n<div class=\"wp-block-column is-layout-flow wp-block-column-is-layout-flow\"><div class=\"wp-block-image\">\n<figure class=\"aligncenter size-full\"><img decoding=\"async\" width=\"2915\" height=\"1648\" src=\"https:\/\/www.lianyuanceramic.com\/wp-content\/uploads\/2025\/03\/Restaurant-Dinnerware-Wholesale-White-Dolomire-Serveware-Bulk-11.webp\" alt=\"Restaurant Essgeschirr Gro\u00dfhandel, wei\u00df Dolomit Serviergeschirr Bulk\" class=\"wp-image-1436\" style=\"object-fit:cover\" srcset=\"https:\/\/www.lianyuanceramic.com\/wp-content\/uploads\/2025\/03\/Restaurant-Dinnerware-Wholesale-White-Dolomire-Serveware-Bulk-11.webp 2915w, https:\/\/www.lianyuanceramic.com\/wp-content\/uploads\/2025\/03\/Restaurant-Dinnerware-Wholesale-White-Dolomire-Serveware-Bulk-11-300x170.webp 300w, https:\/\/www.lianyuanceramic.com\/wp-content\/uploads\/2025\/03\/Restaurant-Dinnerware-Wholesale-White-Dolomire-Serveware-Bulk-11-768x434.webp 768w, https:\/\/www.lianyuanceramic.com\/wp-content\/uploads\/2025\/03\/Restaurant-Dinnerware-Wholesale-White-Dolomire-Serveware-Bulk-11-18x10.webp 18w, https:\/\/www.lianyuanceramic.com\/wp-content\/uploads\/2025\/03\/Restaurant-Dinnerware-Wholesale-White-Dolomire-Serveware-Bulk-11-1200x678.webp 1200w, https:\/\/www.lianyuanceramic.com\/wp-content\/uploads\/2025\/03\/Restaurant-Dinnerware-Wholesale-White-Dolomire-Serveware-Bulk-11-600x339.webp 600w\" sizes=\"(max-width: 2915px) 100vw, 2915px\" \/><\/figure>\n<\/div><\/div>\n<\/div>\n\n\n\n<div class=\"wp-block-columns is-layout-flex wp-container-core-columns-is-layout-9d6595d7 wp-block-columns-is-layout-flex\">\n<div class=\"wp-block-column is-layout-flow wp-block-column-is-layout-flow\"><div class=\"wp-block-image\">\n<figure class=\"aligncenter size-full\"><img decoding=\"async\" width=\"1000\" height=\"615\" src=\"https:\/\/www.lianyuanceramic.com\/wp-content\/uploads\/2025\/03\/Restaurant-Dinnerware-Wholesale-White-Dolomire-Serveware-Bulk-12.webp\" alt=\"Restaurant Essgeschirr Gro\u00dfhandel, wei\u00df Dolomit Serviergeschirr Bulk\" class=\"wp-image-1437\" style=\"object-fit:cover\" srcset=\"https:\/\/www.lianyuanceramic.com\/wp-content\/uploads\/2025\/03\/Restaurant-Dinnerware-Wholesale-White-Dolomire-Serveware-Bulk-12.webp 1000w, https:\/\/www.lianyuanceramic.com\/wp-content\/uploads\/2025\/03\/Restaurant-Dinnerware-Wholesale-White-Dolomire-Serveware-Bulk-12-300x185.webp 300w, https:\/\/www.lianyuanceramic.com\/wp-content\/uploads\/2025\/03\/Restaurant-Dinnerware-Wholesale-White-Dolomire-Serveware-Bulk-12-768x472.webp 768w, https:\/\/www.lianyuanceramic.com\/wp-content\/uploads\/2025\/03\/Restaurant-Dinnerware-Wholesale-White-Dolomire-Serveware-Bulk-12-18x12.webp 18w, https:\/\/www.lianyuanceramic.com\/wp-content\/uploads\/2025\/03\/Restaurant-Dinnerware-Wholesale-White-Dolomire-Serveware-Bulk-12-600x369.webp 600w\" sizes=\"(max-width: 1000px) 100vw, 1000px\" \/><\/figure>\n<\/div><\/div>\n\n\n\n<div class=\"wp-block-column is-layout-flow wp-block-column-is-layout-flow\">\n<h2 class=\"wp-block-heading\">Individuelles Restaurantgeschirr <\/h2>\n\n\n\n<p>Lianyuan bietet verschiedene individuelle Geschirroptionen an, die auf die Bed\u00fcrfnisse der Marke oder Modetrends abgestimmt sind und sich ideal f\u00fcr den privaten und gewerblichen Gebrauch eignen.<\/p>\n\n\n\n<p><strong>Entwurf:&nbsp;<\/strong>W\u00e4hlen Sie florale Muster oder entwerfen Sie Ihr eigenes Design.<\/p>\n\n\n\n<p><strong>Zusammensetzung des Sets:<\/strong>&nbsp;Individuelle Keramik-Tassensets mit Kombinationen aus Tassen, Schalen und L\u00f6ffeln.<\/p>\n\n\n\n<p><strong>Gr\u00f6\u00dfe:&nbsp;<\/strong>W\u00e4hlen Sie aus verschiedenen Gr\u00f6\u00dfen f\u00fcr unterschiedliche Mahlzeitenportionen.<\/p>\n\n\n\n<p><strong>Material:<\/strong>&nbsp;Keramik, Porzellan, Knochenporzellan oder erkundigen Sie sich nach Alternativen.<\/p>\n\n\n\n<p><strong>Handwerkliches K\u00f6nnen:&nbsp;<\/strong>Glasurabziehbilder, Ofenwechsel, handbemalt, Reliefmuster oder andere.<\/p>\n\n\n\n<p><strong>Verpackung:&nbsp;<\/strong>Bulk Pack, Farbkarton, Geschenkkarton, Displaying Box, Mailer Box etc.<\/p>\n<\/div>\n<\/div>","protected":false},"excerpt":{"rendered":"<div class=\"D5aOJc vJwDU\" style=\"text-align: left;\">Willkommen im Gro\u00dfhandel Restaurant Geschirr mit geh\u00e4mmert Oberfl\u00e4che, verschiedene Spezifikationen, einfache und exquisite Serviergeschirr Sets f\u00fcr Restaurants. Fabrik Direktvertrieb, sind Bulk-Anpassung Rabatte zur Verf\u00fcgung, jetzt konsultieren!<\/div>\n<h2 class=\"D5aOJc vJwDU\" style=\"text-align: left;\">Restaurantgeschirr Parameter:<\/h2>\n<table style=\"border-collapse: collapse; width: 370.82pt;\" border=\"0\" width=\"618\" cellspacing=\"0\" cellpadding=\"0\">\n<tbody>\n<tr style=\"height: 15.60pt;\">\n<td class=\"et3\" style=\"height: 15.60pt; width: 108.00pt;\" width=\"180\" height=\"26\">Hersteller<\/td>\n<td width=\"438\">Lianyuan<\/td>\n<\/tr>\n<tr>\n<td height=\"26\">Produkttyp<\/td>\n<td>Teller, Sch\u00fcsseln, Suppenschalen, Becher, Teetassen und Kannen<\/td>\n<\/tr>\n<tr>\n<td height=\"26\">Muster<\/td>\n<td>Geh\u00e4mmertes Design<\/td>\n<\/tr>\n<tr>\n<td height=\"26\">Farbe<\/td>\n<td>Wei\u00df<\/td>\n<\/tr>\n<tr>\n<td height=\"26\">Material<\/td>\n<td>\n<p>Dolomit<\/p>\n<\/td>\n<\/tr>\n<tr>\n<td height=\"26\">Handwerkliches K\u00f6nnen<\/td>\n<td>Wei\u00dfe Glasur<\/td>\n<\/tr>\n<tr>\n<td height=\"26\">Anmeldung<\/td>\n<td>Mikrowellen- und sp\u00fclmaschinenfest, ofenfest<\/td>\n<\/tr>\n<tr>\n<td height=\"26\">Benutzerdefiniert<\/td>\n<td>Farbe\/Gr\u00f6\u00dfe\/Logo\/Verpackung<\/td>\n<\/tr>\n<\/tbody>\n<\/table>","protected":false},"featured_media":1429,"comment_status":"open","ping_status":"closed","template":"","meta":{"_acf_changed":false},"product_brand":[],"product_cat":[19,17],"product_tag":[32],"class_list":{"0":"post-1413","1":"product","2":"type-product","3":"status-publish","4":"has-post-thumbnail","6":"product_cat-serveware-wholesale","7":"product_cat-dinnerware-wholesale","8":"product_tag-dolomite-dinnerware-wholesale","10":"first","11":"instock","12":"shipping-taxable","13":"product-type-simple"},"acf":[],"_links":{"self":[{"href":"https:\/\/www.lianyuanceramic.com\/de\/wp-json\/wp\/v2\/product\/1413","targetHints":{"allow":["GET"]}}],"collection":[{"href":"https:\/\/www.lianyuanceramic.com\/de\/wp-json\/wp\/v2\/product"}],"about":[{"href":"https:\/\/www.lianyuanceramic.com\/de\/wp-json\/wp\/v2\/types\/product"}],"replies":[{"embeddable":true,"href":"https:\/\/www.lianyuanceramic.com\/de\/wp-json\/wp\/v2\/comments?post=1413"}],"wp:featuredmedia":[{"embeddable":true,"href":"https:\/\/www.lianyuanceramic.com\/de\/wp-json\/wp\/v2\/media\/1429"}],"wp:attachment":[{"href":"https:\/\/www.lianyuanceramic.com\/de\/wp-json\/wp\/v2\/media?parent=1413"}],"wp:term":[{"taxonomy":"product_brand","embeddable":true,"href":"https:\/\/www.lianyuanceramic.com\/de\/wp-json\/wp\/v2\/product_brand?post=1413"},{"taxonomy":"product_cat","embeddable":true,"href":"https:\/\/www.lianyuanceramic.com\/de\/wp-json\/wp\/v2\/product_cat?post=1413"},{"taxonomy":"product_tag","embeddable":true,"href":"https:\/\/www.lianyuanceramic.com\/de\/wp-json\/wp\/v2\/product_tag?post=1413"}],"curies":[{"name":"wp","href":"https:\/\/api.w.org\/{rel}","templated":true}]}}