{"id":1411,"date":"2025-03-26T07:29:30","date_gmt":"2025-03-26T07:29:30","guid":{"rendered":"https:\/\/www.lianyuanceramic.com\/?post_type=product&#038;p=1411"},"modified":"2025-03-27T07:39:01","modified_gmt":"2025-03-27T07:39:01","slug":"wholesale-vintage-blue-and-white-dinnerware","status":"publish","type":"product","link":"https:\/\/www.lianyuanceramic.com\/de\/produkt\/wholesale-vintage-blue-and-white-dinnerware\/","title":{"rendered":"Gro\u00dfhandel Vintage blau und wei\u00df Geschirr, Keramik-Geschirr Bulk"},"content":{"rendered":"<div class=\"wp-block-image\">\n<figure class=\"aligncenter size-full\"><img decoding=\"async\" width=\"4741\" height=\"2671\" src=\"https:\/\/www.lianyuanceramic.com\/wp-content\/uploads\/2025\/03\/wholesale-vintage-blue-and-white-dinnerware.webp\" alt=\"Gro\u00dfhandel mit blauem und wei\u00dfem Vintage-Geschirr\" class=\"wp-image-1410\" style=\"object-fit:cover\" srcset=\"https:\/\/www.lianyuanceramic.com\/wp-content\/uploads\/2025\/03\/wholesale-vintage-blue-and-white-dinnerware.webp 4741w, https:\/\/www.lianyuanceramic.com\/wp-content\/uploads\/2025\/03\/wholesale-vintage-blue-and-white-dinnerware-300x169.webp 300w, https:\/\/www.lianyuanceramic.com\/wp-content\/uploads\/2025\/03\/wholesale-vintage-blue-and-white-dinnerware-768x433.webp 768w, https:\/\/www.lianyuanceramic.com\/wp-content\/uploads\/2025\/03\/wholesale-vintage-blue-and-white-dinnerware-18x10.webp 18w, https:\/\/www.lianyuanceramic.com\/wp-content\/uploads\/2025\/03\/wholesale-vintage-blue-and-white-dinnerware-1200x676.webp 1200w, https:\/\/www.lianyuanceramic.com\/wp-content\/uploads\/2025\/03\/wholesale-vintage-blue-and-white-dinnerware-600x338.webp 600w\" sizes=\"(max-width: 4741px) 100vw, 4741px\" \/><\/figure>\n<\/div>\n\n\n<div class=\"wp-block-columns is-layout-flex wp-container-core-columns-is-layout-9d6595d7 wp-block-columns-is-layout-flex\">\n<div class=\"wp-block-column is-layout-flow wp-block-column-is-layout-flow\">\n<h2 class=\"wp-block-heading\">Blaues und wei\u00dfes Vintage-Geschirr Merkmale:<\/h2>\n\n\n\n<p><strong>Klassisches Retro-Design: <\/strong>In Anlehnung an den k\u00fcnstlerischen Stil des europ\u00e4ischen Blau-Wei\u00df-Porzellans aus dem 18. und 19. Jahrhundert, kombiniert mit Elementen des orientalischen Blau-Wei\u00df-Porzellans, pr\u00e4sentiert es ein aristokratisches Retro-Temperament.<\/p>\n\n\n\n<p><strong>Hochwertiges keramisches Material: <\/strong>Hochwertige, bei hohen Temperaturen gebrannte Keramik, die langlebig ist, nicht leicht bricht und f\u00fcr den langfristigen Gebrauch geeignet ist.<\/p>\n\n\n\n<p><strong>In-Glaze-Abziehbild-Technologie: <\/strong>Das In-Glasur-Abziehbildverfahren wird verwendet, um das Muster in die Glasurschicht unter Hochtemperaturbrand zu integrieren, und die Oberfl\u00e4che ist glatt und nicht leicht zu verkratzen. Halten Sie helle Farben f\u00fcr eine lange Zeit, um die Haltbarkeit und Sch\u00f6nheit des Geschirrs zu gew\u00e4hrleisten.<\/p>\n\n\n\n<p><strong>Eine Vielzahl von Formen und reichen Kombinationen<\/strong>:<br><strong>Ein komplettes Sortiment an Geschirr:<\/strong> einschlie\u00dflich gro\u00dfer Platten, Essteller, Suppensch\u00fcsseln, Teesets, Dessertst\u00e4nder usw., um den unterschiedlichen Anforderungen der Gastronomie gerecht zu werden.<br><strong>Einzigartige Formgebung: <\/strong>Einige Teller sind mit Spitzen, gewellten und geschnitzten R\u00e4ndern versehen, um einen dreidimensionalen und mehrschichtigen Eindruck zu vermitteln.<br><strong>Tabletts mit hohen F\u00fc\u00dfen und Retro-Teesets: <\/strong>F\u00fcgen Sie Dessertteller mit hohem Fu\u00df und Teekannen mit Retro-Ausgie\u00dfer hinzu, um den Gesamteindruck von Raffinesse zu verst\u00e4rken.<\/p>\n\n\n\n<p><strong>Anwendbar auf eine Vielzahl von Szenarien, Unterst\u00fctzung der Batch-Anpassung: <\/strong>geeignet f\u00fcr gehobene Hotels, Caf\u00e9s, Restaurants, Hochzeitsbankette, Geschenkm\u00e4rkte und andere gewerbliche Zwecke.<\/p>\n<\/div>\n\n\n\n<div class=\"wp-block-column is-layout-flow wp-block-column-is-layout-flow\">\n<h2 class=\"wp-block-heading\">Individuelles Vintage-Geschirr in Blau und Wei\u00df:<\/h2>\n\n\n\n<p>Lianyuan bietet verschiedene individuelle Geschirroptionen an, die auf die Bed\u00fcrfnisse der Marke oder Modetrends abgestimmt sind und sich ideal f\u00fcr den privaten und gewerblichen Gebrauch eignen.<\/p>\n\n\n\n<p><strong>Entwurf:&nbsp;<\/strong>Einfarbiges Design<\/p>\n\n\n\n<p><strong>Zusammensetzung des Sets:<\/strong>&nbsp;Individuelle Keramik-Tassensets mit Kombinationen aus Tassen, Schalen und L\u00f6ffeln.<\/p>\n\n\n\n<p><strong>Gr\u00f6\u00dfe:&nbsp;<\/strong>W\u00e4hlen Sie aus verschiedenen Gr\u00f6\u00dfen f\u00fcr unterschiedliche Mahlzeitenportionen.<\/p>\n\n\n\n<p><strong>Material:<\/strong>&nbsp;Keramik, Porzellan, Knochenporzellan oder erkundigen Sie sich nach Alternativen.<\/p>\n\n\n\n<p><strong>Handwerkliches K\u00f6nnen:&nbsp;<\/strong>Glasurabziehbilder, Ofenwechsel, handbemalt, Reliefmuster oder andere.<\/p>\n\n\n\n<p><strong>Verpackung:&nbsp;<\/strong>Bulk Pack, Farbkarton, Geschenkkarton, Pr\u00e4sentationskarton, Versandkarton, etc.<\/p>\n<\/div>\n<\/div>","protected":false},"excerpt":{"rendered":"<div class=\"D5aOJc vJwDU\">\n<div data-zone-id=\"0\" data-line-index=\"0\" data-line=\"true\">\n<p>Gro\u00dfhandel Vintage Blau und Wei\u00df Geschirr, klassische britische Retro-Stil, hochwertige Verarbeitung, exquisite Details, geeignet f\u00fcr High-End-Hotels, Caf\u00e9s, Franz\u00f6sisch Dessert-Shops, britischen Nachmittagstee H\u00e4user, Geschenkm\u00e4rkte. Fabrikverkauf, Unterst\u00fctzung Gro\u00dfhandel Anpassung, stabile Versorgung! Willkommen zu erkundigen!<\/p>\n<\/div>\n<\/div>\n<h2>Blaues und wei\u00dfes Vintage-Geschirr Parameter:<\/h2>\n<table style=\"border-collapse: collapse; width: 370.82pt;\" border=\"0\" width=\"618\" cellspacing=\"0\" cellpadding=\"0\">\n<tbody>\n<tr style=\"height: 15.60pt;\">\n<td class=\"et3\" style=\"height: 15.60pt; width: 108.00pt;\" width=\"180\" height=\"26\">Hersteller<\/td>\n<td class=\"et3\" style=\"width: 263.25pt;\" width=\"438\">Lianyuan<\/td>\n<\/tr>\n<tr style=\"height: 15.60pt;\">\n<td class=\"et3\" style=\"height: 15.60pt;\" height=\"26\">Produkttyp<\/td>\n<td class=\"et3\">\u00a0Gro\u00dfe Platten, Speiseteller, Suppenschalen, Teesets, Dessertst\u00e4nder, etc.<\/td>\n<\/tr>\n<tr style=\"height: 15.60pt;\">\n<td class=\"et3\" style=\"height: 15.60pt;\" height=\"26\">Muster<\/td>\n<td class=\"et3\">Antiker britischer Stil<\/td>\n<\/tr>\n<tr style=\"height: 15.60pt;\">\n<td class=\"et3\" style=\"height: 15.60pt;\" height=\"26\">Farbe<\/td>\n<td class=\"et3\">Blau und Wei\u00df<\/td>\n<\/tr>\n<tr style=\"height: 15.60pt;\">\n<td class=\"et3\" style=\"height: 15.60pt;\" height=\"26\">Material<\/td>\n<td class=\"et3\">Dauerhaftes Porzellan<\/td>\n<\/tr>\n<tr style=\"height: 15.60pt;\">\n<td class=\"et3\" style=\"height: 15.60pt;\" height=\"26\">Handwerkliches K\u00f6nnen<\/td>\n<td class=\"et3\">In-Glaze Deacl\u00a0<\/td>\n<\/tr>\n<tr style=\"height: 15.60pt;\">\n<td class=\"et3\" style=\"height: 15.60pt;\" height=\"26\">Anmeldung<\/td>\n<td class=\"et3\">Mikrowellen- und sp\u00fclmaschinenfest, ofenfest<\/td>\n<\/tr>\n<tr style=\"height: 15.60pt;\">\n<td class=\"et3\" style=\"height: 15.60pt;\" height=\"26\">Benutzerdefiniert<\/td>\n<td class=\"et3\">Farbe\/Gr\u00f6\u00dfe\/Logo\/Verpackung<\/td>\n<\/tr>\n<\/tbody>\n<\/table>","protected":false},"featured_media":1461,"comment_status":"open","ping_status":"closed","template":"","meta":{"_acf_changed":false},"product_brand":[],"product_cat":[17,18,19],"product_tag":[30,27],"class_list":{"0":"post-1411","1":"product","2":"type-product","3":"status-publish","4":"has-post-thumbnail","6":"product_cat-dinnerware-wholesale","7":"product_cat-wholesale-custom-tea-set","8":"product_cat-serveware-wholesale","9":"product_tag-custom-porcelain-dinnerware","10":"product_tag-wholesale-decal-ceramics","12":"first","13":"instock","14":"shipping-taxable","15":"product-type-simple"},"acf":[],"_links":{"self":[{"href":"https:\/\/www.lianyuanceramic.com\/de\/wp-json\/wp\/v2\/product\/1411","targetHints":{"allow":["GET"]}}],"collection":[{"href":"https:\/\/www.lianyuanceramic.com\/de\/wp-json\/wp\/v2\/product"}],"about":[{"href":"https:\/\/www.lianyuanceramic.com\/de\/wp-json\/wp\/v2\/types\/product"}],"replies":[{"embeddable":true,"href":"https:\/\/www.lianyuanceramic.com\/de\/wp-json\/wp\/v2\/comments?post=1411"}],"wp:featuredmedia":[{"embeddable":true,"href":"https:\/\/www.lianyuanceramic.com\/de\/wp-json\/wp\/v2\/media\/1461"}],"wp:attachment":[{"href":"https:\/\/www.lianyuanceramic.com\/de\/wp-json\/wp\/v2\/media?parent=1411"}],"wp:term":[{"taxonomy":"product_brand","embeddable":true,"href":"https:\/\/www.lianyuanceramic.com\/de\/wp-json\/wp\/v2\/product_brand?post=1411"},{"taxonomy":"product_cat","embeddable":true,"href":"https:\/\/www.lianyuanceramic.com\/de\/wp-json\/wp\/v2\/product_cat?post=1411"},{"taxonomy":"product_tag","embeddable":true,"href":"https:\/\/www.lianyuanceramic.com\/de\/wp-json\/wp\/v2\/product_tag?post=1411"}],"curies":[{"name":"wp","href":"https:\/\/api.w.org\/{rel}","templated":true}]}}