{"id":1308,"date":"2025-03-06T10:02:45","date_gmt":"2025-03-06T10:02:45","guid":{"rendered":"https:\/\/www.lianyuanceramic.com\/?post_type=product&#038;p=1308"},"modified":"2025-03-06T10:22:03","modified_gmt":"2025-03-06T10:22:03","slug":"tea-cup-and-saucer-set-bulk","status":"publish","type":"product","link":"https:\/\/www.lianyuanceramic.com\/de\/produkt\/tea-cup-and-saucer-set-bulk\/","title":{"rendered":"Teetasse und Untertasse Set Bulk, keramische Kaffeetassen Gro\u00dfhandel"},"content":{"rendered":"<div class=\"wp-block-columns is-layout-flex wp-container-core-columns-is-layout-9d6595d7 wp-block-columns-is-layout-flex\">\n<div class=\"wp-block-column is-layout-flow wp-block-column-is-layout-flow\">\n<h2 class=\"wp-block-heading\">Merkmale des Sets aus Teetasse und Untertasse:<\/h2>\n\n\n\n<p><strong>Elegantes florales Muster:<\/strong> eine Vielzahl von floralen Mustern, nat\u00fcrlich und elegant, machen den Tee kunstvoll und wertsch\u00e4tzend<\/p>\n\n\n\n<p><strong>Glatte Glasur, leuchtende Farben:<\/strong> mit Glasur Abziehbilder, nahtlos auf die Teetasse geklebt, so dass die Oberfl\u00e4che der Teetasse glatt, reich an Farbe, nicht leicht zu verblassen, hochwertige Touch.<\/p>\n\n\n\n<p><strong>Sicheres keramisches Material: <\/strong>Verwendung von sicherem und ungiftigem Porzellanmaterial, rissfest, kann lange Zeit verwendet werden<\/p>\n\n\n\n<p><strong>Kombination aus Tasse und Untertasse:<\/strong> der gleiche Stil Design der Tasse und Untertasse Kombination, bieten eine Vielzahl von Blumenmuster Optionen, k\u00f6nnen Verpackung, Farbe und Muster angepasst werden, geeignet f\u00fcr elegante Nachmittagstee.<\/p>\n\n\n\n<h2 class=\"wp-block-heading\">Individuelles Set aus Teetasse und Untertasse:<\/h2>\n\n\n\n<p>Egal, ob Sie die Marke anpassen oder ein neues Produkt entwerfen m\u00f6chten, teilen Sie uns jetzt Ihre Ideen mit. Unser Team f\u00fcr Design und Formenbau kann Ihre unbegrenzten Bed\u00fcrfnisse erf\u00fcllen.<\/p>\n\n\n\n<p><strong>Entwurf:&nbsp;<\/strong>W\u00e4hlen Sie florale Muster oder entwerfen Sie Ihr eigenes Design.<\/p>\n\n\n\n<p><strong>Zusammensetzung des Sets:<\/strong>&nbsp;Individuelle Keramik-Tassensets mit Kombinationen aus Tassen, Schalen und L\u00f6ffeln.<\/p>\n\n\n\n<p><strong>Gr\u00f6\u00dfe:&nbsp;<\/strong>W\u00e4hlen Sie aus verschiedenen Gr\u00f6\u00dfen f\u00fcr unterschiedliche Mahlzeitenportionen.<\/p>\n\n\n\n<p><strong>Material:<\/strong>&nbsp;Keramik, Porzellan, Knochenporzellan oder erkundigen Sie sich nach Alternativen.<\/p>\n\n\n\n<p><strong>Handwerkliches K\u00f6nnen:&nbsp;<\/strong>Glasurabziehbilder, Ofenwechsel, handbemalt, Reliefmuster oder andere.<\/p>\n\n\n\n<p><strong>Verpackung:&nbsp;<\/strong>Bulk Pack, Farbkarton, Geschenkkarton, Displaying Box, Mailer Box etc.<\/p>\n<\/div>\n\n\n\n<div class=\"wp-block-column is-layout-flow wp-block-column-is-layout-flow\">\n<figure class=\"wp-block-image size-full\"><img decoding=\"async\" width=\"4160\" height=\"5654\" src=\"https:\/\/www.lianyuanceramic.com\/wp-content\/uploads\/2025\/03\/tea-cup-and-saucer-set-bulk-coffee-cups-4.webp\" alt=\"Teetasse und Untertasse Set lose Kaffeetassen\" class=\"wp-image-1312\" srcset=\"https:\/\/www.lianyuanceramic.com\/wp-content\/uploads\/2025\/03\/tea-cup-and-saucer-set-bulk-coffee-cups-4.webp 4160w, https:\/\/www.lianyuanceramic.com\/wp-content\/uploads\/2025\/03\/tea-cup-and-saucer-set-bulk-coffee-cups-4-221x300.webp 221w, https:\/\/www.lianyuanceramic.com\/wp-content\/uploads\/2025\/03\/tea-cup-and-saucer-set-bulk-coffee-cups-4-768x1044.webp 768w, https:\/\/www.lianyuanceramic.com\/wp-content\/uploads\/2025\/03\/tea-cup-and-saucer-set-bulk-coffee-cups-4-9x12.webp 9w, https:\/\/www.lianyuanceramic.com\/wp-content\/uploads\/2025\/03\/tea-cup-and-saucer-set-bulk-coffee-cups-4-1200x1631.webp 1200w, https:\/\/www.lianyuanceramic.com\/wp-content\/uploads\/2025\/03\/tea-cup-and-saucer-set-bulk-coffee-cups-4-600x815.webp 600w\" sizes=\"(max-width: 4160px) 100vw, 4160px\" \/><\/figure>\n<\/div>\n<\/div>","protected":false},"excerpt":{"rendered":"<div class=\"D5aOJc vJwDU\">Elegante Teetasse und Untertasse Set in loser Sch\u00fcttung, reiche florale Muster Designs, geeignet f\u00fcr Nachmittagstee und Kaffee. Anpassbare Verpackung, Logo, etc., um eine einzigartige Marke f\u00fcr Sie zu schaffen, willkommen, uns f\u00fcr erschwingliche kundenspezifische L\u00f6sungen zu kontaktieren!<\/div>\n<h2>Parameter des Sets aus Teetasse und Untertasse:<\/h2>\n<table style=\"border-collapse: collapse; width: 370.82pt;\" border=\"0\" width=\"618\" cellspacing=\"0\" cellpadding=\"0\">\n<tbody>\n<tr style=\"height: 15.60pt;\">\n<td class=\"et3\" style=\"height: 15.60pt; width: 108.00pt;\" width=\"180\" height=\"26\">Hersteller<\/td>\n<td class=\"et3\" style=\"width: 263.25pt;\" width=\"438\">Lianyuan<\/td>\n<\/tr>\n<tr style=\"height: 15.60pt;\">\n<td class=\"et3\" style=\"height: 15.60pt;\" height=\"26\">Produkttyp<\/td>\n<td class=\"et3\">Teetassen &amp; Untertassen, Kaffeetassen<\/td>\n<\/tr>\n<tr style=\"height: 15.60pt;\">\n<td class=\"et3\" style=\"height: 15.60pt;\" height=\"26\">Muster<\/td>\n<td class=\"et3\">Blumen<\/td>\n<\/tr>\n<tr style=\"height: 15.60pt;\">\n<td class=\"et3\" style=\"height: 15.60pt;\" height=\"26\">Farbe<\/td>\n<td class=\"et3\">Buntes<\/td>\n<\/tr>\n<tr style=\"height: 15.60pt;\">\n<td class=\"et3\" style=\"height: 15.60pt;\" height=\"26\">Material<\/td>\n<td class=\"et3\">Dauerhaftes Porzellan<\/td>\n<\/tr>\n<tr style=\"height: 15.60pt;\">\n<td class=\"et3\" style=\"height: 15.60pt;\" height=\"26\">Handwerkliches K\u00f6nnen<\/td>\n<td class=\"et3\">In-Glasiertes Abziehbild, Handbemalung<\/td>\n<\/tr>\n<tr style=\"height: 15.60pt;\">\n<td class=\"et3\" style=\"height: 15.60pt;\" height=\"26\">Anmeldung<\/td>\n<td class=\"et3\">Mikrowellen- und sp\u00fclmaschinenfest, ofenfest<\/td>\n<\/tr>\n<tr style=\"height: 15.60pt;\">\n<td class=\"et3\" style=\"height: 15.60pt;\" height=\"26\">Benutzerdefiniert<\/td>\n<td class=\"et3\">Farbe\/Gr\u00f6\u00dfe\/Logo\/Verpackung<\/td>\n<\/tr>\n<\/tbody>\n<\/table>","protected":false},"featured_media":1310,"comment_status":"open","ping_status":"closed","template":"","meta":{"_acf_changed":false},"product_brand":[],"product_cat":[18],"product_tag":[30,29,27],"class_list":{"0":"post-1308","1":"product","2":"type-product","3":"status-publish","4":"has-post-thumbnail","6":"product_cat-wholesale-custom-tea-set","7":"product_tag-custom-porcelain-dinnerware","8":"product_tag-hand-painted-embossed-dinnerware-wholesale","9":"product_tag-wholesale-decal-ceramics","11":"first","12":"instock","13":"shipping-taxable","14":"product-type-simple"},"acf":[],"_links":{"self":[{"href":"https:\/\/www.lianyuanceramic.com\/de\/wp-json\/wp\/v2\/product\/1308","targetHints":{"allow":["GET"]}}],"collection":[{"href":"https:\/\/www.lianyuanceramic.com\/de\/wp-json\/wp\/v2\/product"}],"about":[{"href":"https:\/\/www.lianyuanceramic.com\/de\/wp-json\/wp\/v2\/types\/product"}],"replies":[{"embeddable":true,"href":"https:\/\/www.lianyuanceramic.com\/de\/wp-json\/wp\/v2\/comments?post=1308"}],"wp:featuredmedia":[{"embeddable":true,"href":"https:\/\/www.lianyuanceramic.com\/de\/wp-json\/wp\/v2\/media\/1310"}],"wp:attachment":[{"href":"https:\/\/www.lianyuanceramic.com\/de\/wp-json\/wp\/v2\/media?parent=1308"}],"wp:term":[{"taxonomy":"product_brand","embeddable":true,"href":"https:\/\/www.lianyuanceramic.com\/de\/wp-json\/wp\/v2\/product_brand?post=1308"},{"taxonomy":"product_cat","embeddable":true,"href":"https:\/\/www.lianyuanceramic.com\/de\/wp-json\/wp\/v2\/product_cat?post=1308"},{"taxonomy":"product_tag","embeddable":true,"href":"https:\/\/www.lianyuanceramic.com\/de\/wp-json\/wp\/v2\/product_tag?post=1308"}],"curies":[{"name":"wp","href":"https:\/\/api.w.org\/{rel}","templated":true}]}}