{"id":1225,"date":"2025-02-27T09:54:55","date_gmt":"2025-02-27T09:54:55","guid":{"rendered":"https:\/\/www.lianyuanceramic.com\/?post_type=product&#038;p=1225"},"modified":"2025-02-27T09:54:56","modified_gmt":"2025-02-27T09:54:56","slug":"wholesale-ceramic-dinnerware","status":"publish","type":"product","link":"https:\/\/www.lianyuanceramic.com\/de\/produkt\/wholesale-ceramic-dinnerware\/","title":{"rendered":"Gro\u00dfhandel Keramik Geschirr gepr\u00e4gte wei\u00dfe Geschirr Bulk"},"content":{"rendered":"<div class=\"wp-block-columns is-layout-flex wp-container-core-columns-is-layout-9d6595d7 wp-block-columns-is-layout-flex\">\n<div class=\"wp-block-column is-layout-flow wp-block-column-is-layout-flow\">\n<h2 class=\"wp-block-heading\">Keramikgeschirr Merkmale:<\/h2>\n\n\n\n<p><strong>Gepr\u00e4gtes Muster:<\/strong> gepr\u00e4gte Haptik, handgeb\u00fcrstete Farbgebung, einzigartig und hochwertig.<\/p>\n\n\n\n<p><strong>Klassische Farbe, minimalistisch und elegant:<\/strong> wei\u00df\/cremewei\u00df, passt zu verschiedenen Tischformen und Anl\u00e4ssen und schafft eine elegante Essatmosph\u00e4re.<\/p>\n\n\n\n<p><strong>Hochwertiges Porzellan:<\/strong> langlebig und verschlei\u00dffest, gl\u00e4nzend und glatt, hohe Qualit\u00e4t<\/p>\n\n\n\n<p><strong>Verschiedene Gr\u00f6\u00dfen: <\/strong>bieten eine Vielzahl von Gr\u00f6\u00dfenoptionen f\u00fcr unterschiedliche Anl\u00e4sse und Anforderungen an die Platzierung von Lebensmitteln.<\/p>\n\n\n\n<h2 class=\"wp-block-heading\">Individuelles Keramikgeschirr :<\/h2>\n\n\n\n<p>Lianyuan bietet verschiedene individuelle Geschirroptionen an, die auf die Bed\u00fcrfnisse der Marke oder Modetrends abgestimmt sind und sich ideal f\u00fcr den privaten und gewerblichen Gebrauch eignen.<\/p>\n\n\n\n<p><strong>Entwurf:&nbsp;<\/strong>Unifarbenes Spitzendesign<\/p>\n\n\n\n<p><strong>Zusammensetzung des Sets:<\/strong>&nbsp;Individuelle Keramik-Tassensets mit Kombinationen aus Tassen, Schalen und L\u00f6ffeln.<\/p>\n\n\n\n<p><strong>Gr\u00f6\u00dfe:&nbsp;<\/strong>W\u00e4hlen Sie aus verschiedenen Gr\u00f6\u00dfen f\u00fcr unterschiedliche Mahlzeitenportionen.<\/p>\n\n\n\n<p><strong>Material:<\/strong>&nbsp;Keramik, Porzellan, Knochenporzellan oder erkundigen Sie sich nach Alternativen.<\/p>\n\n\n\n<p><strong>Handwerkliches K\u00f6nnen:&nbsp;<\/strong>Glasurabziehbilder, Ofenwechsel, handbemalt, Reliefmuster oder andere.<\/p>\n\n\n\n<p><strong>Verpackung:&nbsp;<\/strong>Bulk Pack, Farbkarton, Geschenkkarton, Displaying Box, Mailer Box etc.<\/p>\n<\/div>\n\n\n\n<div class=\"wp-block-column is-layout-flow wp-block-column-is-layout-flow\">\n<figure class=\"wp-block-image size-full\"><img decoding=\"async\" width=\"3184\" height=\"3184\" src=\"https:\/\/www.lianyuanceramic.com\/wp-content\/uploads\/2025\/02\/wholesale-ceramic-dinnerware.webp\" alt=\"Gro\u00dfhandel mit Keramikgeschirr\" class=\"wp-image-1226\" srcset=\"https:\/\/www.lianyuanceramic.com\/wp-content\/uploads\/2025\/02\/wholesale-ceramic-dinnerware.webp 3184w, https:\/\/www.lianyuanceramic.com\/wp-content\/uploads\/2025\/02\/wholesale-ceramic-dinnerware-300x300.webp 300w, https:\/\/www.lianyuanceramic.com\/wp-content\/uploads\/2025\/02\/wholesale-ceramic-dinnerware-150x150.webp 150w, https:\/\/www.lianyuanceramic.com\/wp-content\/uploads\/2025\/02\/wholesale-ceramic-dinnerware-768x768.webp 768w, https:\/\/www.lianyuanceramic.com\/wp-content\/uploads\/2025\/02\/wholesale-ceramic-dinnerware-12x12.webp 12w, https:\/\/www.lianyuanceramic.com\/wp-content\/uploads\/2025\/02\/wholesale-ceramic-dinnerware-1200x1200.webp 1200w, https:\/\/www.lianyuanceramic.com\/wp-content\/uploads\/2025\/02\/wholesale-ceramic-dinnerware-600x600.webp 600w, https:\/\/www.lianyuanceramic.com\/wp-content\/uploads\/2025\/02\/wholesale-ceramic-dinnerware-100x100.webp 100w\" sizes=\"(max-width: 3184px) 100vw, 3184px\" \/><\/figure>\n<\/div>\n<\/div>","protected":false},"excerpt":{"rendered":"<div class=\"D5aOJc vJwDU\">Elegantes Keramikgeschirr Gro\u00dfhandel und benutzerdefinierte. Exquisite Pr\u00e4gedetails machen die Zweige lebendig auf Teller und Kr\u00fcge, mit der Natur immer sein. Perfekt f\u00fcr Restaurants und Hochzeit Veranstaltungen. Anpassbare Optionen sind verf\u00fcgbar. Erkundigen Sie sich jetzt f\u00fcr Mengenrabatte!<\/div>\n<h2>Keramikgeschirr Parameter<\/h2>\n<table style=\"border-collapse: collapse; width: 370.82pt;\" border=\"0\" width=\"618\" cellspacing=\"0\" cellpadding=\"0\">\n<tbody>\n<tr style=\"height: 15.60pt;\">\n<td class=\"et3\" style=\"height: 15.60pt; width: 108.00pt;\" width=\"180\" height=\"26\">Hersteller<\/td>\n<td class=\"et3\" style=\"width: 263.25pt;\" width=\"438\">Lianyuan<\/td>\n<\/tr>\n<tr style=\"height: 15.60pt;\">\n<td class=\"et3\" style=\"height: 15.60pt;\" height=\"26\">Produkttyp<\/td>\n<td class=\"et3\">Teller, Sch\u00fcsseln, Tassen, Kr\u00fcge<\/td>\n<\/tr>\n<tr style=\"height: 15.60pt;\">\n<td class=\"et3\" style=\"height: 15.60pt;\" height=\"26\">Muster<\/td>\n<td class=\"et3\">Zweigstellen<\/td>\n<\/tr>\n<tr style=\"height: 15.60pt;\">\n<td class=\"et3\" style=\"height: 15.60pt;\" height=\"26\">Farbe<\/td>\n<td class=\"et3\">Wei\u00df\/Creme<\/td>\n<\/tr>\n<tr style=\"height: 15.60pt;\">\n<td class=\"et3\" style=\"height: 15.60pt;\" height=\"26\">Material<\/td>\n<td class=\"et3\">Dauerhaftes Porzellan<\/td>\n<\/tr>\n<tr style=\"height: 15.60pt;\">\n<td class=\"et3\" style=\"height: 15.60pt;\" height=\"26\">Handwerkliches K\u00f6nnen<\/td>\n<td class=\"et3\">Gepr\u00e4gt, Handbemalt<\/td>\n<\/tr>\n<tr style=\"height: 15.60pt;\">\n<td class=\"et3\" style=\"height: 15.60pt;\" height=\"26\">Anmeldung<\/td>\n<td class=\"et3\">Mikrowellen- und sp\u00fclmaschinenfest, ofenfest<\/td>\n<\/tr>\n<tr style=\"height: 15.60pt;\">\n<td class=\"et3\" style=\"height: 15.60pt;\" height=\"26\">Benutzerdefiniert<\/td>\n<td class=\"et3\">Farbe\/Gr\u00f6\u00dfe\/Logo\/Verpackung<\/td>\n<\/tr>\n<\/tbody>\n<\/table>","protected":false},"featured_media":1226,"comment_status":"open","ping_status":"closed","template":"","meta":{"_acf_changed":false},"product_brand":[],"product_cat":[17],"product_tag":[30,29],"class_list":{"0":"post-1225","1":"product","2":"type-product","3":"status-publish","4":"has-post-thumbnail","6":"product_cat-dinnerware-wholesale","7":"product_tag-custom-porcelain-dinnerware","8":"product_tag-hand-painted-embossed-dinnerware-wholesale","10":"first","11":"instock","12":"shipping-taxable","13":"product-type-simple"},"acf":[],"_links":{"self":[{"href":"https:\/\/www.lianyuanceramic.com\/de\/wp-json\/wp\/v2\/product\/1225","targetHints":{"allow":["GET"]}}],"collection":[{"href":"https:\/\/www.lianyuanceramic.com\/de\/wp-json\/wp\/v2\/product"}],"about":[{"href":"https:\/\/www.lianyuanceramic.com\/de\/wp-json\/wp\/v2\/types\/product"}],"replies":[{"embeddable":true,"href":"https:\/\/www.lianyuanceramic.com\/de\/wp-json\/wp\/v2\/comments?post=1225"}],"wp:featuredmedia":[{"embeddable":true,"href":"https:\/\/www.lianyuanceramic.com\/de\/wp-json\/wp\/v2\/media\/1226"}],"wp:attachment":[{"href":"https:\/\/www.lianyuanceramic.com\/de\/wp-json\/wp\/v2\/media?parent=1225"}],"wp:term":[{"taxonomy":"product_brand","embeddable":true,"href":"https:\/\/www.lianyuanceramic.com\/de\/wp-json\/wp\/v2\/product_brand?post=1225"},{"taxonomy":"product_cat","embeddable":true,"href":"https:\/\/www.lianyuanceramic.com\/de\/wp-json\/wp\/v2\/product_cat?post=1225"},{"taxonomy":"product_tag","embeddable":true,"href":"https:\/\/www.lianyuanceramic.com\/de\/wp-json\/wp\/v2\/product_tag?post=1225"}],"curies":[{"name":"wp","href":"https:\/\/api.w.org\/{rel}","templated":true}]}}