{"id":1215,"date":"2025-03-06T03:37:13","date_gmt":"2025-03-06T03:37:13","guid":{"rendered":"https:\/\/www.lianyuanceramic.com\/?post_type=product&#038;p=1215"},"modified":"2025-03-06T04:06:48","modified_gmt":"2025-03-06T04:06:48","slug":"bulk-wedding-dinnerware","status":"publish","type":"product","link":"https:\/\/www.lianyuanceramic.com\/de\/produkt\/bulk-wedding-dinnerware\/","title":{"rendered":"Bulk Hochzeit Geschirr, wei\u00dfes Porzellan servieren Geschirr Gro\u00dfhandel"},"content":{"rendered":"<div class=\"wp-block-columns is-layout-flex wp-container-core-columns-is-layout-9d6595d7 wp-block-columns-is-layout-flex\">\n<div class=\"wp-block-column is-layout-flow wp-block-column-is-layout-flow\">\n<h2 class=\"wp-block-heading\">Hochzeitsgeschirr Merkmale:<\/h2>\n\n\n\n<p><strong>Einzigartiges Reliefmuster: <\/strong>Der Rand des Tellers ist mit einem exquisiten Muster und einer Reliefstruktur verziert, was den k\u00fcnstlerischen Sinn des Geschirrs unterstreicht und sich f\u00fcr Hochzeitsbankette und gehobene Anl\u00e4sse eignet.<\/p>\n\n\n\n<p><strong>Handgezeichnetes Farbverfahren:<\/strong> Jedes Serviergeschirr wird von Hand gezeichnet, um die nat\u00fcrliche Farbe zu erhalten und die Pers\u00f6nlichkeit und Textur jedes Geschirrs zu unterstreichen.<\/p>\n\n\n\n<p><strong>Hochwertiges Porzellanmaterial: <\/strong>Es wird hochwertige Keramik verwendet, die langlebig und rissfest ist.<\/p>\n\n\n\n<p><strong>Wei\u00dfe Glasur ist f\u00fcr Hochzeiten geeignet<\/strong>: Das Serviergeschirr ist wei\u00df glasiert, glatt und einheitlich in der Farbe, und die allgemeine Einfachheit und Eleganz.<\/p>\n\n\n\n<p><strong>Eine Vielzahl von Geschirrkombinationen:<\/strong> Stellen Sie eine Vielzahl von Serviertellern, Sch\u00fcsseln und Bechern mit unterschiedlichen Spezifikationen bereit, die f\u00fcr verschiedene Speisen geeignet sind.<\/p>\n\n\n\n<h2 class=\"wp-block-heading\"><strong>Individuelles Bulk-Hochzeitsgeschirr:<\/strong><\/h2>\n\n\n\n<p>Lianyuan bietet verschiedene individuelle Geschirroptionen an, die auf die Bed\u00fcrfnisse der Marke oder Modetrends abgestimmt sind und sich ideal f\u00fcr den privaten und gewerblichen Gebrauch eignen.<\/p>\n\n\n\n<p><strong>Entwurf:&nbsp;<\/strong>W\u00e4hlen Sie florale Muster oder entwerfen Sie Ihr eigenes Design.<\/p>\n\n\n\n<p><strong>Zusammensetzung des Sets:<\/strong>&nbsp;Individuelle Keramik-Tassensets mit Kombinationen aus Tassen, Schalen und L\u00f6ffeln.<\/p>\n\n\n\n<p><strong>Gr\u00f6\u00dfe:&nbsp;<\/strong>W\u00e4hlen Sie aus verschiedenen Gr\u00f6\u00dfen f\u00fcr unterschiedliche Mahlzeitenportionen.<\/p>\n\n\n\n<p><strong>Material:<\/strong>&nbsp;Keramik, Porzellan, Knochenporzellan oder erkundigen Sie sich nach Alternativen.<\/p>\n\n\n\n<p><strong>Handwerkliches K\u00f6nnen:&nbsp;<\/strong>Glasurabziehbilder, Ofenwechsel, handbemalt, Reliefmuster oder andere.<\/p>\n\n\n\n<p><strong>Verpackung:&nbsp;<\/strong>Bulk Pack, Farbkarton, Geschenkkarton, Displaying Box, Mailer Box etc.<\/p>\n<\/div>\n\n\n\n<div class=\"wp-block-column is-layout-flow wp-block-column-is-layout-flow\">\n<figure class=\"wp-block-image size-full\"><img decoding=\"async\" width=\"4128\" height=\"4128\" src=\"https:\/\/www.lianyuanceramic.com\/wp-content\/uploads\/2025\/03\/bulk-weeding-dinnerware-porcelain-serveware-2.webp\" alt=\"Bulk Weeding Geschirr Porzellan Serviergeschirr\" class=\"wp-image-1300\" srcset=\"https:\/\/www.lianyuanceramic.com\/wp-content\/uploads\/2025\/03\/bulk-weeding-dinnerware-porcelain-serveware-2.webp 4128w, https:\/\/www.lianyuanceramic.com\/wp-content\/uploads\/2025\/03\/bulk-weeding-dinnerware-porcelain-serveware-2-300x300.webp 300w, https:\/\/www.lianyuanceramic.com\/wp-content\/uploads\/2025\/03\/bulk-weeding-dinnerware-porcelain-serveware-2-150x150.webp 150w, https:\/\/www.lianyuanceramic.com\/wp-content\/uploads\/2025\/03\/bulk-weeding-dinnerware-porcelain-serveware-2-768x768.webp 768w, https:\/\/www.lianyuanceramic.com\/wp-content\/uploads\/2025\/03\/bulk-weeding-dinnerware-porcelain-serveware-2-12x12.webp 12w, https:\/\/www.lianyuanceramic.com\/wp-content\/uploads\/2025\/03\/bulk-weeding-dinnerware-porcelain-serveware-2-1200x1200.webp 1200w, https:\/\/www.lianyuanceramic.com\/wp-content\/uploads\/2025\/03\/bulk-weeding-dinnerware-porcelain-serveware-2-600x600.webp 600w, https:\/\/www.lianyuanceramic.com\/wp-content\/uploads\/2025\/03\/bulk-weeding-dinnerware-porcelain-serveware-2-100x100.webp 100w\" sizes=\"(max-width: 4128px) 100vw, 4128px\" \/><\/figure>\n<\/div>\n<\/div>","protected":false},"excerpt":{"rendered":"<div class=\"D5aOJc vJwDU\">Hochzeitsgeschirr, elegantes wei\u00dfes Serviergeschirr mit gepr\u00e4gtem Spitzendesign, hochwertige Keramik, perfekt f\u00fcr die Verwendung im Hochzeitsrestaurant. Erkundigen Sie sich jetzt f\u00fcr Gro\u00dfbestellungen und individuelle Optionen!<\/div>\n<h2>Hochzeitsgeschirr Parameter<\/h2>\n<table style=\"border-collapse: collapse; width: 370.82pt;\" border=\"0\" width=\"618\" cellspacing=\"0\" cellpadding=\"0\">\n<tbody>\n<tr style=\"height: 15.60pt;\">\n<td class=\"et3\" style=\"height: 15.60pt; width: 108.00pt;\" width=\"180\" height=\"26\">Hersteller<\/td>\n<td class=\"et3\" style=\"width: 263.25pt;\" width=\"438\">Lianyuan<\/td>\n<\/tr>\n<tr style=\"height: 15.60pt;\">\n<td class=\"et3\" style=\"height: 15.60pt;\" height=\"26\">Produkttyp<\/td>\n<td class=\"et3\">Servierplatten, Schalen, Tassen<\/td>\n<\/tr>\n<tr style=\"height: 15.60pt;\">\n<td class=\"et3\" style=\"height: 15.60pt;\" height=\"26\">Muster<\/td>\n<td class=\"et3\">Blumen<\/td>\n<\/tr>\n<tr style=\"height: 15.60pt;\">\n<td class=\"et3\" style=\"height: 15.60pt;\" height=\"26\">Farbe<\/td>\n<td class=\"et3\">Wei\u00df<\/td>\n<\/tr>\n<tr style=\"height: 15.60pt;\">\n<td class=\"et3\" style=\"height: 15.60pt;\" height=\"26\">Material<\/td>\n<td class=\"et3\">Dauerhaftes Porzellan<\/td>\n<\/tr>\n<tr style=\"height: 15.60pt;\">\n<td class=\"et3\" style=\"height: 15.60pt;\" height=\"26\">Handwerkliches K\u00f6nnen<\/td>\n<td class=\"et3\">Handbemalt, Gepr\u00e4gt<\/td>\n<\/tr>\n<tr style=\"height: 15.60pt;\">\n<td class=\"et3\" style=\"height: 15.60pt;\" height=\"26\">Anmeldung<\/td>\n<td class=\"et3\">Mikrowellen- und sp\u00fclmaschinenfest, ofenfest<\/td>\n<\/tr>\n<tr style=\"height: 15.60pt;\">\n<td class=\"et3\" style=\"height: 15.60pt;\" height=\"26\">Benutzerdefiniert<\/td>\n<td class=\"et3\">Farbe\/Gr\u00f6\u00dfe\/Logo\/Verpackung<\/td>\n<\/tr>\n<\/tbody>\n<\/table>","protected":false},"featured_media":1299,"comment_status":"open","ping_status":"closed","template":"","meta":{"_acf_changed":false},"product_brand":[],"product_cat":[19],"product_tag":[30,29],"class_list":{"0":"post-1215","1":"product","2":"type-product","3":"status-publish","4":"has-post-thumbnail","6":"product_cat-serveware-wholesale","7":"product_tag-custom-porcelain-dinnerware","8":"product_tag-hand-painted-embossed-dinnerware-wholesale","10":"first","11":"instock","12":"shipping-taxable","13":"product-type-simple"},"acf":[],"_links":{"self":[{"href":"https:\/\/www.lianyuanceramic.com\/de\/wp-json\/wp\/v2\/product\/1215","targetHints":{"allow":["GET"]}}],"collection":[{"href":"https:\/\/www.lianyuanceramic.com\/de\/wp-json\/wp\/v2\/product"}],"about":[{"href":"https:\/\/www.lianyuanceramic.com\/de\/wp-json\/wp\/v2\/types\/product"}],"replies":[{"embeddable":true,"href":"https:\/\/www.lianyuanceramic.com\/de\/wp-json\/wp\/v2\/comments?post=1215"}],"wp:featuredmedia":[{"embeddable":true,"href":"https:\/\/www.lianyuanceramic.com\/de\/wp-json\/wp\/v2\/media\/1299"}],"wp:attachment":[{"href":"https:\/\/www.lianyuanceramic.com\/de\/wp-json\/wp\/v2\/media?parent=1215"}],"wp:term":[{"taxonomy":"product_brand","embeddable":true,"href":"https:\/\/www.lianyuanceramic.com\/de\/wp-json\/wp\/v2\/product_brand?post=1215"},{"taxonomy":"product_cat","embeddable":true,"href":"https:\/\/www.lianyuanceramic.com\/de\/wp-json\/wp\/v2\/product_cat?post=1215"},{"taxonomy":"product_tag","embeddable":true,"href":"https:\/\/www.lianyuanceramic.com\/de\/wp-json\/wp\/v2\/product_tag?post=1215"}],"curies":[{"name":"wp","href":"https:\/\/api.w.org\/{rel}","templated":true}]}}