{"id":1165,"date":"2025-02-12T08:18:43","date_gmt":"2025-02-12T08:18:43","guid":{"rendered":"https:\/\/www.lianyuanceramic.com\/?post_type=product&#038;p=1165"},"modified":"2025-02-13T01:06:14","modified_gmt":"2025-02-13T01:06:14","slug":"wholesale-unique-dinnerware-sets","status":"publish","type":"product","link":"https:\/\/www.lianyuanceramic.com\/de\/produkt\/wholesale-unique-dinnerware-sets\/","title":{"rendered":"Gro\u00dfhandel Einzigartige Geschirr-Sets, benutzerdefinierte Keramik Tee-Set"},"content":{"rendered":"<div class=\"wp-block-columns is-layout-flex wp-container-core-columns-is-layout-9d6595d7 wp-block-columns-is-layout-flex\">\n<div class=\"wp-block-column is-layout-flow wp-block-column-is-layout-flow\">\n<h2 class=\"wp-block-heading\">Einzigartige Geschirrsets Merkmale\uff1a<\/h2>\n\n\n\n<p><strong>Nat\u00fcrliches Aussehen der T\u00f6pferware: <\/strong>Einzigartige nat\u00fcrliche Keramiktextur, jedes Produkt hat einen einzigartigen handgeschnitzten Effekt, dauerhafte Qualit\u00e4t, voll von k\u00fcnstlerischer Atmosph\u00e4re.<\/p>\n\n\n\n<p><strong>Reines handgemaltes Design:<\/strong> durchgehend handbemalt, satte Farben, modischer und moderner, was dem Geschirr einen hohen Sammlungswert verleiht.<\/p>\n\n\n\n<p><strong>Glatte und gl\u00e4nzende Glasur: <\/strong>Hochtemperaturbrand, glatte Glasur, hochwertig und edel anmutend, Farbe ist fest und verschlei\u00dffest<\/p>\n\n\n\n<p><strong>Komplettes Set in Kombinationsausf\u00fchrung: <\/strong>umfasst die gleiche Art von Tellern, Tassen, Untertassen und L\u00f6ffeln, die den gesamten Bedarf von Familien und Gastronomiebetrieben abdecken.<\/p>\n\n\n\n<p><\/p>\n<\/div>\n\n\n\n<div class=\"wp-block-column is-layout-flow wp-block-column-is-layout-flow\">\n<figure class=\"wp-block-image size-full\"><img decoding=\"async\" width=\"5974\" height=\"3864\" src=\"https:\/\/www.lianyuanceramic.com\/wp-content\/uploads\/2025\/02\/wholesale-unique-dinnerware-sets-1.webp\" alt=\"\" class=\"wp-image-1169\" srcset=\"https:\/\/www.lianyuanceramic.com\/wp-content\/uploads\/2025\/02\/wholesale-unique-dinnerware-sets-1.webp 5974w, https:\/\/www.lianyuanceramic.com\/wp-content\/uploads\/2025\/02\/wholesale-unique-dinnerware-sets-1-300x194.webp 300w, https:\/\/www.lianyuanceramic.com\/wp-content\/uploads\/2025\/02\/wholesale-unique-dinnerware-sets-1-768x497.webp 768w, https:\/\/www.lianyuanceramic.com\/wp-content\/uploads\/2025\/02\/wholesale-unique-dinnerware-sets-1-18x12.webp 18w, https:\/\/www.lianyuanceramic.com\/wp-content\/uploads\/2025\/02\/wholesale-unique-dinnerware-sets-1-1200x776.webp 1200w, https:\/\/www.lianyuanceramic.com\/wp-content\/uploads\/2025\/02\/wholesale-unique-dinnerware-sets-1-600x388.webp 600w\" sizes=\"(max-width: 5974px) 100vw, 5974px\" \/><\/figure>\n<\/div>\n<\/div>\n\n\n\n<div class=\"wp-block-columns is-layout-flex wp-container-core-columns-is-layout-9d6595d7 wp-block-columns-is-layout-flex\">\n<div class=\"wp-block-column is-layout-flow wp-block-column-is-layout-flow\">\n<figure class=\"wp-block-image size-full\"><img decoding=\"async\" width=\"3985\" height=\"4679\" src=\"https:\/\/www.lianyuanceramic.com\/wp-content\/uploads\/2025\/02\/wholesale-unique-dinnerware-sets-2.webp\" alt=\"\" class=\"wp-image-1170\" srcset=\"https:\/\/www.lianyuanceramic.com\/wp-content\/uploads\/2025\/02\/wholesale-unique-dinnerware-sets-2.webp 3985w, https:\/\/www.lianyuanceramic.com\/wp-content\/uploads\/2025\/02\/wholesale-unique-dinnerware-sets-2-256x300.webp 256w, https:\/\/www.lianyuanceramic.com\/wp-content\/uploads\/2025\/02\/wholesale-unique-dinnerware-sets-2-768x902.webp 768w, https:\/\/www.lianyuanceramic.com\/wp-content\/uploads\/2025\/02\/wholesale-unique-dinnerware-sets-2-10x12.webp 10w, https:\/\/www.lianyuanceramic.com\/wp-content\/uploads\/2025\/02\/wholesale-unique-dinnerware-sets-2-1200x1409.webp 1200w, https:\/\/www.lianyuanceramic.com\/wp-content\/uploads\/2025\/02\/wholesale-unique-dinnerware-sets-2-600x704.webp 600w\" sizes=\"(max-width: 3985px) 100vw, 3985px\" \/><\/figure>\n<\/div>\n\n\n\n<div class=\"wp-block-column is-layout-flow wp-block-column-is-layout-flow\">\n<h2 class=\"wp-block-heading\">Einzigartige Geschirr-Sets:<\/h2>\n\n\n\n<p>Lianyuan bietet verschiedene individuelle Geschirroptionen an, die auf die Bed\u00fcrfnisse der Marke oder Modetrends abgestimmt sind und sich ideal f\u00fcr den privaten und gewerblichen Gebrauch eignen.<\/p>\n\n\n\n<p><strong>Entwurf:&nbsp;<\/strong>Rein handbemaltes, farbenfrohes Geschirr, das Ihr Zuhause mit strahlendem Sonnenschein und Lebenskraft erf\u00fcllt.<\/p>\n\n\n\n<p><strong>Zusammensetzung des Sets:<\/strong>\u00a0Individuelle Keramikgeschirrsets mit Kombinationen aus Tassen, Schalen und L\u00f6ffeln.<\/p>\n\n\n\n<p><strong>Gr\u00f6\u00dfe:&nbsp;<\/strong>W\u00e4hlen Sie aus verschiedenen Gr\u00f6\u00dfen f\u00fcr unterschiedliche Mahlzeitenportionen.<\/p>\n\n\n\n<p><strong>Material:<\/strong>&nbsp;Dauerhaftes Porzellan<\/p>\n\n\n\n<p><strong>Handwerkliches K\u00f6nnen:&nbsp;<\/strong>rohe Naturkeramik au\u00dfen + reines handbemaltes Design<\/p>\n\n\n\n<p><strong>Verpackung:&nbsp;<\/strong>Bulk Pack, Farbkarton, Geschenkkarton, Displaying Box, Mailer Box etc.<\/p>\n<\/div>\n<\/div>","protected":false},"excerpt":{"rendered":"<p>Einzigartige Geschirrsets im Gro\u00dfhandel mit nat\u00fcrlicher Steingutoberfl\u00e4che und sch\u00f6nen handgemalten Designs. Diese komplette Geschirrkollektion (Teller, Sch\u00fcsseln und Tassen) ist modern und praktisch. Genie\u00dfen Sie individuellen Service, Fabrikpreise und effiziente Lieferung. Kontaktieren Sie uns jetzt, um Ihre Gro\u00dfbestellung aufzugeben!<\/p>\n<h2>Einzigartige Geschirrsets Parameter:<\/h2>\n<table style=\"border-collapse: collapse;width: 370.82pt\" border=\"0\" width=\"618\" cellspacing=\"0\" cellpadding=\"0\">\n<tbody>\n<tr style=\"height: 15.60pt\">\n<td class=\"et3\" style=\"height: 15.60pt;width: 108.00pt\" width=\"180\" height=\"26\">Hersteller<\/td>\n<td class=\"et3\" style=\"width: 263.25pt\" width=\"438\">Lianyuan<\/td>\n<\/tr>\n<tr style=\"height: 15.60pt\">\n<td class=\"et3\" style=\"height: 15.60pt\" height=\"26\">Produkttyp<\/td>\n<td class=\"et3\">Speiseteller, Tassen, Untertassen-Sets, Kr\u00fcge<\/td>\n<\/tr>\n<tr style=\"height: 15.60pt\">\n<td class=\"et3\" style=\"height: 15.60pt\" height=\"26\">Muster<\/td>\n<td class=\"et3\">Morden Digen<\/td>\n<\/tr>\n<tr style=\"height: 15.60pt\">\n<td class=\"et3\" style=\"height: 15.60pt\" height=\"26\">Farbe<\/td>\n<td class=\"et3\">Gr\u00fcn, Blau, Braun, Gelb, Gr\u00fcn<\/td>\n<\/tr>\n<tr style=\"height: 15.60pt\">\n<td class=\"et3\" style=\"height: 15.60pt\" height=\"26\">Material<\/td>\n<td class=\"et3\">Dauerhaftes Porzellan<\/td>\n<\/tr>\n<tr style=\"height: 15.60pt\">\n<td class=\"et3\" style=\"height: 15.60pt\" height=\"26\">Handwerkliches K\u00f6nnen<\/td>\n<td class=\"et3\">Handbemalt<\/td>\n<\/tr>\n<tr style=\"height: 15.60pt\">\n<td class=\"et3\" style=\"height: 15.60pt\" height=\"26\">Anmeldung<\/td>\n<td class=\"et3\">Mikrowellen- und sp\u00fclmaschinenfest, ofenfest<\/td>\n<\/tr>\n<tr style=\"height: 15.60pt\">\n<td class=\"et3\" style=\"height: 15.60pt\" height=\"26\">Benutzerdefiniert<\/td>\n<td class=\"et3\">Farbe\/Gr\u00f6\u00dfe\/Logo\/Verpackung<\/td>\n<\/tr>\n<\/tbody>\n<\/table>","protected":false},"featured_media":1172,"comment_status":"open","ping_status":"closed","template":"","meta":{"_acf_changed":false},"product_brand":[],"product_cat":[17,18],"product_tag":[30,29],"class_list":{"0":"post-1165","1":"product","2":"type-product","3":"status-publish","4":"has-post-thumbnail","6":"product_cat-dinnerware-wholesale","7":"product_cat-wholesale-custom-tea-set","8":"product_tag-custom-porcelain-dinnerware","9":"product_tag-hand-painted-embossed-dinnerware-wholesale","11":"first","12":"instock","13":"shipping-taxable","14":"product-type-simple"},"acf":[],"_links":{"self":[{"href":"https:\/\/www.lianyuanceramic.com\/de\/wp-json\/wp\/v2\/product\/1165","targetHints":{"allow":["GET"]}}],"collection":[{"href":"https:\/\/www.lianyuanceramic.com\/de\/wp-json\/wp\/v2\/product"}],"about":[{"href":"https:\/\/www.lianyuanceramic.com\/de\/wp-json\/wp\/v2\/types\/product"}],"replies":[{"embeddable":true,"href":"https:\/\/www.lianyuanceramic.com\/de\/wp-json\/wp\/v2\/comments?post=1165"}],"wp:featuredmedia":[{"embeddable":true,"href":"https:\/\/www.lianyuanceramic.com\/de\/wp-json\/wp\/v2\/media\/1172"}],"wp:attachment":[{"href":"https:\/\/www.lianyuanceramic.com\/de\/wp-json\/wp\/v2\/media?parent=1165"}],"wp:term":[{"taxonomy":"product_brand","embeddable":true,"href":"https:\/\/www.lianyuanceramic.com\/de\/wp-json\/wp\/v2\/product_brand?post=1165"},{"taxonomy":"product_cat","embeddable":true,"href":"https:\/\/www.lianyuanceramic.com\/de\/wp-json\/wp\/v2\/product_cat?post=1165"},{"taxonomy":"product_tag","embeddable":true,"href":"https:\/\/www.lianyuanceramic.com\/de\/wp-json\/wp\/v2\/product_tag?post=1165"}],"curies":[{"name":"wp","href":"https:\/\/api.w.org\/{rel}","templated":true}]}}