{"id":1160,"date":"2025-02-12T08:32:47","date_gmt":"2025-02-12T08:32:47","guid":{"rendered":"https:\/\/www.lianyuanceramic.com\/?post_type=product&#038;p=1160"},"modified":"2025-02-12T08:34:07","modified_gmt":"2025-02-12T08:34:07","slug":"wholesale-christmas-tableware","status":"publish","type":"product","link":"https:\/\/www.lianyuanceramic.com\/de\/produkt\/wholesale-christmas-tableware\/","title":{"rendered":"Gro\u00dfhandel Weihnachten Geschirr Keramik Tassen Becher in Bulk"},"content":{"rendered":"<div class=\"wp-block-columns is-layout-flex wp-container-core-columns-is-layout-9d6595d7 wp-block-columns-is-layout-flex\">\n<div class=\"wp-block-column is-layout-flow wp-block-column-is-layout-flow\">\n<h2 class=\"wp-block-heading\">Weihnachtsgeschirr Merkmale:<\/h2>\n\n\n\n<p><strong>Hochwertiges keramisches Material:<\/strong> Hergestellt aus sicherer und ungiftiger Keramik, langlebig, glatt und leicht zu reinigen<\/p>\n\n\n\n<p><strong>Festliches Weihnachtsmotiv:<\/strong> Mit klassischen Weihnachtselementen wie dem Weihnachtsmann und dem Weihnachtsbaum wird eine warme Essatmosph\u00e4re geschaffen, die sich sehr gut f\u00fcr Weihnachtsfeiern und Familienfeiern eignet.<\/p>\n\n\n\n<p><strong>Einzigartige Form des Geschirrs: <\/strong>wie z. B. glockenf\u00f6rmige und f\u00fcnfzackige sternf\u00f6rmige Essteller, die das Geschirr interessanter und k\u00fcnstlerischer machen und sich auch als Geschenk eignen.<\/p>\n\n\n\n<p><strong>Exquisites Teeservice-Geschirr: <\/strong>Enth\u00e4lt weihnachtliche Essteller, Dessertst\u00e4nder, Snackteller, Kessel und Tassen, die sich f\u00fcr verschiedene Anl\u00e4sse eignen, z. B. f\u00fcr Familienfeiern, Feiertage usw.<\/p>\n\n\n\n<p><strong>Geeignet f\u00fcr den Einzel- und Gro\u00dfhandel: <\/strong>Das Produktdesign hat einen internationalen Stil und eignet sich f\u00fcr den globalen Markt, insbesondere zur Weihnachtszeit, und kann f\u00fcr Geschenkverpackungen und Gro\u00dfeink\u00e4ufe angepasst werden.<\/p>\n<\/div>\n\n\n\n<div class=\"wp-block-column is-layout-flow wp-block-column-is-layout-flow\">\n<figure class=\"wp-block-image size-full\"><img decoding=\"async\" width=\"2944\" height=\"3003\" src=\"https:\/\/www.lianyuanceramic.com\/wp-content\/uploads\/2025\/02\/wholesale-christmas-tableware.webp\" alt=\"gro\u00dfhandel weihnachtsgeschirr\" class=\"wp-image-1155\" srcset=\"https:\/\/www.lianyuanceramic.com\/wp-content\/uploads\/2025\/02\/wholesale-christmas-tableware.webp 2944w, https:\/\/www.lianyuanceramic.com\/wp-content\/uploads\/2025\/02\/wholesale-christmas-tableware-294x300.webp 294w, https:\/\/www.lianyuanceramic.com\/wp-content\/uploads\/2025\/02\/wholesale-christmas-tableware-768x783.webp 768w, https:\/\/www.lianyuanceramic.com\/wp-content\/uploads\/2025\/02\/wholesale-christmas-tableware-12x12.webp 12w, https:\/\/www.lianyuanceramic.com\/wp-content\/uploads\/2025\/02\/wholesale-christmas-tableware-1200x1224.webp 1200w, https:\/\/www.lianyuanceramic.com\/wp-content\/uploads\/2025\/02\/wholesale-christmas-tableware-600x612.webp 600w\" sizes=\"(max-width: 2944px) 100vw, 2944px\" \/><\/figure>\n<\/div>\n<\/div>\n\n\n\n<div class=\"wp-block-columns is-layout-flex wp-container-core-columns-is-layout-9d6595d7 wp-block-columns-is-layout-flex\">\n<div class=\"wp-block-column is-layout-flow wp-block-column-is-layout-flow\">\n<figure class=\"wp-block-image size-full\"><img decoding=\"async\" width=\"3072\" height=\"3072\" src=\"https:\/\/www.lianyuanceramic.com\/wp-content\/uploads\/2025\/02\/wholesale-christmas-tableware-2-edited.webp\" alt=\"gro\u00dfhandel weihnachtsgeschirr\" class=\"wp-image-1181\" srcset=\"https:\/\/www.lianyuanceramic.com\/wp-content\/uploads\/2025\/02\/wholesale-christmas-tableware-2-edited.webp 3072w, https:\/\/www.lianyuanceramic.com\/wp-content\/uploads\/2025\/02\/wholesale-christmas-tableware-2-edited-300x300.webp 300w, https:\/\/www.lianyuanceramic.com\/wp-content\/uploads\/2025\/02\/wholesale-christmas-tableware-2-edited-150x150.webp 150w, https:\/\/www.lianyuanceramic.com\/wp-content\/uploads\/2025\/02\/wholesale-christmas-tableware-2-edited-768x768.webp 768w, https:\/\/www.lianyuanceramic.com\/wp-content\/uploads\/2025\/02\/wholesale-christmas-tableware-2-edited-12x12.webp 12w, https:\/\/www.lianyuanceramic.com\/wp-content\/uploads\/2025\/02\/wholesale-christmas-tableware-2-edited-1200x1200.webp 1200w, https:\/\/www.lianyuanceramic.com\/wp-content\/uploads\/2025\/02\/wholesale-christmas-tableware-2-edited-600x600.webp 600w, https:\/\/www.lianyuanceramic.com\/wp-content\/uploads\/2025\/02\/wholesale-christmas-tableware-2-edited-100x100.webp 100w\" sizes=\"(max-width: 3072px) 100vw, 3072px\" \/><\/figure>\n<\/div>\n\n\n\n<div class=\"wp-block-column is-layout-flow wp-block-column-is-layout-flow\">\n<h2 class=\"wp-block-heading\">Individuelles Weihnachtsgeschirr:<\/h2>\n\n\n\n<p>Lianyuan bietet verschiedene individuelle Geschirroptionen an, die auf die Bed\u00fcrfnisse der Marke oder Modetrends abgestimmt sind und sich ideal f\u00fcr den privaten und gewerblichen Gebrauch eignen.<\/p>\n\n\n\n<p><strong>Entwurf:&nbsp;<\/strong>W\u00e4hlen Sie florale Muster oder entwerfen Sie Ihr eigenes Design.<\/p>\n\n\n\n<p><strong>Zusammensetzung des Sets:<\/strong>\u00a0Individuelle Keramikgeschirr-Sets mit Kombinationen aus Tassen, Schalen und L\u00f6ffeln.<\/p>\n\n\n\n<p><strong>Gr\u00f6\u00dfe:&nbsp;<\/strong>W\u00e4hlen Sie aus verschiedenen Gr\u00f6\u00dfen f\u00fcr unterschiedliche Mahlzeitenportionen.<\/p>\n\n\n\n<p><strong>Material:<\/strong>&nbsp;Keramik, Porzellan, Knochenporzellan oder erkundigen Sie sich nach Alternativen.<\/p>\n\n\n\n<p><strong>Handwerkliches K\u00f6nnen:&nbsp;<\/strong>Glasurabziehbilder, Ofenwechsel, handbemalt, Reliefmuster oder andere.<\/p>\n\n\n\n<p><strong>Verpackung:&nbsp;<\/strong>Bulk Pack, Farbkarton, Geschenkkarton, Displaying Box, Mailer Box etc.<\/p>\n<\/div>\n<\/div>","protected":false},"excerpt":{"rendered":"<p>Fabrik-Gro\u00dfhandels-Weihnachtsgeschirr, einschlie\u00dflich Porzellan-Teesets und -Geschirr mit Weihnachtsmann- und Weihnachtsbaum-Elementen. Einzigartig geformte Teller und individuell gestaltbare Verpackungen eignen sich hervorragend als Weihnachtsgeschenke. Kontaktieren Sie uns jetzt f\u00fcr Gro\u00dfauftr\u00e4ge und pers\u00f6nlichen Service!<\/p>\n<h2>Weihnachtsgeschirr Parameter:<\/h2>\n<table style=\"border-collapse: collapse; width: 370.82pt;\" border=\"0\" width=\"618\" cellspacing=\"0\" cellpadding=\"0\">\n<tbody>\n<tr style=\"height: 15.60pt;\">\n<td class=\"et3\" style=\"height: 15.60pt; width: 108.00pt;\" width=\"180\" height=\"26\">Hersteller<\/td>\n<td class=\"et3\" style=\"width: 263.25pt;\" width=\"438\">Lianyuan<\/td>\n<\/tr>\n<tr style=\"height: 15.60pt;\">\n<td class=\"et3\" style=\"height: 15.60pt;\" height=\"26\">Produkttyp<\/td>\n<td class=\"et3\">Teller, Becher, Dessertst\u00e4nder, Snack-Teller, Wasserkocher<\/td>\n<\/tr>\n<tr style=\"height: 15.60pt;\">\n<td class=\"et3\" style=\"height: 15.60pt;\" height=\"26\">Muster<\/td>\n<td class=\"et3\">Weihnachts-Musterdesign<\/td>\n<\/tr>\n<tr style=\"height: 15.60pt;\">\n<td class=\"et3\" style=\"height: 15.60pt;\" height=\"26\">Farbe<\/td>\n<td class=\"et3\">Gr\u00fcn, Rot<\/td>\n<\/tr>\n<tr style=\"height: 15.60pt;\">\n<td class=\"et3\" style=\"height: 15.60pt;\" height=\"26\">Material<\/td>\n<td class=\"et3\">Dauerhaftes Porzellan<\/td>\n<\/tr>\n<tr style=\"height: 15.60pt;\">\n<td class=\"et3\" style=\"height: 15.60pt;\" height=\"26\">Handwerkliches K\u00f6nnen<\/td>\n<td class=\"et3\">In-Glasiertes Abziehbild, Handbemalung<\/td>\n<\/tr>\n<tr style=\"height: 15.60pt;\">\n<td class=\"et3\" style=\"height: 15.60pt;\" height=\"26\">Anmeldung<\/td>\n<td class=\"et3\">Mikrowellen- und sp\u00fclmaschinenfest, ofenfest<\/td>\n<\/tr>\n<tr style=\"height: 15.60pt;\">\n<td class=\"et3\" style=\"height: 15.60pt;\" height=\"26\">Benutzerdefiniert<\/td>\n<td class=\"et3\">Farbe\/Gr\u00f6\u00dfe\/Logo\/Verpackung<\/td>\n<\/tr>\n<\/tbody>\n<\/table>","protected":false},"featured_media":1155,"comment_status":"open","ping_status":"closed","template":"","meta":{"_acf_changed":true},"product_brand":[],"product_cat":[17,18],"product_tag":[30,29,27],"class_list":{"0":"post-1160","1":"product","2":"type-product","3":"status-publish","4":"has-post-thumbnail","6":"product_cat-dinnerware-wholesale","7":"product_cat-wholesale-custom-tea-set","8":"product_tag-custom-porcelain-dinnerware","9":"product_tag-hand-painted-embossed-dinnerware-wholesale","10":"product_tag-wholesale-decal-ceramics","12":"first","13":"instock","14":"shipping-taxable","15":"product-type-simple"},"acf":[],"_links":{"self":[{"href":"https:\/\/www.lianyuanceramic.com\/de\/wp-json\/wp\/v2\/product\/1160","targetHints":{"allow":["GET"]}}],"collection":[{"href":"https:\/\/www.lianyuanceramic.com\/de\/wp-json\/wp\/v2\/product"}],"about":[{"href":"https:\/\/www.lianyuanceramic.com\/de\/wp-json\/wp\/v2\/types\/product"}],"replies":[{"embeddable":true,"href":"https:\/\/www.lianyuanceramic.com\/de\/wp-json\/wp\/v2\/comments?post=1160"}],"wp:featuredmedia":[{"embeddable":true,"href":"https:\/\/www.lianyuanceramic.com\/de\/wp-json\/wp\/v2\/media\/1155"}],"wp:attachment":[{"href":"https:\/\/www.lianyuanceramic.com\/de\/wp-json\/wp\/v2\/media?parent=1160"}],"wp:term":[{"taxonomy":"product_brand","embeddable":true,"href":"https:\/\/www.lianyuanceramic.com\/de\/wp-json\/wp\/v2\/product_brand?post=1160"},{"taxonomy":"product_cat","embeddable":true,"href":"https:\/\/www.lianyuanceramic.com\/de\/wp-json\/wp\/v2\/product_cat?post=1160"},{"taxonomy":"product_tag","embeddable":true,"href":"https:\/\/www.lianyuanceramic.com\/de\/wp-json\/wp\/v2\/product_tag?post=1160"}],"curies":[{"name":"wp","href":"https:\/\/api.w.org\/{rel}","templated":true}]}}