{"id":1129,"date":"2025-01-17T09:05:01","date_gmt":"2025-01-17T09:05:01","guid":{"rendered":"https:\/\/www.lianyuanceramic.com\/?post_type=product&#038;p=1129"},"modified":"2025-01-17T09:37:42","modified_gmt":"2025-01-17T09:37:42","slug":"custom-vintage-dinnerware","status":"publish","type":"product","link":"https:\/\/www.lianyuanceramic.com\/de\/produkt\/custom-vintage-dinnerware\/","title":{"rendered":"Benutzerdefinierte Vintage Geschirr Keramik Tee-Set blau und wei\u00df"},"content":{"rendered":"<div class=\"wp-block-columns is-layout-flex wp-container-core-columns-is-layout-9d6595d7 wp-block-columns-is-layout-flex\">\n<div class=\"wp-block-column is-layout-flow wp-block-column-is-layout-flow\">\n<h2 class=\"wp-block-heading\">Vintage-Geschirr Merkmale:<\/h2>\n\n\n\n<p><strong>Sicheres und langlebiges Porzellan<\/strong><br>Das lebensmittelechte, dauerhafte Porzellan ist haltbar und kann nicht leicht besch\u00e4digt werden. Durch das Brennen bei hohen Temperaturen wird eine hervorragende Rissfestigkeit und Haltbarkeit des Produkts gew\u00e4hrleistet.<\/p>\n\n\n\n<p><strong>Blaues und wei\u00dfes Vintage-Design<\/strong><br>Die elegante blaue Blumenkombination steht f\u00fcr Eleganz und klassische Sch\u00f6nheit. Der braune Griff unterstreicht das Designniveau und erh\u00f6ht den Komfort beim Halten.<\/p>\n\n\n\n<p><strong>Exquisite Qualit\u00e4tsdetails<\/strong><br>Durch die Verwendung von In-Glasur-Abziehbildern und handgemalter Handwerkskunst kann das Muster nicht so leicht abfallen, die Farbe ist langlebig und leuchtend und spiegelt k\u00fcnstlerische Details wider.<\/p>\n\n\n\n<p><strong>Komplettes Geschirrset<\/strong><br>Dieses Vintage-Geschirrset umfasst Essteller, Schalen, Serviergeschirr, Teekannen, Teetassen, Untertassen usw., die sich f\u00fcr das t\u00e4gliche Teetrinken, Partys oder formelle Anl\u00e4sse eignen.<\/p>\n<\/div>\n\n\n\n<div class=\"wp-block-column is-layout-flow wp-block-column-is-layout-flow\">\n<figure class=\"wp-block-image size-full\"><img decoding=\"async\" width=\"2580\" height=\"2295\" src=\"https:\/\/www.lianyuanceramic.com\/wp-content\/uploads\/2025\/01\/vintage-dinnerware-wholesale-1.webp\" alt=\"vintage geschirr gro\u00dfhandel\" class=\"wp-image-1114\" srcset=\"https:\/\/www.lianyuanceramic.com\/wp-content\/uploads\/2025\/01\/vintage-dinnerware-wholesale-1.webp 2580w, https:\/\/www.lianyuanceramic.com\/wp-content\/uploads\/2025\/01\/vintage-dinnerware-wholesale-1-300x267.webp 300w, https:\/\/www.lianyuanceramic.com\/wp-content\/uploads\/2025\/01\/vintage-dinnerware-wholesale-1-768x683.webp 768w, https:\/\/www.lianyuanceramic.com\/wp-content\/uploads\/2025\/01\/vintage-dinnerware-wholesale-1-13x12.webp 13w, https:\/\/www.lianyuanceramic.com\/wp-content\/uploads\/2025\/01\/vintage-dinnerware-wholesale-1-1200x1067.webp 1200w, https:\/\/www.lianyuanceramic.com\/wp-content\/uploads\/2025\/01\/vintage-dinnerware-wholesale-1-600x534.webp 600w\" sizes=\"(max-width: 2580px) 100vw, 2580px\" \/><\/figure>\n<\/div>\n<\/div>\n\n\n\n<div class=\"wp-block-columns is-layout-flex wp-container-core-columns-is-layout-9d6595d7 wp-block-columns-is-layout-flex\">\n<div class=\"wp-block-column is-layout-flow wp-block-column-is-layout-flow\">\n<figure class=\"wp-block-image size-full\"><img decoding=\"async\" width=\"4160\" height=\"4160\" src=\"https:\/\/www.lianyuanceramic.com\/wp-content\/uploads\/2025\/01\/vintage-dinnerware-wholesale-3.webp\" alt=\"vintage geschirr gro\u00dfhandel\" class=\"wp-image-1116\" srcset=\"https:\/\/www.lianyuanceramic.com\/wp-content\/uploads\/2025\/01\/vintage-dinnerware-wholesale-3.webp 4160w, https:\/\/www.lianyuanceramic.com\/wp-content\/uploads\/2025\/01\/vintage-dinnerware-wholesale-3-300x300.webp 300w, https:\/\/www.lianyuanceramic.com\/wp-content\/uploads\/2025\/01\/vintage-dinnerware-wholesale-3-150x150.webp 150w, https:\/\/www.lianyuanceramic.com\/wp-content\/uploads\/2025\/01\/vintage-dinnerware-wholesale-3-768x768.webp 768w, https:\/\/www.lianyuanceramic.com\/wp-content\/uploads\/2025\/01\/vintage-dinnerware-wholesale-3-12x12.webp 12w, https:\/\/www.lianyuanceramic.com\/wp-content\/uploads\/2025\/01\/vintage-dinnerware-wholesale-3-1200x1200.webp 1200w, https:\/\/www.lianyuanceramic.com\/wp-content\/uploads\/2025\/01\/vintage-dinnerware-wholesale-3-600x600.webp 600w, https:\/\/www.lianyuanceramic.com\/wp-content\/uploads\/2025\/01\/vintage-dinnerware-wholesale-3-100x100.webp 100w\" sizes=\"(max-width: 4160px) 100vw, 4160px\" \/><\/figure>\n<\/div>\n\n\n\n<div class=\"wp-block-column is-layout-flow wp-block-column-is-layout-flow\">\n<h2 class=\"wp-block-heading\">Individuelles Vintage-Geschirr:<\/h2>\n\n\n\n<p>Lianyuan bietet verschiedene individuelle Geschirroptionen an, die auf die Bed\u00fcrfnisse der Marke oder Modetrends abgestimmt sind und sich ideal f\u00fcr den privaten und gewerblichen Gebrauch eignen.<\/p>\n\n\n\n<p><strong>Entwurf:&nbsp;<\/strong>W\u00e4hlen Sie florale Muster oder entwerfen Sie Ihr eigenes Design.<\/p>\n\n\n\n<p><strong>Zusammensetzung des Sets:<\/strong>&nbsp;Individuelle Keramik-Tassensets mit Kombinationen aus Tassen, Schalen und L\u00f6ffeln.<\/p>\n\n\n\n<p><strong>Gr\u00f6\u00dfe:&nbsp;<\/strong>W\u00e4hlen Sie aus verschiedenen Gr\u00f6\u00dfen f\u00fcr unterschiedliche Mahlzeitenportionen.<\/p>\n\n\n\n<p><strong>Material:<\/strong>&nbsp;Keramik, Porzellan, Knochenporzellan oder erkundigen Sie sich nach Alternativen.<\/p>\n\n\n\n<p><strong>Handwerkliches K\u00f6nnen:&nbsp;<\/strong>Glasurabziehbilder, Ofenwechsel, handbemalt, Reliefmuster oder andere.<\/p>\n\n\n\n<p><strong>Verpackung:&nbsp;<\/strong>Bulk Pack, Farbkarton, Geschenkkarton, Displaying Box, Mailer Box etc.<\/p>\n<\/div>\n<\/div>","protected":false},"excerpt":{"rendered":"<p>Vintage-Geschirr und Tee-Set Gro\u00dfhandel, hochwertige und elegante Design, bietet komplette Geschirr-Sets, einschlie\u00dflich Teller, Schalen, Teekannen, Teetassen, Becher, etc. Ob Sie ma\u00dfgeschneiderte Verpackung oder Logo wollen, kann Lianyuan Geschirr Fabrik Sie mit den kosteng\u00fcnstigsten und Qualit\u00e4t L\u00f6sungen bieten.<\/p>\n<h2>Vintage-Geschirr Parameter<\/h2>\n<table style=\"border-collapse: collapse; width: 370.82pt;\" border=\"0\" width=\"618\" cellspacing=\"0\" cellpadding=\"0\">\n<tbody>\n<tr style=\"height: 15.60pt;\">\n<td class=\"et3\" style=\"height: 15.60pt; width: 108.00pt;\" width=\"180\" height=\"26\">Hersteller<\/td>\n<td class=\"et3\" style=\"width: 263.25pt;\" width=\"438\">Lianyuan<\/td>\n<\/tr>\n<tr style=\"height: 15.60pt;\">\n<td class=\"et3\" style=\"height: 15.60pt;\" height=\"26\">Produkttyp<\/td>\n<td class=\"et3\">Teller, Blasen, Teekanne, Teetasse, Serviergeschirr<\/td>\n<\/tr>\n<tr style=\"height: 15.60pt;\">\n<td class=\"et3\" style=\"height: 15.60pt;\" height=\"26\">Muster<\/td>\n<td class=\"et3\">Blumen<\/td>\n<\/tr>\n<tr style=\"height: 15.60pt;\">\n<td class=\"et3\" style=\"height: 15.60pt;\" height=\"26\">Farbe<\/td>\n<td class=\"et3\">Blau, Wei\u00df, Braun<\/td>\n<\/tr>\n<tr style=\"height: 15.60pt;\">\n<td class=\"et3\" style=\"height: 15.60pt;\" height=\"26\">Material<\/td>\n<td class=\"et3\">Dauerhaftes Porzellan<\/td>\n<\/tr>\n<tr style=\"height: 15.60pt;\">\n<td class=\"et3\" style=\"height: 15.60pt;\" height=\"26\">Handwerkliches K\u00f6nnen<\/td>\n<td class=\"et3\">Mattglasur, In-Glasur-Abziehbild, Handbemalung<\/td>\n<\/tr>\n<tr style=\"height: 15.60pt;\">\n<td class=\"et3\" style=\"height: 15.60pt;\" height=\"26\">Anmeldung<\/td>\n<td class=\"et3\">Mikrowellen- und sp\u00fclmaschinenfest, ofenfest<\/td>\n<\/tr>\n<tr style=\"height: 15.60pt;\">\n<td class=\"et3\" style=\"height: 15.60pt;\" height=\"26\">Benutzerdefiniert<\/td>\n<td class=\"et3\">Farbe\/Gr\u00f6\u00dfe\/Logo\/Verpackung<\/td>\n<\/tr>\n<\/tbody>\n<\/table>","protected":false},"featured_media":1114,"comment_status":"open","ping_status":"closed","template":"","meta":{"_acf_changed":true},"product_brand":[],"product_cat":[17,18,19],"product_tag":[30,29,27],"class_list":{"0":"post-1129","1":"product","2":"type-product","3":"status-publish","4":"has-post-thumbnail","6":"product_cat-dinnerware-wholesale","7":"product_cat-wholesale-custom-tea-set","8":"product_cat-serveware-wholesale","9":"product_tag-custom-porcelain-dinnerware","10":"product_tag-hand-painted-embossed-dinnerware-wholesale","11":"product_tag-wholesale-decal-ceramics","13":"first","14":"instock","15":"shipping-taxable","16":"product-type-simple"},"acf":[],"_links":{"self":[{"href":"https:\/\/www.lianyuanceramic.com\/de\/wp-json\/wp\/v2\/product\/1129","targetHints":{"allow":["GET"]}}],"collection":[{"href":"https:\/\/www.lianyuanceramic.com\/de\/wp-json\/wp\/v2\/product"}],"about":[{"href":"https:\/\/www.lianyuanceramic.com\/de\/wp-json\/wp\/v2\/types\/product"}],"replies":[{"embeddable":true,"href":"https:\/\/www.lianyuanceramic.com\/de\/wp-json\/wp\/v2\/comments?post=1129"}],"wp:featuredmedia":[{"embeddable":true,"href":"https:\/\/www.lianyuanceramic.com\/de\/wp-json\/wp\/v2\/media\/1114"}],"wp:attachment":[{"href":"https:\/\/www.lianyuanceramic.com\/de\/wp-json\/wp\/v2\/media?parent=1129"}],"wp:term":[{"taxonomy":"product_brand","embeddable":true,"href":"https:\/\/www.lianyuanceramic.com\/de\/wp-json\/wp\/v2\/product_brand?post=1129"},{"taxonomy":"product_cat","embeddable":true,"href":"https:\/\/www.lianyuanceramic.com\/de\/wp-json\/wp\/v2\/product_cat?post=1129"},{"taxonomy":"product_tag","embeddable":true,"href":"https:\/\/www.lianyuanceramic.com\/de\/wp-json\/wp\/v2\/product_tag?post=1129"}],"curies":[{"name":"wp","href":"https:\/\/api.w.org\/{rel}","templated":true}]}}