{"id":1128,"date":"2025-01-17T08:37:42","date_gmt":"2025-01-17T08:37:42","guid":{"rendered":"https:\/\/www.lianyuanceramic.com\/?post_type=product&#038;p=1128"},"modified":"2025-01-17T09:01:58","modified_gmt":"2025-01-17T09:01:58","slug":"wholesale-porcelain-dinnerware","status":"publish","type":"product","link":"https:\/\/www.lianyuanceramic.com\/de\/produkt\/wholesale-porcelain-dinnerware\/","title":{"rendered":"Gro\u00dfhandel Porzellangeschirr Tee Set Elegant Wei\u00df Floral"},"content":{"rendered":"<div class=\"wp-block-columns is-layout-flex wp-container-core-columns-is-layout-9d6595d7 wp-block-columns-is-layout-flex\">\n<div class=\"wp-block-column is-layout-flow wp-block-column-is-layout-flow\">\n<h2 class=\"wp-block-heading\">Porzellangeschirr Merkmale:<\/h2>\n\n\n\n<p><strong>Hochwertiges Porzellan<\/strong><br>Hergestellt aus langlebigem Porzellan, feine Textur, stark und verschlei\u00dffest, umweltfreundlich und sicheres Material, bleifrei und ungiftig, geeignet f\u00fcr den t\u00e4glichen Gebrauch.<\/p>\n\n\n\n<p><strong>Elegantes und modisches Design<\/strong><br>Mit nat\u00fcrlichem und elegantem Wei\u00df, verziert mit sch\u00f6nen kleinen Blumenmustern, vermittelt es die Sch\u00f6nheit der Natur und Komfort.<\/p>\n\n\n\n<p><strong>Unregelm\u00e4\u00dfige Formgebung<\/strong><br>Das Design bricht mit der traditionellen Form, ist einzigartig, verleiht einen k\u00fcnstlerischen Sinn und erh\u00f6ht die Attraktivit\u00e4t des gedeckten Tisches.<\/p>\n\n\n\n<p><strong>Geschirrset und Teeservice<\/strong><br>Zum Abdecken von Tellern, Sch\u00fcsseln, Teetassen, Teekannen usw., geeignet f\u00fcr Nachmittagstee, Familienessen, Restaurant-Hotel-Catering, usw.<\/p>\n\n\n\n<p><strong>Attraktivit\u00e4t des Marktes<\/strong><br>Das elegante Design entspricht der \u00c4sthetik des globalen Marktes, und die Geschenkverpackung kann individuell gestaltet werden, was sie zu einer idealen Wahl f\u00fcr Hochzeiten, Feste und Werbegeschenke macht.<\/p>\n<\/div>\n\n\n\n<div class=\"wp-block-column is-layout-flow wp-block-column-is-layout-flow\">\n<figure class=\"wp-block-image size-full\"><img decoding=\"async\" width=\"6240\" height=\"4160\" src=\"https:\/\/www.lianyuanceramic.com\/wp-content\/uploads\/2025\/01\/wholesale-porcelain-dinnerware-tea-set-2.webp\" alt=\"Gro\u00dfhandel Porzellangeschirr Teeservice\" class=\"wp-image-1119\" srcset=\"https:\/\/www.lianyuanceramic.com\/wp-content\/uploads\/2025\/01\/wholesale-porcelain-dinnerware-tea-set-2.webp 6240w, https:\/\/www.lianyuanceramic.com\/wp-content\/uploads\/2025\/01\/wholesale-porcelain-dinnerware-tea-set-2-300x200.webp 300w, https:\/\/www.lianyuanceramic.com\/wp-content\/uploads\/2025\/01\/wholesale-porcelain-dinnerware-tea-set-2-768x512.webp 768w, https:\/\/www.lianyuanceramic.com\/wp-content\/uploads\/2025\/01\/wholesale-porcelain-dinnerware-tea-set-2-18x12.webp 18w, https:\/\/www.lianyuanceramic.com\/wp-content\/uploads\/2025\/01\/wholesale-porcelain-dinnerware-tea-set-2-1200x800.webp 1200w, https:\/\/www.lianyuanceramic.com\/wp-content\/uploads\/2025\/01\/wholesale-porcelain-dinnerware-tea-set-2-600x400.webp 600w\" sizes=\"(max-width: 6240px) 100vw, 6240px\" \/><\/figure>\n<\/div>\n<\/div>\n\n\n\n<div class=\"wp-block-columns is-layout-flex wp-container-core-columns-is-layout-9d6595d7 wp-block-columns-is-layout-flex\">\n<div class=\"wp-block-column is-layout-flow wp-block-column-is-layout-flow\">\n<figure class=\"wp-block-image size-full\"><img decoding=\"async\" width=\"4151\" height=\"3452\" src=\"https:\/\/www.lianyuanceramic.com\/wp-content\/uploads\/2025\/01\/wholesale-porcelain-dinnerware-tea-set-1.webp\" alt=\"Gro\u00dfhandel Porzellangeschirr Teeservice\" class=\"wp-image-1118\" srcset=\"https:\/\/www.lianyuanceramic.com\/wp-content\/uploads\/2025\/01\/wholesale-porcelain-dinnerware-tea-set-1.webp 4151w, https:\/\/www.lianyuanceramic.com\/wp-content\/uploads\/2025\/01\/wholesale-porcelain-dinnerware-tea-set-1-300x249.webp 300w, https:\/\/www.lianyuanceramic.com\/wp-content\/uploads\/2025\/01\/wholesale-porcelain-dinnerware-tea-set-1-768x639.webp 768w, https:\/\/www.lianyuanceramic.com\/wp-content\/uploads\/2025\/01\/wholesale-porcelain-dinnerware-tea-set-1-14x12.webp 14w, https:\/\/www.lianyuanceramic.com\/wp-content\/uploads\/2025\/01\/wholesale-porcelain-dinnerware-tea-set-1-1200x998.webp 1200w, https:\/\/www.lianyuanceramic.com\/wp-content\/uploads\/2025\/01\/wholesale-porcelain-dinnerware-tea-set-1-600x499.webp 600w\" sizes=\"(max-width: 4151px) 100vw, 4151px\" \/><\/figure>\n<\/div>\n\n\n\n<div class=\"wp-block-column is-layout-flow wp-block-column-is-layout-flow\">\n<h2 class=\"wp-block-heading\">Individuelles Porzellangeschirr:<\/h2>\n\n\n\n<p>Lianyuan bietet verschiedene individuelle Geschirroptionen an, die auf die Bed\u00fcrfnisse der Marke oder Modetrends abgestimmt sind und sich ideal f\u00fcr den privaten und gewerblichen Gebrauch eignen.<\/p>\n\n\n\n<p><strong>Entwurf:&nbsp;<\/strong>W\u00e4hlen Sie florale Muster oder entwerfen Sie Ihr eigenes Design.<\/p>\n\n\n\n<p><strong>Zusammensetzung des Sets:<\/strong>&nbsp;Individuelle Keramik-Tassensets mit Kombinationen aus Tassen, Schalen und L\u00f6ffeln.<\/p>\n\n\n\n<p><strong>Gr\u00f6\u00dfe:&nbsp;<\/strong>W\u00e4hlen Sie aus verschiedenen Gr\u00f6\u00dfen f\u00fcr unterschiedliche Mahlzeitenportionen.<\/p>\n\n\n\n<p><strong>Material:<\/strong>&nbsp;Keramik, Porzellan, Knochenporzellan oder erkundigen Sie sich nach Alternativen.<\/p>\n\n\n\n<p><strong>Handwerkliches K\u00f6nnen:&nbsp;<\/strong>Glasurabziehbilder, Ofenwechsel, handbemalt, Reliefmuster oder andere.<\/p>\n\n\n\n<p><strong>Verpackung:&nbsp;<\/strong>Bulk Pack, Farbkarton, Geschenkkarton, Displaying Box, Mailer Box etc.<\/p>\n<\/div>\n<\/div>","protected":false},"excerpt":{"rendered":"<p>Willkommen im Gro\u00dfhandel Porzellangeschirr und Tee-Sets, elegante und nat\u00fcrliche Blumen versch\u00f6nern wei\u00dfe Teller, unregelm\u00e4\u00dfige Form Design, einzigartig und sch\u00f6n. Bieten Fabrik Preise und kundenspezifische Dienstleistungen, kontaktieren Sie uns bitte f\u00fcr weitere Informationen \u00fcber feine Porzellan-Geschirr.<\/p>\n<h2>Porzellangeschirr Parameter<\/h2>\n<table style=\"border-collapse: collapse; width: 370.82pt;\" border=\"0\" width=\"618\" cellspacing=\"0\" cellpadding=\"0\">\n<tbody>\n<tr style=\"height: 15.60pt;\">\n<td class=\"et3\" style=\"height: 15.60pt; width: 108.00pt;\" width=\"180\" height=\"26\">Hersteller<\/td>\n<td class=\"et3\" style=\"width: 263.25pt;\" width=\"438\">Lianyuan<\/td>\n<\/tr>\n<tr style=\"height: 15.60pt;\">\n<td class=\"et3\" style=\"height: 15.60pt;\" height=\"26\">Produkttyp<\/td>\n<td class=\"et3\">Teller, Schalen, Serviergeschirr, Teetasse, Teekanne, Vasse<\/td>\n<\/tr>\n<tr style=\"height: 15.60pt;\">\n<td class=\"et3\" style=\"height: 15.60pt;\" height=\"26\">Muster<\/td>\n<td class=\"et3\">Blumen<\/td>\n<\/tr>\n<tr style=\"height: 15.60pt;\">\n<td class=\"et3\" style=\"height: 15.60pt;\" height=\"26\">Farbe<\/td>\n<td class=\"et3\">Buntes<\/td>\n<\/tr>\n<tr style=\"height: 15.60pt;\">\n<td class=\"et3\" style=\"height: 15.60pt;\" height=\"26\">Material<\/td>\n<td class=\"et3\">Dauerhaftes Porzellan<\/td>\n<\/tr>\n<tr style=\"height: 15.60pt;\">\n<td class=\"et3\" style=\"height: 15.60pt;\" height=\"26\">Handwerkliches K\u00f6nnen<\/td>\n<td class=\"et3\">In-Glasiertes Abziehbild, Handbemalung<\/td>\n<\/tr>\n<tr style=\"height: 15.60pt;\">\n<td class=\"et3\" style=\"height: 15.60pt;\" height=\"26\">Anmeldung<\/td>\n<td class=\"et3\">Mikrowellen- und sp\u00fclmaschinenfest, ofenfest<\/td>\n<\/tr>\n<tr style=\"height: 15.60pt;\">\n<td class=\"et3\" style=\"height: 15.60pt;\" height=\"26\">Benutzerdefiniert<\/td>\n<td class=\"et3\">Farbe\/Gr\u00f6\u00dfe\/Logo\/Verpackung<\/td>\n<\/tr>\n<\/tbody>\n<\/table>","protected":false},"featured_media":1120,"comment_status":"open","ping_status":"closed","template":"","meta":{"_acf_changed":true},"product_brand":[],"product_cat":[17,18],"product_tag":[30,29,27],"class_list":{"0":"post-1128","1":"product","2":"type-product","3":"status-publish","4":"has-post-thumbnail","6":"product_cat-dinnerware-wholesale","7":"product_cat-wholesale-custom-tea-set","8":"product_tag-custom-porcelain-dinnerware","9":"product_tag-hand-painted-embossed-dinnerware-wholesale","10":"product_tag-wholesale-decal-ceramics","12":"first","13":"instock","14":"shipping-taxable","15":"product-type-simple"},"acf":[],"_links":{"self":[{"href":"https:\/\/www.lianyuanceramic.com\/de\/wp-json\/wp\/v2\/product\/1128","targetHints":{"allow":["GET"]}}],"collection":[{"href":"https:\/\/www.lianyuanceramic.com\/de\/wp-json\/wp\/v2\/product"}],"about":[{"href":"https:\/\/www.lianyuanceramic.com\/de\/wp-json\/wp\/v2\/types\/product"}],"replies":[{"embeddable":true,"href":"https:\/\/www.lianyuanceramic.com\/de\/wp-json\/wp\/v2\/comments?post=1128"}],"wp:featuredmedia":[{"embeddable":true,"href":"https:\/\/www.lianyuanceramic.com\/de\/wp-json\/wp\/v2\/media\/1120"}],"wp:attachment":[{"href":"https:\/\/www.lianyuanceramic.com\/de\/wp-json\/wp\/v2\/media?parent=1128"}],"wp:term":[{"taxonomy":"product_brand","embeddable":true,"href":"https:\/\/www.lianyuanceramic.com\/de\/wp-json\/wp\/v2\/product_brand?post=1128"},{"taxonomy":"product_cat","embeddable":true,"href":"https:\/\/www.lianyuanceramic.com\/de\/wp-json\/wp\/v2\/product_cat?post=1128"},{"taxonomy":"product_tag","embeddable":true,"href":"https:\/\/www.lianyuanceramic.com\/de\/wp-json\/wp\/v2\/product_tag?post=1128"}],"curies":[{"name":"wp","href":"https:\/\/api.w.org\/{rel}","templated":true}]}}