{"id":1067,"date":"2025-01-17T03:56:12","date_gmt":"2025-01-17T03:56:12","guid":{"rendered":"https:\/\/www.lianyuanceramic.com\/?post_type=product&#038;p=1067"},"modified":"2025-01-17T05:42:53","modified_gmt":"2025-01-17T05:42:53","slug":"custom-ceramic-food-storage-containers","status":"publish","type":"product","link":"https:\/\/www.lianyuanceramic.com\/de\/produkt\/custom-ceramic-food-storage-containers\/","title":{"rendered":"Kundenspezifische keramische Lebensmittelbeh\u00e4lter mit Deckel in loser Sch\u00fcttung"},"content":{"rendered":"<div class=\"wp-block-columns is-layout-flex wp-container-core-columns-is-layout-9d6595d7 wp-block-columns-is-layout-flex\">\n<div class=\"wp-block-column is-layout-flow wp-block-column-is-layout-flow\">\n<h2 class=\"wp-block-heading\">Keramische Lebensmittelbeh\u00e4lter Merkmale:<\/h2>\n\n\n\n<p><strong>Hochwertiges, langlebiges Porzellan<\/strong><br>Aus sicherem und ungiftigem Porzellan hergestellt, ist es haltbarer, widerstandsf\u00e4hig gegen hohe Temperaturen und f\u00fcr die Verwendung in Mikrowellenherden, Back\u00f6fen und K\u00fchlschr\u00e4nken geeignet.<\/p>\n\n\n\n<p><strong>Einzigartiges und exquisites Design<\/strong><br>Das Blumen- und Pflanzenmuster zeigt einen nat\u00fcrlichen und frischen Stil. Die Glasurabziehbilder und die handgemalte Handwerkskunst machen die Muster lebendig und hell, und die Oberfl\u00e4che ist glatt und gl\u00e4nzend und verleiht der K\u00fcche oder dem Esstisch Charme.<\/p>\n\n\n\n<p><strong>Auslaufsichere Konstruktion<\/strong><br>Mit einem versiegelten Deckel, der ein Auslaufen des Inhalts verhindert, hemmt es wirksam das Bakterienwachstum und ist f\u00fcr eine langfristige Lagerung geeignet.<\/p>\n\n\n\n<p><strong>Leicht zu reinigen<\/strong><br>Die Oberfl\u00e4che ist glatt, nimmt nicht so leicht Essensreste auf und ist leicht zu reinigen.<\/p>\n\n\n\n<p><strong>Sicherheitsbescheinigung<\/strong><br>Entspricht den California Proposition 65-Normen, ist ungiftig und umweltfreundlich und gew\u00e4hrleistet die Sicherheit der Lebensmittelaufbewahrung.<\/p>\n<\/div>\n\n\n\n<div class=\"wp-block-column is-layout-flow wp-block-column-is-layout-flow\">\n<figure class=\"wp-block-image size-full\"><img decoding=\"async\" width=\"4160\" height=\"4160\" src=\"https:\/\/www.lianyuanceramic.com\/wp-content\/uploads\/2025\/01\/custom-ceramic-food-storage-containers-bulk-17.webp\" alt=\"keramische Lebensmittelbeh\u00e4lter f\u00fcr Gro\u00dfverbraucher\" class=\"wp-image-1069\" srcset=\"https:\/\/www.lianyuanceramic.com\/wp-content\/uploads\/2025\/01\/custom-ceramic-food-storage-containers-bulk-17.webp 4160w, https:\/\/www.lianyuanceramic.com\/wp-content\/uploads\/2025\/01\/custom-ceramic-food-storage-containers-bulk-17-300x300.webp 300w, https:\/\/www.lianyuanceramic.com\/wp-content\/uploads\/2025\/01\/custom-ceramic-food-storage-containers-bulk-17-150x150.webp 150w, https:\/\/www.lianyuanceramic.com\/wp-content\/uploads\/2025\/01\/custom-ceramic-food-storage-containers-bulk-17-768x768.webp 768w, https:\/\/www.lianyuanceramic.com\/wp-content\/uploads\/2025\/01\/custom-ceramic-food-storage-containers-bulk-17-12x12.webp 12w, https:\/\/www.lianyuanceramic.com\/wp-content\/uploads\/2025\/01\/custom-ceramic-food-storage-containers-bulk-17-1200x1200.webp 1200w, https:\/\/www.lianyuanceramic.com\/wp-content\/uploads\/2025\/01\/custom-ceramic-food-storage-containers-bulk-17-600x600.webp 600w, https:\/\/www.lianyuanceramic.com\/wp-content\/uploads\/2025\/01\/custom-ceramic-food-storage-containers-bulk-17-100x100.webp 100w\" sizes=\"(max-width: 4160px) 100vw, 4160px\" \/><\/figure>\n<\/div>\n<\/div>\n\n\n\n<div class=\"wp-block-columns is-layout-flex wp-container-core-columns-is-layout-9d6595d7 wp-block-columns-is-layout-flex\">\n<div class=\"wp-block-column is-layout-flow wp-block-column-is-layout-flow\"><\/div>\n\n\n\n<div class=\"wp-block-column is-layout-flow wp-block-column-is-layout-flow\"><\/div>\n<\/div>\n\n\n\n<div class=\"wp-block-columns is-layout-flex wp-container-core-columns-is-layout-9d6595d7 wp-block-columns-is-layout-flex\">\n<div class=\"wp-block-column is-layout-flow wp-block-column-is-layout-flow\">\n<figure class=\"wp-block-image size-full\"><img decoding=\"async\" width=\"4399\" height=\"4399\" src=\"https:\/\/www.lianyuanceramic.com\/wp-content\/uploads\/2025\/01\/custom-ceramic-food-storage-containers-bulk-18.webp\" alt=\"keramische Lebensmittelbeh\u00e4lter f\u00fcr Gro\u00dfverbraucher\" class=\"wp-image-1070\" srcset=\"https:\/\/www.lianyuanceramic.com\/wp-content\/uploads\/2025\/01\/custom-ceramic-food-storage-containers-bulk-18.webp 4399w, https:\/\/www.lianyuanceramic.com\/wp-content\/uploads\/2025\/01\/custom-ceramic-food-storage-containers-bulk-18-300x300.webp 300w, https:\/\/www.lianyuanceramic.com\/wp-content\/uploads\/2025\/01\/custom-ceramic-food-storage-containers-bulk-18-150x150.webp 150w, https:\/\/www.lianyuanceramic.com\/wp-content\/uploads\/2025\/01\/custom-ceramic-food-storage-containers-bulk-18-768x768.webp 768w, https:\/\/www.lianyuanceramic.com\/wp-content\/uploads\/2025\/01\/custom-ceramic-food-storage-containers-bulk-18-12x12.webp 12w, https:\/\/www.lianyuanceramic.com\/wp-content\/uploads\/2025\/01\/custom-ceramic-food-storage-containers-bulk-18-1200x1200.webp 1200w, https:\/\/www.lianyuanceramic.com\/wp-content\/uploads\/2025\/01\/custom-ceramic-food-storage-containers-bulk-18-600x600.webp 600w, https:\/\/www.lianyuanceramic.com\/wp-content\/uploads\/2025\/01\/custom-ceramic-food-storage-containers-bulk-18-100x100.webp 100w\" sizes=\"(max-width: 4399px) 100vw, 4399px\" \/><\/figure>\n<\/div>\n\n\n\n<div class=\"wp-block-column is-layout-flow wp-block-column-is-layout-flow\">\n<h2 class=\"wp-block-heading\">Individuell gestaltete Keramik-Beh\u00e4lter f\u00fcr Lebensmittel:<\/h2>\n\n\n\n<p>Lianyuan, der Hersteller von keramischen Lebensmittelbeh\u00e4ltern, kann Ihnen einen kompletten Anpassungsservice anbieten, um Ihre Ideen zu verwirklichen.<\/p>\n\n\n\n<p><strong>Gr\u00f6\u00dfe und Form<\/strong>: Umfasst runde, ovale, rechteckige und kundenspezifische Gr\u00f6\u00dfen.<\/p>\n\n\n\n<p><strong>Material und Dicke<\/strong>: Dauerhafte Keramik, hitzebest\u00e4ndiger Ton, Porzellan, Steingut, nach Ma\u00df in verschiedenen St\u00e4rken und Hitzebest\u00e4ndigkeiten.<\/p>\n\n\n\n<p><strong>Beendet<\/strong>: Zu den Optionen geh\u00f6ren matte, gl\u00e4nzende oder strukturierte Oberfl\u00e4chen.<\/p>\n\n\n\n<p><strong>Dekoration\/Muster<\/strong>: Individuelle Grafiken, Designs oder Logos, einschlie\u00dflich Abziehbilder, handbemalt und gepr\u00e4gt.<\/p>\n\n\n\n<p><strong>Paket<\/strong>: Ma\u00dfgeschneiderte Verpackungen f\u00fcr Gro\u00dfbestellungen, Geschenksets oder den Vertrieb im Einzelhandel mit personalisierter Beschriftung oder Branding.<\/p>\n<\/div>\n<\/div>\n\n\n\n<div class=\"wp-block-columns is-layout-flex wp-container-core-columns-is-layout-9d6595d7 wp-block-columns-is-layout-flex\">\n<div class=\"wp-block-column is-layout-flow wp-block-column-is-layout-flow\">\n<figure class=\"wp-block-image size-full\"><img decoding=\"async\" width=\"2000\" height=\"2000\" src=\"https:\/\/www.lianyuanceramic.com\/wp-content\/uploads\/2025\/01\/custom-ceramic-food-storage-containers-bulk-20.webp\" alt=\"keramische Lebensmittelbeh\u00e4lter f\u00fcr Gro\u00dfverbraucher\" class=\"wp-image-1072\" srcset=\"https:\/\/www.lianyuanceramic.com\/wp-content\/uploads\/2025\/01\/custom-ceramic-food-storage-containers-bulk-20.webp 2000w, https:\/\/www.lianyuanceramic.com\/wp-content\/uploads\/2025\/01\/custom-ceramic-food-storage-containers-bulk-20-300x300.webp 300w, https:\/\/www.lianyuanceramic.com\/wp-content\/uploads\/2025\/01\/custom-ceramic-food-storage-containers-bulk-20-150x150.webp 150w, https:\/\/www.lianyuanceramic.com\/wp-content\/uploads\/2025\/01\/custom-ceramic-food-storage-containers-bulk-20-768x768.webp 768w, https:\/\/www.lianyuanceramic.com\/wp-content\/uploads\/2025\/01\/custom-ceramic-food-storage-containers-bulk-20-12x12.webp 12w, https:\/\/www.lianyuanceramic.com\/wp-content\/uploads\/2025\/01\/custom-ceramic-food-storage-containers-bulk-20-1200x1200.webp 1200w, https:\/\/www.lianyuanceramic.com\/wp-content\/uploads\/2025\/01\/custom-ceramic-food-storage-containers-bulk-20-600x600.webp 600w, https:\/\/www.lianyuanceramic.com\/wp-content\/uploads\/2025\/01\/custom-ceramic-food-storage-containers-bulk-20-100x100.webp 100w\" sizes=\"(max-width: 2000px) 100vw, 2000px\" \/><\/figure>\n<\/div>\n\n\n\n<div class=\"wp-block-column is-layout-flow wp-block-column-is-layout-flow\">\n<figure class=\"wp-block-image size-full\"><img decoding=\"async\" width=\"2000\" height=\"2000\" src=\"https:\/\/www.lianyuanceramic.com\/wp-content\/uploads\/2025\/01\/custom-ceramic-food-storage-containers-bulk-19.webp\" alt=\"keramische Lebensmittelbeh\u00e4lter f\u00fcr Gro\u00dfverbraucher\" class=\"wp-image-1071\" srcset=\"https:\/\/www.lianyuanceramic.com\/wp-content\/uploads\/2025\/01\/custom-ceramic-food-storage-containers-bulk-19.webp 2000w, https:\/\/www.lianyuanceramic.com\/wp-content\/uploads\/2025\/01\/custom-ceramic-food-storage-containers-bulk-19-300x300.webp 300w, https:\/\/www.lianyuanceramic.com\/wp-content\/uploads\/2025\/01\/custom-ceramic-food-storage-containers-bulk-19-150x150.webp 150w, https:\/\/www.lianyuanceramic.com\/wp-content\/uploads\/2025\/01\/custom-ceramic-food-storage-containers-bulk-19-768x768.webp 768w, https:\/\/www.lianyuanceramic.com\/wp-content\/uploads\/2025\/01\/custom-ceramic-food-storage-containers-bulk-19-12x12.webp 12w, https:\/\/www.lianyuanceramic.com\/wp-content\/uploads\/2025\/01\/custom-ceramic-food-storage-containers-bulk-19-1200x1200.webp 1200w, https:\/\/www.lianyuanceramic.com\/wp-content\/uploads\/2025\/01\/custom-ceramic-food-storage-containers-bulk-19-600x600.webp 600w, https:\/\/www.lianyuanceramic.com\/wp-content\/uploads\/2025\/01\/custom-ceramic-food-storage-containers-bulk-19-100x100.webp 100w\" sizes=\"(max-width: 2000px) 100vw, 2000px\" \/><\/figure>\n<\/div>\n<\/div>\n\n\n\n<p><\/p>","protected":false},"excerpt":{"rendered":"<p>Benutzerdefinierte beste Keramik Lebensmittelbeh\u00e4lter mit luftdichten Deckeln, und floral sch\u00f6nes Design. Erh\u00e4ltlich in mehreren Gr\u00f6\u00dfen und Formen (rechteckig, quadratisch, rund), direkt vom Hersteller geliefert, beste Rabatte f\u00fcr Gro\u00dfhandelsauftr\u00e4ge, willkommen zu erkundigen heute!<\/p>\n<h2>Keramische Lebensmittelbeh\u00e4lter Parameter:<\/h2>\n<table width=\"353\">\n<tbody>\n<tr>\n<td width=\"82\">Hersteller<\/td>\n<td width=\"270\">Lianyuan<\/td>\n<\/tr>\n<tr>\n<td>Produkttyp<\/td>\n<td width=\"270\">Lebensmittelbeh\u00e4lter, Aufbewahrungsbox<\/td>\n<\/tr>\n<tr>\n<td>Muster<\/td>\n<td>Blumen, Pflanzen<\/td>\n<\/tr>\n<tr>\n<td>Farbe<\/td>\n<td>\n<p>Mehrfarbig<\/p>\n<\/td>\n<\/tr>\n<tr>\n<td>Material<\/td>\n<td>Dauerhaftes Porzellan<\/td>\n<\/tr>\n<tr>\n<td>Handwerkliches K\u00f6nnen<\/td>\n<td>In-Glasur-Abziehbild, handbemalt\u00a0<\/td>\n<\/tr>\n<tr>\n<td>Anmeldung<\/td>\n<td>Mikrowellen- und sp\u00fclmaschinenfest, ofen- und gefrierschrankfest<\/td>\n<\/tr>\n<tr>\n<td>Benutzerdefiniert<\/td>\n<td>Farbe\/Gr\u00f6\u00dfe\/Logo\/Verpackung<\/td>\n<\/tr>\n<\/tbody>\n<\/table>","protected":false},"featured_media":1079,"comment_status":"open","ping_status":"closed","template":"","meta":{"_acf_changed":true},"product_brand":[],"product_cat":[20],"product_tag":[30,29,27],"class_list":{"0":"post-1067","1":"product","2":"type-product","3":"status-publish","4":"has-post-thumbnail","6":"product_cat-custom-bakeware-casserole-dish","7":"product_tag-custom-porcelain-dinnerware","8":"product_tag-hand-painted-embossed-dinnerware-wholesale","9":"product_tag-wholesale-decal-ceramics","11":"first","12":"instock","13":"shipping-taxable","14":"product-type-simple"},"acf":[],"_links":{"self":[{"href":"https:\/\/www.lianyuanceramic.com\/de\/wp-json\/wp\/v2\/product\/1067","targetHints":{"allow":["GET"]}}],"collection":[{"href":"https:\/\/www.lianyuanceramic.com\/de\/wp-json\/wp\/v2\/product"}],"about":[{"href":"https:\/\/www.lianyuanceramic.com\/de\/wp-json\/wp\/v2\/types\/product"}],"replies":[{"embeddable":true,"href":"https:\/\/www.lianyuanceramic.com\/de\/wp-json\/wp\/v2\/comments?post=1067"}],"wp:featuredmedia":[{"embeddable":true,"href":"https:\/\/www.lianyuanceramic.com\/de\/wp-json\/wp\/v2\/media\/1079"}],"wp:attachment":[{"href":"https:\/\/www.lianyuanceramic.com\/de\/wp-json\/wp\/v2\/media?parent=1067"}],"wp:term":[{"taxonomy":"product_brand","embeddable":true,"href":"https:\/\/www.lianyuanceramic.com\/de\/wp-json\/wp\/v2\/product_brand?post=1067"},{"taxonomy":"product_cat","embeddable":true,"href":"https:\/\/www.lianyuanceramic.com\/de\/wp-json\/wp\/v2\/product_cat?post=1067"},{"taxonomy":"product_tag","embeddable":true,"href":"https:\/\/www.lianyuanceramic.com\/de\/wp-json\/wp\/v2\/product_tag?post=1067"}],"curies":[{"name":"wp","href":"https:\/\/api.w.org\/{rel}","templated":true}]}}