{"id":1056,"date":"2025-01-17T03:54:06","date_gmt":"2025-01-17T03:54:06","guid":{"rendered":"https:\/\/www.lianyuanceramic.com\/?post_type=product&#038;p=1056"},"modified":"2025-01-17T03:54:07","modified_gmt":"2025-01-17T03:54:07","slug":"custom-chinese-casserole-dish","status":"publish","type":"product","link":"https:\/\/www.lianyuanceramic.com\/de\/produkt\/custom-chinese-casserole-dish\/","title":{"rendered":"Custom Chinese Casserole Dish Schwarz Suppentopf Keramik Kochgeschirr"},"content":{"rendered":"<div class=\"wp-block-columns is-layout-flex wp-container-core-columns-is-layout-9d6595d7 wp-block-columns-is-layout-flex\">\n<div class=\"wp-block-column is-layout-flow wp-block-column-is-layout-flow\">\n<h2 class=\"wp-block-heading\">Chinesische Auflaufform Merkmale:<\/h2>\n\n\n\n<p><strong>Schwarzes modernes minimalistisches Design<\/strong><br>Die elegante schwarze Keramikoptik setzt das in \u00dcbersee beliebte Gusseisendesign fort. Er ist modern und klassisch, passt zu jedem K\u00fcchenstil und ist \u00e4u\u00dferst dekorativ.<\/p>\n\n\n\n<p><strong>Umweltfreundliches hitzebest\u00e4ndiges Porzellan<\/strong><br>Hergestellt aus hochtemperaturbest\u00e4ndigem Porzellanmaterial, sicher und ungiftig. Die chinesische Auflaufform ist robust und langlebig, mit gleichm\u00e4\u00dfiger W\u00e4rme\u00fcbertragung, die Lebensmittel f\u00fcr eine lange Zeit warm halten kann und ist f\u00fcr den langfristigen Einsatz geeignet.<\/p>\n\n\n\n<p><strong>Hochwertige Glasur<\/strong><br>Die bei hohen Temperaturen gebrannte keramische Oberfl\u00e4che ist langlebig und leicht zu reinigen, dabei kratzfest und nicht leicht zu verf\u00e4rben oder zu verblassen.<\/p>\n\n\n\n<p><strong>Holzknauf mit Verkrustungsschutz<\/strong><br>Die umweltfreundlichen, nat\u00fcrlichen Holzkn\u00f6pfe sind gesund und ungiftig und haben eine Antiverbr\u00fchungsfunktion, die die Sicherheit und den Komfort im Gebrauch verbessert.<\/p>\n\n\n\n<p><strong>Verschiedene Kochgeschirrtypen zur Auswahl<\/strong><br>Dazu geh\u00f6ren Suppent\u00f6pfe, Multifunktionst\u00f6pfe und Milcht\u00f6pfe usw., die den verschiedenen Kochbed\u00fcrfnissen gerecht werden und sich f\u00fcr die t\u00e4gliche Familienk\u00fcche oder Bankette eignen.<\/p>\n<\/div>\n\n\n\n<div class=\"wp-block-column is-layout-flow wp-block-column-is-layout-flow\">\n<h2 class=\"wp-block-heading\">Individuelle chinesische Auflaufform:<\/h2>\n\n\n\n<p>Eine breite Palette an kundenspezifischen Auflaufformen gew\u00e4hrleistet qualitativ hochwertige Auflaufformen, die den funktionalen Anforderungen und dem Markenimage der verschiedenen M\u00e4rkte entsprechen.<\/p>\n\n\n\n<p><strong>Gr\u00f6\u00dfen und Formen<\/strong>: Umfasst runde, ovale, rechteckige und kundenspezifische Gr\u00f6\u00dfen.<\/p>\n\n\n\n<p><strong>Materialien und Dicke<\/strong>: Hitzebest\u00e4ndiger Ton, dauerhafte Keramik, Porzellan, Steinzeug, und die St\u00e4rken variieren in der Hitzebest\u00e4ndigkeit.<\/p>\n\n\n\n<p><strong>Entw\u00fcrfe f\u00fcr Deckel und Griffe<\/strong>: Passen Sie die Form, das Material und die Gr\u00f6\u00dfe des Deckels und des Griffs an, um die Bedienung zu erleichtern.<\/p>\n\n\n\n<p><strong>Beendet<\/strong>: Zu den Optionen geh\u00f6ren matte, gl\u00e4nzende oder strukturierte Oberfl\u00e4chen.<\/p>\n\n\n\n<p><strong>Dekorationen\/Muster<\/strong>: Kundenspezifische Muster, Designs oder Logos, einschlie\u00dflich Abziehbilder, handbemalt und gepr\u00e4gt.<\/p>\n\n\n\n<p><strong>Verpackung<\/strong>: Ma\u00dfgeschneiderte Verpackungen f\u00fcr Gro\u00dfbestellungen, Geschenksets oder f\u00fcr den Einzelhandel mit personalisierten Etiketten oder Branding.<\/p>\n<\/div>\n<\/div>\n\n\n\n<div class=\"wp-block-columns is-layout-flex wp-container-core-columns-is-layout-9d6595d7 wp-block-columns-is-layout-flex\">\n<div class=\"wp-block-column is-layout-flow wp-block-column-is-layout-flow\">\n<figure class=\"wp-block-image size-full\"><img decoding=\"async\" width=\"4160\" height=\"5546\" src=\"https:\/\/www.lianyuanceramic.com\/wp-content\/uploads\/2025\/01\/custom-chinese-casserole-dish-6.webp\" alt=\"ma\u00dfgeschneiderte chinesische Auflaufform\" class=\"wp-image-1064\" srcset=\"https:\/\/www.lianyuanceramic.com\/wp-content\/uploads\/2025\/01\/custom-chinese-casserole-dish-6.webp 4160w, https:\/\/www.lianyuanceramic.com\/wp-content\/uploads\/2025\/01\/custom-chinese-casserole-dish-6-225x300.webp 225w, https:\/\/www.lianyuanceramic.com\/wp-content\/uploads\/2025\/01\/custom-chinese-casserole-dish-6-768x1024.webp 768w, https:\/\/www.lianyuanceramic.com\/wp-content\/uploads\/2025\/01\/custom-chinese-casserole-dish-6-9x12.webp 9w, https:\/\/www.lianyuanceramic.com\/wp-content\/uploads\/2025\/01\/custom-chinese-casserole-dish-6-1200x1600.webp 1200w, https:\/\/www.lianyuanceramic.com\/wp-content\/uploads\/2025\/01\/custom-chinese-casserole-dish-6-600x800.webp 600w\" sizes=\"(max-width: 4160px) 100vw, 4160px\" \/><\/figure>\n<\/div>\n\n\n\n<div class=\"wp-block-column is-layout-flow wp-block-column-is-layout-flow\">\n<figure class=\"wp-block-image size-full\"><img decoding=\"async\" width=\"3943\" height=\"5257\" src=\"https:\/\/www.lianyuanceramic.com\/wp-content\/uploads\/2025\/01\/custom-chinese-casserole-dish-8.webp\" alt=\"ma\u00dfgeschneiderte chinesische Auflaufform\" class=\"wp-image-1066\" srcset=\"https:\/\/www.lianyuanceramic.com\/wp-content\/uploads\/2025\/01\/custom-chinese-casserole-dish-8.webp 3943w, https:\/\/www.lianyuanceramic.com\/wp-content\/uploads\/2025\/01\/custom-chinese-casserole-dish-8-225x300.webp 225w, https:\/\/www.lianyuanceramic.com\/wp-content\/uploads\/2025\/01\/custom-chinese-casserole-dish-8-768x1024.webp 768w, https:\/\/www.lianyuanceramic.com\/wp-content\/uploads\/2025\/01\/custom-chinese-casserole-dish-8-9x12.webp 9w, https:\/\/www.lianyuanceramic.com\/wp-content\/uploads\/2025\/01\/custom-chinese-casserole-dish-8-1200x1600.webp 1200w, https:\/\/www.lianyuanceramic.com\/wp-content\/uploads\/2025\/01\/custom-chinese-casserole-dish-8-600x800.webp 600w\" sizes=\"(max-width: 3943px) 100vw, 3943px\" \/><\/figure>\n<\/div>\n\n\n\n<div class=\"wp-block-column is-layout-flow wp-block-column-is-layout-flow\">\n<figure class=\"wp-block-image size-full\"><img decoding=\"async\" width=\"3896\" height=\"5195\" src=\"https:\/\/www.lianyuanceramic.com\/wp-content\/uploads\/2025\/01\/custom-chinese-casserole-dish-3.webp\" alt=\"ma\u00dfgeschneiderte chinesische Auflaufform\" class=\"wp-image-1061\" srcset=\"https:\/\/www.lianyuanceramic.com\/wp-content\/uploads\/2025\/01\/custom-chinese-casserole-dish-3.webp 3896w, https:\/\/www.lianyuanceramic.com\/wp-content\/uploads\/2025\/01\/custom-chinese-casserole-dish-3-225x300.webp 225w, https:\/\/www.lianyuanceramic.com\/wp-content\/uploads\/2025\/01\/custom-chinese-casserole-dish-3-768x1024.webp 768w, https:\/\/www.lianyuanceramic.com\/wp-content\/uploads\/2025\/01\/custom-chinese-casserole-dish-3-9x12.webp 9w, https:\/\/www.lianyuanceramic.com\/wp-content\/uploads\/2025\/01\/custom-chinese-casserole-dish-3-1200x1600.webp 1200w, https:\/\/www.lianyuanceramic.com\/wp-content\/uploads\/2025\/01\/custom-chinese-casserole-dish-3-600x800.webp 600w\" sizes=\"(max-width: 3896px) 100vw, 3896px\" \/><\/figure>\n<\/div>\n<\/div>\n\n\n\n<p><\/p>","protected":false},"excerpt":{"rendered":"<p>Ma\u00dfgefertigte chinesische Kasserolle mit modernem schwarzem Korpus und Holzgriff, mit einem gusseisernen Topfdesign aus hochtemperaturbest\u00e4ndiger Keramik. Bietet hervorragende W\u00e4rmespeicherung und gleichm\u00e4\u00dfige Erw\u00e4rmung. Wird direkt vom Hersteller der Kasserolle geliefert, bitte anfragen!<\/p>\n<h2>Chinesische Kasserolle Parameter:<\/h2>\n<table style=\"border-collapse: collapse; width: 370.82pt;\" border=\"0\" width=\"618\" cellspacing=\"0\" cellpadding=\"0\">\n<tbody>\n<tr style=\"height: 15.60pt;\">\n<td class=\"et3\" style=\"height: 15.60pt; width: 108.00pt;\" width=\"180\" height=\"26\">Hersteller<\/td>\n<td class=\"et3\" style=\"width: 263.25pt;\" width=\"438\">Lianyuan<\/td>\n<\/tr>\n<tr style=\"height: 15.60pt;\">\n<td class=\"et3\" style=\"height: 15.60pt;\" height=\"26\">Produkttyp<\/td>\n<td class=\"et3\">Suppenkasserolle, Multifunktionskasserolle, Milchtopf<\/td>\n<\/tr>\n<tr style=\"height: 15.60pt;\">\n<td class=\"et3\" style=\"height: 15.60pt;\" height=\"26\">Farbe<\/td>\n<td class=\"et3\">Schwarz mit Holzknauf<\/td>\n<\/tr>\n<tr style=\"height: 15.60pt;\">\n<td class=\"et3\" style=\"height: 15.60pt;\" height=\"26\">Material<\/td>\n<td class=\"et3\">Hitzebest\u00e4ndiges Porzellan<\/td>\n<\/tr>\n<tr style=\"height: 15.60pt;\">\n<td class=\"et3\" style=\"height: 15.60pt;\" height=\"26\">Anmeldung<\/td>\n<td class=\"et3\">Mikrowellen- und sp\u00fclmaschinenfest, ofenfest<\/td>\n<\/tr>\n<tr style=\"height: 15.60pt;\">\n<td class=\"et3\" style=\"height: 15.60pt;\" height=\"26\">Benutzerdefiniert<\/td>\n<td class=\"et3\">Farbe\/Gr\u00f6\u00dfe\/Logo\/Verpackung<\/td>\n<\/tr>\n<\/tbody>\n<\/table>","protected":false},"featured_media":1059,"comment_status":"open","ping_status":"closed","template":"","meta":{"_acf_changed":false},"product_brand":[],"product_cat":[20],"product_tag":[33],"class_list":{"0":"post-1056","1":"product","2":"type-product","3":"status-publish","4":"has-post-thumbnail","6":"product_cat-custom-bakeware-casserole-dish","7":"product_tag-wholesale-heat-resistant-ceramics","9":"first","10":"instock","11":"shipping-taxable","12":"product-type-simple"},"acf":[],"_links":{"self":[{"href":"https:\/\/www.lianyuanceramic.com\/de\/wp-json\/wp\/v2\/product\/1056","targetHints":{"allow":["GET"]}}],"collection":[{"href":"https:\/\/www.lianyuanceramic.com\/de\/wp-json\/wp\/v2\/product"}],"about":[{"href":"https:\/\/www.lianyuanceramic.com\/de\/wp-json\/wp\/v2\/types\/product"}],"replies":[{"embeddable":true,"href":"https:\/\/www.lianyuanceramic.com\/de\/wp-json\/wp\/v2\/comments?post=1056"}],"wp:featuredmedia":[{"embeddable":true,"href":"https:\/\/www.lianyuanceramic.com\/de\/wp-json\/wp\/v2\/media\/1059"}],"wp:attachment":[{"href":"https:\/\/www.lianyuanceramic.com\/de\/wp-json\/wp\/v2\/media?parent=1056"}],"wp:term":[{"taxonomy":"product_brand","embeddable":true,"href":"https:\/\/www.lianyuanceramic.com\/de\/wp-json\/wp\/v2\/product_brand?post=1056"},{"taxonomy":"product_cat","embeddable":true,"href":"https:\/\/www.lianyuanceramic.com\/de\/wp-json\/wp\/v2\/product_cat?post=1056"},{"taxonomy":"product_tag","embeddable":true,"href":"https:\/\/www.lianyuanceramic.com\/de\/wp-json\/wp\/v2\/product_tag?post=1056"}],"curies":[{"name":"wp","href":"https:\/\/api.w.org\/{rel}","templated":true}]}}