{"id":1054,"date":"2025-01-16T17:12:51","date_gmt":"2025-01-16T17:12:51","guid":{"rendered":"https:\/\/www.lianyuanceramic.com\/?post_type=product&#038;p=1054"},"modified":"2025-01-16T17:14:13","modified_gmt":"2025-01-16T17:14:13","slug":"cheese-fondue-wholesale","status":"publish","type":"product","link":"https:\/\/www.lianyuanceramic.com\/de\/produkt\/cheese-fondue-wholesale\/","title":{"rendered":"Beste K\u00e4sefondue Gro\u00dfhandel Schokolade Fondue Dipper Keramik"},"content":{"rendered":"<div class=\"wp-block-columns is-layout-flex wp-container-core-columns-is-layout-9d6595d7 wp-block-columns-is-layout-flex\">\n<div class=\"wp-block-column is-layout-flow wp-block-column-is-layout-flow\">\n<h2 class=\"wp-block-heading\">K\u00e4se-Fondue Eigenschaften:<\/h2>\n\n\n\n<p><strong>Geeignet f\u00fcr eine Vielzahl von Zutaten<\/strong><br>Zum Schmelzen von Schokolade und K\u00e4se, zum Erhitzen und Dippen verschiedener So\u00dfen und Desserts, extrem vielseitig.<\/p>\n\n\n\n<p><strong>Einfach zu bedienen und zu reinigen<\/strong><br>Kann zum Erhitzen in den Ofen gestellt werden, glasierte Keramikoberfl\u00e4che verhindert das Anhaften von Schokolade und K\u00e4se am Boden, einfach zu bedienen. Der Keramiktopf ist mikrowellen- und sp\u00fclmaschinengeeignet und l\u00e4sst sich nach Gebrauch leicht reinigen.<\/p>\n\n\n\n<p><strong>Niedliches und modisches Aussehen<\/strong><br>Moderner Stil, niedliches Design mit doppelten Griffen, geeignet f\u00fcr alle Arten von Haus und Partei Umgebungen, die Verbesserung der Attraktivit\u00e4t.<\/p>\n\n\n\n<p><strong>Mit stabilem Stand<\/strong><br>Das K\u00e4se-Fondue kann fest auf den St\u00e4nder gestellt und mit einem Teelicht erhitzt werden. Es ist kein Herd erforderlich, um K\u00e4se, Schokolade oder So\u00dfe einfach und schnell zu erhitzen, was Zeit und Komfort spart.<\/p>\n\n\n\n<p><strong>Sicherheit und Haltbarkeit<\/strong><br>Hochtemperaturbest\u00e4ndiges keramisches Material, sicher und ungiftig, f\u00fcr langfristige Nutzung und nicht leicht zu besch\u00e4digen.<\/p>\n<\/div>\n\n\n\n<div class=\"wp-block-column is-layout-flow wp-block-column-is-layout-flow\">\n<figure class=\"wp-block-image size-full\"><img decoding=\"async\" width=\"761\" height=\"488\" src=\"https:\/\/www.lianyuanceramic.com\/wp-content\/uploads\/2025\/01\/Cheese-fondue-wholesale-custom-1.webp\" alt=\"K\u00e4sefondue Gro\u00dfhandel benutzerdefiniert\" class=\"wp-image-1003\" srcset=\"https:\/\/www.lianyuanceramic.com\/wp-content\/uploads\/2025\/01\/Cheese-fondue-wholesale-custom-1.webp 761w, https:\/\/www.lianyuanceramic.com\/wp-content\/uploads\/2025\/01\/Cheese-fondue-wholesale-custom-1-300x192.webp 300w, https:\/\/www.lianyuanceramic.com\/wp-content\/uploads\/2025\/01\/Cheese-fondue-wholesale-custom-1-18x12.webp 18w, https:\/\/www.lianyuanceramic.com\/wp-content\/uploads\/2025\/01\/Cheese-fondue-wholesale-custom-1-600x385.webp 600w\" sizes=\"(max-width: 761px) 100vw, 761px\" \/><\/figure>\n<\/div>\n<\/div>\n\n\n\n<div class=\"wp-block-columns is-layout-flex wp-container-core-columns-is-layout-9d6595d7 wp-block-columns-is-layout-flex\">\n<div class=\"wp-block-column is-layout-flow wp-block-column-is-layout-flow\">\n<figure class=\"wp-block-image size-full\"><img decoding=\"async\" width=\"786\" height=\"786\" src=\"https:\/\/www.lianyuanceramic.com\/wp-content\/uploads\/2025\/01\/Cheese-fondue-wholesale-custom-3.webp\" alt=\"K\u00e4sefondue Gro\u00dfhandel benutzerdefiniert\" class=\"wp-image-1005\" srcset=\"https:\/\/www.lianyuanceramic.com\/wp-content\/uploads\/2025\/01\/Cheese-fondue-wholesale-custom-3.webp 786w, https:\/\/www.lianyuanceramic.com\/wp-content\/uploads\/2025\/01\/Cheese-fondue-wholesale-custom-3-300x300.webp 300w, https:\/\/www.lianyuanceramic.com\/wp-content\/uploads\/2025\/01\/Cheese-fondue-wholesale-custom-3-150x150.webp 150w, https:\/\/www.lianyuanceramic.com\/wp-content\/uploads\/2025\/01\/Cheese-fondue-wholesale-custom-3-768x768.webp 768w, https:\/\/www.lianyuanceramic.com\/wp-content\/uploads\/2025\/01\/Cheese-fondue-wholesale-custom-3-12x12.webp 12w, https:\/\/www.lianyuanceramic.com\/wp-content\/uploads\/2025\/01\/Cheese-fondue-wholesale-custom-3-600x600.webp 600w, https:\/\/www.lianyuanceramic.com\/wp-content\/uploads\/2025\/01\/Cheese-fondue-wholesale-custom-3-100x100.webp 100w\" sizes=\"(max-width: 786px) 100vw, 786px\" \/><\/figure>\n<\/div>\n\n\n\n<div class=\"wp-block-column is-layout-flow wp-block-column-is-layout-flow\">\n<h2 class=\"wp-block-heading\">Schokoladenfondue nach Ma\u00df:<\/h2>\n\n\n\n<p>Lianyuan, der Hersteller von keramischem Geschirr, kann Ihnen einen kompletten Anpassungsservice anbieten, um Ihre Ideen zu verwirklichen.<\/p>\n\n\n\n<p><strong>Gr\u00f6\u00dfe und Form: <\/strong><br>Enth\u00e4lt runde, ovale, rechteckige und kundenspezifische Gr\u00f6\u00dfen.<\/p>\n\n\n\n<p><strong>Material und Dicke:<\/strong> <br>Dauerhafte Keramik, hitzebest\u00e4ndiger Ton, Porzellan, Steinzeug, nach Ma\u00df in verschiedenen St\u00e4rken und Hitzebest\u00e4ndigkeiten.<\/p>\n\n\n\n<p><strong>Beendet: <\/strong><br>Zu den Optionen geh\u00f6ren matte, gl\u00e4nzende oder strukturierte Oberfl\u00e4chen.<\/p>\n\n\n\n<p><strong>Verzierung\/Muster: <\/strong><br>Individuelle Grafiken, Designs oder Logos, einschlie\u00dflich Abziehbilder, handbemalt und gepr\u00e4gt.<\/p>\n\n\n\n<p><strong>Paket: <\/strong><br>Ma\u00dfgeschneiderte Verpackungen f\u00fcr Gro\u00dfbestellungen, Geschenksets oder den Vertrieb im Einzelhandel mit personalisierter Beschriftung oder Branding.<\/p>\n<\/div>\n<\/div>\n\n\n\n<p><\/p>","protected":false},"excerpt":{"rendered":"<p>Fabrikpreis Gro\u00dfhandel beste K\u00e4sefondue, niedlich Doppelgriff Design zum Erhitzen und Eintauchen Schokolade, K\u00e4se, etc. Hohe Temperatur best\u00e4ndig Antihaft-Pfanne, Unterst\u00fctzung Bulk-Anpassung, willkommen zu erkundigen!<\/p>\n<h2>K\u00e4sefondue Parameter<\/h2>\n<table style=\"border-collapse: collapse; width: 370.82pt;\" border=\"0\" width=\"618\" cellspacing=\"0\" cellpadding=\"0\">\n<tbody>\n<tr style=\"height: 15.60pt;\">\n<td class=\"et3\" style=\"height: 15.60pt; width: 108.00pt;\" width=\"180\" height=\"26\">Hersteller<\/td>\n<td class=\"et3\" style=\"width: 263.25pt;\" width=\"438\">Lianyuan<\/td>\n<\/tr>\n<tr style=\"height: 15.60pt;\">\n<td class=\"et3\" style=\"height: 15.60pt;\" height=\"26\">Produkttyp<\/td>\n<td class=\"et3\">Schokoladenfondue, K\u00e4sefondue<\/td>\n<\/tr>\n<tr style=\"height: 15.60pt;\">\n<td class=\"et3\" style=\"height: 15.60pt;\" height=\"26\">Muster<\/td>\n<td class=\"et3\">Niedlich, modern<\/td>\n<\/tr>\n<tr style=\"height: 15.60pt;\">\n<td class=\"et3\" style=\"height: 15.60pt;\" height=\"26\">Farbe<\/td>\n<td class=\"et3\">Gr\u00fcn, Grau, Schwarz, Rosa, usw.<\/td>\n<\/tr>\n<tr style=\"height: 15.60pt;\">\n<td class=\"et3\" style=\"height: 15.60pt;\" height=\"26\">Material<\/td>\n<td class=\"et3\">Dauerhaftes Porzellan<\/td>\n<\/tr>\n<tr style=\"height: 15.60pt;\">\n<td class=\"et3\" style=\"height: 15.60pt;\" height=\"26\">Handwerkliches K\u00f6nnen<\/td>\n<td class=\"et3\">Farbe Glasur<\/td>\n<\/tr>\n<tr style=\"height: 15.60pt;\">\n<td class=\"et3\" style=\"height: 15.60pt;\" height=\"26\">Anmeldung<\/td>\n<td class=\"et3\">Mikrowellen- und sp\u00fclmaschinenfest, ofenfest<\/td>\n<\/tr>\n<tr style=\"height: 15.60pt;\">\n<td class=\"et3\" style=\"height: 15.60pt;\" height=\"26\">Benutzerdefiniert<\/td>\n<td class=\"et3\">Farbe\/Gr\u00f6\u00dfe\/Logo\/Verpackung<\/td>\n<\/tr>\n<\/tbody>\n<\/table>","protected":false},"featured_media":1006,"comment_status":"open","ping_status":"closed","template":"","meta":{"_acf_changed":false},"product_brand":[],"product_cat":[20],"product_tag":[30],"class_list":{"0":"post-1054","1":"product","2":"type-product","3":"status-publish","4":"has-post-thumbnail","6":"product_cat-custom-bakeware-casserole-dish","7":"product_tag-custom-porcelain-dinnerware","9":"first","10":"instock","11":"shipping-taxable","12":"product-type-simple"},"acf":[],"_links":{"self":[{"href":"https:\/\/www.lianyuanceramic.com\/de\/wp-json\/wp\/v2\/product\/1054","targetHints":{"allow":["GET"]}}],"collection":[{"href":"https:\/\/www.lianyuanceramic.com\/de\/wp-json\/wp\/v2\/product"}],"about":[{"href":"https:\/\/www.lianyuanceramic.com\/de\/wp-json\/wp\/v2\/types\/product"}],"replies":[{"embeddable":true,"href":"https:\/\/www.lianyuanceramic.com\/de\/wp-json\/wp\/v2\/comments?post=1054"}],"wp:featuredmedia":[{"embeddable":true,"href":"https:\/\/www.lianyuanceramic.com\/de\/wp-json\/wp\/v2\/media\/1006"}],"wp:attachment":[{"href":"https:\/\/www.lianyuanceramic.com\/de\/wp-json\/wp\/v2\/media?parent=1054"}],"wp:term":[{"taxonomy":"product_brand","embeddable":true,"href":"https:\/\/www.lianyuanceramic.com\/de\/wp-json\/wp\/v2\/product_brand?post=1054"},{"taxonomy":"product_cat","embeddable":true,"href":"https:\/\/www.lianyuanceramic.com\/de\/wp-json\/wp\/v2\/product_cat?post=1054"},{"taxonomy":"product_tag","embeddable":true,"href":"https:\/\/www.lianyuanceramic.com\/de\/wp-json\/wp\/v2\/product_tag?post=1054"}],"curies":[{"name":"wp","href":"https:\/\/api.w.org\/{rel}","templated":true}]}}