{"id":1053,"date":"2025-01-16T16:44:00","date_gmt":"2025-01-16T16:44:00","guid":{"rendered":"https:\/\/www.lianyuanceramic.com\/?post_type=product&#038;p=1053"},"modified":"2025-01-16T16:44:01","modified_gmt":"2025-01-16T16:44:01","slug":"wholesale-serveware-set","status":"publish","type":"product","link":"https:\/\/www.lianyuanceramic.com\/de\/produkt\/wholesale-serveware-set\/","title":{"rendered":"Gro\u00dfhandel Serviergeschirr Set Sonnenblume Geschirr Trauben Teller"},"content":{"rendered":"<div class=\"wp-block-columns is-layout-flex wp-container-core-columns-is-layout-9d6595d7 wp-block-columns-is-layout-flex\">\n<div class=\"wp-block-column is-layout-flow wp-block-column-is-layout-flow\">\n<h2 class=\"wp-block-heading\">Serviergeschirr-Set Merkmale:<\/h2>\n\n\n\n<p><strong>Design zum Thema Herbst<\/strong><br>Mit Sonnenblumen und Weintrauben als zentralen Gestaltungselementen f\u00e4ngt es perfekt die Ernte und die festliche Atmosph\u00e4re des Herbstes ein.<\/p>\n\n\n\n<p><strong>Einzigartige Dekorativit\u00e4t<\/strong><br>Er eignet sich als Highlight f\u00fcr den festlich gedeckten Tisch und verleiht Familienfeiern und besonderen Anl\u00e4ssen eine festliche Atmosph\u00e4re.<\/p>\n\n\n\n<p><strong>Kombi-Set<\/strong><br>Enth\u00e4lt Servierplatten und -schalen in verschiedenen Gr\u00f6\u00dfen, die sich f\u00fcr die Platzierung und das Servieren verschiedener Gerichte eignen.<\/p>\n\n\n\n<p><strong>Hochwertiges Porzellan<\/strong><br>Aus hochwertiger Keramik gefertigt, ist es sehr haltbar und f\u00fcr den t\u00e4glichen, h\u00e4ufigen Gebrauch geeignet. Sicher und unbedenklich, in \u00dcbereinstimmung mit den Sicherheitsstandards f\u00fcr den Kontakt mit Lebensmitteln.<\/p>\n\n\n\n<p><strong>Glasierte Malerei<\/strong><br>Die leuchtenden Sonnenblumen- und Traubenmuster werden bei hoher Temperatur glasiert, und die Farben sind lang anhaltend und sch\u00f6n. Handgefertigte Details werden verarbeitet, um die Muster lebendiger und dreidimensionaler zu machen.<\/p>\n\n\n\n<p><strong>Leicht zu reinigen, hochtemperaturbest\u00e4ndig<\/strong><br>Glatte Glasur Design, schmutzabweisend und leicht zu waschen, kann von Hand gewaschen werden oder in der Sp\u00fclmaschine. Geeignet f\u00fcr die Mikrowelle und den Backofen, zum Erhitzen und Kochen Bed\u00fcrfnisse zu erf\u00fcllen.<\/p>\n<\/div>\n\n\n\n<div class=\"wp-block-column is-layout-flow wp-block-column-is-layout-flow\">\n<figure class=\"wp-block-image size-full\"><img decoding=\"async\" width=\"636\" height=\"635\" src=\"https:\/\/www.lianyuanceramic.com\/wp-content\/uploads\/2025\/01\/sunflower-dinnerware-wholesale-custom-3.webp\" alt=\"sonnenblume geschirr gro\u00dfhandel benutzerdefinierte\" class=\"wp-image-1000\" srcset=\"https:\/\/www.lianyuanceramic.com\/wp-content\/uploads\/2025\/01\/sunflower-dinnerware-wholesale-custom-3.webp 636w, https:\/\/www.lianyuanceramic.com\/wp-content\/uploads\/2025\/01\/sunflower-dinnerware-wholesale-custom-3-300x300.webp 300w, https:\/\/www.lianyuanceramic.com\/wp-content\/uploads\/2025\/01\/sunflower-dinnerware-wholesale-custom-3-150x150.webp 150w, https:\/\/www.lianyuanceramic.com\/wp-content\/uploads\/2025\/01\/sunflower-dinnerware-wholesale-custom-3-12x12.webp 12w, https:\/\/www.lianyuanceramic.com\/wp-content\/uploads\/2025\/01\/sunflower-dinnerware-wholesale-custom-3-600x599.webp 600w, https:\/\/www.lianyuanceramic.com\/wp-content\/uploads\/2025\/01\/sunflower-dinnerware-wholesale-custom-3-100x100.webp 100w\" sizes=\"(max-width: 636px) 100vw, 636px\" \/><\/figure>\n<\/div>\n<\/div>\n\n\n\n<div class=\"wp-block-columns is-layout-flex wp-container-core-columns-is-layout-9d6595d7 wp-block-columns-is-layout-flex\">\n<div class=\"wp-block-column is-layout-flow wp-block-column-is-layout-flow\"><\/div>\n\n\n\n<div class=\"wp-block-column is-layout-flow wp-block-column-is-layout-flow\"><\/div>\n<\/div>\n\n\n\n<div class=\"wp-block-columns is-layout-flex wp-container-core-columns-is-layout-9d6595d7 wp-block-columns-is-layout-flex\">\n<div class=\"wp-block-column is-layout-flow wp-block-column-is-layout-flow\">\n<figure class=\"wp-block-image size-full is-resized\"><img decoding=\"async\" width=\"494\" height=\"741\" src=\"https:\/\/www.lianyuanceramic.com\/wp-content\/uploads\/2025\/01\/sunflower-dinnerware-wholesale-custom-5.webp\" alt=\"sonnenblume geschirr gro\u00dfhandel benutzerdefinierte\" class=\"wp-image-1002\" style=\"width:416px;height:auto\" srcset=\"https:\/\/www.lianyuanceramic.com\/wp-content\/uploads\/2025\/01\/sunflower-dinnerware-wholesale-custom-5.webp 494w, https:\/\/www.lianyuanceramic.com\/wp-content\/uploads\/2025\/01\/sunflower-dinnerware-wholesale-custom-5-200x300.webp 200w, https:\/\/www.lianyuanceramic.com\/wp-content\/uploads\/2025\/01\/sunflower-dinnerware-wholesale-custom-5-8x12.webp 8w\" sizes=\"(max-width: 494px) 100vw, 494px\" \/><\/figure>\n<\/div>\n\n\n\n<div class=\"wp-block-column is-layout-flow wp-block-column-is-layout-flow\">\n<h2 class=\"wp-block-heading\">Individuelles Serviergeschirr-Set<\/h2>\n\n\n\n<p>Ob zu Hause oder in der Gastronomie, unsere ma\u00dfgeschneiderten Serviergeschirr-Designs verbinden praktische Funktionalit\u00e4t mit k\u00fcnstlerischen Elementen und erf\u00fcllen dabei h\u00f6chste Qualit\u00e4tsstandards.<\/p>\n\n\n\n<p><strong>Materialien<\/strong>: W\u00e4hlen Sie aus hochwertiger Keramik, Porzellan, hitzebest\u00e4ndigem Porzellan, Dolomit oder Knochenporzellan<\/p>\n\n\n\n<p><strong>Gr\u00f6\u00dfen und Formen<\/strong>: Von gro\u00dfen Tellern bis zu kleinen Sch\u00fcsseln bieten wir verschiedene Gr\u00f6\u00dfen und Formen an, darunter rundes, ovales, quadratisches oder einzigartig gestaltetes Geschirr.<\/p>\n\n\n\n<p><strong>Farben<\/strong>: W\u00e4hlen Sie aus einer breiten Palette von Farben, die zu Ihrer Markenidentit\u00e4t oder saisonalen Themen passen.<\/p>\n\n\n\n<p><strong>Veredelungen und Glasuren<\/strong>: Zu den Optionen geh\u00f6ren gl\u00e4nzende, matte oder strukturierte Oberfl\u00e4chen.<\/p>\n\n\n\n<p><strong>Designs und Muster<\/strong>: Individuelle Gestaltung mit dem Logo Ihrer Marke, aufw\u00e4ndigen Abziehbildern oder handgemalten Gravuren<\/p>\n\n\n\n<p><strong>Verpackung:<\/strong> Bulk Pack, Farbkarton, Geschenkkarton, Displaying Box, Mailer Box etc.<\/p>\n<\/div>\n<\/div>\n\n\n\n<p><\/p>","protected":false},"excerpt":{"rendered":"<p>Feiern Sie Ihre Lieblingssaison mit dieser Herbstkollektion von Serviergeschirrsets, sie bieten eine festliche Art, Mahlzeiten zu genie\u00dfen. Wir bieten kundenspezifische Serviergeschirr und Geschirr Optionen, die Sie schnell zu f\u00f6rdern Ihre einzigartige Marke zu helfen!<\/p>\n<h2>\u00a0Serviergeschirr-Set Parameter<\/h2>\n<table width=\"353\">\n<tbody>\n<tr>\n<td width=\"82\">Hersteller<\/td>\n<td width=\"270\">Lianyuan<\/td>\n<\/tr>\n<tr>\n<td>Produkttyp<\/td>\n<td width=\"270\">Bio-Teller Krug, Ovaler Teller, L\u00e4ngliches Tablett<\/td>\n<\/tr>\n<tr>\n<td>Muster<\/td>\n<td>Sonnenblume, Weintrauben<\/td>\n<\/tr>\n<tr>\n<td>Material<\/td>\n<td>Dauerhaftes Porzellan<\/td>\n<\/tr>\n<tr>\n<td>Handwerkliches K\u00f6nnen<\/td>\n<td>In-Glasur-Abziehbild, handbemalt\u00a0<\/td>\n<\/tr>\n<tr>\n<td>Anmeldung<\/td>\n<td>Mikrowellen- und sp\u00fclmaschinenfest, ofenfest<\/td>\n<\/tr>\n<tr>\n<td>Benutzerdefiniert<\/td>\n<td>Farbe\/Gr\u00f6\u00dfe\/Logo\/Verpackung<\/td>\n<\/tr>\n<\/tbody>\n<\/table>","protected":false},"featured_media":1000,"comment_status":"open","ping_status":"closed","template":"","meta":{"_acf_changed":false},"product_brand":[],"product_cat":[19],"product_tag":[30,29,27],"class_list":{"0":"post-1053","1":"product","2":"type-product","3":"status-publish","4":"has-post-thumbnail","6":"product_cat-serveware-wholesale","7":"product_tag-custom-porcelain-dinnerware","8":"product_tag-hand-painted-embossed-dinnerware-wholesale","9":"product_tag-wholesale-decal-ceramics","11":"first","12":"instock","13":"shipping-taxable","14":"product-type-simple"},"acf":[],"_links":{"self":[{"href":"https:\/\/www.lianyuanceramic.com\/de\/wp-json\/wp\/v2\/product\/1053","targetHints":{"allow":["GET"]}}],"collection":[{"href":"https:\/\/www.lianyuanceramic.com\/de\/wp-json\/wp\/v2\/product"}],"about":[{"href":"https:\/\/www.lianyuanceramic.com\/de\/wp-json\/wp\/v2\/types\/product"}],"replies":[{"embeddable":true,"href":"https:\/\/www.lianyuanceramic.com\/de\/wp-json\/wp\/v2\/comments?post=1053"}],"wp:featuredmedia":[{"embeddable":true,"href":"https:\/\/www.lianyuanceramic.com\/de\/wp-json\/wp\/v2\/media\/1000"}],"wp:attachment":[{"href":"https:\/\/www.lianyuanceramic.com\/de\/wp-json\/wp\/v2\/media?parent=1053"}],"wp:term":[{"taxonomy":"product_brand","embeddable":true,"href":"https:\/\/www.lianyuanceramic.com\/de\/wp-json\/wp\/v2\/product_brand?post=1053"},{"taxonomy":"product_cat","embeddable":true,"href":"https:\/\/www.lianyuanceramic.com\/de\/wp-json\/wp\/v2\/product_cat?post=1053"},{"taxonomy":"product_tag","embeddable":true,"href":"https:\/\/www.lianyuanceramic.com\/de\/wp-json\/wp\/v2\/product_tag?post=1053"}],"curies":[{"name":"wp","href":"https:\/\/api.w.org\/{rel}","templated":true}]}}