{"id":1052,"date":"2025-01-16T16:19:27","date_gmt":"2025-01-16T16:19:27","guid":{"rendered":"https:\/\/www.lianyuanceramic.com\/?post_type=product&#038;p=1052"},"modified":"2025-01-16T16:19:29","modified_gmt":"2025-01-16T16:19:29","slug":"wholesale-porcelain-tea-set","status":"publish","type":"product","link":"https:\/\/www.lianyuanceramic.com\/de\/produkt\/wholesale-porcelain-tea-set\/","title":{"rendered":"Gro\u00dfhandel Porzellan Tee Set Elegant Floral Plats Schalen Tassen"},"content":{"rendered":"<div class=\"wp-block-columns is-layout-flex wp-container-core-columns-is-layout-9d6595d7 wp-block-columns-is-layout-flex\">\n<div class=\"wp-block-column is-layout-flow wp-block-column-is-layout-flow\">\n<h2 class=\"wp-block-heading\">Porzellan Teeset Eigenschaften:<\/h2>\n\n\n\n<p><strong>Elegantes pastorales Blumendesign<br><\/strong>Das nat\u00fcrliche Blumendesign, frisch und elegant, passt perfekt zur eleganten Tischdekoration im pastoralen Stil.<\/p>\n\n\n\n<p><strong>Goldene Perlenverzierung<\/strong><br>Die goldene Perlenverzierung auf dem Deckel der Teekanne l\u00e4sst sich bequem als Griff verwenden und verleiht dem Gesamtbild Luxus und exquisite Details.<\/p>\n\n\n\n<p><strong>Komplettes Tee- und Essgeschirr:<\/strong><br>Enth\u00e4lt Teekanne, Teller, Tasse und Untertasse, Zucker, Milchk\u00e4nnchen und Becher, geeignet f\u00fcr Teepartys, Abendessen und andere Gelegenheiten.<\/p>\n\n\n\n<p><strong>Exquisite Handwerkskunst<\/strong><br>Die Kombination von Inglazed Decal und Handmalerei, glatte Glasur, macht das Muster hell wie neu. Einige Bereiche sind handbemalt, um den k\u00fcnstlerischen Sinn und die Einzigartigkeit zu unterstreichen.<\/p>\n\n\n\n<p><strong>Hochwertiges Porzellanmaterial<\/strong><br>Verwenden Sie langlebige Keramik, leicht, aber stark, mit guter W\u00e4rmeerhaltung Leistung, geeignet f\u00fcr Tee und hei\u00dfe Getr\u00e4nke.<\/p>\n\n\n\n<p><strong>Positionierung als hochwertiges Geschenk<\/strong><br>Elegantes Aussehen und exquisite Verpackung, sehr geeignet als Hochzeits-, Jubil\u00e4ums- oder Urlaubsgeschenk.<\/p>\n<\/div>\n\n\n\n<div class=\"wp-block-column is-layout-flow wp-block-column-is-layout-flow\">\n<figure class=\"wp-block-image size-full\"><img decoding=\"async\" width=\"878\" height=\"706\" src=\"https:\/\/www.lianyuanceramic.com\/wp-content\/uploads\/2025\/01\/porcelain-tea-set-wholesale-2.webp\" alt=\"Porzellan Teeservice Gro\u00dfhandel\" class=\"wp-image-990\" srcset=\"https:\/\/www.lianyuanceramic.com\/wp-content\/uploads\/2025\/01\/porcelain-tea-set-wholesale-2.webp 878w, https:\/\/www.lianyuanceramic.com\/wp-content\/uploads\/2025\/01\/porcelain-tea-set-wholesale-2-300x241.webp 300w, https:\/\/www.lianyuanceramic.com\/wp-content\/uploads\/2025\/01\/porcelain-tea-set-wholesale-2-768x618.webp 768w, https:\/\/www.lianyuanceramic.com\/wp-content\/uploads\/2025\/01\/porcelain-tea-set-wholesale-2-15x12.webp 15w, https:\/\/www.lianyuanceramic.com\/wp-content\/uploads\/2025\/01\/porcelain-tea-set-wholesale-2-600x482.webp 600w\" sizes=\"(max-width: 878px) 100vw, 878px\" \/><\/figure>\n<\/div>\n<\/div>\n\n\n\n<div class=\"wp-block-columns is-layout-flex wp-container-core-columns-is-layout-9d6595d7 wp-block-columns-is-layout-flex\">\n<div class=\"wp-block-column is-layout-flow wp-block-column-is-layout-flow\"><\/div>\n\n\n\n<div class=\"wp-block-column is-layout-flow wp-block-column-is-layout-flow\"><\/div>\n<\/div>\n\n\n\n<div class=\"wp-block-columns is-layout-flex wp-container-core-columns-is-layout-9d6595d7 wp-block-columns-is-layout-flex\">\n<div class=\"wp-block-column is-layout-flow wp-block-column-is-layout-flow\">\n<figure class=\"wp-block-image size-full\"><img decoding=\"async\" width=\"528\" height=\"793\" src=\"https:\/\/www.lianyuanceramic.com\/wp-content\/uploads\/2025\/01\/porcelain-tea-set-wholesale-4.webp\" alt=\"Porzellan Teeservice Gro\u00dfhandel Geschirr\" class=\"wp-image-992\" srcset=\"https:\/\/www.lianyuanceramic.com\/wp-content\/uploads\/2025\/01\/porcelain-tea-set-wholesale-4.webp 528w, https:\/\/www.lianyuanceramic.com\/wp-content\/uploads\/2025\/01\/porcelain-tea-set-wholesale-4-200x300.webp 200w, https:\/\/www.lianyuanceramic.com\/wp-content\/uploads\/2025\/01\/porcelain-tea-set-wholesale-4-8x12.webp 8w\" sizes=\"(max-width: 528px) 100vw, 528px\" \/><\/figure>\n<\/div>\n\n\n\n<div class=\"wp-block-column is-layout-flow wp-block-column-is-layout-flow\">\n<h2 class=\"wp-block-heading\">Individuelles Porzellan-Teeset:<\/h2>\n\n\n\n<p>Egal, ob Sie die Marke anpassen oder ein neues Produkt entwerfen m\u00f6chten, teilen Sie uns jetzt Ihre Ideen mit. Unser Team f\u00fcr Design und Formenbau kann Ihre unbegrenzten Bed\u00fcrfnisse erf\u00fcllen.<\/p>\n\n\n\n<p><strong>Entwurf: <\/strong>W\u00e4hlen Sie florale Muster oder entwerfen Sie Ihr eigenes Design.<\/p>\n\n\n\n<p><strong>Zusammensetzung des Sets:<\/strong> Individuelle Keramik-Tassensets mit Kombinationen aus Tassen, Schalen und L\u00f6ffeln.<\/p>\n\n\n\n<p><strong>Gr\u00f6\u00dfe: <\/strong>W\u00e4hlen Sie aus verschiedenen Gr\u00f6\u00dfen f\u00fcr unterschiedliche Mahlzeitenportionen.<\/p>\n\n\n\n<p><strong>Material:<\/strong> Keramik, Porzellan, Knochenporzellan oder erkundigen Sie sich nach Alternativen.<\/p>\n\n\n\n<p><strong>Handwerkliches K\u00f6nnen: <\/strong>Glasurabziehbilder, Ofenwechsel, handbemalt, Reliefmuster oder andere.<\/p>\n\n\n\n<p><strong>Verpackung: <\/strong>Bulk Pack, Farbkarton, Geschenkkarton, Displaying Box, Mailer Box etc.<\/p>\n<\/div>\n<\/div>\n\n\n\n<p><\/p>","protected":false},"excerpt":{"rendered":"<p class=\"serp-title\">Kundenspezifische Porzellan-Tee- und Essgeschirr-Sets in gr\u00fcnem und rosafarbenem Blumendesign, geeignet f\u00fcr den Nachmittagstee, Hochzeiten und Restaurants. Wir bieten OEM- und ODM-Kundenanpassungsl\u00f6sungen und gew\u00e4hrleisten erstklassige Qualit\u00e4t und Sicherheitszertifizierungen. Kontaktieren Sie uns noch heute f\u00fcr eine kostenlose Anfrage!<\/p>\n<h2>Porzellan-Teeservice Parameter<\/h2>\n<table width=\"495\">\n<tbody>\n<tr>\n<td width=\"144\">Hersteller<\/td>\n<td width=\"351\">Lianyuan<\/td>\n<\/tr>\n<tr>\n<td>Produkttyp<\/td>\n<td width=\"351\">Teekanne, Teller, Schale, Tasse &amp; Untertasse, Zucker &amp; Milchk\u00e4nnchen, Becher<\/td>\n<\/tr>\n<tr>\n<td>Muster<\/td>\n<td>Blumen<\/td>\n<\/tr>\n<tr>\n<td>Farbe<\/td>\n<td>Mehrfarbig<\/td>\n<\/tr>\n<tr>\n<td>Material<\/td>\n<td>Dauerhaftes Porzellan<\/td>\n<\/tr>\n<tr>\n<td>Handwerkliches K\u00f6nnen<\/td>\n<td>In-Glasiertes Abziehbild und Handbemalung<\/td>\n<\/tr>\n<tr>\n<td>Anmeldung<\/td>\n<td>Mikrowellen- und sp\u00fclmaschinenfest, ofenfest<\/td>\n<\/tr>\n<tr>\n<td>Benutzerdefiniert<\/td>\n<td>Farbe\/Gr\u00f6\u00dfe\/Logo\/Verpackung<\/td>\n<\/tr>\n<\/tbody>\n<\/table>","protected":false},"featured_media":991,"comment_status":"open","ping_status":"closed","template":"","meta":{"_acf_changed":true},"product_brand":[],"product_cat":[18,17],"product_tag":[30,29,27],"class_list":{"0":"post-1052","1":"product","2":"type-product","3":"status-publish","4":"has-post-thumbnail","6":"product_cat-wholesale-custom-tea-set","7":"product_cat-dinnerware-wholesale","8":"product_tag-custom-porcelain-dinnerware","9":"product_tag-hand-painted-embossed-dinnerware-wholesale","10":"product_tag-wholesale-decal-ceramics","12":"first","13":"instock","14":"shipping-taxable","15":"product-type-simple"},"acf":[],"_links":{"self":[{"href":"https:\/\/www.lianyuanceramic.com\/de\/wp-json\/wp\/v2\/product\/1052","targetHints":{"allow":["GET"]}}],"collection":[{"href":"https:\/\/www.lianyuanceramic.com\/de\/wp-json\/wp\/v2\/product"}],"about":[{"href":"https:\/\/www.lianyuanceramic.com\/de\/wp-json\/wp\/v2\/types\/product"}],"replies":[{"embeddable":true,"href":"https:\/\/www.lianyuanceramic.com\/de\/wp-json\/wp\/v2\/comments?post=1052"}],"wp:featuredmedia":[{"embeddable":true,"href":"https:\/\/www.lianyuanceramic.com\/de\/wp-json\/wp\/v2\/media\/991"}],"wp:attachment":[{"href":"https:\/\/www.lianyuanceramic.com\/de\/wp-json\/wp\/v2\/media?parent=1052"}],"wp:term":[{"taxonomy":"product_brand","embeddable":true,"href":"https:\/\/www.lianyuanceramic.com\/de\/wp-json\/wp\/v2\/product_brand?post=1052"},{"taxonomy":"product_cat","embeddable":true,"href":"https:\/\/www.lianyuanceramic.com\/de\/wp-json\/wp\/v2\/product_cat?post=1052"},{"taxonomy":"product_tag","embeddable":true,"href":"https:\/\/www.lianyuanceramic.com\/de\/wp-json\/wp\/v2\/product_tag?post=1052"}],"curies":[{"name":"wp","href":"https:\/\/api.w.org\/{rel}","templated":true}]}}